{"id":11649,"date":"2025-01-11T08:55:30","date_gmt":"2025-01-11T08:55:30","guid":{"rendered":"https:\/\/www.tourinto.pt\/?post_type=product&#038;p=11649"},"modified":"2026-03-09T19:20:24","modified_gmt":"2026-03-09T19:20:24","slug":"textura-pura-branco-magnum","status":"publish","type":"product","link":"https:\/\/www.tourinto.pt\/en\/product\/textura-pura-branco-magnum\/","title":{"rendered":"Textura Pura White Magnum"},"content":{"rendered":"<div class=\"wpb-content-wrapper\"><div class=\"vc_row wpb_row vc_row-fluid\"><div class=\"wpb_column vc_column_container vc_col-sm-12\"><div class=\"vc_column-inner\"><div class=\"wpb_wrapper\">\n\t<div class=\"wpb_text_column wpb_content_element\" >\n\t\t<div class=\"wpb_wrapper\">\n\t\t\t<p><strong>Textura Pura White 2019 Magnum<\/strong><\/p>\n<p><strong>Grape varieties:<\/strong> Encruzado (70%), Old Vines (15%), Bical and Cerceal-Branco (15%).<br \/>\n<strong>Aging:<\/strong> Fermented in French oak barrels (70%) and cement (30%), aged for 11 months in \"sur lie\" without batonnage, then placed in stainless steel tanks for 6 months.<br \/>\n<strong>Colour:<\/strong> Bright greenish.<br \/>\n<strong>Aroma:<\/strong> Delicate citrus flavours, mainly lemon and lime, as well as cedar, pepper and oak.<br \/>\n<strong>Flavour:<\/strong> Crisp acidity and minerality, it shows great potential despite the concentration of old vines that are still young, dense and creamy. Surprisingly long and pleasant.<\/p>\n<hr style=\"border: #b0976d 1px dotted;\" \/>\n<p><strong>Serve:<\/strong> 16\u2070<br \/>\n<strong>Consumption:<\/strong> Immediate or storage.<\/p>\n<hr style=\"border: #b0976d 1px dotted;\" \/>\n<p><strong>Harmonisation: <\/strong>Octopus rice, spicy curry dishes and grilled seafood.<\/p>\n<hr style=\"border: #b0976d 1px dotted;\" \/>\n<p><strong>Producer: <\/strong><a href=\"https:\/\/www.tourinto.pt\/en\/produtores\/dao\/textura-wines\/\">Textura Wines &#8211; D\u00e3o<\/a><\/p>\n<p><strong>Enology:<\/strong> Mariana Salvador<\/p>\n<p><strong>Category:<\/strong> Portuguese Wines \u2013 <a href=\"https:\/\/www.tourinto.pt\/en\/portugal\/vinhos-do-dao\/\">D\u00e3o<\/a><\/p>\n<p><strong>Awards and Notes:<\/strong><\/p>\n<ul>\n<li><strong>Robert Parker<\/strong> &#8211; 92+\/100 (2021)<\/li>\n<li><strong>Jancis Robinson<\/strong> &#8211; 17\/20 (2020)<\/li>\n<li><strong>Wine Enthusiast<\/strong> &#8211; 94\/100<\/li>\n<li><strong>Great Choices<\/strong> &#8211; 18\/20 (2020)<\/li>\n<li><strong>Revista de Vinhos<\/strong> &#8211; 94\/100 (2021)<\/li>\n<\/ul>\n<p><a href=\"https:\/\/www.texturawines.pt\/\"><span style=\"color: #f1f1f1;\">textura wines<\/span><\/a><\/p>\n\n\t\t<\/div>\n\t<\/div>\n<\/div><\/div><\/div><\/div><div class=\"vc_row wpb_row vc_row-fluid\"><div class=\"wpb_column vc_column_container vc_col-sm-12\"><div class=\"vc_column-inner\"><div class=\"wpb_wrapper\">\n<div class=\"vc_grid-container-wrapper vc_clearfix vc_grid-animation-fadeIn\">\n\t<div class=\"vc_grid-container vc_clearfix wpb_content_element vc_media_grid\" data-initial-loading-animation=\"fadeIn\" data-vc-grid-settings=\"{&quot;page_id&quot;:11649,&quot;style&quot;:&quot;all&quot;,&quot;action&quot;:&quot;vc_get_vc_grid_data&quot;,&quot;shortcode_id&quot;:&quot;1759859924607-b168711f-7eb4-1&quot;,&quot;tag&quot;:&quot;vc_media_grid&quot;}\" data-vc-request=\"https:\/\/www.tourinto.pt\/wp-admin\/admin-ajax.php\" data-vc-post-id=\"11649\" data-vc-public-nonce=\"b902f86529\">\n\t\t\n\t<\/div>\n<\/div><\/div><\/div><\/div><\/div>\n<\/div>","protected":false},"excerpt":{"rendered":"<p>Textura Pura Branco Magnum \u00e9 produzido a partir de vinhas velhas de viticultura biol\u00f3gica com predom\u00ednio da casta Encruzado. Um vinho branco com fermenta\u00e7\u00e3o e envelhecimento sequencial sem controlo de temperatura, rico, fresco e c\u00edtrico, para al\u00e9m de mineral e com acidez vibrante.<\/p>\n<p>Saiba mais sobre o <a href=\"https:\/\/www.tourinto.pt\/en\/produtores\/dao\/textura-wines\/\">Textura Wines<\/a>.<\/p>\n[contact-form-7 id=\"4433d5d\" title=\"nota Uni\u00e3o Europeia\"]\n","protected":false},"featured_media":14780,"comment_status":"closed","ping_status":"closed","template":"","meta":{"_acf_changed":false,"_joinchat":[],"jetpack_publicize_message":"","jetpack_publicize_feature_enabled":true,"jetpack_social_post_already_shared":true,"jetpack_social_options":{"image_generator_settings":{"template":"highway","default_image_id":0,"font":"","enabled":false},"version":2}},"product_brand":[],"product_cat":[1134,168,363,297,424,84,81,44,87],"product_tag":[373,417,294,89,88,56,57,65],"class_list":{"0":"post-11649","1":"product","2":"type-product","3":"status-publish","4":"has-post-thumbnail","6":"product_cat-blend-brancos","7":"product_cat-grandes-formatos","8":"product_cat-biologico","9":"product_cat-minima-intervencao","10":"product_cat-vinhos-portugal","11":"product_cat-dao","12":"product_cat-regiao","13":"product_cat-produtores","14":"product_cat-textura-wines","15":"product_tag-vinho-branco","16":"product_tag-biologico","17":"product_tag-minima-intervencao","18":"product_tag-cerceal-branco","19":"product_tag-bical","20":"product_tag-dao","21":"product_tag-encruzado","22":"product_tag-vinhas-velhas","23":"product_shipping_class-3-garrafas","24":"pa_ano-336","25":"pa_ano-31","26":"pa_ano-33","27":"pa_castas-vinhas-velhas","28":"pa_castas-encruzado","29":"pa_castas-bical","30":"pa_castas-cerceal-branco","31":"pa_categoria-vinhos-portugueses","32":"pa_enologia-luis-seabra-mariana-salvador","33":"pa_harmonizacao-peixe","34":"pa_harmonizacao-marisco","35":"pa_harmonizacao-polvo","36":"pa_leveduras-indigenas","37":"pa_produtor-textura-wines","38":"pa_regiao-dao","39":"pa_tipologia-vinho-branco","40":"pa_vinificacao-minima-intervencao","41":"pa_viticultura-biologica","42":"pa_volume-1500ml","44":"first","45":"instock","46":"featured","47":"taxable","48":"shipping-taxable","49":"purchasable","50":"product-type-variable","51":"has-default-attributes"},"acf":[],"yoast_head":"<!-- This site is optimized with the Yoast SEO Premium plugin v27.3 (Yoast SEO v27.4) - https:\/\/yoast.com\/product\/yoast-seo-premium-wordpress\/ -->\n<title>Textura Pura Branco Magnum - Tourinto Premium Wines<\/title>\n<meta name=\"description\" content=\"Textura Pura Branco Magnum \u00e9 proveniente de vinhas velhas biol\u00f3gicas, onde predomina a casta Encruzado. Um vinho rico, fresco e com acidez vibrante.\" \/>\n<meta name=\"robots\" content=\"index, follow, max-snippet:-1, max-image-preview:large, max-video-preview:-1\" \/>\n<link rel=\"canonical\" href=\"https:\/\/www.tourinto.pt\/en\/product\/textura-pura-branco-magnum\/\" \/>\n<meta property=\"og:locale\" content=\"en_GB\" \/>\n<meta property=\"og:type\" content=\"article\" \/>\n<meta property=\"og:title\" content=\"Textura Pura Branco Magnum\" \/>\n<meta property=\"og:description\" content=\"Textura Pura Branco Magnum \u00e9 proveniente de vinhas velhas biol\u00f3gicas, onde predomina a casta Encruzado. Um vinho rico, fresco e com acidez vibrante.\" \/>\n<meta property=\"og:url\" content=\"https:\/\/www.tourinto.pt\/en\/product\/textura-pura-branco-magnum\/\" \/>\n<meta property=\"og:site_name\" content=\"Tourinto Premium Wines\" \/>\n<meta property=\"article:publisher\" content=\"https:\/\/www.facebook.com\/garrafeiratourinto\" \/>\n<meta property=\"article:modified_time\" content=\"2026-03-09T19:20:24+00:00\" \/>\n<meta property=\"og:image\" content=\"https:\/\/www.tourinto.pt\/wp-content\/uploads\/2025\/09\/Textura-Pura-Branco.webp\" \/>\n\t<meta property=\"og:image:width\" content=\"881\" \/>\n\t<meta property=\"og:image:height\" content=\"1400\" \/>\n\t<meta property=\"og:image:type\" content=\"image\/webp\" \/>\n<meta name=\"twitter:card\" content=\"summary_large_image\" \/>\n<meta name=\"twitter:label1\" content=\"Availability\" \/>\n\t<meta name=\"twitter:data1\" content=\"In stock\" \/>\n<script type=\"application\/ld+json\" class=\"yoast-schema-graph\">{\"@context\":\"https:\\\/\\\/schema.org\",\"@graph\":[{\"@type\":\"WebPage\",\"@id\":\"https:\\\/\\\/www.tourinto.pt\\\/product\\\/textura-pura-branco-magnum\\\/\",\"url\":\"https:\\\/\\\/www.tourinto.pt\\\/product\\\/textura-pura-branco-magnum\\\/\",\"name\":\"Textura Pura Branco Magnum - Tourinto Premium Wines\",\"isPartOf\":{\"@id\":\"https:\\\/\\\/www.tourinto.pt\\\/#website\"},\"primaryImageOfPage\":{\"@id\":\"https:\\\/\\\/www.tourinto.pt\\\/product\\\/textura-pura-branco-magnum\\\/#primaryimage\"},\"image\":{\"@id\":\"https:\\\/\\\/www.tourinto.pt\\\/product\\\/textura-pura-branco-magnum\\\/#primaryimage\"},\"thumbnailUrl\":\"https:\\\/\\\/i0.wp.com\\\/www.tourinto.pt\\\/wp-content\\\/uploads\\\/2025\\\/09\\\/Textura-Pura-Branco.webp?fit=881%2C1400&ssl=1\",\"datePublished\":\"2025-01-11T08:55:30+00:00\",\"dateModified\":\"2026-03-09T19:20:24+00:00\",\"description\":\"Textura Pura Branco Magnum \u00e9 proveniente de vinhas velhas biol\u00f3gicas, onde predomina a casta Encruzado. Um vinho rico, fresco e com acidez vibrante.\",\"breadcrumb\":{\"@id\":\"https:\\\/\\\/www.tourinto.pt\\\/product\\\/textura-pura-branco-magnum\\\/#breadcrumb\"},\"inLanguage\":\"en-GB\",\"potentialAction\":[{\"@type\":\"ReadAction\",\"target\":[\"https:\\\/\\\/www.tourinto.pt\\\/product\\\/textura-pura-branco-magnum\\\/\"]}]},{\"@type\":\"ImageObject\",\"inLanguage\":\"en-GB\",\"@id\":\"https:\\\/\\\/www.tourinto.pt\\\/product\\\/textura-pura-branco-magnum\\\/#primaryimage\",\"url\":\"https:\\\/\\\/i0.wp.com\\\/www.tourinto.pt\\\/wp-content\\\/uploads\\\/2025\\\/09\\\/Textura-Pura-Branco.webp?fit=881%2C1400&ssl=1\",\"contentUrl\":\"https:\\\/\\\/i0.wp.com\\\/www.tourinto.pt\\\/wp-content\\\/uploads\\\/2025\\\/09\\\/Textura-Pura-Branco.webp?fit=881%2C1400&ssl=1\",\"width\":881,\"height\":1400,\"caption\":\"Pura Branco, Pura Vinho Branco, Pura Textura Branco, Textura Branco, Vinho Pura Branco\"},{\"@type\":\"BreadcrumbList\",\"@id\":\"https:\\\/\\\/www.tourinto.pt\\\/product\\\/textura-pura-branco-magnum\\\/#breadcrumb\",\"itemListElement\":[{\"@type\":\"ListItem\",\"position\":1,\"name\":\"In\u00edcio\",\"item\":\"https:\\\/\\\/www.tourinto.pt\\\/\"},{\"@type\":\"ListItem\",\"position\":2,\"name\":\"Garrafeira on-line\",\"item\":\"https:\\\/\\\/www.tourinto.pt\\\/garrafeira-on-line\\\/\"},{\"@type\":\"ListItem\",\"position\":3,\"name\":\"Textura Pura Branco Magnum\"}]},{\"@type\":\"WebSite\",\"@id\":\"https:\\\/\\\/www.tourinto.pt\\\/#website\",\"url\":\"https:\\\/\\\/www.tourinto.pt\\\/\",\"name\":\"Tourinto Premium Wines\",\"description\":\"Garrafeira on-line\",\"publisher\":{\"@id\":\"https:\\\/\\\/www.tourinto.pt\\\/#organization\"},\"alternateName\":\"Garrafeira on-line\",\"potentialAction\":[{\"@type\":\"SearchAction\",\"target\":{\"@type\":\"EntryPoint\",\"urlTemplate\":\"https:\\\/\\\/www.tourinto.pt\\\/?s={search_term_string}\"},\"query-input\":{\"@type\":\"PropertyValueSpecification\",\"valueRequired\":true,\"valueName\":\"search_term_string\"}}],\"inLanguage\":\"en-GB\"},{\"@type\":[\"Organization\",\"Place\"],\"@id\":\"https:\\\/\\\/www.tourinto.pt\\\/#organization\",\"name\":\"Tourinto\",\"alternateName\":\"Garrafeira Tourinto, Lda.\",\"url\":\"https:\\\/\\\/www.tourinto.pt\\\/\",\"logo\":{\"@id\":\"https:\\\/\\\/www.tourinto.pt\\\/product\\\/textura-pura-branco-magnum\\\/#local-main-organization-logo\"},\"image\":{\"@id\":\"https:\\\/\\\/www.tourinto.pt\\\/product\\\/textura-pura-branco-magnum\\\/#local-main-organization-logo\"},\"sameAs\":[\"https:\\\/\\\/www.facebook.com\\\/garrafeiratourinto\",\"https:\\\/\\\/www.instagram.com\\\/garrafeiratourinto\\\/\"],\"telephone\":[],\"openingHoursSpecification\":[{\"@type\":\"OpeningHoursSpecification\",\"dayOfWeek\":[\"Monday\",\"Tuesday\",\"Wednesday\",\"Thursday\",\"Friday\",\"Saturday\",\"Sunday\"],\"opens\":\"09:00\",\"closes\":\"17:00\"}]},{\"@type\":\"ImageObject\",\"inLanguage\":\"en-GB\",\"@id\":\"https:\\\/\\\/www.tourinto.pt\\\/product\\\/textura-pura-branco-magnum\\\/#local-main-organization-logo\",\"url\":\"https:\\\/\\\/i0.wp.com\\\/www.tourinto.pt\\\/wp-content\\\/uploads\\\/2022\\\/07\\\/tourinto-logo-big.png?fit=1400%2C505&ssl=1\",\"contentUrl\":\"https:\\\/\\\/i0.wp.com\\\/www.tourinto.pt\\\/wp-content\\\/uploads\\\/2022\\\/07\\\/tourinto-logo-big.png?fit=1400%2C505&ssl=1\",\"width\":1400,\"height\":505,\"caption\":\"Tourinto\"}]}<\/script>\n<meta property=\"og:availability\" content=\"instock\" \/>\n<meta property=\"product:availability\" content=\"instock\" \/>\n<meta property=\"product:retailer_item_id\" content=\"07.15.2019\" \/>\n<meta property=\"product:condition\" content=\"new\" \/>\n<!-- \/ Yoast SEO Premium plugin. -->","yoast_head_json":{"title":"Textura Pura Branco Magnum - Tourinto Premium Wines","description":"Textura Pura Branco Magnum \u00e9 proveniente de vinhas velhas biol\u00f3gicas, onde predomina a casta Encruzado. Um vinho rico, fresco e com acidez vibrante.","robots":{"index":"index","follow":"follow","max-snippet":"max-snippet:-1","max-image-preview":"max-image-preview:large","max-video-preview":"max-video-preview:-1"},"canonical":"https:\/\/www.tourinto.pt\/en\/product\/textura-pura-branco-magnum\/","og_locale":"en_GB","og_type":"article","og_title":"Textura Pura Branco Magnum","og_description":"Textura Pura Branco Magnum \u00e9 proveniente de vinhas velhas biol\u00f3gicas, onde predomina a casta Encruzado. Um vinho rico, fresco e com acidez vibrante.","og_url":"https:\/\/www.tourinto.pt\/en\/product\/textura-pura-branco-magnum\/","og_site_name":"Tourinto Premium Wines","article_publisher":"https:\/\/www.facebook.com\/garrafeiratourinto","article_modified_time":"2026-03-09T19:20:24+00:00","og_image":[{"width":881,"height":1400,"url":"https:\/\/www.tourinto.pt\/wp-content\/uploads\/2025\/09\/Textura-Pura-Branco.webp","type":"image\/webp"}],"twitter_card":"summary_large_image","twitter_misc":{"Availability":"In stock"},"schema":{"@context":"https:\/\/schema.org","@graph":[{"@type":"WebPage","@id":"https:\/\/www.tourinto.pt\/product\/textura-pura-branco-magnum\/","url":"https:\/\/www.tourinto.pt\/product\/textura-pura-branco-magnum\/","name":"Textura Pura Branco Magnum - Tourinto Premium Wines","isPartOf":{"@id":"https:\/\/www.tourinto.pt\/#website"},"primaryImageOfPage":{"@id":"https:\/\/www.tourinto.pt\/product\/textura-pura-branco-magnum\/#primaryimage"},"image":{"@id":"https:\/\/www.tourinto.pt\/product\/textura-pura-branco-magnum\/#primaryimage"},"thumbnailUrl":"https:\/\/i0.wp.com\/www.tourinto.pt\/wp-content\/uploads\/2025\/09\/Textura-Pura-Branco.webp?fit=881%2C1400&ssl=1","datePublished":"2025-01-11T08:55:30+00:00","dateModified":"2026-03-09T19:20:24+00:00","description":"Textura Pura Branco Magnum \u00e9 proveniente de vinhas velhas biol\u00f3gicas, onde predomina a casta Encruzado. Um vinho rico, fresco e com acidez vibrante.","breadcrumb":{"@id":"https:\/\/www.tourinto.pt\/product\/textura-pura-branco-magnum\/#breadcrumb"},"inLanguage":"en-GB","potentialAction":[{"@type":"ReadAction","target":["https:\/\/www.tourinto.pt\/product\/textura-pura-branco-magnum\/"]}]},{"@type":"ImageObject","inLanguage":"en-GB","@id":"https:\/\/www.tourinto.pt\/product\/textura-pura-branco-magnum\/#primaryimage","url":"https:\/\/i0.wp.com\/www.tourinto.pt\/wp-content\/uploads\/2025\/09\/Textura-Pura-Branco.webp?fit=881%2C1400&ssl=1","contentUrl":"https:\/\/i0.wp.com\/www.tourinto.pt\/wp-content\/uploads\/2025\/09\/Textura-Pura-Branco.webp?fit=881%2C1400&ssl=1","width":881,"height":1400,"caption":"Pura Branco, Pura Vinho Branco, Pura Textura Branco, Textura Branco, Vinho Pura Branco"},{"@type":"BreadcrumbList","@id":"https:\/\/www.tourinto.pt\/product\/textura-pura-branco-magnum\/#breadcrumb","itemListElement":[{"@type":"ListItem","position":1,"name":"In\u00edcio","item":"https:\/\/www.tourinto.pt\/"},{"@type":"ListItem","position":2,"name":"Garrafeira on-line","item":"https:\/\/www.tourinto.pt\/garrafeira-on-line\/"},{"@type":"ListItem","position":3,"name":"Textura Pura Branco Magnum"}]},{"@type":"WebSite","@id":"https:\/\/www.tourinto.pt\/#website","url":"https:\/\/www.tourinto.pt\/","name":"Tourinto Premium Wines","description":"Wine Shop online","publisher":{"@id":"https:\/\/www.tourinto.pt\/#organization"},"alternateName":"Garrafeira on-line","potentialAction":[{"@type":"SearchAction","target":{"@type":"EntryPoint","urlTemplate":"https:\/\/www.tourinto.pt\/?s={search_term_string}"},"query-input":{"@type":"PropertyValueSpecification","valueRequired":true,"valueName":"search_term_string"}}],"inLanguage":"en-GB"},{"@type":["Organization","Place"],"@id":"https:\/\/www.tourinto.pt\/#organization","name":"Tourinto","alternateName":"Garrafeira Tourinto, Lda.","url":"https:\/\/www.tourinto.pt\/","logo":{"@id":"https:\/\/www.tourinto.pt\/product\/textura-pura-branco-magnum\/#local-main-organization-logo"},"image":{"@id":"https:\/\/www.tourinto.pt\/product\/textura-pura-branco-magnum\/#local-main-organization-logo"},"sameAs":["https:\/\/www.facebook.com\/garrafeiratourinto","https:\/\/www.instagram.com\/garrafeiratourinto\/"],"telephone":[],"openingHoursSpecification":[{"@type":"OpeningHoursSpecification","dayOfWeek":["Monday","Tuesday","Wednesday","Thursday","Friday","Saturday","Sunday"],"opens":"09:00","closes":"17:00"}]},{"@type":"ImageObject","inLanguage":"en-GB","@id":"https:\/\/www.tourinto.pt\/product\/textura-pura-branco-magnum\/#local-main-organization-logo","url":"https:\/\/i0.wp.com\/www.tourinto.pt\/wp-content\/uploads\/2022\/07\/tourinto-logo-big.png?fit=1400%2C505&ssl=1","contentUrl":"https:\/\/i0.wp.com\/www.tourinto.pt\/wp-content\/uploads\/2022\/07\/tourinto-logo-big.png?fit=1400%2C505&ssl=1","width":1400,"height":505,"caption":"Tourinto"}]},"og_availability":"instock","product_availability":"instock","product_retailer_item_id":"07.15.2019","product_condition":"new"},"jetpack_publicize_connections":[],"jetpack_sharing_enabled":true,"_links":{"self":[{"href":"https:\/\/www.tourinto.pt\/en\/wp-json\/wp\/v2\/product\/11649","targetHints":{"allow":["GET"]}}],"collection":[{"href":"https:\/\/www.tourinto.pt\/en\/wp-json\/wp\/v2\/product"}],"about":[{"href":"https:\/\/www.tourinto.pt\/en\/wp-json\/wp\/v2\/types\/product"}],"replies":[{"embeddable":true,"href":"https:\/\/www.tourinto.pt\/en\/wp-json\/wp\/v2\/comments?post=11649"}],"wp:featuredmedia":[{"embeddable":true,"href":"https:\/\/www.tourinto.pt\/en\/wp-json\/wp\/v2\/media\/14780"}],"wp:attachment":[{"href":"https:\/\/www.tourinto.pt\/en\/wp-json\/wp\/v2\/media?parent=11649"}],"wp:term":[{"taxonomy":"product_brand","embeddable":true,"href":"https:\/\/www.tourinto.pt\/en\/wp-json\/wp\/v2\/product_brand?post=11649"},{"taxonomy":"product_cat","embeddable":true,"href":"https:\/\/www.tourinto.pt\/en\/wp-json\/wp\/v2\/product_cat?post=11649"},{"taxonomy":"product_tag","embeddable":true,"href":"https:\/\/www.tourinto.pt\/en\/wp-json\/wp\/v2\/product_tag?post=11649"}],"curies":[{"name":"wp","href":"https:\/\/api.w.org\/{rel}","templated":true}]}}