{"id":11629,"date":"2025-01-08T18:36:36","date_gmt":"2025-01-08T18:36:36","guid":{"rendered":"https:\/\/www.tourinto.pt\/?post_type=product&#038;p=11629"},"modified":"2026-03-27T17:56:32","modified_gmt":"2026-03-27T17:56:32","slug":"tiago-cabaco-vinhas-velhas-branco","status":"publish","type":"product","link":"https:\/\/www.tourinto.pt\/en\/product\/tiago-cabaco-vinhas-velhas-branco\/","title":{"rendered":"Tiago Caba\u00e7o Old Vines White"},"content":{"rendered":"<div class=\"wpb-content-wrapper\"><div data-vc-full-width=\"true\" data-vc-full-width-init=\"false\" class=\"vc_row wpb_row vc_row-fluid vc_custom_1656585076455 vc_row-has-fill\"><div class=\"wpb_column vc_column_container vc_col-sm-12\"><div class=\"vc_column-inner\"><div class=\"wpb_wrapper\"><div class=\"vc_tta-container\" data-vc-action=\"collapse\"><div class=\"vc_general vc_tta vc_tta-tabs vc_tta-color-black vc_tta-style-flat vc_tta-shape-square vc_tta-spacing-1 vc_tta-o-no-fill vc_tta-tabs-position-top vc_tta-controls-align-left\"><div class=\"vc_tta-tabs-container\"><ul class=\"vc_tta-tabs-list\" role=\"tablist\"><li class=\"vc_tta-tab vc_active\" data-vc-tab role=\"presentation\"><a href=\"#1656584484701-0e478312-357c\" data-vc-tabs data-vc-container=\".vc_tta\" role=\"tab\" aria-selected=\"false\" id=\"tab-1656584484701-0e478312-357c\"><i class=\"vc_tta-icon vc-oi vc-oi-article\"><\/i><span class=\"vc_tta-title-text\">Description<\/span><\/a><\/li><\/ul><\/div><div class=\"vc_tta-panels-container\"><div class=\"vc_tta-panels\"><div class=\"vc_tta-panel vc_active\" id=\"1656584484701-0e478312-357c\" data-vc-content=\".vc_tta-panel-body\"><div class=\"vc_tta-panel-heading\"><h4 class=\"vc_tta-panel-title\"><a href=\"#1656584484701-0e478312-357c\" data-vc-accordion data-vc-container=\".vc_tta-container\"><i class=\"vc_tta-icon vc-oi vc-oi-article\"><\/i><span class=\"vc_tta-title-text\">Description<\/span><\/a><\/h4><\/div><div class=\"vc_tta-panel-body\">\n\t<div class=\"wpb_text_column wpb_content_element\" >\n\t\t<div class=\"wpb_wrapper\">\n\t\t\t<p><strong>Tiago Caba\u00e7o Old Vines White<\/strong><\/p>\n<p><strong>Grape varieties: <\/strong>Old Vines of Roupeiro, Arinto and Ant\u00e3o Vaz.<br \/>\n<strong>Vinification: <\/strong>Gentle pressing, fermentation at low temperatures, followed by ageing in French oak barrels.<br \/>\n<strong>Aging:<\/strong> French oak barrels.<br \/>\n<b>Colour: <\/b>Citrus yellow colour.<br \/>\n<strong>Aroma:<\/strong> Intense and persuasive aroma.<br \/>\n<strong>Flavour: <\/strong>Structured but elegant, fresh and mineral with a vigorous and vibrant finish.<\/p>\n<hr style=\"border: #b0976d 1px dotted\" \/>\n<p><strong>Serve:<\/strong> 10 to 12\u2070<br \/>\n<strong>Consumption: <\/strong>Immediate or storage.<\/p>\n<hr style=\"border: #b0976d 1px dotted\" \/>\n<p><strong>Harmonisation: <\/strong>Baked fish dishes, white meats.<\/p>\n<hr style=\"border: #b0976d 1px dotted\" \/>\n<p><strong>Producer: <\/strong><a href=\"https:\/\/www.tourinto.pt\/en\/produto-categoria\/produtores\/tiago-cabaco\/\">Tiago Caba\u00e7o<\/a><\/p>\n<p><b>Enology: <\/b>Tiago Caba\u00e7o and Susana Esteban<\/p>\n<p><strong>Category:<\/strong> Portuguese Wines \u2013<a href=\"https:\/\/www.tourinto.pt\/en\/portugal\/vinhos-do-alentejo\/\">Alentejo<\/a><\/p>\n<p><strong>Awards and Notes:<\/strong><\/p>\n<ul>\n<li><strong>Great Choices<\/strong> &#8211; 17,5\/20 (2023)<\/li>\n<\/ul>\n<p><a href=\"https:\/\/tiagocabacowinery.com\/\"><span style=\"color: #f1f1f1\">tiago caba\u00e7o winery<\/span><\/a><\/p>\n\n\t\t<\/div>\n\t<\/div>\n<\/div><\/div><\/div><\/div><\/div><\/div><\/div><\/div><\/div><\/div><div class=\"vc_row-full-width vc_clearfix\"><\/div><div data-vc-full-width=\"true\" data-vc-full-width-init=\"false\" data-vc-stretch-content=\"true\" class=\"vc_row wpb_row vc_row-fluid vc_custom_1731751013528 vc_row-no-padding\"><div class=\"wpb_column vc_column_container vc_col-sm-12\"><div class=\"vc_column-inner\"><div class=\"wpb_wrapper\">\n<div class=\"vc_grid-container-wrapper vc_clearfix vc_grid-animation-fadeIn\">\n\t<div class=\"vc_grid-container vc_clearfix wpb_content_element vc_media_grid\" data-initial-loading-animation=\"fadeIn\" data-vc-grid-settings=\"{&quot;page_id&quot;:11629,&quot;style&quot;:&quot;all&quot;,&quot;action&quot;:&quot;vc_get_vc_grid_data&quot;,&quot;shortcode_id&quot;:&quot;1755855302943-b6eb02d5-ac77-1&quot;,&quot;tag&quot;:&quot;vc_media_grid&quot;}\" data-vc-request=\"https:\/\/www.tourinto.pt\/wp-admin\/admin-ajax.php\" data-vc-post-id=\"11629\" data-vc-public-nonce=\"d4ccd258dc\">\n\t\t\n\t<\/div>\n<\/div><\/div><\/div><\/div><\/div><div class=\"vc_row-full-width vc_clearfix\"><\/div>\n<\/div>","protected":false},"excerpt":{"rendered":"<p>Tiago Caba\u00e7o Vinhas Velhas Branco \u00e9 proveniente das vinhas mais velhas plantadas na regi\u00e3o de Estremoz, de onde foram selecionadas as melhores uvas das castas tradicionais do Alentejo. Um vinho de aroma intenso e persuasivo, estruturado mas elegante, bem como fresco e mineral, para al\u00e9m de um final de boca vigoroso e vibrante.<\/p>\n<p>Saiba mais sobre <a href=\"https:\/\/www.tourinto.pt\/produto-categoria\/produtores\/tiago-cabaco\/\">Tiago Caba\u00e7o<\/a>.<\/p>\n[contact-form-7 id=\"4433d5d\" title=\"nota Uni\u00e3o Europeia\"]\n","protected":false},"featured_media":11654,"comment_status":"closed","ping_status":"closed","template":"","meta":{"_acf_changed":false,"_joinchat":[],"jetpack_publicize_message":"","jetpack_publicize_feature_enabled":true,"jetpack_social_post_already_shared":true,"jetpack_social_options":{"image_generator_settings":{"template":"highway","default_image_id":0,"font":"","enabled":false},"version":2}},"product_brand":[],"product_cat":[1058,18,83,424,100,81,44,412,915],"product_tag":[346,373,72,71,39],"class_list":{"0":"post-11629","1":"product","2":"type-product","3":"status-publish","4":"has-post-thumbnail","6":"product_cat-vinhas-velhas","7":"product_cat-vinho-branco","8":"product_cat-alentejo","9":"product_cat-vinhos-portugal","10":"product_cat-tipologia","11":"product_cat-regiao","12":"product_cat-produtores","13":"product_cat-principal","14":"product_cat-tiago-cabaco","15":"product_tag-roupeiro","16":"product_tag-vinho-branco","17":"product_tag-antao-vaz","18":"product_tag-arinto","19":"product_tag-alentejo","20":"pa_ano-422","21":"pa_castas-vinhas-velhas","22":"pa_categoria-vinhos-portugueses","23":"pa_enologia-tiago-cabaco-susana-esteban","24":"pa_harmonizacao-peixe-no-forno","25":"pa_harmonizacao-carnes-brancas","26":"pa_leveduras-778","27":"pa_produtor-tiago-cabaco","28":"pa_regiao-alentejo","29":"pa_tipologia-vinho-branco","30":"pa_vinificacao-minima-intervencao","31":"pa_viticultura-sustentavel","32":"pa_volume-750ml","34":"first","35":"instock","36":"taxable","37":"shipping-taxable","38":"purchasable","39":"product-type-simple"},"acf":[],"yoast_head":"<!-- This site is optimized with the Yoast SEO Premium plugin v27.6 (Yoast SEO v27.6) - https:\/\/yoast.com\/product\/yoast-seo-premium-wordpress\/ -->\n<title>Tiago Caba\u00e7o Vinhas Velhas Branco - Tourinto Premium Wines<\/title>\n<meta name=\"description\" content=\"Tiago Caba\u00e7o Vinhas Velhas Branco \u00e9 proveniente das vinhas mais velhas plantadas na regi\u00e3o de Estremoz, de castas tradicionais do Alentejo.\" \/>\n<meta name=\"robots\" content=\"index, follow, max-snippet:-1, max-image-preview:large, max-video-preview:-1\" \/>\n<link rel=\"canonical\" href=\"https:\/\/www.tourinto.pt\/en\/product\/tiago-cabaco-vinhas-velhas-branco\/\" \/>\n<meta property=\"og:locale\" content=\"en_GB\" \/>\n<meta property=\"og:type\" content=\"article\" \/>\n<meta property=\"og:title\" content=\"Tiago Caba\u00e7o Vinhas Velhas Branco\" \/>\n<meta property=\"og:description\" content=\"Tiago Caba\u00e7o Vinhas Velhas Branco \u00e9 proveniente das vinhas mais velhas plantadas na regi\u00e3o de Estremoz, de castas tradicionais do Alentejo.\" \/>\n<meta property=\"og:url\" content=\"https:\/\/www.tourinto.pt\/en\/product\/tiago-cabaco-vinhas-velhas-branco\/\" \/>\n<meta property=\"og:site_name\" content=\"Tourinto Premium Wines\" \/>\n<meta property=\"article:publisher\" content=\"https:\/\/www.facebook.com\/garrafeiratourinto\" \/>\n<meta property=\"article:modified_time\" content=\"2026-03-27T17:56:32+00:00\" \/>\n<meta property=\"og:image\" content=\"https:\/\/www.tourinto.pt\/wp-content\/uploads\/2025\/01\/Tiago-Cabaco-Vinhas-Velhas-Branco-1.png\" \/>\n\t<meta property=\"og:image:width\" content=\"881\" \/>\n\t<meta property=\"og:image:height\" content=\"1400\" \/>\n\t<meta property=\"og:image:type\" content=\"image\/png\" \/>\n<meta name=\"twitter:card\" content=\"summary_large_image\" \/>\n<meta name=\"twitter:label1\" content=\"Price\" \/>\n\t<meta name=\"twitter:data1\" content=\"13,70&nbsp;&euro;\" \/>\n\t<meta name=\"twitter:label2\" content=\"Availability\" \/>\n\t<meta name=\"twitter:data2\" content=\"In stock\" \/>\n<script type=\"application\/ld+json\" class=\"yoast-schema-graph\">{\"@context\":\"https:\\\/\\\/schema.org\",\"@graph\":[{\"@type\":\"WebPage\",\"@id\":\"https:\\\/\\\/www.tourinto.pt\\\/product\\\/tiago-cabaco-vinhas-velhas-branco\\\/\",\"url\":\"https:\\\/\\\/www.tourinto.pt\\\/product\\\/tiago-cabaco-vinhas-velhas-branco\\\/\",\"name\":\"Tiago Caba\u00e7o Vinhas Velhas Branco - Tourinto Premium Wines\",\"isPartOf\":{\"@id\":\"https:\\\/\\\/www.tourinto.pt\\\/#website\"},\"primaryImageOfPage\":{\"@id\":\"https:\\\/\\\/www.tourinto.pt\\\/product\\\/tiago-cabaco-vinhas-velhas-branco\\\/#primaryimage\"},\"image\":{\"@id\":\"https:\\\/\\\/www.tourinto.pt\\\/product\\\/tiago-cabaco-vinhas-velhas-branco\\\/#primaryimage\"},\"thumbnailUrl\":\"https:\\\/\\\/i0.wp.com\\\/www.tourinto.pt\\\/wp-content\\\/uploads\\\/2025\\\/01\\\/Tiago-Cabaco-Vinhas-Velhas-Branco-1.png?fit=881%2C1400&ssl=1\",\"datePublished\":\"2025-01-08T18:36:36+00:00\",\"dateModified\":\"2026-03-27T17:56:32+00:00\",\"description\":\"Tiago Caba\u00e7o Vinhas Velhas Branco \u00e9 proveniente das vinhas mais velhas plantadas na regi\u00e3o de Estremoz, de castas tradicionais do Alentejo.\",\"breadcrumb\":{\"@id\":\"https:\\\/\\\/www.tourinto.pt\\\/product\\\/tiago-cabaco-vinhas-velhas-branco\\\/#breadcrumb\"},\"inLanguage\":\"en-GB\",\"potentialAction\":[{\"@type\":\"ReadAction\",\"target\":[\"https:\\\/\\\/www.tourinto.pt\\\/product\\\/tiago-cabaco-vinhas-velhas-branco\\\/\"]}]},{\"@type\":\"ImageObject\",\"inLanguage\":\"en-GB\",\"@id\":\"https:\\\/\\\/www.tourinto.pt\\\/product\\\/tiago-cabaco-vinhas-velhas-branco\\\/#primaryimage\",\"url\":\"https:\\\/\\\/i0.wp.com\\\/www.tourinto.pt\\\/wp-content\\\/uploads\\\/2025\\\/01\\\/Tiago-Cabaco-Vinhas-Velhas-Branco-1.png?fit=881%2C1400&ssl=1\",\"contentUrl\":\"https:\\\/\\\/i0.wp.com\\\/www.tourinto.pt\\\/wp-content\\\/uploads\\\/2025\\\/01\\\/Tiago-Cabaco-Vinhas-Velhas-Branco-1.png?fit=881%2C1400&ssl=1\",\"width\":881,\"height\":1400,\"caption\":\"Tiago Caba\u00e7o Branco, Tiago Caba\u00e7o Vinho Branco, Tiago Caba\u00e7o Branco Vinhas Velhas\"},{\"@type\":\"BreadcrumbList\",\"@id\":\"https:\\\/\\\/www.tourinto.pt\\\/product\\\/tiago-cabaco-vinhas-velhas-branco\\\/#breadcrumb\",\"itemListElement\":[{\"@type\":\"ListItem\",\"position\":1,\"name\":\"In\u00edcio\",\"item\":\"https:\\\/\\\/www.tourinto.pt\\\/\"},{\"@type\":\"ListItem\",\"position\":2,\"name\":\"Garrafeira on-line\",\"item\":\"https:\\\/\\\/www.tourinto.pt\\\/garrafeira-on-line\\\/\"},{\"@type\":\"ListItem\",\"position\":3,\"name\":\"Tiago Caba\u00e7o Vinhas Velhas Branco\"}]},{\"@type\":\"WebSite\",\"@id\":\"https:\\\/\\\/www.tourinto.pt\\\/#website\",\"url\":\"https:\\\/\\\/www.tourinto.pt\\\/\",\"name\":\"Tourinto Premium Wines\",\"description\":\"Garrafeira on-line\",\"publisher\":{\"@id\":\"https:\\\/\\\/www.tourinto.pt\\\/#organization\"},\"alternateName\":\"Garrafeira on-line\",\"potentialAction\":[{\"@type\":\"SearchAction\",\"target\":{\"@type\":\"EntryPoint\",\"urlTemplate\":\"https:\\\/\\\/www.tourinto.pt\\\/?s={search_term_string}\"},\"query-input\":{\"@type\":\"PropertyValueSpecification\",\"valueRequired\":true,\"valueName\":\"search_term_string\"}}],\"inLanguage\":\"en-GB\"},{\"@type\":[\"Organization\",\"Place\"],\"@id\":\"https:\\\/\\\/www.tourinto.pt\\\/#organization\",\"name\":\"Tourinto\",\"alternateName\":\"Garrafeira Tourinto, Lda.\",\"url\":\"https:\\\/\\\/www.tourinto.pt\\\/\",\"logo\":{\"@id\":\"https:\\\/\\\/www.tourinto.pt\\\/product\\\/tiago-cabaco-vinhas-velhas-branco\\\/#local-main-organization-logo\"},\"image\":{\"@id\":\"https:\\\/\\\/www.tourinto.pt\\\/product\\\/tiago-cabaco-vinhas-velhas-branco\\\/#local-main-organization-logo\"},\"sameAs\":[\"https:\\\/\\\/www.facebook.com\\\/garrafeiratourinto\",\"https:\\\/\\\/www.instagram.com\\\/garrafeiratourinto\\\/\"],\"telephone\":[],\"openingHoursSpecification\":[{\"@type\":\"OpeningHoursSpecification\",\"dayOfWeek\":[\"Monday\",\"Tuesday\",\"Wednesday\",\"Thursday\",\"Friday\",\"Saturday\",\"Sunday\"],\"opens\":\"09:00\",\"closes\":\"17:00\"}]},{\"@type\":\"ImageObject\",\"inLanguage\":\"en-GB\",\"@id\":\"https:\\\/\\\/www.tourinto.pt\\\/product\\\/tiago-cabaco-vinhas-velhas-branco\\\/#local-main-organization-logo\",\"url\":\"https:\\\/\\\/i0.wp.com\\\/www.tourinto.pt\\\/wp-content\\\/uploads\\\/2022\\\/07\\\/tourinto-logo-big.png?fit=1400%2C505&ssl=1\",\"contentUrl\":\"https:\\\/\\\/i0.wp.com\\\/www.tourinto.pt\\\/wp-content\\\/uploads\\\/2022\\\/07\\\/tourinto-logo-big.png?fit=1400%2C505&ssl=1\",\"width\":1400,\"height\":505,\"caption\":\"Tourinto\"}]}<\/script>\n<meta property=\"product:price:amount\" content=\"13.70\" \/>\n<meta property=\"product:price:currency\" content=\"EUR\" \/>\n<meta property=\"og:availability\" content=\"instock\" \/>\n<meta property=\"product:availability\" content=\"instock\" \/>\n<meta property=\"product:retailer_item_id\" content=\"104.06.2023\" \/>\n<meta property=\"product:condition\" content=\"new\" \/>\n<!-- \/ Yoast SEO Premium plugin. -->","yoast_head_json":{"title":"Tiago Caba\u00e7o Vinhas Velhas Branco - Tourinto Premium Wines","description":"Tiago Caba\u00e7o Vinhas Velhas Branco \u00e9 proveniente das vinhas mais velhas plantadas na regi\u00e3o de Estremoz, de castas tradicionais do Alentejo.","robots":{"index":"index","follow":"follow","max-snippet":"max-snippet:-1","max-image-preview":"max-image-preview:large","max-video-preview":"max-video-preview:-1"},"canonical":"https:\/\/www.tourinto.pt\/en\/product\/tiago-cabaco-vinhas-velhas-branco\/","og_locale":"en_GB","og_type":"article","og_title":"Tiago Caba\u00e7o Vinhas Velhas Branco","og_description":"Tiago Caba\u00e7o Vinhas Velhas Branco \u00e9 proveniente das vinhas mais velhas plantadas na regi\u00e3o de Estremoz, de castas tradicionais do Alentejo.","og_url":"https:\/\/www.tourinto.pt\/en\/product\/tiago-cabaco-vinhas-velhas-branco\/","og_site_name":"Tourinto Premium Wines","article_publisher":"https:\/\/www.facebook.com\/garrafeiratourinto","article_modified_time":"2026-03-27T17:56:32+00:00","og_image":[{"width":881,"height":1400,"url":"https:\/\/www.tourinto.pt\/wp-content\/uploads\/2025\/01\/Tiago-Cabaco-Vinhas-Velhas-Branco-1.png","type":"image\/png"}],"twitter_card":"summary_large_image","twitter_misc":{"Price":"13,70&nbsp;&euro;","Availability":"In stock"},"schema":{"@context":"https:\/\/schema.org","@graph":[{"@type":"WebPage","@id":"https:\/\/www.tourinto.pt\/product\/tiago-cabaco-vinhas-velhas-branco\/","url":"https:\/\/www.tourinto.pt\/product\/tiago-cabaco-vinhas-velhas-branco\/","name":"Tiago Caba\u00e7o Vinhas Velhas Branco - Tourinto Premium Wines","isPartOf":{"@id":"https:\/\/www.tourinto.pt\/#website"},"primaryImageOfPage":{"@id":"https:\/\/www.tourinto.pt\/product\/tiago-cabaco-vinhas-velhas-branco\/#primaryimage"},"image":{"@id":"https:\/\/www.tourinto.pt\/product\/tiago-cabaco-vinhas-velhas-branco\/#primaryimage"},"thumbnailUrl":"https:\/\/i0.wp.com\/www.tourinto.pt\/wp-content\/uploads\/2025\/01\/Tiago-Cabaco-Vinhas-Velhas-Branco-1.png?fit=881%2C1400&ssl=1","datePublished":"2025-01-08T18:36:36+00:00","dateModified":"2026-03-27T17:56:32+00:00","description":"Tiago Caba\u00e7o Vinhas Velhas Branco \u00e9 proveniente das vinhas mais velhas plantadas na regi\u00e3o de Estremoz, de castas tradicionais do Alentejo.","breadcrumb":{"@id":"https:\/\/www.tourinto.pt\/product\/tiago-cabaco-vinhas-velhas-branco\/#breadcrumb"},"inLanguage":"en-GB","potentialAction":[{"@type":"ReadAction","target":["https:\/\/www.tourinto.pt\/product\/tiago-cabaco-vinhas-velhas-branco\/"]}]},{"@type":"ImageObject","inLanguage":"en-GB","@id":"https:\/\/www.tourinto.pt\/product\/tiago-cabaco-vinhas-velhas-branco\/#primaryimage","url":"https:\/\/i0.wp.com\/www.tourinto.pt\/wp-content\/uploads\/2025\/01\/Tiago-Cabaco-Vinhas-Velhas-Branco-1.png?fit=881%2C1400&ssl=1","contentUrl":"https:\/\/i0.wp.com\/www.tourinto.pt\/wp-content\/uploads\/2025\/01\/Tiago-Cabaco-Vinhas-Velhas-Branco-1.png?fit=881%2C1400&ssl=1","width":881,"height":1400,"caption":"Tiago Caba\u00e7o Branco, Tiago Caba\u00e7o Vinho Branco, Tiago Caba\u00e7o Branco Vinhas Velhas"},{"@type":"BreadcrumbList","@id":"https:\/\/www.tourinto.pt\/product\/tiago-cabaco-vinhas-velhas-branco\/#breadcrumb","itemListElement":[{"@type":"ListItem","position":1,"name":"In\u00edcio","item":"https:\/\/www.tourinto.pt\/"},{"@type":"ListItem","position":2,"name":"Garrafeira on-line","item":"https:\/\/www.tourinto.pt\/garrafeira-on-line\/"},{"@type":"ListItem","position":3,"name":"Tiago Caba\u00e7o Vinhas Velhas Branco"}]},{"@type":"WebSite","@id":"https:\/\/www.tourinto.pt\/#website","url":"https:\/\/www.tourinto.pt\/","name":"Tourinto Premium Wines","description":"Wine Shop online","publisher":{"@id":"https:\/\/www.tourinto.pt\/#organization"},"alternateName":"Garrafeira on-line","potentialAction":[{"@type":"SearchAction","target":{"@type":"EntryPoint","urlTemplate":"https:\/\/www.tourinto.pt\/?s={search_term_string}"},"query-input":{"@type":"PropertyValueSpecification","valueRequired":true,"valueName":"search_term_string"}}],"inLanguage":"en-GB"},{"@type":["Organization","Place"],"@id":"https:\/\/www.tourinto.pt\/#organization","name":"Tourinto","alternateName":"Garrafeira Tourinto, Lda.","url":"https:\/\/www.tourinto.pt\/","logo":{"@id":"https:\/\/www.tourinto.pt\/product\/tiago-cabaco-vinhas-velhas-branco\/#local-main-organization-logo"},"image":{"@id":"https:\/\/www.tourinto.pt\/product\/tiago-cabaco-vinhas-velhas-branco\/#local-main-organization-logo"},"sameAs":["https:\/\/www.facebook.com\/garrafeiratourinto","https:\/\/www.instagram.com\/garrafeiratourinto\/"],"telephone":[],"openingHoursSpecification":[{"@type":"OpeningHoursSpecification","dayOfWeek":["Monday","Tuesday","Wednesday","Thursday","Friday","Saturday","Sunday"],"opens":"09:00","closes":"17:00"}]},{"@type":"ImageObject","inLanguage":"en-GB","@id":"https:\/\/www.tourinto.pt\/product\/tiago-cabaco-vinhas-velhas-branco\/#local-main-organization-logo","url":"https:\/\/i0.wp.com\/www.tourinto.pt\/wp-content\/uploads\/2022\/07\/tourinto-logo-big.png?fit=1400%2C505&ssl=1","contentUrl":"https:\/\/i0.wp.com\/www.tourinto.pt\/wp-content\/uploads\/2022\/07\/tourinto-logo-big.png?fit=1400%2C505&ssl=1","width":1400,"height":505,"caption":"Tourinto"}]},"product_price_amount":"13.70","product_price_currency":"EUR","og_availability":"instock","product_availability":"instock","product_retailer_item_id":"104.06.2023","product_condition":"new"},"jetpack_publicize_connections":[],"jetpack_sharing_enabled":true,"_links":{"self":[{"href":"https:\/\/www.tourinto.pt\/en\/wp-json\/wp\/v2\/product\/11629","targetHints":{"allow":["GET"]}}],"collection":[{"href":"https:\/\/www.tourinto.pt\/en\/wp-json\/wp\/v2\/product"}],"about":[{"href":"https:\/\/www.tourinto.pt\/en\/wp-json\/wp\/v2\/types\/product"}],"replies":[{"embeddable":true,"href":"https:\/\/www.tourinto.pt\/en\/wp-json\/wp\/v2\/comments?post=11629"}],"wp:featuredmedia":[{"embeddable":true,"href":"https:\/\/www.tourinto.pt\/en\/wp-json\/wp\/v2\/media\/11654"}],"wp:attachment":[{"href":"https:\/\/www.tourinto.pt\/en\/wp-json\/wp\/v2\/media?parent=11629"}],"wp:term":[{"taxonomy":"product_brand","embeddable":true,"href":"https:\/\/www.tourinto.pt\/en\/wp-json\/wp\/v2\/product_brand?post=11629"},{"taxonomy":"product_cat","embeddable":true,"href":"https:\/\/www.tourinto.pt\/en\/wp-json\/wp\/v2\/product_cat?post=11629"},{"taxonomy":"product_tag","embeddable":true,"href":"https:\/\/www.tourinto.pt\/en\/wp-json\/wp\/v2\/product_tag?post=11629"}],"curies":[{"name":"wp","href":"https:\/\/api.w.org\/{rel}","templated":true}]}}