{"id":11511,"date":"2025-01-01T13:05:55","date_gmt":"2025-01-01T13:05:55","guid":{"rendered":"https:\/\/www.tourinto.pt\/?post_type=product&#038;p=11511"},"modified":"2025-11-26T11:27:02","modified_gmt":"2025-11-26T11:27:02","slug":"pegos-claros-grande-escolha-magnum","status":"publish","type":"product","link":"https:\/\/www.tourinto.pt\/en\/product\/pegos-claros-grande-escolha-magnum\/","title":{"rendered":"Pegos Claros Grande Escolha Magnum"},"content":{"rendered":"<div class=\"wpb-content-wrapper\"><div data-vc-full-width=\"true\" data-vc-full-width-init=\"false\" class=\"vc_row wpb_row vc_row-fluid vc_custom_1656585076455 vc_row-has-fill\"><div class=\"wpb_column vc_column_container vc_col-sm-12\"><div class=\"vc_column-inner\"><div class=\"wpb_wrapper\"><div class=\"vc_tta-container\" data-vc-action=\"collapse\"><div class=\"vc_general vc_tta vc_tta-tabs vc_tta-color-black vc_tta-style-flat vc_tta-shape-square vc_tta-spacing-1 vc_tta-o-no-fill vc_tta-tabs-position-top vc_tta-controls-align-left\"><div class=\"vc_tta-tabs-container\"><ul class=\"vc_tta-tabs-list\" role=\"tablist\"><li class=\"vc_tta-tab vc_active\" data-vc-tab role=\"presentation\"><a href=\"#1656584484701-0e478312-357c\" data-vc-tabs data-vc-container=\".vc_tta\" role=\"tab\" aria-selected=\"false\" id=\"tab-1656584484701-0e478312-357c\"><i class=\"vc_tta-icon vc-oi vc-oi-article\"><\/i><span class=\"vc_tta-title-text\">Description<\/span><\/a><\/li><\/ul><\/div><div class=\"vc_tta-panels-container\"><div class=\"vc_tta-panels\"><div class=\"vc_tta-panel vc_active\" id=\"1656584484701-0e478312-357c\" data-vc-content=\".vc_tta-panel-body\"><div class=\"vc_tta-panel-heading\"><h4 class=\"vc_tta-panel-title\"><a href=\"#1656584484701-0e478312-357c\" data-vc-accordion data-vc-container=\".vc_tta-container\"><i class=\"vc_tta-icon vc-oi vc-oi-article\"><\/i><span class=\"vc_tta-title-text\">Description<\/span><\/a><\/h4><\/div><div class=\"vc_tta-panel-body\">\n\t<div class=\"wpb_text_column wpb_content_element\" >\n\t\t<div class=\"wpb_wrapper\">\n\t\t\t<p><strong>Pegos Claros Grande Escolha Magnum<\/strong><\/p>\n<p><strong>Grape varieties: <\/strong>Castel\u00e3o.<br \/>\n<strong>Vinification: <\/strong>Harvested by hand and transported in small 20kg boxes. Foot treading and traditional fermentation in an open press with 40 per cent stalks.<br \/>\n<strong>Aging:<\/strong> 12 months in French oak barrels.<br \/>\n<b>Colour: <\/b>Ruby.<br \/>\n<strong>Aroma:<\/strong> Balanced and elegant, with prominent notes of red fruits and plums, as well as subtle, evolving notes of oak, along with slight toasted, spicy and light vegetal notes.<br \/>\n<strong>Flavour: <\/strong>Very elegant, deep, enveloping and smooth tasting. Its freshness gives it longevity and persistence.<\/p>\n<hr style=\"border: #b0976d 1px dotted\" \/>\n<p><strong>Serve:<\/strong> 16 to 18\u2070<br \/>\n<strong>Consumption: <\/strong>Immediate or storage.<\/p>\n<hr style=\"border: #b0976d 1px dotted\" \/>\n<p><strong>Harmonisation: <\/strong>Goes well with grilled or roasted red meats, game and cheeses.<\/p>\n<hr style=\"border: #b0976d 1px dotted\" \/>\n<p><strong>Producer: <\/strong><a href=\"https:\/\/www.tourinto.pt\/en\/produtores\/peninsula-de-setubal\/herdade-de-pegos-claros\/\">Herdade de Pegos Claros<\/a><\/p>\n<p><b>Enology: <\/b>Bernardo Cabral<\/p>\n<p><strong>Category:<\/strong> Portuguese Wines \u2013 <a href=\"https:\/\/www.tourinto.pt\/en\/regiao\/peninsula-de-setubal\/\">Set\u00fabal Peninsula<\/a><\/p>\n<p><strong>Awards and Notes:<\/strong><\/p>\n<ul>\n<li><strong>Robert Parker<\/strong> &#8211; 93\/100 (2017)<\/li>\n<li><strong>Wine Enthusiast<\/strong> &#8211; 92\/100 (2017)<\/li>\n<li><strong>Great Choices<\/strong> &#8211; 18,5\/20 (2016)<\/li>\n<\/ul>\n<p><a href=\"https:\/\/pegosclaros.pt\/\"><span style=\"color: #f1f1f1\">pegos claros<\/span><\/a><\/p>\n\n\t\t<\/div>\n\t<\/div>\n<\/div><\/div><\/div><\/div><\/div><\/div><\/div><\/div><\/div><\/div><div class=\"vc_row-full-width vc_clearfix\"><\/div><div data-vc-full-width=\"true\" data-vc-full-width-init=\"false\" data-vc-stretch-content=\"true\" class=\"vc_row wpb_row vc_row-fluid vc_custom_1731751013528 vc_row-no-padding\"><div class=\"wpb_column vc_column_container vc_col-sm-12\"><div class=\"vc_column-inner\"><div class=\"wpb_wrapper\">\n<div class=\"vc_grid-container-wrapper vc_clearfix vc_grid-animation-fadeIn\">\n\t<div class=\"vc_grid-container vc_clearfix wpb_content_element vc_media_grid\" data-initial-loading-animation=\"fadeIn\" data-vc-grid-settings=\"{&quot;page_id&quot;:11511,&quot;style&quot;:&quot;all&quot;,&quot;action&quot;:&quot;vc_get_vc_grid_data&quot;,&quot;shortcode_id&quot;:&quot;1755726542352-2f080229-e252-7&quot;,&quot;tag&quot;:&quot;vc_media_grid&quot;}\" data-vc-request=\"https:\/\/www.tourinto.pt\/wp-admin\/admin-ajax.php\" data-vc-post-id=\"11511\" data-vc-public-nonce=\"a3489c1848\">\n\t\t\n\t<\/div>\n<\/div><\/div><\/div><\/div><\/div><div class=\"vc_row-full-width vc_clearfix\"><\/div>\n<\/div>","protected":false},"excerpt":{"rendered":"<p>Pegos Claros Grande Escolha \u00e9 um 100% Castel\u00e3o proveniente de vinhas centen\u00e1rias. \u00c0s notas de frutos vermelhos e ameixas, envolvidas pelas notas da barrica de forma muito subtil, junta-se uma ligeira tosta, para al\u00e9m de especiarias e leve vegetal. Muito elegante e profundo, bem como fresco e persistente.<\/p>\n<p>Saiba mais sobre a <a href=\"https:\/\/www.tourinto.pt\/produtores\/peninsula-de-setubal\/herdade-de-pegos-claros\/\">Herdade de Pegos Claros<\/a>.<\/p>\n[contact-form-7 id=\"4433d5d\" title=\"nota Uni\u00e3o Europeia\"]\n","protected":false},"featured_media":11508,"comment_status":"closed","ping_status":"closed","template":"","meta":{"_acf_changed":false,"_joinchat":[],"jetpack_publicize_message":"","jetpack_publicize_feature_enabled":true,"jetpack_social_post_already_shared":true,"jetpack_social_options":{"image_generator_settings":{"template":"highway","default_image_id":0,"font":"","enabled":false},"version":2}},"product_brand":[],"product_cat":[168,297,424,100,81,287,44,901],"product_tag":[903,902,372,138],"class_list":{"0":"post-11511","1":"product","2":"type-product","3":"status-publish","4":"has-post-thumbnail","6":"product_cat-grandes-formatos","7":"product_cat-minima-intervencao","8":"product_cat-vinhos-portugal","9":"product_cat-tipologia","10":"product_cat-regiao","11":"product_cat-peninsula-de-setubal","12":"product_cat-produtores","13":"product_cat-herdade-de-pegos-claros","14":"product_tag-peninsula-de-setubal","15":"product_tag-tintinha","16":"product_tag-vinho-tinto","17":"product_tag-castelao","18":"product_shipping_class-3-garrafas","19":"pa_ano-28","20":"pa_castas-castelao","21":"pa_categoria-vinhos-portugueses","22":"pa_enologia-bernardo-cabral","23":"pa_harmonizacao-queijos-fortes","24":"pa_harmonizacao-assados-de-carne","25":"pa_harmonizacao-carnes-grelhadas","26":"pa_harmonizacao-caca","27":"pa_leveduras-selecionadas","28":"pa_produtor-herdade-de-pegos-claros","29":"pa_regiao-peninsula-de-setubal","30":"pa_tipologia-vinho-tinto","31":"pa_vinificacao-minima-intervencao","32":"pa_viticultura-biologica","33":"pa_volume-1500ml","35":"first","36":"instock","37":"taxable","38":"shipping-taxable","39":"purchasable","40":"product-type-simple"},"acf":[],"yoast_head":"<!-- This site is optimized with the Yoast SEO Premium plugin v27.3 (Yoast SEO v27.4) - https:\/\/yoast.com\/product\/yoast-seo-premium-wordpress\/ -->\n<title>Pegos Claros Grande Escolha Magnum - Tourinto Premium Wines<\/title>\n<meta name=\"description\" content=\"Pegos Claros Grande Escolha \u00e9 um 100% Castel\u00e3o produzido a partir da zona das vinhas centen\u00e1rias, com notas de frutos vermelhos, ameixas e de barrica.\" \/>\n<meta name=\"robots\" content=\"index, follow, max-snippet:-1, max-image-preview:large, max-video-preview:-1\" \/>\n<link rel=\"canonical\" href=\"https:\/\/www.tourinto.pt\/en\/product\/pegos-claros-grande-escolha-magnum\/\" \/>\n<meta property=\"og:locale\" content=\"en_GB\" \/>\n<meta property=\"og:type\" content=\"article\" \/>\n<meta property=\"og:title\" content=\"Pegos Claros Grande Escolha Magnum\" \/>\n<meta property=\"og:description\" content=\"Pegos Claros Grande Escolha \u00e9 um 100% Castel\u00e3o produzido a partir da zona das vinhas centen\u00e1rias, com notas de frutos vermelhos, ameixas e de barrica.\" \/>\n<meta property=\"og:url\" content=\"https:\/\/www.tourinto.pt\/en\/product\/pegos-claros-grande-escolha-magnum\/\" \/>\n<meta property=\"og:site_name\" content=\"Tourinto Premium Wines\" \/>\n<meta property=\"article:publisher\" content=\"https:\/\/www.facebook.com\/garrafeiratourinto\" \/>\n<meta property=\"article:modified_time\" content=\"2025-11-26T11:27:02+00:00\" \/>\n<meta property=\"og:image\" content=\"https:\/\/i0.wp.com\/www.tourinto.pt\/wp-content\/uploads\/2025\/01\/Pegos-Claros-Grande-Escolha.png?fit=881%2C1400&ssl=1\" \/>\n\t<meta property=\"og:image:width\" content=\"881\" \/>\n\t<meta property=\"og:image:height\" content=\"1400\" \/>\n\t<meta property=\"og:image:type\" content=\"image\/png\" \/>\n<meta name=\"twitter:card\" content=\"summary_large_image\" \/>\n<meta name=\"twitter:label1\" content=\"Price\" \/>\n\t<meta name=\"twitter:data1\" content=\"59,50&nbsp;&euro;\" \/>\n\t<meta name=\"twitter:label2\" content=\"Availability\" \/>\n\t<meta name=\"twitter:data2\" content=\"In stock\" \/>\n<script type=\"application\/ld+json\" class=\"yoast-schema-graph\">{\"@context\":\"https:\\\/\\\/schema.org\",\"@graph\":[{\"@type\":\"WebPage\",\"@id\":\"https:\\\/\\\/www.tourinto.pt\\\/product\\\/pegos-claros-grande-escolha-magnum\\\/\",\"url\":\"https:\\\/\\\/www.tourinto.pt\\\/product\\\/pegos-claros-grande-escolha-magnum\\\/\",\"name\":\"Pegos Claros Grande Escolha Magnum - Tourinto Premium Wines\",\"isPartOf\":{\"@id\":\"https:\\\/\\\/www.tourinto.pt\\\/#website\"},\"primaryImageOfPage\":{\"@id\":\"https:\\\/\\\/www.tourinto.pt\\\/product\\\/pegos-claros-grande-escolha-magnum\\\/#primaryimage\"},\"image\":{\"@id\":\"https:\\\/\\\/www.tourinto.pt\\\/product\\\/pegos-claros-grande-escolha-magnum\\\/#primaryimage\"},\"thumbnailUrl\":\"https:\\\/\\\/i0.wp.com\\\/www.tourinto.pt\\\/wp-content\\\/uploads\\\/2025\\\/01\\\/Pegos-Claros-Grande-Escolha.png?fit=881%2C1400&ssl=1\",\"datePublished\":\"2025-01-01T13:05:55+00:00\",\"dateModified\":\"2025-11-26T11:27:02+00:00\",\"description\":\"Pegos Claros Grande Escolha \u00e9 um 100% Castel\u00e3o produzido a partir da zona das vinhas centen\u00e1rias, com notas de frutos vermelhos, ameixas e de barrica.\",\"breadcrumb\":{\"@id\":\"https:\\\/\\\/www.tourinto.pt\\\/product\\\/pegos-claros-grande-escolha-magnum\\\/#breadcrumb\"},\"inLanguage\":\"en-GB\",\"potentialAction\":[{\"@type\":\"ReadAction\",\"target\":[\"https:\\\/\\\/www.tourinto.pt\\\/product\\\/pegos-claros-grande-escolha-magnum\\\/\"]}]},{\"@type\":\"ImageObject\",\"inLanguage\":\"en-GB\",\"@id\":\"https:\\\/\\\/www.tourinto.pt\\\/product\\\/pegos-claros-grande-escolha-magnum\\\/#primaryimage\",\"url\":\"https:\\\/\\\/i0.wp.com\\\/www.tourinto.pt\\\/wp-content\\\/uploads\\\/2025\\\/01\\\/Pegos-Claros-Grande-Escolha.png?fit=881%2C1400&ssl=1\",\"contentUrl\":\"https:\\\/\\\/i0.wp.com\\\/www.tourinto.pt\\\/wp-content\\\/uploads\\\/2025\\\/01\\\/Pegos-Claros-Grande-Escolha.png?fit=881%2C1400&ssl=1\",\"width\":881,\"height\":1400,\"caption\":\"Pegos Claros Tinto, Pegos Claros Tinto Castel\u00e3o, Pegos Claros Vinho Tinto, Pegos Claros Escolha, Pegos Claros Castel\u00e3o, Vinho Castel\u00e3o Pegos Claros\"},{\"@type\":\"BreadcrumbList\",\"@id\":\"https:\\\/\\\/www.tourinto.pt\\\/product\\\/pegos-claros-grande-escolha-magnum\\\/#breadcrumb\",\"itemListElement\":[{\"@type\":\"ListItem\",\"position\":1,\"name\":\"In\u00edcio\",\"item\":\"https:\\\/\\\/www.tourinto.pt\\\/\"},{\"@type\":\"ListItem\",\"position\":2,\"name\":\"Garrafeira on-line\",\"item\":\"https:\\\/\\\/www.tourinto.pt\\\/garrafeira-on-line\\\/\"},{\"@type\":\"ListItem\",\"position\":3,\"name\":\"Pegos Claros Grande Escolha Magnum\"}]},{\"@type\":\"WebSite\",\"@id\":\"https:\\\/\\\/www.tourinto.pt\\\/#website\",\"url\":\"https:\\\/\\\/www.tourinto.pt\\\/\",\"name\":\"Tourinto Premium Wines\",\"description\":\"Garrafeira on-line\",\"publisher\":{\"@id\":\"https:\\\/\\\/www.tourinto.pt\\\/#organization\"},\"alternateName\":\"Garrafeira on-line\",\"potentialAction\":[{\"@type\":\"SearchAction\",\"target\":{\"@type\":\"EntryPoint\",\"urlTemplate\":\"https:\\\/\\\/www.tourinto.pt\\\/?s={search_term_string}\"},\"query-input\":{\"@type\":\"PropertyValueSpecification\",\"valueRequired\":true,\"valueName\":\"search_term_string\"}}],\"inLanguage\":\"en-GB\"},{\"@type\":[\"Organization\",\"Place\"],\"@id\":\"https:\\\/\\\/www.tourinto.pt\\\/#organization\",\"name\":\"Tourinto\",\"alternateName\":\"Garrafeira Tourinto, Lda.\",\"url\":\"https:\\\/\\\/www.tourinto.pt\\\/\",\"logo\":{\"@id\":\"https:\\\/\\\/www.tourinto.pt\\\/product\\\/pegos-claros-grande-escolha-magnum\\\/#local-main-organization-logo\"},\"image\":{\"@id\":\"https:\\\/\\\/www.tourinto.pt\\\/product\\\/pegos-claros-grande-escolha-magnum\\\/#local-main-organization-logo\"},\"sameAs\":[\"https:\\\/\\\/www.facebook.com\\\/garrafeiratourinto\",\"https:\\\/\\\/www.instagram.com\\\/garrafeiratourinto\\\/\"],\"telephone\":[],\"openingHoursSpecification\":[{\"@type\":\"OpeningHoursSpecification\",\"dayOfWeek\":[\"Monday\",\"Tuesday\",\"Wednesday\",\"Thursday\",\"Friday\",\"Saturday\",\"Sunday\"],\"opens\":\"09:00\",\"closes\":\"17:00\"}]},{\"@type\":\"ImageObject\",\"inLanguage\":\"en-GB\",\"@id\":\"https:\\\/\\\/www.tourinto.pt\\\/product\\\/pegos-claros-grande-escolha-magnum\\\/#local-main-organization-logo\",\"url\":\"https:\\\/\\\/i0.wp.com\\\/www.tourinto.pt\\\/wp-content\\\/uploads\\\/2022\\\/07\\\/tourinto-logo-big.png?fit=1400%2C505&ssl=1\",\"contentUrl\":\"https:\\\/\\\/i0.wp.com\\\/www.tourinto.pt\\\/wp-content\\\/uploads\\\/2022\\\/07\\\/tourinto-logo-big.png?fit=1400%2C505&ssl=1\",\"width\":1400,\"height\":505,\"caption\":\"Tourinto\"}]}<\/script>\n<meta property=\"product:price:amount\" content=\"59.50\" \/>\n<meta property=\"product:price:currency\" content=\"EUR\" \/>\n<meta property=\"og:availability\" content=\"instock\" \/>\n<meta property=\"product:availability\" content=\"instock\" \/>\n<meta property=\"product:retailer_item_id\" content=\"103.04.2016\" \/>\n<meta property=\"product:condition\" content=\"new\" \/>\n<!-- \/ Yoast SEO Premium plugin. -->","yoast_head_json":{"title":"Pegos Claros Grande Escolha Magnum - Tourinto Premium Wines","description":"Pegos Claros Grande Escolha \u00e9 um 100% Castel\u00e3o produzido a partir da zona das vinhas centen\u00e1rias, com notas de frutos vermelhos, ameixas e de barrica.","robots":{"index":"index","follow":"follow","max-snippet":"max-snippet:-1","max-image-preview":"max-image-preview:large","max-video-preview":"max-video-preview:-1"},"canonical":"https:\/\/www.tourinto.pt\/en\/product\/pegos-claros-grande-escolha-magnum\/","og_locale":"en_GB","og_type":"article","og_title":"Pegos Claros Grande Escolha Magnum","og_description":"Pegos Claros Grande Escolha \u00e9 um 100% Castel\u00e3o produzido a partir da zona das vinhas centen\u00e1rias, com notas de frutos vermelhos, ameixas e de barrica.","og_url":"https:\/\/www.tourinto.pt\/en\/product\/pegos-claros-grande-escolha-magnum\/","og_site_name":"Tourinto Premium Wines","article_publisher":"https:\/\/www.facebook.com\/garrafeiratourinto","article_modified_time":"2025-11-26T11:27:02+00:00","og_image":[{"width":881,"height":1400,"url":"https:\/\/i0.wp.com\/www.tourinto.pt\/wp-content\/uploads\/2025\/01\/Pegos-Claros-Grande-Escolha.png?fit=881%2C1400&ssl=1","type":"image\/png"}],"twitter_card":"summary_large_image","twitter_misc":{"Price":"59,50&nbsp;&euro;","Availability":"In stock"},"schema":{"@context":"https:\/\/schema.org","@graph":[{"@type":"WebPage","@id":"https:\/\/www.tourinto.pt\/product\/pegos-claros-grande-escolha-magnum\/","url":"https:\/\/www.tourinto.pt\/product\/pegos-claros-grande-escolha-magnum\/","name":"Pegos Claros Grande Escolha Magnum - Tourinto Premium Wines","isPartOf":{"@id":"https:\/\/www.tourinto.pt\/#website"},"primaryImageOfPage":{"@id":"https:\/\/www.tourinto.pt\/product\/pegos-claros-grande-escolha-magnum\/#primaryimage"},"image":{"@id":"https:\/\/www.tourinto.pt\/product\/pegos-claros-grande-escolha-magnum\/#primaryimage"},"thumbnailUrl":"https:\/\/i0.wp.com\/www.tourinto.pt\/wp-content\/uploads\/2025\/01\/Pegos-Claros-Grande-Escolha.png?fit=881%2C1400&ssl=1","datePublished":"2025-01-01T13:05:55+00:00","dateModified":"2025-11-26T11:27:02+00:00","description":"Pegos Claros Grande Escolha \u00e9 um 100% Castel\u00e3o produzido a partir da zona das vinhas centen\u00e1rias, com notas de frutos vermelhos, ameixas e de barrica.","breadcrumb":{"@id":"https:\/\/www.tourinto.pt\/product\/pegos-claros-grande-escolha-magnum\/#breadcrumb"},"inLanguage":"en-GB","potentialAction":[{"@type":"ReadAction","target":["https:\/\/www.tourinto.pt\/product\/pegos-claros-grande-escolha-magnum\/"]}]},{"@type":"ImageObject","inLanguage":"en-GB","@id":"https:\/\/www.tourinto.pt\/product\/pegos-claros-grande-escolha-magnum\/#primaryimage","url":"https:\/\/i0.wp.com\/www.tourinto.pt\/wp-content\/uploads\/2025\/01\/Pegos-Claros-Grande-Escolha.png?fit=881%2C1400&ssl=1","contentUrl":"https:\/\/i0.wp.com\/www.tourinto.pt\/wp-content\/uploads\/2025\/01\/Pegos-Claros-Grande-Escolha.png?fit=881%2C1400&ssl=1","width":881,"height":1400,"caption":"Pegos Claros Tinto, Pegos Claros Tinto Castel\u00e3o, Pegos Claros Vinho Tinto, Pegos Claros Escolha, Pegos Claros Castel\u00e3o, Vinho Castel\u00e3o Pegos Claros"},{"@type":"BreadcrumbList","@id":"https:\/\/www.tourinto.pt\/product\/pegos-claros-grande-escolha-magnum\/#breadcrumb","itemListElement":[{"@type":"ListItem","position":1,"name":"In\u00edcio","item":"https:\/\/www.tourinto.pt\/"},{"@type":"ListItem","position":2,"name":"Garrafeira on-line","item":"https:\/\/www.tourinto.pt\/garrafeira-on-line\/"},{"@type":"ListItem","position":3,"name":"Pegos Claros Grande Escolha Magnum"}]},{"@type":"WebSite","@id":"https:\/\/www.tourinto.pt\/#website","url":"https:\/\/www.tourinto.pt\/","name":"Tourinto Premium Wines","description":"Wine Shop online","publisher":{"@id":"https:\/\/www.tourinto.pt\/#organization"},"alternateName":"Garrafeira on-line","potentialAction":[{"@type":"SearchAction","target":{"@type":"EntryPoint","urlTemplate":"https:\/\/www.tourinto.pt\/?s={search_term_string}"},"query-input":{"@type":"PropertyValueSpecification","valueRequired":true,"valueName":"search_term_string"}}],"inLanguage":"en-GB"},{"@type":["Organization","Place"],"@id":"https:\/\/www.tourinto.pt\/#organization","name":"Tourinto","alternateName":"Garrafeira Tourinto, Lda.","url":"https:\/\/www.tourinto.pt\/","logo":{"@id":"https:\/\/www.tourinto.pt\/product\/pegos-claros-grande-escolha-magnum\/#local-main-organization-logo"},"image":{"@id":"https:\/\/www.tourinto.pt\/product\/pegos-claros-grande-escolha-magnum\/#local-main-organization-logo"},"sameAs":["https:\/\/www.facebook.com\/garrafeiratourinto","https:\/\/www.instagram.com\/garrafeiratourinto\/"],"telephone":[],"openingHoursSpecification":[{"@type":"OpeningHoursSpecification","dayOfWeek":["Monday","Tuesday","Wednesday","Thursday","Friday","Saturday","Sunday"],"opens":"09:00","closes":"17:00"}]},{"@type":"ImageObject","inLanguage":"en-GB","@id":"https:\/\/www.tourinto.pt\/product\/pegos-claros-grande-escolha-magnum\/#local-main-organization-logo","url":"https:\/\/i0.wp.com\/www.tourinto.pt\/wp-content\/uploads\/2022\/07\/tourinto-logo-big.png?fit=1400%2C505&ssl=1","contentUrl":"https:\/\/i0.wp.com\/www.tourinto.pt\/wp-content\/uploads\/2022\/07\/tourinto-logo-big.png?fit=1400%2C505&ssl=1","width":1400,"height":505,"caption":"Tourinto"}]},"product_price_amount":"59.50","product_price_currency":"EUR","og_availability":"instock","product_availability":"instock","product_retailer_item_id":"103.04.2016","product_condition":"new"},"jetpack_publicize_connections":[],"jetpack_sharing_enabled":true,"_links":{"self":[{"href":"https:\/\/www.tourinto.pt\/en\/wp-json\/wp\/v2\/product\/11511","targetHints":{"allow":["GET"]}}],"collection":[{"href":"https:\/\/www.tourinto.pt\/en\/wp-json\/wp\/v2\/product"}],"about":[{"href":"https:\/\/www.tourinto.pt\/en\/wp-json\/wp\/v2\/types\/product"}],"replies":[{"embeddable":true,"href":"https:\/\/www.tourinto.pt\/en\/wp-json\/wp\/v2\/comments?post=11511"}],"wp:featuredmedia":[{"embeddable":true,"href":"https:\/\/www.tourinto.pt\/en\/wp-json\/wp\/v2\/media\/11508"}],"wp:attachment":[{"href":"https:\/\/www.tourinto.pt\/en\/wp-json\/wp\/v2\/media?parent=11511"}],"wp:term":[{"taxonomy":"product_brand","embeddable":true,"href":"https:\/\/www.tourinto.pt\/en\/wp-json\/wp\/v2\/product_brand?post=11511"},{"taxonomy":"product_cat","embeddable":true,"href":"https:\/\/www.tourinto.pt\/en\/wp-json\/wp\/v2\/product_cat?post=11511"},{"taxonomy":"product_tag","embeddable":true,"href":"https:\/\/www.tourinto.pt\/en\/wp-json\/wp\/v2\/product_tag?post=11511"}],"curies":[{"name":"wp","href":"https:\/\/api.w.org\/{rel}","templated":true}]}}