{"id":11426,"date":"2024-12-25T16:52:58","date_gmt":"2024-12-25T16:52:58","guid":{"rendered":"https:\/\/www.tourinto.pt\/?post_type=product&#038;p=11426"},"modified":"2026-01-30T20:18:15","modified_gmt":"2026-01-30T20:18:15","slug":"calcario-do-principal-tinto","status":"publish","type":"product","link":"https:\/\/www.tourinto.pt\/en\/product\/calcario-do-principal-tinto\/","title":{"rendered":"Calc\u00e1rio 3 do Principal Red"},"content":{"rendered":"<div class=\"wpb-content-wrapper\"><div data-vc-full-width=\"true\" data-vc-full-width-init=\"false\" class=\"vc_row wpb_row vc_row-fluid vc_custom_1656585076455 vc_row-has-fill\"><div class=\"wpb_column vc_column_container vc_col-sm-12\"><div class=\"vc_column-inner\"><div class=\"wpb_wrapper\"><div class=\"vc_tta-container\" data-vc-action=\"collapse\"><div class=\"vc_general vc_tta vc_tta-tabs vc_tta-color-black vc_tta-style-flat vc_tta-shape-square vc_tta-spacing-1 vc_tta-o-no-fill vc_tta-tabs-position-top vc_tta-controls-align-left\"><div class=\"vc_tta-tabs-container\"><ul class=\"vc_tta-tabs-list\" role=\"tablist\"><li class=\"vc_tta-tab vc_active\" data-vc-tab role=\"presentation\"><a href=\"#1656584484701-0e478312-357c\" data-vc-tabs data-vc-container=\".vc_tta\" role=\"tab\" aria-selected=\"false\" id=\"tab-1656584484701-0e478312-357c\"><i class=\"vc_tta-icon vc-oi vc-oi-article\"><\/i><span class=\"vc_tta-title-text\">Description<\/span><\/a><\/li><\/ul><\/div><div class=\"vc_tta-panels-container\"><div class=\"vc_tta-panels\"><div class=\"vc_tta-panel vc_active\" id=\"1656584484701-0e478312-357c\" data-vc-content=\".vc_tta-panel-body\"><div class=\"vc_tta-panel-heading\"><h4 class=\"vc_tta-panel-title\"><a href=\"#1656584484701-0e478312-357c\" data-vc-accordion data-vc-container=\".vc_tta-container\"><i class=\"vc_tta-icon vc-oi vc-oi-article\"><\/i><span class=\"vc_tta-title-text\">Description<\/span><\/a><\/h4><\/div><div class=\"vc_tta-panel-body\">\n\t<div class=\"wpb_text_column wpb_content_element\" >\n\t\t<div class=\"wpb_wrapper\">\n\t\t\t<p><strong>Calc\u00e1rio do Principal Red<\/strong><\/p>\n<p><strong>Grape varieties: <\/strong>Touriga Nacional (50%), Cabernet Sauvignon (20%), Merlot (30%).<br \/>\n<strong>Vinification: <\/strong>Manual harvesting, selection, destemming and crushing, followed by transfer to temperature-controlled stainless steel vats, where alcoholic and malolactic fermentation takes place. Maceration for about 20 days.<br \/>\n<strong>Aging:<\/strong> 24 to 30 months in used 225-litre French oak barrels, followed by 6 years in the bottle.<br \/>\n<b>Colour: <\/b>Ruby.<br \/>\n<strong>Aroma:<\/strong> Aroma of black fruit, cedar, leather and graphite.<br \/>\n<strong>Flavour: <\/strong>Full-bodied, with firm but polished tannins. Vibrant acidity, plus a very long, mineral finish.<\/p>\n<hr style=\"border: #b0976d 1px dotted\" \/>\n<p><strong>Serve:<\/strong> 16 to 18\u2070<br \/>\n<strong>Consumption:\u00a0<\/strong>Immediate.<\/p>\n<hr style=\"border: #b0976d 1px dotted\" \/>\n<p><strong>Harmonisation: <\/strong>Roast meat or fish, goat, roast beef and matured meats.<\/p>\n<hr style=\"border: #b0976d 1px dotted\" \/>\n\n\t\t<\/div>\n\t<\/div>\n\n\t<div class=\"wpb_text_column wpb_content_element\" >\n\t\t<div class=\"wpb_wrapper\">\n\t\t\t<p><strong>Producer: <\/strong><a href=\"https:\/\/www.tourinto.pt\/en\/produto-categoria\/produtores\/colinas-de-sao-lourenco\/\">Colinas de S\u00e3o Louren\u00e7o<\/a><\/p>\n<p><b>Enology: <\/b>Pascal Chatonnet<\/p>\n<p><strong>Category: <\/strong>Portuguese Wines \u2013 <a href=\"https:\/\/www.tourinto.pt\/en\/portugal\/vinhos-da-bairrada\/\">Bairrada<\/a><\/p>\n<p><strong>Awards and Notes:<\/strong><\/p>\n<ul>\n<li><strong>Revista de Vinhos<\/strong> &#8211; 92\/100 (2012)<\/li>\n<\/ul>\n<p><a href=\"https:\/\/fladgatewines.com\/quintas\/quinta-colinas-de-sao-lourenco\/\"><span style=\"color: #f1f1f1\">principal colinas de s\u00e3o louren\u00e7o<\/span><\/a><\/p>\n\n\t\t<\/div>\n\t<\/div>\n<\/div><\/div><\/div><\/div><\/div><\/div><\/div><\/div><\/div><\/div><div class=\"vc_row-full-width vc_clearfix\"><\/div><div data-vc-full-width=\"true\" data-vc-full-width-init=\"false\" data-vc-stretch-content=\"true\" class=\"vc_row wpb_row vc_row-fluid vc_custom_1731751013528 vc_row-no-padding\"><div class=\"wpb_column vc_column_container vc_col-sm-12\"><div class=\"vc_column-inner\"><div class=\"wpb_wrapper\">\n<div class=\"vc_grid-container-wrapper vc_clearfix vc_grid-animation-fadeIn\">\n\t<div class=\"vc_grid-container vc_clearfix wpb_content_element vc_media_grid\" data-initial-loading-animation=\"fadeIn\" data-vc-grid-settings=\"{&quot;page_id&quot;:11426,&quot;style&quot;:&quot;all&quot;,&quot;action&quot;:&quot;vc_get_vc_grid_data&quot;,&quot;shortcode_id&quot;:&quot;1755694131458-21ef2f58-7575-1&quot;,&quot;tag&quot;:&quot;vc_media_grid&quot;}\" data-vc-request=\"https:\/\/www.tourinto.pt\/wp-admin\/admin-ajax.php\" data-vc-post-id=\"11426\" data-vc-public-nonce=\"05c9e97c64\">\n\t\t\n\t<\/div>\n<\/div><\/div><\/div><\/div><\/div><div class=\"vc_row-full-width vc_clearfix\"><\/div>\n<\/div>","protected":false},"excerpt":{"rendered":"<p>Calc\u00e1rio do Principal Tinto \u00e9 um vinho de influ\u00eancia Atl\u00e2ntica com aromas de fruta preta e cedro, para al\u00e9m de couro e grafite. Encorpado, com taninos firmes, mas de arestas polidas, revela uma acidez vibrante que se mant\u00e9m durante toda a prova, bem como um final muito longo e mineral.<\/p>\n<p>Saiba mais sobre as <a href=\"https:\/\/www.tourinto.pt\/produto-categoria\/produtores\/colinas-de-sao-lourenco\/\">Colinas de S\u00e3o Louren\u00e7o<\/a>.<\/p>\n[contact-form-7 id=\"4433d5d\" title=\"nota Uni\u00e3o Europeia\"]\n","protected":false},"featured_media":11427,"comment_status":"closed","ping_status":"closed","template":"","meta":{"_acf_changed":false,"_joinchat":[],"jetpack_publicize_message":"","jetpack_publicize_feature_enabled":true,"jetpack_social_post_already_shared":true,"jetpack_social_options":{"image_generator_settings":{"template":"highway","default_image_id":0,"font":"","enabled":false},"version":2}},"product_brand":[],"product_cat":[1307,1052,17,94,424,100,81,404,44,412],"product_tag":[355,95,73,47],"class_list":{"0":"post-11426","1":"product","2":"type-product","3":"status-publish","4":"has-post-thumbnail","6":"product_cat-ready-to-drink-tintos","7":"product_cat-blend-tintos","8":"product_cat-vinho-tinto","9":"product_cat-bairrada","10":"product_cat-vinhos-portugal","11":"product_cat-tipologia","12":"product_cat-regiao","13":"product_cat-colinas-de-sao-lourenco","14":"product_cat-produtores","15":"product_cat-principal","16":"product_tag-merlot","17":"product_tag-bairrada","18":"product_tag-cabernet-sauvignon","19":"product_tag-touriga-nacional","20":"pa_ano-30","21":"pa_castas-cabernet-sauvignon","22":"pa_castas-merlot","23":"pa_castas-touriga-nacional","24":"pa_categoria-vinhos-portugueses","25":"pa_enologia-pascal-chatonnet","26":"pa_harmonizacao-assados-de-carne","27":"pa_harmonizacao-cabrito","28":"pa_harmonizacao-assados-de-peixe","29":"pa_harmonizacao-carnes-maturadas","30":"pa_leveduras-selecionadas","31":"pa_produtor-quinta-colinas-de-sao-lourenco","32":"pa_regiao-bairrada","33":"pa_tipologia-vinho-tinto","34":"pa_vinificacao-tradicional-controlada","35":"pa_viticultura-sustentavel","36":"pa_volume-750ml","38":"first","39":"instock","40":"taxable","41":"shipping-taxable","42":"purchasable","43":"product-type-simple"},"acf":[],"yoast_head":"<!-- This site is optimized with the Yoast SEO Premium plugin v27.5 (Yoast SEO v27.5) - https:\/\/yoast.com\/product\/yoast-seo-premium-wordpress\/ -->\n<title>Calc\u00e1rio 3 do Principal Tinto - Tourinto Premium Wines<\/title>\n<meta name=\"description\" content=\"Calc\u00e1rio do Principal Tinto \u00e9 um vinho de influ\u00eancia Atl\u00e2ntica com aromas de fruta preta e cedro, para al\u00e9m de couro e grafite\" \/>\n<meta name=\"robots\" content=\"index, follow, max-snippet:-1, max-image-preview:large, max-video-preview:-1\" \/>\n<link rel=\"canonical\" href=\"https:\/\/www.tourinto.pt\/en\/product\/calcario-do-principal-tinto\/\" \/>\n<meta property=\"og:locale\" content=\"en_GB\" \/>\n<meta property=\"og:type\" content=\"article\" \/>\n<meta property=\"og:title\" content=\"Calc\u00e1rio 3 do Principal Tinto\" \/>\n<meta property=\"og:description\" content=\"Calc\u00e1rio do Principal Tinto \u00e9 um vinho de influ\u00eancia Atl\u00e2ntica com aromas de fruta preta e cedro, para al\u00e9m de couro e grafite\" \/>\n<meta property=\"og:url\" content=\"https:\/\/www.tourinto.pt\/en\/product\/calcario-do-principal-tinto\/\" \/>\n<meta property=\"og:site_name\" content=\"Tourinto Premium Wines\" \/>\n<meta property=\"article:publisher\" content=\"https:\/\/www.facebook.com\/garrafeiratourinto\" \/>\n<meta property=\"article:modified_time\" content=\"2026-01-30T20:18:15+00:00\" \/>\n<meta property=\"og:image\" content=\"https:\/\/i0.wp.com\/www.tourinto.pt\/wp-content\/uploads\/2024\/12\/Calcario-do-Principal-Reserva-Tinto.png?fit=881%2C1400&ssl=1\" \/>\n\t<meta property=\"og:image:width\" content=\"881\" \/>\n\t<meta property=\"og:image:height\" content=\"1400\" \/>\n\t<meta property=\"og:image:type\" content=\"image\/png\" \/>\n<meta name=\"twitter:card\" content=\"summary_large_image\" \/>\n<meta name=\"twitter:label1\" content=\"Price\" \/>\n\t<meta name=\"twitter:data1\" content=\"22,70&nbsp;&euro;\" \/>\n\t<meta name=\"twitter:label2\" content=\"Availability\" \/>\n\t<meta name=\"twitter:data2\" content=\"In stock\" \/>\n<script type=\"application\/ld+json\" class=\"yoast-schema-graph\">{\"@context\":\"https:\\\/\\\/schema.org\",\"@graph\":[{\"@type\":\"WebPage\",\"@id\":\"https:\\\/\\\/www.tourinto.pt\\\/product\\\/calcario-do-principal-tinto\\\/\",\"url\":\"https:\\\/\\\/www.tourinto.pt\\\/product\\\/calcario-do-principal-tinto\\\/\",\"name\":\"Calc\u00e1rio 3 do Principal Tinto - Tourinto Premium Wines\",\"isPartOf\":{\"@id\":\"https:\\\/\\\/www.tourinto.pt\\\/#website\"},\"primaryImageOfPage\":{\"@id\":\"https:\\\/\\\/www.tourinto.pt\\\/product\\\/calcario-do-principal-tinto\\\/#primaryimage\"},\"image\":{\"@id\":\"https:\\\/\\\/www.tourinto.pt\\\/product\\\/calcario-do-principal-tinto\\\/#primaryimage\"},\"thumbnailUrl\":\"https:\\\/\\\/i0.wp.com\\\/www.tourinto.pt\\\/wp-content\\\/uploads\\\/2024\\\/12\\\/Calcario-do-Principal-Reserva-Tinto.png?fit=881%2C1400&ssl=1\",\"datePublished\":\"2024-12-25T16:52:58+00:00\",\"dateModified\":\"2026-01-30T20:18:15+00:00\",\"description\":\"Calc\u00e1rio do Principal Tinto \u00e9 um vinho de influ\u00eancia Atl\u00e2ntica com aromas de fruta preta e cedro, para al\u00e9m de couro e grafite\",\"breadcrumb\":{\"@id\":\"https:\\\/\\\/www.tourinto.pt\\\/product\\\/calcario-do-principal-tinto\\\/#breadcrumb\"},\"inLanguage\":\"en-GB\",\"potentialAction\":[{\"@type\":\"ReadAction\",\"target\":[\"https:\\\/\\\/www.tourinto.pt\\\/product\\\/calcario-do-principal-tinto\\\/\"]}]},{\"@type\":\"ImageObject\",\"inLanguage\":\"en-GB\",\"@id\":\"https:\\\/\\\/www.tourinto.pt\\\/product\\\/calcario-do-principal-tinto\\\/#primaryimage\",\"url\":\"https:\\\/\\\/i0.wp.com\\\/www.tourinto.pt\\\/wp-content\\\/uploads\\\/2024\\\/12\\\/Calcario-do-Principal-Reserva-Tinto.png?fit=881%2C1400&ssl=1\",\"contentUrl\":\"https:\\\/\\\/i0.wp.com\\\/www.tourinto.pt\\\/wp-content\\\/uploads\\\/2024\\\/12\\\/Calcario-do-Principal-Reserva-Tinto.png?fit=881%2C1400&ssl=1\",\"width\":881,\"height\":1400,\"caption\":\"Pincipal Calc\u00e1rio Tinto, Calc\u00e1rio Vinho Tinto, Calc\u00e1rio 3 Tinto, Principal Calc\u00e1rio3, Calc\u00e1rio Bairrada\"},{\"@type\":\"BreadcrumbList\",\"@id\":\"https:\\\/\\\/www.tourinto.pt\\\/product\\\/calcario-do-principal-tinto\\\/#breadcrumb\",\"itemListElement\":[{\"@type\":\"ListItem\",\"position\":1,\"name\":\"In\u00edcio\",\"item\":\"https:\\\/\\\/www.tourinto.pt\\\/\"},{\"@type\":\"ListItem\",\"position\":2,\"name\":\"Garrafeira on-line\",\"item\":\"https:\\\/\\\/www.tourinto.pt\\\/garrafeira-on-line\\\/\"},{\"@type\":\"ListItem\",\"position\":3,\"name\":\"Calc\u00e1rio 3 do Principal Tinto\"}]},{\"@type\":\"WebSite\",\"@id\":\"https:\\\/\\\/www.tourinto.pt\\\/#website\",\"url\":\"https:\\\/\\\/www.tourinto.pt\\\/\",\"name\":\"Tourinto Premium Wines\",\"description\":\"Garrafeira on-line\",\"publisher\":{\"@id\":\"https:\\\/\\\/www.tourinto.pt\\\/#organization\"},\"alternateName\":\"Garrafeira on-line\",\"potentialAction\":[{\"@type\":\"SearchAction\",\"target\":{\"@type\":\"EntryPoint\",\"urlTemplate\":\"https:\\\/\\\/www.tourinto.pt\\\/?s={search_term_string}\"},\"query-input\":{\"@type\":\"PropertyValueSpecification\",\"valueRequired\":true,\"valueName\":\"search_term_string\"}}],\"inLanguage\":\"en-GB\"},{\"@type\":[\"Organization\",\"Place\"],\"@id\":\"https:\\\/\\\/www.tourinto.pt\\\/#organization\",\"name\":\"Tourinto\",\"alternateName\":\"Garrafeira Tourinto, Lda.\",\"url\":\"https:\\\/\\\/www.tourinto.pt\\\/\",\"logo\":{\"@id\":\"https:\\\/\\\/www.tourinto.pt\\\/product\\\/calcario-do-principal-tinto\\\/#local-main-organization-logo\"},\"image\":{\"@id\":\"https:\\\/\\\/www.tourinto.pt\\\/product\\\/calcario-do-principal-tinto\\\/#local-main-organization-logo\"},\"sameAs\":[\"https:\\\/\\\/www.facebook.com\\\/garrafeiratourinto\",\"https:\\\/\\\/www.instagram.com\\\/garrafeiratourinto\\\/\"],\"telephone\":[],\"openingHoursSpecification\":[{\"@type\":\"OpeningHoursSpecification\",\"dayOfWeek\":[\"Monday\",\"Tuesday\",\"Wednesday\",\"Thursday\",\"Friday\",\"Saturday\",\"Sunday\"],\"opens\":\"09:00\",\"closes\":\"17:00\"}]},{\"@type\":\"ImageObject\",\"inLanguage\":\"en-GB\",\"@id\":\"https:\\\/\\\/www.tourinto.pt\\\/product\\\/calcario-do-principal-tinto\\\/#local-main-organization-logo\",\"url\":\"https:\\\/\\\/i0.wp.com\\\/www.tourinto.pt\\\/wp-content\\\/uploads\\\/2022\\\/07\\\/tourinto-logo-big.png?fit=1400%2C505&ssl=1\",\"contentUrl\":\"https:\\\/\\\/i0.wp.com\\\/www.tourinto.pt\\\/wp-content\\\/uploads\\\/2022\\\/07\\\/tourinto-logo-big.png?fit=1400%2C505&ssl=1\",\"width\":1400,\"height\":505,\"caption\":\"Tourinto\"}]}<\/script>\n<meta property=\"product:price:amount\" content=\"22.70\" \/>\n<meta property=\"product:price:currency\" content=\"EUR\" \/>\n<meta property=\"og:availability\" content=\"instock\" \/>\n<meta property=\"product:availability\" content=\"instock\" \/>\n<meta property=\"product:retailer_item_id\" content=\"75.08.2018\" \/>\n<meta property=\"product:condition\" content=\"new\" \/>\n<!-- \/ Yoast SEO Premium plugin. -->","yoast_head_json":{"title":"Calc\u00e1rio 3 do Principal Tinto - Tourinto Premium Wines","description":"Calc\u00e1rio do Principal Tinto \u00e9 um vinho de influ\u00eancia Atl\u00e2ntica com aromas de fruta preta e cedro, para al\u00e9m de couro e grafite","robots":{"index":"index","follow":"follow","max-snippet":"max-snippet:-1","max-image-preview":"max-image-preview:large","max-video-preview":"max-video-preview:-1"},"canonical":"https:\/\/www.tourinto.pt\/en\/product\/calcario-do-principal-tinto\/","og_locale":"en_GB","og_type":"article","og_title":"Calc\u00e1rio 3 do Principal Tinto","og_description":"Calc\u00e1rio do Principal Tinto \u00e9 um vinho de influ\u00eancia Atl\u00e2ntica com aromas de fruta preta e cedro, para al\u00e9m de couro e grafite","og_url":"https:\/\/www.tourinto.pt\/en\/product\/calcario-do-principal-tinto\/","og_site_name":"Tourinto Premium Wines","article_publisher":"https:\/\/www.facebook.com\/garrafeiratourinto","article_modified_time":"2026-01-30T20:18:15+00:00","og_image":[{"width":881,"height":1400,"url":"https:\/\/i0.wp.com\/www.tourinto.pt\/wp-content\/uploads\/2024\/12\/Calcario-do-Principal-Reserva-Tinto.png?fit=881%2C1400&ssl=1","type":"image\/png"}],"twitter_card":"summary_large_image","twitter_misc":{"Price":"22,70&nbsp;&euro;","Availability":"In stock"},"schema":{"@context":"https:\/\/schema.org","@graph":[{"@type":"WebPage","@id":"https:\/\/www.tourinto.pt\/product\/calcario-do-principal-tinto\/","url":"https:\/\/www.tourinto.pt\/product\/calcario-do-principal-tinto\/","name":"Calc\u00e1rio 3 do Principal Tinto - Tourinto Premium Wines","isPartOf":{"@id":"https:\/\/www.tourinto.pt\/#website"},"primaryImageOfPage":{"@id":"https:\/\/www.tourinto.pt\/product\/calcario-do-principal-tinto\/#primaryimage"},"image":{"@id":"https:\/\/www.tourinto.pt\/product\/calcario-do-principal-tinto\/#primaryimage"},"thumbnailUrl":"https:\/\/i0.wp.com\/www.tourinto.pt\/wp-content\/uploads\/2024\/12\/Calcario-do-Principal-Reserva-Tinto.png?fit=881%2C1400&ssl=1","datePublished":"2024-12-25T16:52:58+00:00","dateModified":"2026-01-30T20:18:15+00:00","description":"Calc\u00e1rio do Principal Tinto \u00e9 um vinho de influ\u00eancia Atl\u00e2ntica com aromas de fruta preta e cedro, para al\u00e9m de couro e grafite","breadcrumb":{"@id":"https:\/\/www.tourinto.pt\/product\/calcario-do-principal-tinto\/#breadcrumb"},"inLanguage":"en-GB","potentialAction":[{"@type":"ReadAction","target":["https:\/\/www.tourinto.pt\/product\/calcario-do-principal-tinto\/"]}]},{"@type":"ImageObject","inLanguage":"en-GB","@id":"https:\/\/www.tourinto.pt\/product\/calcario-do-principal-tinto\/#primaryimage","url":"https:\/\/i0.wp.com\/www.tourinto.pt\/wp-content\/uploads\/2024\/12\/Calcario-do-Principal-Reserva-Tinto.png?fit=881%2C1400&ssl=1","contentUrl":"https:\/\/i0.wp.com\/www.tourinto.pt\/wp-content\/uploads\/2024\/12\/Calcario-do-Principal-Reserva-Tinto.png?fit=881%2C1400&ssl=1","width":881,"height":1400,"caption":"Pincipal Calc\u00e1rio Tinto, Calc\u00e1rio Vinho Tinto, Calc\u00e1rio 3 Tinto, Principal Calc\u00e1rio3, Calc\u00e1rio Bairrada"},{"@type":"BreadcrumbList","@id":"https:\/\/www.tourinto.pt\/product\/calcario-do-principal-tinto\/#breadcrumb","itemListElement":[{"@type":"ListItem","position":1,"name":"In\u00edcio","item":"https:\/\/www.tourinto.pt\/"},{"@type":"ListItem","position":2,"name":"Garrafeira on-line","item":"https:\/\/www.tourinto.pt\/garrafeira-on-line\/"},{"@type":"ListItem","position":3,"name":"Calc\u00e1rio 3 do Principal Tinto"}]},{"@type":"WebSite","@id":"https:\/\/www.tourinto.pt\/#website","url":"https:\/\/www.tourinto.pt\/","name":"Tourinto Premium Wines","description":"Wine Shop online","publisher":{"@id":"https:\/\/www.tourinto.pt\/#organization"},"alternateName":"Garrafeira on-line","potentialAction":[{"@type":"SearchAction","target":{"@type":"EntryPoint","urlTemplate":"https:\/\/www.tourinto.pt\/?s={search_term_string}"},"query-input":{"@type":"PropertyValueSpecification","valueRequired":true,"valueName":"search_term_string"}}],"inLanguage":"en-GB"},{"@type":["Organization","Place"],"@id":"https:\/\/www.tourinto.pt\/#organization","name":"Tourinto","alternateName":"Garrafeira Tourinto, Lda.","url":"https:\/\/www.tourinto.pt\/","logo":{"@id":"https:\/\/www.tourinto.pt\/product\/calcario-do-principal-tinto\/#local-main-organization-logo"},"image":{"@id":"https:\/\/www.tourinto.pt\/product\/calcario-do-principal-tinto\/#local-main-organization-logo"},"sameAs":["https:\/\/www.facebook.com\/garrafeiratourinto","https:\/\/www.instagram.com\/garrafeiratourinto\/"],"telephone":[],"openingHoursSpecification":[{"@type":"OpeningHoursSpecification","dayOfWeek":["Monday","Tuesday","Wednesday","Thursday","Friday","Saturday","Sunday"],"opens":"09:00","closes":"17:00"}]},{"@type":"ImageObject","inLanguage":"en-GB","@id":"https:\/\/www.tourinto.pt\/product\/calcario-do-principal-tinto\/#local-main-organization-logo","url":"https:\/\/i0.wp.com\/www.tourinto.pt\/wp-content\/uploads\/2022\/07\/tourinto-logo-big.png?fit=1400%2C505&ssl=1","contentUrl":"https:\/\/i0.wp.com\/www.tourinto.pt\/wp-content\/uploads\/2022\/07\/tourinto-logo-big.png?fit=1400%2C505&ssl=1","width":1400,"height":505,"caption":"Tourinto"}]},"product_price_amount":"22.70","product_price_currency":"EUR","og_availability":"instock","product_availability":"instock","product_retailer_item_id":"75.08.2018","product_condition":"new"},"jetpack_publicize_connections":[],"jetpack_sharing_enabled":true,"_links":{"self":[{"href":"https:\/\/www.tourinto.pt\/en\/wp-json\/wp\/v2\/product\/11426","targetHints":{"allow":["GET"]}}],"collection":[{"href":"https:\/\/www.tourinto.pt\/en\/wp-json\/wp\/v2\/product"}],"about":[{"href":"https:\/\/www.tourinto.pt\/en\/wp-json\/wp\/v2\/types\/product"}],"replies":[{"embeddable":true,"href":"https:\/\/www.tourinto.pt\/en\/wp-json\/wp\/v2\/comments?post=11426"}],"wp:featuredmedia":[{"embeddable":true,"href":"https:\/\/www.tourinto.pt\/en\/wp-json\/wp\/v2\/media\/11427"}],"wp:attachment":[{"href":"https:\/\/www.tourinto.pt\/en\/wp-json\/wp\/v2\/media?parent=11426"}],"wp:term":[{"taxonomy":"product_brand","embeddable":true,"href":"https:\/\/www.tourinto.pt\/en\/wp-json\/wp\/v2\/product_brand?post=11426"},{"taxonomy":"product_cat","embeddable":true,"href":"https:\/\/www.tourinto.pt\/en\/wp-json\/wp\/v2\/product_cat?post=11426"},{"taxonomy":"product_tag","embeddable":true,"href":"https:\/\/www.tourinto.pt\/en\/wp-json\/wp\/v2\/product_tag?post=11426"}],"curies":[{"name":"wp","href":"https:\/\/api.w.org\/{rel}","templated":true}]}}