{"id":11417,"date":"2024-12-25T11:16:31","date_gmt":"2024-12-25T11:16:31","guid":{"rendered":"https:\/\/www.tourinto.pt\/?post_type=product&#038;p=11417"},"modified":"2026-03-04T19:11:39","modified_gmt":"2026-03-04T19:11:39","slug":"ratti-barolo-serradenari-magnum","status":"publish","type":"product","link":"https:\/\/www.tourinto.pt\/en\/product\/ratti-barolo-serradenari-magnum\/","title":{"rendered":"Ratti Barolo Serradenari DOCG 2019 Magnum"},"content":{"rendered":"<div class=\"wpb-content-wrapper\"><div data-vc-full-width=\"true\" data-vc-full-width-init=\"false\" class=\"vc_row wpb_row vc_row-fluid vc_custom_1656585076455 vc_row-has-fill\"><div class=\"wpb_column vc_column_container vc_col-sm-12\"><div class=\"vc_column-inner\"><div class=\"wpb_wrapper\"><div class=\"vc_tta-container\" data-vc-action=\"collapse\"><div class=\"vc_general vc_tta vc_tta-tabs vc_tta-color-black vc_tta-style-flat vc_tta-shape-square vc_tta-spacing-1 vc_tta-o-no-fill vc_tta-tabs-position-top vc_tta-controls-align-left\"><div class=\"vc_tta-tabs-container\"><ul class=\"vc_tta-tabs-list\" role=\"tablist\"><li class=\"vc_tta-tab vc_active\" data-vc-tab role=\"presentation\"><a href=\"#1656584484701-0e478312-357c\" data-vc-tabs data-vc-container=\".vc_tta\" role=\"tab\" aria-selected=\"false\" id=\"tab-1656584484701-0e478312-357c\"><i class=\"vc_tta-icon vc-oi vc-oi-article\"><\/i><span class=\"vc_tta-title-text\">Description<\/span><\/a><\/li><\/ul><\/div><div class=\"vc_tta-panels-container\"><div class=\"vc_tta-panels\"><div class=\"vc_tta-panel vc_active\" id=\"1656584484701-0e478312-357c\" data-vc-content=\".vc_tta-panel-body\"><div class=\"vc_tta-panel-heading\"><h4 class=\"vc_tta-panel-title\"><a href=\"#1656584484701-0e478312-357c\" data-vc-accordion data-vc-container=\".vc_tta-container\"><i class=\"vc_tta-icon vc-oi vc-oi-article\"><\/i><span class=\"vc_tta-title-text\">Description<\/span><\/a><\/h4><\/div><div class=\"vc_tta-panel-body\">\n\t<div class=\"wpb_text_column wpb_content_element\" >\n\t\t<div class=\"wpb_wrapper\">\n\t\t\t<p><strong>Ratti Barolo Serradenari DOCG Magnum<\/strong><\/p>\n<p><strong>Grape varieties: <\/strong>Nebbiolo\u00a0100%.<br \/>\n<b>Aging: <\/b>Part in <em>Botti<\/em> of 25 Hl Slav oak and one part in French oak barrels for 2 years, with an additional year in the bottle.<br \/>\n<strong>Colour: <\/strong>Garnet red.<strong><br \/>\n<\/strong><strong>Aroma: <\/strong>Notes of plum, violet and tobacco.<br \/>\n<strong>Flavour: <\/strong>Full flavour, with good levels of tannins and acidity.<\/p>\n<hr style=\"border: #b0976d 1px dotted;\" \/>\n<p><strong>Serve: <\/strong>16 to 18\u2070<br \/>\n<strong>Consumption: <\/strong>Immediate or storage (25years).<\/p>\n<p><strong>Harmonisation:<\/strong> A great wine for important dishes, ideally spit-roasted or grilled red meats, game, gourmet white and red meat dishes, as well as mature cheeses.<\/p>\n<hr style=\"border: #b0976d 1px dotted;\" \/>\n<p><strong>Producer:<\/strong> <a href=\"https:\/\/www.tourinto.pt\/en\/produtores\/produtores-italia\/cantina-ratti\/\">Cantina Ratti<\/a><\/p>\n<p><strong>Enology: <\/strong>Pietro Ratti<\/p>\n<p><strong>Classification:<\/strong> <a href=\"https:\/\/www.tourinto.pt\/en\/produto-categoria\/vinhos-italianos\/\">Italian Wines<\/a> &#8211; <a href=\"https:\/\/www.tourinto.pt\/en\/produtores\/vinhos-italia-piemonte\/\">Piedmont<\/a><\/p>\n<p><strong>Awards and Notes:<\/strong><\/p>\n<ul>\n<li><strong>Robert Parker<\/strong> &#8211; 95\/100<\/li>\n<li><strong>Jancis Robinson<\/strong>&#8211; 17++\/20<\/li>\n<li><strong>James Suckling<\/strong> &#8211; 94\/100<\/li>\n<li><strong>Wine Enthusiast<\/strong> &#8211; 97\/100<\/li>\n<li><strong>Wine Spectator<\/strong> &#8211; 95\/100<\/li>\n<\/ul>\n<p><a href=\"https:\/\/www.ratti.com\/\"><span style=\"color: #f1f1f1;\">Wines from Piedmont<\/span><\/a><\/p>\n\n\t\t<\/div>\n\t<\/div>\n<\/div><\/div><\/div><\/div><\/div><\/div><\/div><\/div><\/div><\/div><div class=\"vc_row-full-width vc_clearfix\"><\/div><div data-vc-full-width=\"true\" data-vc-full-width-init=\"false\" data-vc-stretch-content=\"true\" class=\"vc_row wpb_row vc_row-fluid vc_custom_1658338886686 vc_row-no-padding\"><div class=\"wpb_column vc_column_container vc_col-sm-12\"><div class=\"vc_column-inner\"><div class=\"wpb_wrapper\">\n<div class=\"vc_grid-container-wrapper vc_clearfix vc_grid-animation-fadeIn\">\n\t<div class=\"vc_grid-container vc_clearfix wpb_content_element vc_media_grid\" data-initial-loading-animation=\"fadeIn\" data-vc-grid-settings=\"{&quot;page_id&quot;:11417,&quot;style&quot;:&quot;all&quot;,&quot;action&quot;:&quot;vc_get_vc_grid_data&quot;,&quot;shortcode_id&quot;:&quot;1756753188443-aacfeb45-8b11-2&quot;,&quot;tag&quot;:&quot;vc_media_grid&quot;}\" data-vc-request=\"https:\/\/www.tourinto.pt\/wp-admin\/admin-ajax.php\" data-vc-post-id=\"11417\" data-vc-public-nonce=\"96cc836e62\">\n\t\t\n\t<\/div>\n<\/div><\/div><\/div><\/div><\/div><div class=\"vc_row-full-width vc_clearfix\"><\/div>\n<\/div>","protected":false},"excerpt":{"rendered":"<p class=\"ai-optimize-10\">Ratti Barolo Serradenari DOCG Magnum prov\u00e9m de uma vinha da parte mais alta de La Morra, a quase 500 metros acima do n\u00edvel do mar, num maravilhoso anfiteatro natural. Um vinho com notas de ameixa, violeta e tabaco, assim como uma grande express\u00e3o, para al\u00e9m de not\u00e1vel capacidade de envelhecimento.<\/p>\n<p class=\"ai-optimize-11\">Saiba mais sobre a <a href=\"https:\/\/www.tourinto.pt\/produtores\/cantina-ratti\/\">Cantina Ratti<\/a> e sobre o <a href=\"https:\/\/www.tourinto.pt\/piemonte-langhe-nebbiolo-barolo-e-barbaresco\/\">Piemonte<\/a>.<\/p>\n<p class=\"ai-optimize-12\">[contact-form-7 id=\"4433d5d\" title=\"nota Uni\u00e3o Europeia\"]<\/p>\n","protected":false},"featured_media":13599,"comment_status":"closed","ping_status":"closed","template":"","meta":{"_acf_changed":false,"_joinchat":[],"jetpack_publicize_message":"","jetpack_publicize_feature_enabled":true,"jetpack_social_post_already_shared":true,"jetpack_social_options":{"image_generator_settings":{"template":"highway","default_image_id":0,"font":"","enabled":false},"version":2}},"product_brand":[],"product_cat":[1457,1023,370,976,210,100,81,44,1121,299],"product_tag":[730,176,177,179,180,372],"class_list":{"0":"post-11417","1":"product","2":"type-product","3":"status-publish","4":"has-post-thumbnail","6":"product_cat-tintos-internacionais","7":"product_cat-formato-magnum","8":"product_cat-piemonte","9":"product_cat-vinhos-estrangeiros","10":"product_cat-vinhos-italianos","11":"product_cat-tipologia","12":"product_cat-regiao","13":"product_cat-produtores","14":"product_cat-nebbiolo","15":"product_cat-renato-ratti","16":"product_tag-vinhos-italianos","17":"product_tag-italia","18":"product_tag-piemonte","19":"product_tag-nebbiolo","20":"product_tag-barolo","21":"product_tag-vinho-tinto","22":"product_shipping_class-3-garrafas","23":"pa_ano-31","24":"pa_castas-nebbiolo","25":"pa_categoria-vinhos-italianos","26":"pa_categoria-vinhos-do-piemonte","27":"pa_categoria-vinhos-barolo","28":"pa_enologia-pietro-ratti","29":"pa_harmonizacao-carnes-brancas","30":"pa_harmonizacao-caca","31":"pa_harmonizacao-queijos","32":"pa_harmonizacao-carnes-assadas","33":"pa_harmonizacao-carnes-vermelhas","34":"pa_leveduras-selecionadas","35":"pa_produtor-cantina-ratti","36":"pa_regiao-piemonte-la-morra","37":"pa_tipologia-vinho-tinto","38":"pa_vinificacao-tradicional-minima-intervencao","39":"pa_viticultura-sustentavel-protecao-integrada","40":"pa_volume-1500ml","42":"first","43":"instock","44":"featured","45":"taxable","46":"shipping-taxable","47":"purchasable","48":"product-type-simple"},"acf":[],"yoast_head":"<!-- This site is optimized with the Yoast SEO Premium plugin v27.3 (Yoast SEO v27.4) - https:\/\/yoast.com\/product\/yoast-seo-premium-wordpress\/ -->\n<title>Ratti Barolo Serradenari DOCG 2019 Magnum - Tourinto Premium Wines<\/title>\n<meta name=\"description\" content=\"Ratti Barolo Serradenari DOCG Magnum prov\u00e9m de uma vinha alta de La Morra, com notas de ameixa, violeta e tabaco, com grande express\u00e3o.\" \/>\n<meta name=\"robots\" content=\"index, follow, max-snippet:-1, max-image-preview:large, max-video-preview:-1\" \/>\n<link rel=\"canonical\" href=\"https:\/\/www.tourinto.pt\/en\/product\/ratti-barolo-serradenari-magnum\/\" \/>\n<meta property=\"og:locale\" content=\"en_GB\" \/>\n<meta property=\"og:type\" content=\"article\" \/>\n<meta property=\"og:title\" content=\"Ratti Barolo Serradenari DOCG 2019 Magnum\" \/>\n<meta property=\"og:description\" content=\"Ratti Barolo Serradenari DOCG Magnum prov\u00e9m de uma vinha alta de La Morra, com notas de ameixa, violeta e tabaco, com grande express\u00e3o.\" \/>\n<meta property=\"og:url\" content=\"https:\/\/www.tourinto.pt\/en\/product\/ratti-barolo-serradenari-magnum\/\" \/>\n<meta property=\"og:site_name\" content=\"Tourinto Premium Wines\" \/>\n<meta property=\"article:publisher\" content=\"https:\/\/www.facebook.com\/garrafeiratourinto\" \/>\n<meta property=\"article:modified_time\" content=\"2026-03-04T19:11:39+00:00\" \/>\n<meta property=\"og:image\" content=\"https:\/\/www.tourinto.pt\/wp-content\/uploads\/2024\/12\/Ratti-Barolo-Serradenari.webp\" \/>\n\t<meta property=\"og:image:width\" content=\"881\" \/>\n\t<meta property=\"og:image:height\" content=\"1400\" \/>\n\t<meta property=\"og:image:type\" content=\"image\/webp\" \/>\n<meta name=\"twitter:card\" content=\"summary_large_image\" \/>\n<meta name=\"twitter:label1\" content=\"Price\" \/>\n\t<meta name=\"twitter:data1\" content=\"290,00&nbsp;&euro;\" \/>\n\t<meta name=\"twitter:label2\" content=\"Availability\" \/>\n\t<meta name=\"twitter:data2\" content=\"In stock\" \/>\n<script type=\"application\/ld+json\" class=\"yoast-schema-graph\">{\"@context\":\"https:\\\/\\\/schema.org\",\"@graph\":[{\"@type\":\"WebPage\",\"@id\":\"https:\\\/\\\/www.tourinto.pt\\\/product\\\/ratti-barolo-serradenari-magnum\\\/\",\"url\":\"https:\\\/\\\/www.tourinto.pt\\\/product\\\/ratti-barolo-serradenari-magnum\\\/\",\"name\":\"Ratti Barolo Serradenari DOCG 2019 Magnum - Tourinto Premium Wines\",\"isPartOf\":{\"@id\":\"https:\\\/\\\/www.tourinto.pt\\\/#website\"},\"primaryImageOfPage\":{\"@id\":\"https:\\\/\\\/www.tourinto.pt\\\/product\\\/ratti-barolo-serradenari-magnum\\\/#primaryimage\"},\"image\":{\"@id\":\"https:\\\/\\\/www.tourinto.pt\\\/product\\\/ratti-barolo-serradenari-magnum\\\/#primaryimage\"},\"thumbnailUrl\":\"https:\\\/\\\/i0.wp.com\\\/www.tourinto.pt\\\/wp-content\\\/uploads\\\/2024\\\/12\\\/Ratti-Barolo-Serradenari.webp?fit=881%2C1400&ssl=1\",\"datePublished\":\"2024-12-25T11:16:31+00:00\",\"dateModified\":\"2026-03-04T19:11:39+00:00\",\"description\":\"Ratti Barolo Serradenari DOCG Magnum prov\u00e9m de uma vinha alta de La Morra, com notas de ameixa, violeta e tabaco, com grande express\u00e3o.\",\"breadcrumb\":{\"@id\":\"https:\\\/\\\/www.tourinto.pt\\\/product\\\/ratti-barolo-serradenari-magnum\\\/#breadcrumb\"},\"inLanguage\":\"en-GB\",\"potentialAction\":[{\"@type\":\"ReadAction\",\"target\":[\"https:\\\/\\\/www.tourinto.pt\\\/product\\\/ratti-barolo-serradenari-magnum\\\/\"]}]},{\"@type\":\"ImageObject\",\"inLanguage\":\"en-GB\",\"@id\":\"https:\\\/\\\/www.tourinto.pt\\\/product\\\/ratti-barolo-serradenari-magnum\\\/#primaryimage\",\"url\":\"https:\\\/\\\/i0.wp.com\\\/www.tourinto.pt\\\/wp-content\\\/uploads\\\/2024\\\/12\\\/Ratti-Barolo-Serradenari.webp?fit=881%2C1400&ssl=1\",\"contentUrl\":\"https:\\\/\\\/i0.wp.com\\\/www.tourinto.pt\\\/wp-content\\\/uploads\\\/2024\\\/12\\\/Ratti-Barolo-Serradenari.webp?fit=881%2C1400&ssl=1\",\"width\":881,\"height\":1400,\"caption\":\"Ratti Barolo, Ratti Nebbiolo, Ratti Vinho Tinto, Ratti Serradenari ,Vinhos Italianos, Italian Wines, Renato Ratti Barolo Wine\"},{\"@type\":\"BreadcrumbList\",\"@id\":\"https:\\\/\\\/www.tourinto.pt\\\/product\\\/ratti-barolo-serradenari-magnum\\\/#breadcrumb\",\"itemListElement\":[{\"@type\":\"ListItem\",\"position\":1,\"name\":\"In\u00edcio\",\"item\":\"https:\\\/\\\/www.tourinto.pt\\\/\"},{\"@type\":\"ListItem\",\"position\":2,\"name\":\"Garrafeira on-line\",\"item\":\"https:\\\/\\\/www.tourinto.pt\\\/garrafeira-on-line\\\/\"},{\"@type\":\"ListItem\",\"position\":3,\"name\":\"Ratti Barolo Serradenari DOCG 2019 Magnum\"}]},{\"@type\":\"WebSite\",\"@id\":\"https:\\\/\\\/www.tourinto.pt\\\/#website\",\"url\":\"https:\\\/\\\/www.tourinto.pt\\\/\",\"name\":\"Tourinto Premium Wines\",\"description\":\"Garrafeira on-line\",\"publisher\":{\"@id\":\"https:\\\/\\\/www.tourinto.pt\\\/#organization\"},\"alternateName\":\"Garrafeira on-line\",\"potentialAction\":[{\"@type\":\"SearchAction\",\"target\":{\"@type\":\"EntryPoint\",\"urlTemplate\":\"https:\\\/\\\/www.tourinto.pt\\\/?s={search_term_string}\"},\"query-input\":{\"@type\":\"PropertyValueSpecification\",\"valueRequired\":true,\"valueName\":\"search_term_string\"}}],\"inLanguage\":\"en-GB\"},{\"@type\":[\"Organization\",\"Place\"],\"@id\":\"https:\\\/\\\/www.tourinto.pt\\\/#organization\",\"name\":\"Tourinto\",\"alternateName\":\"Garrafeira Tourinto, Lda.\",\"url\":\"https:\\\/\\\/www.tourinto.pt\\\/\",\"logo\":{\"@id\":\"https:\\\/\\\/www.tourinto.pt\\\/product\\\/ratti-barolo-serradenari-magnum\\\/#local-main-organization-logo\"},\"image\":{\"@id\":\"https:\\\/\\\/www.tourinto.pt\\\/product\\\/ratti-barolo-serradenari-magnum\\\/#local-main-organization-logo\"},\"sameAs\":[\"https:\\\/\\\/www.facebook.com\\\/garrafeiratourinto\",\"https:\\\/\\\/www.instagram.com\\\/garrafeiratourinto\\\/\"],\"telephone\":[],\"openingHoursSpecification\":[{\"@type\":\"OpeningHoursSpecification\",\"dayOfWeek\":[\"Monday\",\"Tuesday\",\"Wednesday\",\"Thursday\",\"Friday\",\"Saturday\",\"Sunday\"],\"opens\":\"09:00\",\"closes\":\"17:00\"}]},{\"@type\":\"ImageObject\",\"inLanguage\":\"en-GB\",\"@id\":\"https:\\\/\\\/www.tourinto.pt\\\/product\\\/ratti-barolo-serradenari-magnum\\\/#local-main-organization-logo\",\"url\":\"https:\\\/\\\/i0.wp.com\\\/www.tourinto.pt\\\/wp-content\\\/uploads\\\/2022\\\/07\\\/tourinto-logo-big.png?fit=1400%2C505&ssl=1\",\"contentUrl\":\"https:\\\/\\\/i0.wp.com\\\/www.tourinto.pt\\\/wp-content\\\/uploads\\\/2022\\\/07\\\/tourinto-logo-big.png?fit=1400%2C505&ssl=1\",\"width\":1400,\"height\":505,\"caption\":\"Tourinto\"}]}<\/script>\n<meta property=\"product:price:amount\" content=\"290.00\" \/>\n<meta property=\"product:price:currency\" content=\"EUR\" \/>\n<meta property=\"og:availability\" content=\"instock\" \/>\n<meta property=\"product:availability\" content=\"instock\" \/>\n<meta property=\"product:retailer_item_id\" content=\"40.12.2019\" \/>\n<meta property=\"product:condition\" content=\"new\" \/>\n<!-- \/ Yoast SEO Premium plugin. -->","yoast_head_json":{"title":"Ratti Barolo Serradenari DOCG 2019 Magnum - Tourinto Premium Wines","description":"Ratti Barolo Serradenari DOCG Magnum prov\u00e9m de uma vinha alta de La Morra, com notas de ameixa, violeta e tabaco, com grande express\u00e3o.","robots":{"index":"index","follow":"follow","max-snippet":"max-snippet:-1","max-image-preview":"max-image-preview:large","max-video-preview":"max-video-preview:-1"},"canonical":"https:\/\/www.tourinto.pt\/en\/product\/ratti-barolo-serradenari-magnum\/","og_locale":"en_GB","og_type":"article","og_title":"Ratti Barolo Serradenari DOCG 2019 Magnum","og_description":"Ratti Barolo Serradenari DOCG Magnum prov\u00e9m de uma vinha alta de La Morra, com notas de ameixa, violeta e tabaco, com grande express\u00e3o.","og_url":"https:\/\/www.tourinto.pt\/en\/product\/ratti-barolo-serradenari-magnum\/","og_site_name":"Tourinto Premium Wines","article_publisher":"https:\/\/www.facebook.com\/garrafeiratourinto","article_modified_time":"2026-03-04T19:11:39+00:00","og_image":[{"width":881,"height":1400,"url":"https:\/\/www.tourinto.pt\/wp-content\/uploads\/2024\/12\/Ratti-Barolo-Serradenari.webp","type":"image\/webp"}],"twitter_card":"summary_large_image","twitter_misc":{"Price":"290,00&nbsp;&euro;","Availability":"In stock"},"schema":{"@context":"https:\/\/schema.org","@graph":[{"@type":"WebPage","@id":"https:\/\/www.tourinto.pt\/product\/ratti-barolo-serradenari-magnum\/","url":"https:\/\/www.tourinto.pt\/product\/ratti-barolo-serradenari-magnum\/","name":"Ratti Barolo Serradenari DOCG 2019 Magnum - Tourinto Premium Wines","isPartOf":{"@id":"https:\/\/www.tourinto.pt\/#website"},"primaryImageOfPage":{"@id":"https:\/\/www.tourinto.pt\/product\/ratti-barolo-serradenari-magnum\/#primaryimage"},"image":{"@id":"https:\/\/www.tourinto.pt\/product\/ratti-barolo-serradenari-magnum\/#primaryimage"},"thumbnailUrl":"https:\/\/i0.wp.com\/www.tourinto.pt\/wp-content\/uploads\/2024\/12\/Ratti-Barolo-Serradenari.webp?fit=881%2C1400&ssl=1","datePublished":"2024-12-25T11:16:31+00:00","dateModified":"2026-03-04T19:11:39+00:00","description":"Ratti Barolo Serradenari DOCG Magnum prov\u00e9m de uma vinha alta de La Morra, com notas de ameixa, violeta e tabaco, com grande express\u00e3o.","breadcrumb":{"@id":"https:\/\/www.tourinto.pt\/product\/ratti-barolo-serradenari-magnum\/#breadcrumb"},"inLanguage":"en-GB","potentialAction":[{"@type":"ReadAction","target":["https:\/\/www.tourinto.pt\/product\/ratti-barolo-serradenari-magnum\/"]}]},{"@type":"ImageObject","inLanguage":"en-GB","@id":"https:\/\/www.tourinto.pt\/product\/ratti-barolo-serradenari-magnum\/#primaryimage","url":"https:\/\/i0.wp.com\/www.tourinto.pt\/wp-content\/uploads\/2024\/12\/Ratti-Barolo-Serradenari.webp?fit=881%2C1400&ssl=1","contentUrl":"https:\/\/i0.wp.com\/www.tourinto.pt\/wp-content\/uploads\/2024\/12\/Ratti-Barolo-Serradenari.webp?fit=881%2C1400&ssl=1","width":881,"height":1400,"caption":"Ratti Barolo, Ratti Nebbiolo, Ratti Vinho Tinto, Ratti Serradenari ,Vinhos Italianos, Italian Wines, Renato Ratti Barolo Wine"},{"@type":"BreadcrumbList","@id":"https:\/\/www.tourinto.pt\/product\/ratti-barolo-serradenari-magnum\/#breadcrumb","itemListElement":[{"@type":"ListItem","position":1,"name":"In\u00edcio","item":"https:\/\/www.tourinto.pt\/"},{"@type":"ListItem","position":2,"name":"Garrafeira on-line","item":"https:\/\/www.tourinto.pt\/garrafeira-on-line\/"},{"@type":"ListItem","position":3,"name":"Ratti Barolo Serradenari DOCG 2019 Magnum"}]},{"@type":"WebSite","@id":"https:\/\/www.tourinto.pt\/#website","url":"https:\/\/www.tourinto.pt\/","name":"Tourinto Premium Wines","description":"Wine Shop online","publisher":{"@id":"https:\/\/www.tourinto.pt\/#organization"},"alternateName":"Garrafeira on-line","potentialAction":[{"@type":"SearchAction","target":{"@type":"EntryPoint","urlTemplate":"https:\/\/www.tourinto.pt\/?s={search_term_string}"},"query-input":{"@type":"PropertyValueSpecification","valueRequired":true,"valueName":"search_term_string"}}],"inLanguage":"en-GB"},{"@type":["Organization","Place"],"@id":"https:\/\/www.tourinto.pt\/#organization","name":"Tourinto","alternateName":"Garrafeira Tourinto, Lda.","url":"https:\/\/www.tourinto.pt\/","logo":{"@id":"https:\/\/www.tourinto.pt\/product\/ratti-barolo-serradenari-magnum\/#local-main-organization-logo"},"image":{"@id":"https:\/\/www.tourinto.pt\/product\/ratti-barolo-serradenari-magnum\/#local-main-organization-logo"},"sameAs":["https:\/\/www.facebook.com\/garrafeiratourinto","https:\/\/www.instagram.com\/garrafeiratourinto\/"],"telephone":[],"openingHoursSpecification":[{"@type":"OpeningHoursSpecification","dayOfWeek":["Monday","Tuesday","Wednesday","Thursday","Friday","Saturday","Sunday"],"opens":"09:00","closes":"17:00"}]},{"@type":"ImageObject","inLanguage":"en-GB","@id":"https:\/\/www.tourinto.pt\/product\/ratti-barolo-serradenari-magnum\/#local-main-organization-logo","url":"https:\/\/i0.wp.com\/www.tourinto.pt\/wp-content\/uploads\/2022\/07\/tourinto-logo-big.png?fit=1400%2C505&ssl=1","contentUrl":"https:\/\/i0.wp.com\/www.tourinto.pt\/wp-content\/uploads\/2022\/07\/tourinto-logo-big.png?fit=1400%2C505&ssl=1","width":1400,"height":505,"caption":"Tourinto"}]},"product_price_amount":"290.00","product_price_currency":"EUR","og_availability":"instock","product_availability":"instock","product_retailer_item_id":"40.12.2019","product_condition":"new"},"jetpack_publicize_connections":[],"jetpack_sharing_enabled":true,"_links":{"self":[{"href":"https:\/\/www.tourinto.pt\/en\/wp-json\/wp\/v2\/product\/11417","targetHints":{"allow":["GET"]}}],"collection":[{"href":"https:\/\/www.tourinto.pt\/en\/wp-json\/wp\/v2\/product"}],"about":[{"href":"https:\/\/www.tourinto.pt\/en\/wp-json\/wp\/v2\/types\/product"}],"replies":[{"embeddable":true,"href":"https:\/\/www.tourinto.pt\/en\/wp-json\/wp\/v2\/comments?post=11417"}],"wp:featuredmedia":[{"embeddable":true,"href":"https:\/\/www.tourinto.pt\/en\/wp-json\/wp\/v2\/media\/13599"}],"wp:attachment":[{"href":"https:\/\/www.tourinto.pt\/en\/wp-json\/wp\/v2\/media?parent=11417"}],"wp:term":[{"taxonomy":"product_brand","embeddable":true,"href":"https:\/\/www.tourinto.pt\/en\/wp-json\/wp\/v2\/product_brand?post=11417"},{"taxonomy":"product_cat","embeddable":true,"href":"https:\/\/www.tourinto.pt\/en\/wp-json\/wp\/v2\/product_cat?post=11417"},{"taxonomy":"product_tag","embeddable":true,"href":"https:\/\/www.tourinto.pt\/en\/wp-json\/wp\/v2\/product_tag?post=11417"}],"curies":[{"name":"wp","href":"https:\/\/api.w.org\/{rel}","templated":true}]}}