{"id":11409,"date":"2024-12-25T09:18:25","date_gmt":"2024-12-25T09:18:25","guid":{"rendered":"https:\/\/www.tourinto.pt\/?post_type=product&#038;p=11409"},"modified":"2026-01-30T19:05:11","modified_gmt":"2026-01-30T19:05:11","slug":"principal-rose-magnum","status":"publish","type":"product","link":"https:\/\/www.tourinto.pt\/en\/product\/principal-rose-magnum\/","title":{"rendered":"Principal Rose T\u00eate de Cuv\u00e8e 2019 Magnum"},"content":{"rendered":"<div class=\"wpb-content-wrapper\"><div data-vc-full-width=\"true\" data-vc-full-width-init=\"false\" class=\"vc_row wpb_row vc_row-fluid vc_custom_1656585076455 vc_row-has-fill\"><div class=\"wpb_column vc_column_container vc_col-sm-12\"><div class=\"vc_column-inner\"><div class=\"wpb_wrapper\"><div class=\"vc_tta-container\" data-vc-action=\"collapse\"><div class=\"vc_general vc_tta vc_tta-tabs vc_tta-color-black vc_tta-style-flat vc_tta-shape-square vc_tta-spacing-1 vc_tta-o-no-fill vc_tta-tabs-position-top vc_tta-controls-align-left\"><div class=\"vc_tta-tabs-container\"><ul class=\"vc_tta-tabs-list\" role=\"tablist\"><li class=\"vc_tta-tab vc_active\" data-vc-tab role=\"presentation\"><a href=\"#1656584484701-0e478312-357c\" data-vc-tabs data-vc-container=\".vc_tta\" role=\"tab\" aria-selected=\"false\" id=\"tab-1656584484701-0e478312-357c\"><i class=\"vc_tta-icon vc-oi vc-oi-article\"><\/i><span class=\"vc_tta-title-text\">Description<\/span><\/a><\/li><\/ul><\/div><div class=\"vc_tta-panels-container\"><div class=\"vc_tta-panels\"><div class=\"vc_tta-panel vc_active\" id=\"1656584484701-0e478312-357c\" data-vc-content=\".vc_tta-panel-body\"><div class=\"vc_tta-panel-heading\"><h4 class=\"vc_tta-panel-title\"><a href=\"#1656584484701-0e478312-357c\" data-vc-accordion data-vc-container=\".vc_tta-container\"><i class=\"vc_tta-icon vc-oi vc-oi-article\"><\/i><span class=\"vc_tta-title-text\">Description<\/span><\/a><\/h4><\/div><div class=\"vc_tta-panel-body\">\n\t<div class=\"wpb_text_column wpb_content_element\" >\n\t\t<div class=\"wpb_wrapper\">\n\t\t\t<p><strong>Principal Ros\u00e9 T\u00eate de Cuv\u00e8e<\/strong><\/p>\n<p><strong>Grape varieties: <\/strong>Pinot Noir.<br \/>\n<strong>Aging: <\/strong>Not available.<br \/>\n<b>Colour: <\/b>Pink.<br \/>\n<strong>Aroma: <\/strong>Excellent aromatic impact, with remarkable elegance and complexity, nuances of raspberries.<br \/>\n<strong>Flavour:\u00a0<\/strong>Very delicate on the palate, vibrant with freshness, this is a classy ros\u00e9, full of character.<\/p>\n<hr style=\"border: #b0976d 1px dotted;\" \/>\n<p><strong>Serve:<\/strong> 11\u2070 a 13\u2070<br \/>\n<strong>Consumption:\u00a0<\/strong>Immediate or custody (up to 10 years).<\/p>\n<hr style=\"border: #b0976d 1px dotted;\" \/>\n<p><strong>Harmonisation: <\/strong>Ideal for fish dishes, salads and white meats.<\/p>\n<hr style=\"border: #b0976d 1px dotted;\" \/>\n<p><strong>Producer:\u00a0<\/strong><a href=\"https:\/\/www.tourinto.pt\/en\/produto-categoria\/produtores\/colinas-de-sao-lourenco\/\">Colinas de S\u00e3o Louren\u00e7o<\/a><\/p>\n<p><b>Enology: <\/b>Pascal Chatonnet<\/p>\n<p><strong>Category: <\/strong>Portuguese Wines \u2013 <a href=\"https:\/\/www.tourinto.pt\/en\/portugal\/vinhos-da-bairrada\/\">Bairrada<\/a><\/p>\n<p><strong>Awards and Notes:<\/strong><\/p>\n<ul>\n<li><strong>Revista de Vinhos<\/strong> &#8211; 94\/100 (2019)<\/li>\n<\/ul>\n<p><a href=\"https:\/\/fladgatewines.com\/quintas\/quinta-colinas-de-sao-lourenco\/\"><span style=\"color: #f1f1f1;\">principal colinas de s\u00e3o louren\u00e7o<\/span><\/a><\/p>\n\n\t\t<\/div>\n\t<\/div>\n<\/div><\/div><\/div><\/div><\/div><\/div><\/div><\/div><\/div><\/div><div class=\"vc_row-full-width vc_clearfix\"><\/div><div data-vc-full-width=\"true\" data-vc-full-width-init=\"false\" data-vc-stretch-content=\"true\" class=\"vc_row wpb_row vc_row-fluid vc_custom_1731752144148 vc_row-no-padding\"><div class=\"wpb_column vc_column_container vc_col-sm-12\"><div class=\"vc_column-inner\"><div class=\"wpb_wrapper\">\n<div class=\"vc_grid-container-wrapper vc_clearfix vc_grid-animation-fadeIn\">\n\t<div class=\"vc_grid-container vc_clearfix wpb_content_element vc_media_grid\" data-initial-loading-animation=\"fadeIn\" data-vc-grid-settings=\"{&quot;page_id&quot;:11409,&quot;style&quot;:&quot;all&quot;,&quot;action&quot;:&quot;vc_get_vc_grid_data&quot;,&quot;shortcode_id&quot;:&quot;1755694801279-771eac73-9dfb-7&quot;,&quot;tag&quot;:&quot;vc_media_grid&quot;}\" data-vc-request=\"https:\/\/www.tourinto.pt\/wp-admin\/admin-ajax.php\" data-vc-post-id=\"11409\" data-vc-public-nonce=\"8655282d42\">\n\t\t\n\t<\/div>\n<\/div><\/div><\/div><\/div><\/div><div class=\"vc_row-full-width vc_clearfix\"><\/div>\n<\/div>","protected":false},"excerpt":{"rendered":"<p>Principal Ros\u00e9 T\u00eate de Cuv\u00e8e \u00e9 um dos grandes vinhos ros\u00e9 da Bairrada, o qual apresenta um excelente impacto arom\u00e1tico com nuances de framboesa, para al\u00e9m de not\u00e1vel eleg\u00e2ncia e complexidade. Provavelmente, o melhor ros\u00e9 produzido em Portugal.<\/p>\n<p>Saiba mais sobre as <a href=\"https:\/\/www.tourinto.pt\/produto-categoria\/produtores\/colinas-de-sao-lourenco\/\">Colinas de S\u00e3o Louren\u00e7o<\/a>.<\/p>\n[contact-form-7 id=\"4433d5d\" title=\"nota Uni\u00e3o Europeia\"]\n","protected":false},"featured_media":6752,"comment_status":"closed","ping_status":"closed","template":"","meta":{"_acf_changed":false,"_joinchat":[],"jetpack_publicize_message":"","jetpack_publicize_feature_enabled":true,"jetpack_social_post_already_shared":true,"jetpack_social_options":{"image_generator_settings":{"template":"highway","default_image_id":0,"font":"","enabled":false},"version":2}},"product_brand":[],"product_cat":[168,94,424,100,81,404,44,1075,412],"product_tag":[119,95],"class_list":{"0":"post-11409","1":"product","2":"type-product","3":"status-publish","4":"has-post-thumbnail","6":"product_cat-grandes-formatos","7":"product_cat-bairrada","8":"product_cat-vinhos-portugal","9":"product_cat-tipologia","10":"product_cat-regiao","11":"product_cat-colinas-de-sao-lourenco","12":"product_cat-produtores","13":"product_cat-pinot-noir","14":"product_cat-principal","15":"product_tag-pinot-noir","16":"product_tag-bairrada","17":"product_shipping_class-3-garrafas","18":"pa_ano-31","19":"pa_castas-pinot-noir","20":"pa_categoria-vinhos-portugueses","21":"pa_enologia-pascal-chatonnet","22":"pa_harmonizacao-saladas","23":"pa_harmonizacao-carnes-brancas","24":"pa_harmonizacao-peixe","25":"pa_leveduras-selecionadas","26":"pa_produtor-quinta-colinas-de-sao-lourenco","27":"pa_regiao-bairrada","28":"pa_tipologia-vinho-rose","29":"pa_vinificacao-tradicional-controlada","30":"pa_viticultura-sustentavel","31":"pa_volume-1500ml","33":"first","34":"instock","35":"taxable","36":"shipping-taxable","37":"purchasable","38":"product-type-simple"},"acf":[],"yoast_head":"<!-- This site is optimized with the Yoast SEO Premium plugin v27.5 (Yoast SEO v27.5) - https:\/\/yoast.com\/product\/yoast-seo-premium-wordpress\/ -->\n<title>Principal Ros\u00e9 T\u00eate de Cuv\u00e8e 2019 Magnum - Tourinto Premium Wines<\/title>\n<meta name=\"description\" content=\"Principal Ros\u00e9 Magnum \u00e9 um 100% Pinot Noir, que apresenta excelente impacto arom\u00e1tico com nuances de framboesa, not\u00e1vel eleg\u00e2ncia e complexidade.\" \/>\n<meta name=\"robots\" content=\"index, follow, max-snippet:-1, max-image-preview:large, max-video-preview:-1\" \/>\n<link rel=\"canonical\" href=\"https:\/\/www.tourinto.pt\/en\/product\/principal-rose-magnum\/\" \/>\n<meta property=\"og:locale\" content=\"en_GB\" \/>\n<meta property=\"og:type\" content=\"article\" \/>\n<meta property=\"og:title\" content=\"Principal Ros\u00e9 T\u00eate de Cuv\u00e8e 2019 Magnum\" \/>\n<meta property=\"og:description\" content=\"Principal Ros\u00e9 Magnum \u00e9 um 100% Pinot Noir, que apresenta excelente impacto arom\u00e1tico com nuances de framboesa, not\u00e1vel eleg\u00e2ncia e complexidade.\" \/>\n<meta property=\"og:url\" content=\"https:\/\/www.tourinto.pt\/en\/product\/principal-rose-magnum\/\" \/>\n<meta property=\"og:site_name\" content=\"Tourinto Premium Wines\" \/>\n<meta property=\"article:publisher\" content=\"https:\/\/www.facebook.com\/garrafeiratourinto\" \/>\n<meta property=\"article:modified_time\" content=\"2026-01-30T19:05:11+00:00\" \/>\n<meta property=\"og:image\" content=\"https:\/\/www.tourinto.pt\/wp-content\/uploads\/2023\/07\/Principal-Rose.png\" \/>\n\t<meta property=\"og:image:width\" content=\"881\" \/>\n\t<meta property=\"og:image:height\" content=\"1400\" \/>\n\t<meta property=\"og:image:type\" content=\"image\/png\" \/>\n<meta name=\"twitter:card\" content=\"summary_large_image\" \/>\n<meta name=\"twitter:label1\" content=\"Price\" \/>\n\t<meta name=\"twitter:data1\" content=\"125,00&nbsp;&euro;\" \/>\n\t<meta name=\"twitter:label2\" content=\"Availability\" \/>\n\t<meta name=\"twitter:data2\" content=\"In stock\" \/>\n<script type=\"application\/ld+json\" class=\"yoast-schema-graph\">{\"@context\":\"https:\\\/\\\/schema.org\",\"@graph\":[{\"@type\":\"WebPage\",\"@id\":\"https:\\\/\\\/www.tourinto.pt\\\/product\\\/principal-rose-magnum\\\/\",\"url\":\"https:\\\/\\\/www.tourinto.pt\\\/product\\\/principal-rose-magnum\\\/\",\"name\":\"Principal Ros\u00e9 T\u00eate de Cuv\u00e8e 2019 Magnum - Tourinto Premium Wines\",\"isPartOf\":{\"@id\":\"https:\\\/\\\/www.tourinto.pt\\\/#website\"},\"primaryImageOfPage\":{\"@id\":\"https:\\\/\\\/www.tourinto.pt\\\/product\\\/principal-rose-magnum\\\/#primaryimage\"},\"image\":{\"@id\":\"https:\\\/\\\/www.tourinto.pt\\\/product\\\/principal-rose-magnum\\\/#primaryimage\"},\"thumbnailUrl\":\"https:\\\/\\\/i0.wp.com\\\/www.tourinto.pt\\\/wp-content\\\/uploads\\\/2023\\\/07\\\/Principal-Rose.png?fit=881%2C1400&ssl=1\",\"datePublished\":\"2024-12-25T09:18:25+00:00\",\"dateModified\":\"2026-01-30T19:05:11+00:00\",\"description\":\"Principal Ros\u00e9 Magnum \u00e9 um 100% Pinot Noir, que apresenta excelente impacto arom\u00e1tico com nuances de framboesa, not\u00e1vel eleg\u00e2ncia e complexidade.\",\"breadcrumb\":{\"@id\":\"https:\\\/\\\/www.tourinto.pt\\\/product\\\/principal-rose-magnum\\\/#breadcrumb\"},\"inLanguage\":\"en-GB\",\"potentialAction\":[{\"@type\":\"ReadAction\",\"target\":[\"https:\\\/\\\/www.tourinto.pt\\\/product\\\/principal-rose-magnum\\\/\"]}]},{\"@type\":\"ImageObject\",\"inLanguage\":\"en-GB\",\"@id\":\"https:\\\/\\\/www.tourinto.pt\\\/product\\\/principal-rose-magnum\\\/#primaryimage\",\"url\":\"https:\\\/\\\/i0.wp.com\\\/www.tourinto.pt\\\/wp-content\\\/uploads\\\/2023\\\/07\\\/Principal-Rose.png?fit=881%2C1400&ssl=1\",\"contentUrl\":\"https:\\\/\\\/i0.wp.com\\\/www.tourinto.pt\\\/wp-content\\\/uploads\\\/2023\\\/07\\\/Principal-Rose.png?fit=881%2C1400&ssl=1\",\"width\":881,\"height\":1400,\"caption\":\"Principal Ros\u00e9, Principal Vinho Ros\u00e9 Principal Pinot Noir, Vinho Principal Magnum, Principal Magnum, Principal Bairrada Ros\u00e9\"},{\"@type\":\"BreadcrumbList\",\"@id\":\"https:\\\/\\\/www.tourinto.pt\\\/product\\\/principal-rose-magnum\\\/#breadcrumb\",\"itemListElement\":[{\"@type\":\"ListItem\",\"position\":1,\"name\":\"In\u00edcio\",\"item\":\"https:\\\/\\\/www.tourinto.pt\\\/\"},{\"@type\":\"ListItem\",\"position\":2,\"name\":\"Garrafeira on-line\",\"item\":\"https:\\\/\\\/www.tourinto.pt\\\/garrafeira-on-line\\\/\"},{\"@type\":\"ListItem\",\"position\":3,\"name\":\"Principal Ros\u00e9 T\u00eate de Cuv\u00e8e 2019 Magnum\"}]},{\"@type\":\"WebSite\",\"@id\":\"https:\\\/\\\/www.tourinto.pt\\\/#website\",\"url\":\"https:\\\/\\\/www.tourinto.pt\\\/\",\"name\":\"Tourinto Premium Wines\",\"description\":\"Garrafeira on-line\",\"publisher\":{\"@id\":\"https:\\\/\\\/www.tourinto.pt\\\/#organization\"},\"alternateName\":\"Garrafeira on-line\",\"potentialAction\":[{\"@type\":\"SearchAction\",\"target\":{\"@type\":\"EntryPoint\",\"urlTemplate\":\"https:\\\/\\\/www.tourinto.pt\\\/?s={search_term_string}\"},\"query-input\":{\"@type\":\"PropertyValueSpecification\",\"valueRequired\":true,\"valueName\":\"search_term_string\"}}],\"inLanguage\":\"en-GB\"},{\"@type\":[\"Organization\",\"Place\"],\"@id\":\"https:\\\/\\\/www.tourinto.pt\\\/#organization\",\"name\":\"Tourinto\",\"alternateName\":\"Garrafeira Tourinto, Lda.\",\"url\":\"https:\\\/\\\/www.tourinto.pt\\\/\",\"logo\":{\"@id\":\"https:\\\/\\\/www.tourinto.pt\\\/product\\\/principal-rose-magnum\\\/#local-main-organization-logo\"},\"image\":{\"@id\":\"https:\\\/\\\/www.tourinto.pt\\\/product\\\/principal-rose-magnum\\\/#local-main-organization-logo\"},\"sameAs\":[\"https:\\\/\\\/www.facebook.com\\\/garrafeiratourinto\",\"https:\\\/\\\/www.instagram.com\\\/garrafeiratourinto\\\/\"],\"telephone\":[],\"openingHoursSpecification\":[{\"@type\":\"OpeningHoursSpecification\",\"dayOfWeek\":[\"Monday\",\"Tuesday\",\"Wednesday\",\"Thursday\",\"Friday\",\"Saturday\",\"Sunday\"],\"opens\":\"09:00\",\"closes\":\"17:00\"}]},{\"@type\":\"ImageObject\",\"inLanguage\":\"en-GB\",\"@id\":\"https:\\\/\\\/www.tourinto.pt\\\/product\\\/principal-rose-magnum\\\/#local-main-organization-logo\",\"url\":\"https:\\\/\\\/i0.wp.com\\\/www.tourinto.pt\\\/wp-content\\\/uploads\\\/2022\\\/07\\\/tourinto-logo-big.png?fit=1400%2C505&ssl=1\",\"contentUrl\":\"https:\\\/\\\/i0.wp.com\\\/www.tourinto.pt\\\/wp-content\\\/uploads\\\/2022\\\/07\\\/tourinto-logo-big.png?fit=1400%2C505&ssl=1\",\"width\":1400,\"height\":505,\"caption\":\"Tourinto\"}]}<\/script>\n<meta property=\"product:price:amount\" content=\"125.00\" \/>\n<meta property=\"product:price:currency\" content=\"EUR\" \/>\n<meta property=\"og:availability\" content=\"instock\" \/>\n<meta property=\"product:availability\" content=\"instock\" \/>\n<meta property=\"product:retailer_item_id\" content=\"75.06.2019\" \/>\n<meta property=\"product:condition\" content=\"new\" \/>\n<!-- \/ Yoast SEO Premium plugin. -->","yoast_head_json":{"title":"Principal Ros\u00e9 T\u00eate de Cuv\u00e8e 2019 Magnum - Tourinto Premium Wines","description":"Principal Ros\u00e9 Magnum \u00e9 um 100% Pinot Noir, que apresenta excelente impacto arom\u00e1tico com nuances de framboesa, not\u00e1vel eleg\u00e2ncia e complexidade.","robots":{"index":"index","follow":"follow","max-snippet":"max-snippet:-1","max-image-preview":"max-image-preview:large","max-video-preview":"max-video-preview:-1"},"canonical":"https:\/\/www.tourinto.pt\/en\/product\/principal-rose-magnum\/","og_locale":"en_GB","og_type":"article","og_title":"Principal Ros\u00e9 T\u00eate de Cuv\u00e8e 2019 Magnum","og_description":"Principal Ros\u00e9 Magnum \u00e9 um 100% Pinot Noir, que apresenta excelente impacto arom\u00e1tico com nuances de framboesa, not\u00e1vel eleg\u00e2ncia e complexidade.","og_url":"https:\/\/www.tourinto.pt\/en\/product\/principal-rose-magnum\/","og_site_name":"Tourinto Premium Wines","article_publisher":"https:\/\/www.facebook.com\/garrafeiratourinto","article_modified_time":"2026-01-30T19:05:11+00:00","og_image":[{"width":881,"height":1400,"url":"https:\/\/www.tourinto.pt\/wp-content\/uploads\/2023\/07\/Principal-Rose.png","type":"image\/png"}],"twitter_card":"summary_large_image","twitter_misc":{"Price":"125,00&nbsp;&euro;","Availability":"In stock"},"schema":{"@context":"https:\/\/schema.org","@graph":[{"@type":"WebPage","@id":"https:\/\/www.tourinto.pt\/product\/principal-rose-magnum\/","url":"https:\/\/www.tourinto.pt\/product\/principal-rose-magnum\/","name":"Principal Ros\u00e9 T\u00eate de Cuv\u00e8e 2019 Magnum - Tourinto Premium Wines","isPartOf":{"@id":"https:\/\/www.tourinto.pt\/#website"},"primaryImageOfPage":{"@id":"https:\/\/www.tourinto.pt\/product\/principal-rose-magnum\/#primaryimage"},"image":{"@id":"https:\/\/www.tourinto.pt\/product\/principal-rose-magnum\/#primaryimage"},"thumbnailUrl":"https:\/\/i0.wp.com\/www.tourinto.pt\/wp-content\/uploads\/2023\/07\/Principal-Rose.png?fit=881%2C1400&ssl=1","datePublished":"2024-12-25T09:18:25+00:00","dateModified":"2026-01-30T19:05:11+00:00","description":"Principal Ros\u00e9 Magnum \u00e9 um 100% Pinot Noir, que apresenta excelente impacto arom\u00e1tico com nuances de framboesa, not\u00e1vel eleg\u00e2ncia e complexidade.","breadcrumb":{"@id":"https:\/\/www.tourinto.pt\/product\/principal-rose-magnum\/#breadcrumb"},"inLanguage":"en-GB","potentialAction":[{"@type":"ReadAction","target":["https:\/\/www.tourinto.pt\/product\/principal-rose-magnum\/"]}]},{"@type":"ImageObject","inLanguage":"en-GB","@id":"https:\/\/www.tourinto.pt\/product\/principal-rose-magnum\/#primaryimage","url":"https:\/\/i0.wp.com\/www.tourinto.pt\/wp-content\/uploads\/2023\/07\/Principal-Rose.png?fit=881%2C1400&ssl=1","contentUrl":"https:\/\/i0.wp.com\/www.tourinto.pt\/wp-content\/uploads\/2023\/07\/Principal-Rose.png?fit=881%2C1400&ssl=1","width":881,"height":1400,"caption":"Principal Ros\u00e9, Principal Vinho Ros\u00e9 Principal Pinot Noir, Vinho Principal Magnum, Principal Magnum, Principal Bairrada Ros\u00e9"},{"@type":"BreadcrumbList","@id":"https:\/\/www.tourinto.pt\/product\/principal-rose-magnum\/#breadcrumb","itemListElement":[{"@type":"ListItem","position":1,"name":"In\u00edcio","item":"https:\/\/www.tourinto.pt\/"},{"@type":"ListItem","position":2,"name":"Garrafeira on-line","item":"https:\/\/www.tourinto.pt\/garrafeira-on-line\/"},{"@type":"ListItem","position":3,"name":"Principal Ros\u00e9 T\u00eate de Cuv\u00e8e 2019 Magnum"}]},{"@type":"WebSite","@id":"https:\/\/www.tourinto.pt\/#website","url":"https:\/\/www.tourinto.pt\/","name":"Tourinto Premium Wines","description":"Wine Shop online","publisher":{"@id":"https:\/\/www.tourinto.pt\/#organization"},"alternateName":"Garrafeira on-line","potentialAction":[{"@type":"SearchAction","target":{"@type":"EntryPoint","urlTemplate":"https:\/\/www.tourinto.pt\/?s={search_term_string}"},"query-input":{"@type":"PropertyValueSpecification","valueRequired":true,"valueName":"search_term_string"}}],"inLanguage":"en-GB"},{"@type":["Organization","Place"],"@id":"https:\/\/www.tourinto.pt\/#organization","name":"Tourinto","alternateName":"Garrafeira Tourinto, Lda.","url":"https:\/\/www.tourinto.pt\/","logo":{"@id":"https:\/\/www.tourinto.pt\/product\/principal-rose-magnum\/#local-main-organization-logo"},"image":{"@id":"https:\/\/www.tourinto.pt\/product\/principal-rose-magnum\/#local-main-organization-logo"},"sameAs":["https:\/\/www.facebook.com\/garrafeiratourinto","https:\/\/www.instagram.com\/garrafeiratourinto\/"],"telephone":[],"openingHoursSpecification":[{"@type":"OpeningHoursSpecification","dayOfWeek":["Monday","Tuesday","Wednesday","Thursday","Friday","Saturday","Sunday"],"opens":"09:00","closes":"17:00"}]},{"@type":"ImageObject","inLanguage":"en-GB","@id":"https:\/\/www.tourinto.pt\/product\/principal-rose-magnum\/#local-main-organization-logo","url":"https:\/\/i0.wp.com\/www.tourinto.pt\/wp-content\/uploads\/2022\/07\/tourinto-logo-big.png?fit=1400%2C505&ssl=1","contentUrl":"https:\/\/i0.wp.com\/www.tourinto.pt\/wp-content\/uploads\/2022\/07\/tourinto-logo-big.png?fit=1400%2C505&ssl=1","width":1400,"height":505,"caption":"Tourinto"}]},"product_price_amount":"125.00","product_price_currency":"EUR","og_availability":"instock","product_availability":"instock","product_retailer_item_id":"75.06.2019","product_condition":"new"},"jetpack_publicize_connections":[],"jetpack_sharing_enabled":true,"_links":{"self":[{"href":"https:\/\/www.tourinto.pt\/en\/wp-json\/wp\/v2\/product\/11409","targetHints":{"allow":["GET"]}}],"collection":[{"href":"https:\/\/www.tourinto.pt\/en\/wp-json\/wp\/v2\/product"}],"about":[{"href":"https:\/\/www.tourinto.pt\/en\/wp-json\/wp\/v2\/types\/product"}],"replies":[{"embeddable":true,"href":"https:\/\/www.tourinto.pt\/en\/wp-json\/wp\/v2\/comments?post=11409"}],"wp:featuredmedia":[{"embeddable":true,"href":"https:\/\/www.tourinto.pt\/en\/wp-json\/wp\/v2\/media\/6752"}],"wp:attachment":[{"href":"https:\/\/www.tourinto.pt\/en\/wp-json\/wp\/v2\/media?parent=11409"}],"wp:term":[{"taxonomy":"product_brand","embeddable":true,"href":"https:\/\/www.tourinto.pt\/en\/wp-json\/wp\/v2\/product_brand?post=11409"},{"taxonomy":"product_cat","embeddable":true,"href":"https:\/\/www.tourinto.pt\/en\/wp-json\/wp\/v2\/product_cat?post=11409"},{"taxonomy":"product_tag","embeddable":true,"href":"https:\/\/www.tourinto.pt\/en\/wp-json\/wp\/v2\/product_tag?post=11409"}],"curies":[{"name":"wp","href":"https:\/\/api.w.org\/{rel}","templated":true}]}}