{"id":11324,"date":"2024-11-30T08:33:27","date_gmt":"2024-11-30T08:33:27","guid":{"rendered":"https:\/\/www.tourinto.pt\/?post_type=product&#038;p=11324"},"modified":"2026-01-11T11:54:57","modified_gmt":"2026-01-11T11:54:57","slug":"textura-dona-aurea-magnum","status":"publish","type":"product","link":"https:\/\/www.tourinto.pt\/en\/product\/textura-dona-aurea-magnum\/","title":{"rendered":"Textura D. \u00c1urea Magnum"},"content":{"rendered":"<div class=\"wpb-content-wrapper\"><div class=\"vc_row wpb_row vc_row-fluid\"><div class=\"wpb_column vc_column_container vc_col-sm-12\"><div class=\"vc_column-inner\"><div class=\"wpb_wrapper\">\n\t<div class=\"wpb_text_column wpb_content_element\" >\n\t\t<div class=\"wpb_wrapper\">\n\t\t\t<p><strong>Textura<\/strong> <strong>D. \u00c1urea Magnum<\/strong><\/p>\n<p><strong>Grape varieties:<\/strong> Bastardo.<br \/>\n<strong>Vinification: <\/strong>Ferment in a press with 30 per cent of the whole bunch and macerate for 15 days.<br \/>\n<strong>Aging:<\/strong> 12 months in old barrels.<br \/>\n<strong>Colour:<\/strong> Ruby.<br \/>\n<strong>Aroma:<\/strong> Delicate aromas of red fruits with an earthy, fresh and austere character.<br \/>\n<strong>Flavour:<\/strong> A wine with a high sense of freshness and elegance, as well as dry, precise and textured tannins. It also has great complexity, in addition to enormous potential for ageing in the bottle.<\/p>\n<hr style=\"border: #b0976d 1px dotted;\" \/>\n<p><strong>Serve: <\/strong>16\u2070<br \/>\n<strong>Consumption: <\/strong>Immediate or guard (great potential for evolution).<\/p>\n<hr style=\"border: #b0976d 1px dotted;\" \/>\n<p><strong>Harmonisation: <\/strong>Goes well with roasts, veal, grilled meat and octopus.<\/p>\n<hr style=\"border: #b0976d 1px dotted;\" \/>\n<p><strong>Producer: <\/strong><a href=\"https:\/\/www.tourinto.pt\/en\/produtores\/dao\/textura-wines\/\">Textura Wines &#8211; D\u00e3o<\/a><\/p>\n<p><strong>Enology:<\/strong> Mariana Salvador<\/p>\n<p><strong>Category: <\/strong>Portuguese Wines \u2013 <a href=\"https:\/\/www.tourinto.pt\/en\/portugal\/vinhos-do-dao\/\">D\u00e3o<\/a><\/p>\n<p><strong>Awards and Notes:<\/strong><\/p>\n<ul>\n<li><strong>Robert Parker\u00a0<\/strong>&#8211; 93\/100 (2021)<\/li>\n<li><strong>Revista de Vinhos<\/strong> &#8211; 97\/100 (2021)<\/li>\n<\/ul>\n<p><a href=\"https:\/\/www.texturawines.pt\/\"><span style=\"color: #f1f1f1;\">textura wines<\/span><\/a><\/p>\n\n\t\t<\/div>\n\t<\/div>\n<\/div><\/div><\/div><\/div><div class=\"vc_row wpb_row vc_row-fluid\"><div class=\"wpb_column vc_column_container vc_col-sm-12\"><div class=\"vc_column-inner\"><div class=\"wpb_wrapper\">\n<div class=\"vc_grid-container-wrapper vc_clearfix vc_grid-animation-fadeIn\">\n\t<div class=\"vc_grid-container vc_clearfix wpb_content_element vc_media_grid\" data-initial-loading-animation=\"fadeIn\" data-vc-grid-settings=\"{&quot;page_id&quot;:11324,&quot;style&quot;:&quot;all&quot;,&quot;action&quot;:&quot;vc_get_vc_grid_data&quot;,&quot;shortcode_id&quot;:&quot;1768132315767-a6e0bbfb-f130-9&quot;,&quot;tag&quot;:&quot;vc_media_grid&quot;}\" data-vc-request=\"https:\/\/www.tourinto.pt\/wp-admin\/admin-ajax.php\" data-vc-post-id=\"11324\" data-vc-public-nonce=\"58f5d40efc\">\n\t\t\n\t<\/div>\n<\/div><\/div><\/div><\/div><\/div>\n<\/div>","protected":false},"excerpt":{"rendered":"<p>Textura Dona \u00c1urea Magnum \u00e9 um 100% Bastardo, proveniente de vinhas plantadas em solos gran\u00edticos a 600m de altitude, o qual representa a homenagem \u00e0 av\u00f3 Dona \u00c1urea, que simboliza a liga\u00e7\u00e3o \u00e0 fam\u00edlia com ra\u00edzes portuguesas. Aos aromas\u00a0 frutados delicados junta-se o car\u00e1cter terroso, bem como taninos secos, precisos e texturados, para al\u00e9m de grande complexidade e frescura.<\/p>\n<p>Saiba mais sobre o <a href=\"https:\/\/www.tourinto.pt\/en\/produtores\/dao\/textura-wines\/\">Textura Wines<\/a>.<\/p>\n[contact-form-7 id=\"4433d5d\" title=\"nota Uni\u00e3o Europeia\"]\n","protected":false},"featured_media":14779,"comment_status":"closed","ping_status":"closed","template":"","meta":{"_acf_changed":false,"_joinchat":[],"jetpack_publicize_message":"","jetpack_publicize_feature_enabled":true,"jetpack_social_post_already_shared":true,"jetpack_social_options":{"image_generator_settings":{"template":"highway","default_image_id":0,"font":"","enabled":false},"version":2}},"product_brand":[],"product_cat":[17,168,1092,363,297,424,84,100,81,44,87],"product_tag":[214,417,372,294,666,56],"class_list":{"0":"post-11324","1":"product","2":"type-product","3":"status-publish","4":"has-post-thumbnail","6":"product_cat-vinho-tinto","7":"product_cat-grandes-formatos","8":"product_cat-bastardo","9":"product_cat-biologico","10":"product_cat-minima-intervencao","11":"product_cat-vinhos-portugal","12":"product_cat-dao","13":"product_cat-tipologia","14":"product_cat-regiao","15":"product_cat-produtores","16":"product_cat-textura-wines","17":"product_tag-bastardo","18":"product_tag-biologico","19":"product_tag-vinho-tinto","20":"product_tag-minima-intervencao","21":"product_tag-dona-aurea","22":"product_tag-dao","23":"product_shipping_class-3-garrafas","24":"pa_ano-33","25":"pa_castas-bastardo","26":"pa_categoria-vinhos-portugueses","27":"pa_enologia-luis-seabra-mariana-salvador","28":"pa_harmonizacao-polvo","29":"pa_harmonizacao-assados","30":"pa_harmonizacao-carnes-vermelhas","31":"pa_leveduras-indigenas","32":"pa_produtor-textura-wines","33":"pa_regiao-dao","34":"pa_tipologia-vinho-tinto","35":"pa_vinificacao-minima-intervencao","36":"pa_viticultura-biologica","37":"pa_volume-1500ml","39":"first","40":"instock","41":"taxable","42":"shipping-taxable","43":"purchasable","44":"product-type-simple"},"acf":[],"yoast_head":"<!-- This site is optimized with the Yoast SEO Premium plugin v27.4 (Yoast SEO v27.4) - https:\/\/yoast.com\/product\/yoast-seo-premium-wordpress\/ -->\n<title>Textura D. \u00c1urea Magnum - Tourinto Premium Wines<\/title>\n<meta name=\"description\" content=\"Dona \u00c1urea Magnum \u00e9 100% Bastardo \u00e9 uma homenagem \u00e0 Av\u00f3 \u00c1urea, a liga\u00e7\u00e3o \u00e0 fam\u00edlia com ra\u00edzes portuguesas, numa edi\u00e7\u00e3o de 600 garrafas.\" \/>\n<meta name=\"robots\" content=\"index, follow, max-snippet:-1, max-image-preview:large, max-video-preview:-1\" \/>\n<link rel=\"canonical\" href=\"https:\/\/www.tourinto.pt\/en\/product\/textura-dona-aurea-magnum\/\" \/>\n<meta property=\"og:locale\" content=\"en_GB\" \/>\n<meta property=\"og:type\" content=\"article\" \/>\n<meta property=\"og:title\" content=\"Textura D. \u00c1urea Magnum\" \/>\n<meta property=\"og:description\" content=\"Dona \u00c1urea Magnum \u00e9 100% Bastardo \u00e9 uma homenagem \u00e0 Av\u00f3 \u00c1urea, a liga\u00e7\u00e3o \u00e0 fam\u00edlia com ra\u00edzes portuguesas, numa edi\u00e7\u00e3o de 600 garrafas.\" \/>\n<meta property=\"og:url\" content=\"https:\/\/www.tourinto.pt\/en\/product\/textura-dona-aurea-magnum\/\" \/>\n<meta property=\"og:site_name\" content=\"Tourinto Premium Wines\" \/>\n<meta property=\"article:publisher\" content=\"https:\/\/www.facebook.com\/garrafeiratourinto\" \/>\n<meta property=\"article:modified_time\" content=\"2026-01-11T11:54:57+00:00\" \/>\n<meta property=\"og:image\" content=\"https:\/\/www.tourinto.pt\/wp-content\/uploads\/2024\/11\/Textura-D.-Aurea.webp\" \/>\n\t<meta property=\"og:image:width\" content=\"881\" \/>\n\t<meta property=\"og:image:height\" content=\"1400\" \/>\n\t<meta property=\"og:image:type\" content=\"image\/webp\" \/>\n<meta name=\"twitter:card\" content=\"summary_large_image\" \/>\n<meta name=\"twitter:label1\" content=\"Price\" \/>\n\t<meta name=\"twitter:data1\" content=\"140,00&nbsp;&euro;\" \/>\n\t<meta name=\"twitter:label2\" content=\"Availability\" \/>\n\t<meta name=\"twitter:data2\" content=\"In stock\" \/>\n<script type=\"application\/ld+json\" class=\"yoast-schema-graph\">{\"@context\":\"https:\\\/\\\/schema.org\",\"@graph\":[{\"@type\":\"WebPage\",\"@id\":\"https:\\\/\\\/www.tourinto.pt\\\/product\\\/textura-dona-aurea-magnum\\\/\",\"url\":\"https:\\\/\\\/www.tourinto.pt\\\/product\\\/textura-dona-aurea-magnum\\\/\",\"name\":\"Textura D. \u00c1urea Magnum - Tourinto Premium Wines\",\"isPartOf\":{\"@id\":\"https:\\\/\\\/www.tourinto.pt\\\/#website\"},\"primaryImageOfPage\":{\"@id\":\"https:\\\/\\\/www.tourinto.pt\\\/product\\\/textura-dona-aurea-magnum\\\/#primaryimage\"},\"image\":{\"@id\":\"https:\\\/\\\/www.tourinto.pt\\\/product\\\/textura-dona-aurea-magnum\\\/#primaryimage\"},\"thumbnailUrl\":\"https:\\\/\\\/i0.wp.com\\\/www.tourinto.pt\\\/wp-content\\\/uploads\\\/2024\\\/11\\\/Textura-D.-Aurea.webp?fit=881%2C1400&ssl=1\",\"datePublished\":\"2024-11-30T08:33:27+00:00\",\"dateModified\":\"2026-01-11T11:54:57+00:00\",\"description\":\"Dona \u00c1urea Magnum \u00e9 100% Bastardo \u00e9 uma homenagem \u00e0 Av\u00f3 \u00c1urea, a liga\u00e7\u00e3o \u00e0 fam\u00edlia com ra\u00edzes portuguesas, numa edi\u00e7\u00e3o de 600 garrafas.\",\"breadcrumb\":{\"@id\":\"https:\\\/\\\/www.tourinto.pt\\\/product\\\/textura-dona-aurea-magnum\\\/#breadcrumb\"},\"inLanguage\":\"en-GB\",\"potentialAction\":[{\"@type\":\"ReadAction\",\"target\":[\"https:\\\/\\\/www.tourinto.pt\\\/product\\\/textura-dona-aurea-magnum\\\/\"]}]},{\"@type\":\"ImageObject\",\"inLanguage\":\"en-GB\",\"@id\":\"https:\\\/\\\/www.tourinto.pt\\\/product\\\/textura-dona-aurea-magnum\\\/#primaryimage\",\"url\":\"https:\\\/\\\/i0.wp.com\\\/www.tourinto.pt\\\/wp-content\\\/uploads\\\/2024\\\/11\\\/Textura-D.-Aurea.webp?fit=881%2C1400&ssl=1\",\"contentUrl\":\"https:\\\/\\\/i0.wp.com\\\/www.tourinto.pt\\\/wp-content\\\/uploads\\\/2024\\\/11\\\/Textura-D.-Aurea.webp?fit=881%2C1400&ssl=1\",\"width\":881,\"height\":1400,\"caption\":\"Dona \u00c1urea, Textura Dona \u00c1urea, D \u00c1urea Bastardo, Dona \u00c1urea Bastardo, Dona \u00c1urea Vinho Tinto, Textura Bastardo\"},{\"@type\":\"BreadcrumbList\",\"@id\":\"https:\\\/\\\/www.tourinto.pt\\\/product\\\/textura-dona-aurea-magnum\\\/#breadcrumb\",\"itemListElement\":[{\"@type\":\"ListItem\",\"position\":1,\"name\":\"In\u00edcio\",\"item\":\"https:\\\/\\\/www.tourinto.pt\\\/\"},{\"@type\":\"ListItem\",\"position\":2,\"name\":\"Garrafeira on-line\",\"item\":\"https:\\\/\\\/www.tourinto.pt\\\/garrafeira-on-line\\\/\"},{\"@type\":\"ListItem\",\"position\":3,\"name\":\"Textura D. \u00c1urea Magnum\"}]},{\"@type\":\"WebSite\",\"@id\":\"https:\\\/\\\/www.tourinto.pt\\\/#website\",\"url\":\"https:\\\/\\\/www.tourinto.pt\\\/\",\"name\":\"Tourinto Premium Wines\",\"description\":\"Garrafeira on-line\",\"publisher\":{\"@id\":\"https:\\\/\\\/www.tourinto.pt\\\/#organization\"},\"alternateName\":\"Garrafeira on-line\",\"potentialAction\":[{\"@type\":\"SearchAction\",\"target\":{\"@type\":\"EntryPoint\",\"urlTemplate\":\"https:\\\/\\\/www.tourinto.pt\\\/?s={search_term_string}\"},\"query-input\":{\"@type\":\"PropertyValueSpecification\",\"valueRequired\":true,\"valueName\":\"search_term_string\"}}],\"inLanguage\":\"en-GB\"},{\"@type\":[\"Organization\",\"Place\"],\"@id\":\"https:\\\/\\\/www.tourinto.pt\\\/#organization\",\"name\":\"Tourinto\",\"alternateName\":\"Garrafeira Tourinto, Lda.\",\"url\":\"https:\\\/\\\/www.tourinto.pt\\\/\",\"logo\":{\"@id\":\"https:\\\/\\\/www.tourinto.pt\\\/product\\\/textura-dona-aurea-magnum\\\/#local-main-organization-logo\"},\"image\":{\"@id\":\"https:\\\/\\\/www.tourinto.pt\\\/product\\\/textura-dona-aurea-magnum\\\/#local-main-organization-logo\"},\"sameAs\":[\"https:\\\/\\\/www.facebook.com\\\/garrafeiratourinto\",\"https:\\\/\\\/www.instagram.com\\\/garrafeiratourinto\\\/\"],\"telephone\":[],\"openingHoursSpecification\":[{\"@type\":\"OpeningHoursSpecification\",\"dayOfWeek\":[\"Monday\",\"Tuesday\",\"Wednesday\",\"Thursday\",\"Friday\",\"Saturday\",\"Sunday\"],\"opens\":\"09:00\",\"closes\":\"17:00\"}]},{\"@type\":\"ImageObject\",\"inLanguage\":\"en-GB\",\"@id\":\"https:\\\/\\\/www.tourinto.pt\\\/product\\\/textura-dona-aurea-magnum\\\/#local-main-organization-logo\",\"url\":\"https:\\\/\\\/i0.wp.com\\\/www.tourinto.pt\\\/wp-content\\\/uploads\\\/2022\\\/07\\\/tourinto-logo-big.png?fit=1400%2C505&ssl=1\",\"contentUrl\":\"https:\\\/\\\/i0.wp.com\\\/www.tourinto.pt\\\/wp-content\\\/uploads\\\/2022\\\/07\\\/tourinto-logo-big.png?fit=1400%2C505&ssl=1\",\"width\":1400,\"height\":505,\"caption\":\"Tourinto\"}]}<\/script>\n<meta property=\"product:price:amount\" content=\"140.00\" \/>\n<meta property=\"product:price:currency\" content=\"EUR\" \/>\n<meta property=\"og:availability\" content=\"instock\" \/>\n<meta property=\"product:availability\" content=\"instock\" \/>\n<meta property=\"product:retailer_item_id\" content=\"07.18.2021\" \/>\n<meta property=\"product:condition\" content=\"new\" \/>\n<!-- \/ Yoast SEO Premium plugin. -->","yoast_head_json":{"title":"Textura D. \u00c1urea Magnum - Tourinto Premium Wines","description":"Dona \u00c1urea Magnum \u00e9 100% Bastardo \u00e9 uma homenagem \u00e0 Av\u00f3 \u00c1urea, a liga\u00e7\u00e3o \u00e0 fam\u00edlia com ra\u00edzes portuguesas, numa edi\u00e7\u00e3o de 600 garrafas.","robots":{"index":"index","follow":"follow","max-snippet":"max-snippet:-1","max-image-preview":"max-image-preview:large","max-video-preview":"max-video-preview:-1"},"canonical":"https:\/\/www.tourinto.pt\/en\/product\/textura-dona-aurea-magnum\/","og_locale":"en_GB","og_type":"article","og_title":"Textura D. \u00c1urea Magnum","og_description":"Dona \u00c1urea Magnum \u00e9 100% Bastardo \u00e9 uma homenagem \u00e0 Av\u00f3 \u00c1urea, a liga\u00e7\u00e3o \u00e0 fam\u00edlia com ra\u00edzes portuguesas, numa edi\u00e7\u00e3o de 600 garrafas.","og_url":"https:\/\/www.tourinto.pt\/en\/product\/textura-dona-aurea-magnum\/","og_site_name":"Tourinto Premium Wines","article_publisher":"https:\/\/www.facebook.com\/garrafeiratourinto","article_modified_time":"2026-01-11T11:54:57+00:00","og_image":[{"width":881,"height":1400,"url":"https:\/\/www.tourinto.pt\/wp-content\/uploads\/2024\/11\/Textura-D.-Aurea.webp","type":"image\/webp"}],"twitter_card":"summary_large_image","twitter_misc":{"Price":"140,00&nbsp;&euro;","Availability":"In stock"},"schema":{"@context":"https:\/\/schema.org","@graph":[{"@type":"WebPage","@id":"https:\/\/www.tourinto.pt\/product\/textura-dona-aurea-magnum\/","url":"https:\/\/www.tourinto.pt\/product\/textura-dona-aurea-magnum\/","name":"Textura D. \u00c1urea Magnum - Tourinto Premium Wines","isPartOf":{"@id":"https:\/\/www.tourinto.pt\/#website"},"primaryImageOfPage":{"@id":"https:\/\/www.tourinto.pt\/product\/textura-dona-aurea-magnum\/#primaryimage"},"image":{"@id":"https:\/\/www.tourinto.pt\/product\/textura-dona-aurea-magnum\/#primaryimage"},"thumbnailUrl":"https:\/\/i0.wp.com\/www.tourinto.pt\/wp-content\/uploads\/2024\/11\/Textura-D.-Aurea.webp?fit=881%2C1400&ssl=1","datePublished":"2024-11-30T08:33:27+00:00","dateModified":"2026-01-11T11:54:57+00:00","description":"Dona \u00c1urea Magnum \u00e9 100% Bastardo \u00e9 uma homenagem \u00e0 Av\u00f3 \u00c1urea, a liga\u00e7\u00e3o \u00e0 fam\u00edlia com ra\u00edzes portuguesas, numa edi\u00e7\u00e3o de 600 garrafas.","breadcrumb":{"@id":"https:\/\/www.tourinto.pt\/product\/textura-dona-aurea-magnum\/#breadcrumb"},"inLanguage":"en-GB","potentialAction":[{"@type":"ReadAction","target":["https:\/\/www.tourinto.pt\/product\/textura-dona-aurea-magnum\/"]}]},{"@type":"ImageObject","inLanguage":"en-GB","@id":"https:\/\/www.tourinto.pt\/product\/textura-dona-aurea-magnum\/#primaryimage","url":"https:\/\/i0.wp.com\/www.tourinto.pt\/wp-content\/uploads\/2024\/11\/Textura-D.-Aurea.webp?fit=881%2C1400&ssl=1","contentUrl":"https:\/\/i0.wp.com\/www.tourinto.pt\/wp-content\/uploads\/2024\/11\/Textura-D.-Aurea.webp?fit=881%2C1400&ssl=1","width":881,"height":1400,"caption":"Dona \u00c1urea, Textura Dona \u00c1urea, D \u00c1urea Bastardo, Dona \u00c1urea Bastardo, Dona \u00c1urea Vinho Tinto, Textura Bastardo"},{"@type":"BreadcrumbList","@id":"https:\/\/www.tourinto.pt\/product\/textura-dona-aurea-magnum\/#breadcrumb","itemListElement":[{"@type":"ListItem","position":1,"name":"In\u00edcio","item":"https:\/\/www.tourinto.pt\/"},{"@type":"ListItem","position":2,"name":"Garrafeira on-line","item":"https:\/\/www.tourinto.pt\/garrafeira-on-line\/"},{"@type":"ListItem","position":3,"name":"Textura D. \u00c1urea Magnum"}]},{"@type":"WebSite","@id":"https:\/\/www.tourinto.pt\/#website","url":"https:\/\/www.tourinto.pt\/","name":"Tourinto Premium Wines","description":"Wine Shop online","publisher":{"@id":"https:\/\/www.tourinto.pt\/#organization"},"alternateName":"Garrafeira on-line","potentialAction":[{"@type":"SearchAction","target":{"@type":"EntryPoint","urlTemplate":"https:\/\/www.tourinto.pt\/?s={search_term_string}"},"query-input":{"@type":"PropertyValueSpecification","valueRequired":true,"valueName":"search_term_string"}}],"inLanguage":"en-GB"},{"@type":["Organization","Place"],"@id":"https:\/\/www.tourinto.pt\/#organization","name":"Tourinto","alternateName":"Garrafeira Tourinto, Lda.","url":"https:\/\/www.tourinto.pt\/","logo":{"@id":"https:\/\/www.tourinto.pt\/product\/textura-dona-aurea-magnum\/#local-main-organization-logo"},"image":{"@id":"https:\/\/www.tourinto.pt\/product\/textura-dona-aurea-magnum\/#local-main-organization-logo"},"sameAs":["https:\/\/www.facebook.com\/garrafeiratourinto","https:\/\/www.instagram.com\/garrafeiratourinto\/"],"telephone":[],"openingHoursSpecification":[{"@type":"OpeningHoursSpecification","dayOfWeek":["Monday","Tuesday","Wednesday","Thursday","Friday","Saturday","Sunday"],"opens":"09:00","closes":"17:00"}]},{"@type":"ImageObject","inLanguage":"en-GB","@id":"https:\/\/www.tourinto.pt\/product\/textura-dona-aurea-magnum\/#local-main-organization-logo","url":"https:\/\/i0.wp.com\/www.tourinto.pt\/wp-content\/uploads\/2022\/07\/tourinto-logo-big.png?fit=1400%2C505&ssl=1","contentUrl":"https:\/\/i0.wp.com\/www.tourinto.pt\/wp-content\/uploads\/2022\/07\/tourinto-logo-big.png?fit=1400%2C505&ssl=1","width":1400,"height":505,"caption":"Tourinto"}]},"product_price_amount":"140.00","product_price_currency":"EUR","og_availability":"instock","product_availability":"instock","product_retailer_item_id":"07.18.2021","product_condition":"new"},"jetpack_publicize_connections":[],"jetpack_sharing_enabled":true,"_links":{"self":[{"href":"https:\/\/www.tourinto.pt\/en\/wp-json\/wp\/v2\/product\/11324","targetHints":{"allow":["GET"]}}],"collection":[{"href":"https:\/\/www.tourinto.pt\/en\/wp-json\/wp\/v2\/product"}],"about":[{"href":"https:\/\/www.tourinto.pt\/en\/wp-json\/wp\/v2\/types\/product"}],"replies":[{"embeddable":true,"href":"https:\/\/www.tourinto.pt\/en\/wp-json\/wp\/v2\/comments?post=11324"}],"wp:featuredmedia":[{"embeddable":true,"href":"https:\/\/www.tourinto.pt\/en\/wp-json\/wp\/v2\/media\/14779"}],"wp:attachment":[{"href":"https:\/\/www.tourinto.pt\/en\/wp-json\/wp\/v2\/media?parent=11324"}],"wp:term":[{"taxonomy":"product_brand","embeddable":true,"href":"https:\/\/www.tourinto.pt\/en\/wp-json\/wp\/v2\/product_brand?post=11324"},{"taxonomy":"product_cat","embeddable":true,"href":"https:\/\/www.tourinto.pt\/en\/wp-json\/wp\/v2\/product_cat?post=11324"},{"taxonomy":"product_tag","embeddable":true,"href":"https:\/\/www.tourinto.pt\/en\/wp-json\/wp\/v2\/product_tag?post=11324"}],"curies":[{"name":"wp","href":"https:\/\/api.w.org\/{rel}","templated":true}]}}