{"id":11234,"date":"2024-11-04T22:11:47","date_gmt":"2024-11-04T22:11:47","guid":{"rendered":"https:\/\/www.tourinto.pt\/?post_type=product&#038;p=11234"},"modified":"2026-03-16T22:24:25","modified_gmt":"2026-03-16T22:24:25","slug":"maos-na-massa-syrah-grande-chumbo","status":"publish","type":"product","link":"https:\/\/www.tourinto.pt\/en\/product\/maos-na-massa-syrah-grande-chumbo\/","title":{"rendered":"M\u00e3os na Massa Syrah Grande Chumbo 2022"},"content":{"rendered":"<div class=\"wpb-content-wrapper\"><div data-vc-full-width=\"true\" data-vc-full-width-init=\"false\" class=\"vc_row wpb_row vc_row-fluid vc_custom_1656585076455 vc_row-has-fill\"><div class=\"wpb_column vc_column_container vc_col-sm-12\"><div class=\"vc_column-inner\"><div class=\"wpb_wrapper\"><div class=\"vc_tta-container\" data-vc-action=\"collapse\"><div class=\"vc_general vc_tta vc_tta-tabs vc_tta-color-black vc_tta-style-flat vc_tta-shape-square vc_tta-spacing-1 vc_tta-o-no-fill vc_tta-tabs-position-top vc_tta-controls-align-left\"><div class=\"vc_tta-tabs-container\"><ul class=\"vc_tta-tabs-list\" role=\"tablist\"><li class=\"vc_tta-tab vc_active\" data-vc-tab role=\"presentation\"><a href=\"#1656584484701-0e478312-357c\" data-vc-tabs data-vc-container=\".vc_tta\" role=\"tab\" aria-selected=\"false\" id=\"tab-1656584484701-0e478312-357c\"><i class=\"vc_tta-icon vc-oi vc-oi-article\"><\/i><span class=\"vc_tta-title-text\">Description<\/span><\/a><\/li><\/ul><\/div><div class=\"vc_tta-panels-container\"><div class=\"vc_tta-panels\"><div class=\"vc_tta-panel vc_active\" id=\"1656584484701-0e478312-357c\" data-vc-content=\".vc_tta-panel-body\"><div class=\"vc_tta-panel-heading\"><h4 class=\"vc_tta-panel-title\"><a href=\"#1656584484701-0e478312-357c\" data-vc-accordion data-vc-container=\".vc_tta-container\"><i class=\"vc_tta-icon vc-oi vc-oi-article\"><\/i><span class=\"vc_tta-title-text\">Description<\/span><\/a><\/h4><\/div><div class=\"vc_tta-panel-body\">\n\t<div class=\"wpb_text_column wpb_content_element\" >\n\t\t<div class=\"wpb_wrapper\">\n\t\t\t<p><strong>M\u00e3os na Massa Syrah Grande Chumbo 2022<\/strong><\/p>\n<p><strong>Grape varieties:<\/strong> Syrah<br \/>\n<strong><b>Vinification: <\/b><\/strong>Selection in the vineyard. Cold pre- and post-fermentation maceration, fermenting at controlled temperatures. After malolactic fermentation, it was transferred to a vat with fine white lees, underwent battonage and remained for a year in stainless steel under the lees.<br \/>\n<strong>Aging: <\/strong>450L barrel, third use, 12 months.<br \/>\n<strong>Colour:<\/strong> Intense garnet.<br \/>\n<strong>Aroma:<\/strong> Sublime aroma, red fruits, floral nuances, and some spice, with excellent quality barrel notes.<br \/>\n<strong>Flavour:<\/strong> Austere, needs time. Voluminous, somewhat rustic tannins calling for food. Notes of jam, forest fruits, and an endless finish.<\/p>\n<hr style=\"border: #b0976d 1px dotted;\" \/>\n<p><strong>Serve:<\/strong> 16 to 18\u2070<br \/>\n<strong>Consumption: <\/strong>Storage.<\/p>\n<hr style=\"border: #b0976d 1px dotted;\" \/>\n<p><strong>Harmonisation: <\/strong>Grilled meat, typical Alentejo dishes.<\/p>\n<hr style=\"border: #b0976d 1px dotted;\" \/>\n<p><strong>Producer: <\/strong><a href=\"https:\/\/www.tourinto.pt\/en\/produtores\/alentejo\/fabio-fernandes\/\">Fabio Fernandes<\/a><\/p>\n<p><strong>Enology: <\/strong>Fabio Fernandes<\/p>\n<p><strong>Category: <\/strong>Portuguese Wines \u2013 <a href=\"https:\/\/www.tourinto.pt\/en\/portugal\/vinhos-do-alentejo\/\">Alentejo<\/a><\/p>\n<p><strong>Awards and Notes:<\/strong><\/p>\n<ul>\n<li><strong>Great Choices<\/strong> &#8211; 17\/20 (2022)<\/li>\n<\/ul>\n<p><a href=\"https:\/\/couteiro-mor.pt\/\"><span style=\"color: #f1f1f1;\">fabio fernandes<\/span><\/a><\/p>\n\n\t\t<\/div>\n\t<\/div>\n<\/div><\/div><\/div><\/div><\/div><\/div><\/div><\/div><\/div><\/div><div class=\"vc_row-full-width vc_clearfix\"><\/div><div data-vc-full-width=\"true\" data-vc-full-width-init=\"false\" data-vc-stretch-content=\"true\" class=\"vc_row wpb_row vc_row-fluid vc_custom_1666016599081 vc_row-no-padding\"><div class=\"wpb_column vc_column_container vc_col-sm-12\"><div class=\"vc_column-inner\"><div class=\"wpb_wrapper\">\n<div class=\"vc_grid-container-wrapper vc_clearfix vc_grid-animation-fadeIn\">\n\t<div class=\"vc_grid-container vc_clearfix wpb_content_element vc_media_grid\" data-initial-loading-animation=\"fadeIn\" data-vc-grid-settings=\"{&quot;page_id&quot;:11234,&quot;style&quot;:&quot;all&quot;,&quot;action&quot;:&quot;vc_get_vc_grid_data&quot;,&quot;shortcode_id&quot;:&quot;1757071097377-51bd6a2c-9999-1&quot;,&quot;tag&quot;:&quot;vc_media_grid&quot;}\" data-vc-request=\"https:\/\/www.tourinto.pt\/wp-admin\/admin-ajax.php\" data-vc-post-id=\"11234\" data-vc-public-nonce=\"f0d99114be\">\n\t\t\n\t<\/div>\n<\/div><\/div><\/div><\/div><\/div><div class=\"vc_row-full-width vc_clearfix\"><\/div>\n<\/div>","protected":false},"excerpt":{"rendered":"<p class=\"ai-optimize-18\">M\u00e3os na Massa Grande Chumbo \u00e9 um 100% Syrah com perfume sublime, notas de frutos vermelhos, para al\u00e9m de nuances florais, e at\u00e9 alguma envolv\u00eancia de especiaria. Na boca \u00e9 austero, para al\u00e9m de n\u00e3o ser um vinho f\u00e1cil, e precisa de tempo e comida, com final de boca intermin\u00e1vel.<\/p>\n<p class=\"ai-optimize-19\">Saiba mais sobre <a href=\"https:\/\/www.tourinto.pt\/produtores\/alentejo\/fabio-fernandes\/\">F\u00e1bio Fernandes<\/a>.<\/p>\n<p class=\"ai-optimize-20\">[contact-form-7 id=\"4433d5d\" title=\"nota Uni\u00e3o Europeia\"]<\/p>\n","protected":false},"featured_media":13834,"comment_status":"closed","ping_status":"closed","template":"","meta":{"_acf_changed":false,"_joinchat":[],"jetpack_publicize_message":"","jetpack_publicize_feature_enabled":true,"jetpack_social_post_already_shared":true,"jetpack_social_options":{"image_generator_settings":{"template":"highway","default_image_id":0,"font":"","enabled":false},"version":2}},"product_brand":[],"product_cat":[1471,17,297,83,424,392,100,81,44,142,1067],"product_tag":[393,372,294,41,39],"class_list":{"0":"post-11234","1":"product","2":"type-product","3":"status-publish","4":"has-post-thumbnail","6":"product_cat-produtores-pequenos","7":"product_cat-vinho-tinto","8":"product_cat-minima-intervencao","9":"product_cat-alentejo","10":"product_cat-vinhos-portugal","11":"product_cat-pequenos-produtores","12":"product_cat-tipologia","13":"product_cat-regiao","14":"product_cat-produtores","15":"product_cat-fabio-fernandes","16":"product_cat-syrah","17":"product_tag-pequenos-produtores","18":"product_tag-vinho-tinto","19":"product_tag-minima-intervencao","20":"product_tag-syrah","21":"product_tag-alentejo","22":"pa_ano-336","23":"pa_castas-syrah","24":"pa_categoria-vinhos-portugueses","25":"pa_enologia-fabio-fernandes","26":"pa_harmonizacao-gastronomia-alentejana","27":"pa_harmonizacao-carnes-grelhadas","28":"pa_leveduras-selecionadas","29":"pa_produtor-fabio-fernandes","30":"pa_regiao-alentejo","31":"pa_tipologia-vinho-tinto","32":"pa_vinificacao-minima-intervencao","33":"pa_viticultura-sustentavel","34":"pa_volume-750ml","36":"first","37":"instock","38":"taxable","39":"shipping-taxable","40":"purchasable","41":"product-type-simple"},"acf":[],"yoast_head":"<!-- This site is optimized with the Yoast SEO Premium plugin v27.3 (Yoast SEO v27.4) - https:\/\/yoast.com\/product\/yoast-seo-premium-wordpress\/ -->\n<title>M\u00e3os na Massa Syrah Grande Chumbo 2022 - Tourinto Premium Wines<\/title>\n<meta name=\"description\" content=\"M\u00e3os na Massa Grande Chumbo \u00e9 um 100% Syrah com 24 meses de est\u00e1gio em barrica, um vinho sublime, complexo, que revela grande eleg\u00e2ncia e frescura.\" \/>\n<meta name=\"robots\" content=\"index, follow, max-snippet:-1, max-image-preview:large, max-video-preview:-1\" \/>\n<link rel=\"canonical\" href=\"https:\/\/www.tourinto.pt\/en\/product\/maos-na-massa-syrah-grande-chumbo\/\" \/>\n<meta property=\"og:locale\" content=\"en_GB\" \/>\n<meta property=\"og:type\" content=\"article\" \/>\n<meta property=\"og:title\" content=\"M\u00e3os na Massa Syrah Grande Chumbo 2022\" \/>\n<meta property=\"og:description\" content=\"M\u00e3os na Massa Grande Chumbo \u00e9 um 100% Syrah com 24 meses de est\u00e1gio em barrica, um vinho sublime, complexo, que revela grande eleg\u00e2ncia e frescura.\" \/>\n<meta property=\"og:url\" content=\"https:\/\/www.tourinto.pt\/en\/product\/maos-na-massa-syrah-grande-chumbo\/\" \/>\n<meta property=\"og:site_name\" content=\"Tourinto Premium Wines\" \/>\n<meta property=\"article:publisher\" content=\"https:\/\/www.facebook.com\/garrafeiratourinto\" \/>\n<meta property=\"article:modified_time\" content=\"2026-03-16T22:24:25+00:00\" \/>\n<meta property=\"og:image\" content=\"https:\/\/www.tourinto.pt\/wp-content\/uploads\/2025\/05\/Grande-Chumbo-Maos-na-Massa-Syrah.webp\" \/>\n\t<meta property=\"og:image:width\" content=\"881\" \/>\n\t<meta property=\"og:image:height\" content=\"1400\" \/>\n\t<meta property=\"og:image:type\" content=\"image\/webp\" \/>\n<meta name=\"twitter:card\" content=\"summary_large_image\" \/>\n<meta name=\"twitter:label1\" content=\"Price\" \/>\n\t<meta name=\"twitter:data1\" content=\"46,00&nbsp;&euro;\" \/>\n\t<meta name=\"twitter:label2\" content=\"Availability\" \/>\n\t<meta name=\"twitter:data2\" content=\"In stock\" \/>\n<script type=\"application\/ld+json\" class=\"yoast-schema-graph\">{\"@context\":\"https:\\\/\\\/schema.org\",\"@graph\":[{\"@type\":\"WebPage\",\"@id\":\"https:\\\/\\\/www.tourinto.pt\\\/product\\\/maos-na-massa-syrah-grande-chumbo\\\/\",\"url\":\"https:\\\/\\\/www.tourinto.pt\\\/product\\\/maos-na-massa-syrah-grande-chumbo\\\/\",\"name\":\"M\u00e3os na Massa Syrah Grande Chumbo 2022 - Tourinto Premium Wines\",\"isPartOf\":{\"@id\":\"https:\\\/\\\/www.tourinto.pt\\\/#website\"},\"primaryImageOfPage\":{\"@id\":\"https:\\\/\\\/www.tourinto.pt\\\/product\\\/maos-na-massa-syrah-grande-chumbo\\\/#primaryimage\"},\"image\":{\"@id\":\"https:\\\/\\\/www.tourinto.pt\\\/product\\\/maos-na-massa-syrah-grande-chumbo\\\/#primaryimage\"},\"thumbnailUrl\":\"https:\\\/\\\/i0.wp.com\\\/www.tourinto.pt\\\/wp-content\\\/uploads\\\/2025\\\/05\\\/Grande-Chumbo-Maos-na-Massa-Syrah.webp?fit=881%2C1400&ssl=1\",\"datePublished\":\"2024-11-04T22:11:47+00:00\",\"dateModified\":\"2026-03-16T22:24:25+00:00\",\"description\":\"M\u00e3os na Massa Grande Chumbo \u00e9 um 100% Syrah com 24 meses de est\u00e1gio em barrica, um vinho sublime, complexo, que revela grande eleg\u00e2ncia e frescura.\",\"breadcrumb\":{\"@id\":\"https:\\\/\\\/www.tourinto.pt\\\/product\\\/maos-na-massa-syrah-grande-chumbo\\\/#breadcrumb\"},\"inLanguage\":\"en-GB\",\"potentialAction\":[{\"@type\":\"ReadAction\",\"target\":[\"https:\\\/\\\/www.tourinto.pt\\\/product\\\/maos-na-massa-syrah-grande-chumbo\\\/\"]}]},{\"@type\":\"ImageObject\",\"inLanguage\":\"en-GB\",\"@id\":\"https:\\\/\\\/www.tourinto.pt\\\/product\\\/maos-na-massa-syrah-grande-chumbo\\\/#primaryimage\",\"url\":\"https:\\\/\\\/i0.wp.com\\\/www.tourinto.pt\\\/wp-content\\\/uploads\\\/2025\\\/05\\\/Grande-Chumbo-Maos-na-Massa-Syrah.webp?fit=881%2C1400&ssl=1\",\"contentUrl\":\"https:\\\/\\\/i0.wp.com\\\/www.tourinto.pt\\\/wp-content\\\/uploads\\\/2025\\\/05\\\/Grande-Chumbo-Maos-na-Massa-Syrah.webp?fit=881%2C1400&ssl=1\",\"width\":881,\"height\":1400,\"caption\":\"M\u00e3os na massa Tinto, Grande Chumbo Tinto, Grande Chumbo Vinho Tinto, F\u00e1bio Fernandes Grande Chumbo, F\u00e1bio Fernandes M\u00e3os na Massa, F\u00e1bio Fernandes Vinhos, M\u00e3os na Massa Vinho Tinto\"},{\"@type\":\"BreadcrumbList\",\"@id\":\"https:\\\/\\\/www.tourinto.pt\\\/product\\\/maos-na-massa-syrah-grande-chumbo\\\/#breadcrumb\",\"itemListElement\":[{\"@type\":\"ListItem\",\"position\":1,\"name\":\"In\u00edcio\",\"item\":\"https:\\\/\\\/www.tourinto.pt\\\/\"},{\"@type\":\"ListItem\",\"position\":2,\"name\":\"Garrafeira on-line\",\"item\":\"https:\\\/\\\/www.tourinto.pt\\\/garrafeira-on-line\\\/\"},{\"@type\":\"ListItem\",\"position\":3,\"name\":\"M\u00e3os na Massa Syrah Grande Chumbo 2022\"}]},{\"@type\":\"WebSite\",\"@id\":\"https:\\\/\\\/www.tourinto.pt\\\/#website\",\"url\":\"https:\\\/\\\/www.tourinto.pt\\\/\",\"name\":\"Tourinto Premium Wines\",\"description\":\"Garrafeira on-line\",\"publisher\":{\"@id\":\"https:\\\/\\\/www.tourinto.pt\\\/#organization\"},\"alternateName\":\"Garrafeira on-line\",\"potentialAction\":[{\"@type\":\"SearchAction\",\"target\":{\"@type\":\"EntryPoint\",\"urlTemplate\":\"https:\\\/\\\/www.tourinto.pt\\\/?s={search_term_string}\"},\"query-input\":{\"@type\":\"PropertyValueSpecification\",\"valueRequired\":true,\"valueName\":\"search_term_string\"}}],\"inLanguage\":\"en-GB\"},{\"@type\":[\"Organization\",\"Place\"],\"@id\":\"https:\\\/\\\/www.tourinto.pt\\\/#organization\",\"name\":\"Tourinto\",\"alternateName\":\"Garrafeira Tourinto, Lda.\",\"url\":\"https:\\\/\\\/www.tourinto.pt\\\/\",\"logo\":{\"@id\":\"https:\\\/\\\/www.tourinto.pt\\\/product\\\/maos-na-massa-syrah-grande-chumbo\\\/#local-main-organization-logo\"},\"image\":{\"@id\":\"https:\\\/\\\/www.tourinto.pt\\\/product\\\/maos-na-massa-syrah-grande-chumbo\\\/#local-main-organization-logo\"},\"sameAs\":[\"https:\\\/\\\/www.facebook.com\\\/garrafeiratourinto\",\"https:\\\/\\\/www.instagram.com\\\/garrafeiratourinto\\\/\"],\"telephone\":[],\"openingHoursSpecification\":[{\"@type\":\"OpeningHoursSpecification\",\"dayOfWeek\":[\"Monday\",\"Tuesday\",\"Wednesday\",\"Thursday\",\"Friday\",\"Saturday\",\"Sunday\"],\"opens\":\"09:00\",\"closes\":\"17:00\"}]},{\"@type\":\"ImageObject\",\"inLanguage\":\"en-GB\",\"@id\":\"https:\\\/\\\/www.tourinto.pt\\\/product\\\/maos-na-massa-syrah-grande-chumbo\\\/#local-main-organization-logo\",\"url\":\"https:\\\/\\\/i0.wp.com\\\/www.tourinto.pt\\\/wp-content\\\/uploads\\\/2022\\\/07\\\/tourinto-logo-big.png?fit=1400%2C505&ssl=1\",\"contentUrl\":\"https:\\\/\\\/i0.wp.com\\\/www.tourinto.pt\\\/wp-content\\\/uploads\\\/2022\\\/07\\\/tourinto-logo-big.png?fit=1400%2C505&ssl=1\",\"width\":1400,\"height\":505,\"caption\":\"Tourinto\"}]}<\/script>\n<meta property=\"product:price:amount\" content=\"46.00\" \/>\n<meta property=\"product:price:currency\" content=\"EUR\" \/>\n<meta property=\"og:availability\" content=\"instock\" \/>\n<meta property=\"product:availability\" content=\"instock\" \/>\n<meta property=\"product:retailer_item_id\" content=\"14.07.2022\" \/>\n<meta property=\"product:condition\" content=\"new\" \/>\n<!-- \/ Yoast SEO Premium plugin. -->","yoast_head_json":{"title":"M\u00e3os na Massa Syrah Grande Chumbo 2022 - Tourinto Premium Wines","description":"M\u00e3os na Massa Grande Chumbo \u00e9 um 100% Syrah com 24 meses de est\u00e1gio em barrica, um vinho sublime, complexo, que revela grande eleg\u00e2ncia e frescura.","robots":{"index":"index","follow":"follow","max-snippet":"max-snippet:-1","max-image-preview":"max-image-preview:large","max-video-preview":"max-video-preview:-1"},"canonical":"https:\/\/www.tourinto.pt\/en\/product\/maos-na-massa-syrah-grande-chumbo\/","og_locale":"en_GB","og_type":"article","og_title":"M\u00e3os na Massa Syrah Grande Chumbo 2022","og_description":"M\u00e3os na Massa Grande Chumbo \u00e9 um 100% Syrah com 24 meses de est\u00e1gio em barrica, um vinho sublime, complexo, que revela grande eleg\u00e2ncia e frescura.","og_url":"https:\/\/www.tourinto.pt\/en\/product\/maos-na-massa-syrah-grande-chumbo\/","og_site_name":"Tourinto Premium Wines","article_publisher":"https:\/\/www.facebook.com\/garrafeiratourinto","article_modified_time":"2026-03-16T22:24:25+00:00","og_image":[{"width":881,"height":1400,"url":"https:\/\/www.tourinto.pt\/wp-content\/uploads\/2025\/05\/Grande-Chumbo-Maos-na-Massa-Syrah.webp","type":"image\/webp"}],"twitter_card":"summary_large_image","twitter_misc":{"Price":"46,00&nbsp;&euro;","Availability":"In stock"},"schema":{"@context":"https:\/\/schema.org","@graph":[{"@type":"WebPage","@id":"https:\/\/www.tourinto.pt\/product\/maos-na-massa-syrah-grande-chumbo\/","url":"https:\/\/www.tourinto.pt\/product\/maos-na-massa-syrah-grande-chumbo\/","name":"M\u00e3os na Massa Syrah Grande Chumbo 2022 - Tourinto Premium Wines","isPartOf":{"@id":"https:\/\/www.tourinto.pt\/#website"},"primaryImageOfPage":{"@id":"https:\/\/www.tourinto.pt\/product\/maos-na-massa-syrah-grande-chumbo\/#primaryimage"},"image":{"@id":"https:\/\/www.tourinto.pt\/product\/maos-na-massa-syrah-grande-chumbo\/#primaryimage"},"thumbnailUrl":"https:\/\/i0.wp.com\/www.tourinto.pt\/wp-content\/uploads\/2025\/05\/Grande-Chumbo-Maos-na-Massa-Syrah.webp?fit=881%2C1400&ssl=1","datePublished":"2024-11-04T22:11:47+00:00","dateModified":"2026-03-16T22:24:25+00:00","description":"M\u00e3os na Massa Grande Chumbo \u00e9 um 100% Syrah com 24 meses de est\u00e1gio em barrica, um vinho sublime, complexo, que revela grande eleg\u00e2ncia e frescura.","breadcrumb":{"@id":"https:\/\/www.tourinto.pt\/product\/maos-na-massa-syrah-grande-chumbo\/#breadcrumb"},"inLanguage":"en-GB","potentialAction":[{"@type":"ReadAction","target":["https:\/\/www.tourinto.pt\/product\/maos-na-massa-syrah-grande-chumbo\/"]}]},{"@type":"ImageObject","inLanguage":"en-GB","@id":"https:\/\/www.tourinto.pt\/product\/maos-na-massa-syrah-grande-chumbo\/#primaryimage","url":"https:\/\/i0.wp.com\/www.tourinto.pt\/wp-content\/uploads\/2025\/05\/Grande-Chumbo-Maos-na-Massa-Syrah.webp?fit=881%2C1400&ssl=1","contentUrl":"https:\/\/i0.wp.com\/www.tourinto.pt\/wp-content\/uploads\/2025\/05\/Grande-Chumbo-Maos-na-Massa-Syrah.webp?fit=881%2C1400&ssl=1","width":881,"height":1400,"caption":"M\u00e3os na massa Tinto, Grande Chumbo Tinto, Grande Chumbo Vinho Tinto, F\u00e1bio Fernandes Grande Chumbo, F\u00e1bio Fernandes M\u00e3os na Massa, F\u00e1bio Fernandes Vinhos, M\u00e3os na Massa Vinho Tinto"},{"@type":"BreadcrumbList","@id":"https:\/\/www.tourinto.pt\/product\/maos-na-massa-syrah-grande-chumbo\/#breadcrumb","itemListElement":[{"@type":"ListItem","position":1,"name":"In\u00edcio","item":"https:\/\/www.tourinto.pt\/"},{"@type":"ListItem","position":2,"name":"Garrafeira on-line","item":"https:\/\/www.tourinto.pt\/garrafeira-on-line\/"},{"@type":"ListItem","position":3,"name":"M\u00e3os na Massa Syrah Grande Chumbo 2022"}]},{"@type":"WebSite","@id":"https:\/\/www.tourinto.pt\/#website","url":"https:\/\/www.tourinto.pt\/","name":"Tourinto Premium Wines","description":"Wine Shop online","publisher":{"@id":"https:\/\/www.tourinto.pt\/#organization"},"alternateName":"Garrafeira on-line","potentialAction":[{"@type":"SearchAction","target":{"@type":"EntryPoint","urlTemplate":"https:\/\/www.tourinto.pt\/?s={search_term_string}"},"query-input":{"@type":"PropertyValueSpecification","valueRequired":true,"valueName":"search_term_string"}}],"inLanguage":"en-GB"},{"@type":["Organization","Place"],"@id":"https:\/\/www.tourinto.pt\/#organization","name":"Tourinto","alternateName":"Garrafeira Tourinto, Lda.","url":"https:\/\/www.tourinto.pt\/","logo":{"@id":"https:\/\/www.tourinto.pt\/product\/maos-na-massa-syrah-grande-chumbo\/#local-main-organization-logo"},"image":{"@id":"https:\/\/www.tourinto.pt\/product\/maos-na-massa-syrah-grande-chumbo\/#local-main-organization-logo"},"sameAs":["https:\/\/www.facebook.com\/garrafeiratourinto","https:\/\/www.instagram.com\/garrafeiratourinto\/"],"telephone":[],"openingHoursSpecification":[{"@type":"OpeningHoursSpecification","dayOfWeek":["Monday","Tuesday","Wednesday","Thursday","Friday","Saturday","Sunday"],"opens":"09:00","closes":"17:00"}]},{"@type":"ImageObject","inLanguage":"en-GB","@id":"https:\/\/www.tourinto.pt\/product\/maos-na-massa-syrah-grande-chumbo\/#local-main-organization-logo","url":"https:\/\/i0.wp.com\/www.tourinto.pt\/wp-content\/uploads\/2022\/07\/tourinto-logo-big.png?fit=1400%2C505&ssl=1","contentUrl":"https:\/\/i0.wp.com\/www.tourinto.pt\/wp-content\/uploads\/2022\/07\/tourinto-logo-big.png?fit=1400%2C505&ssl=1","width":1400,"height":505,"caption":"Tourinto"}]},"product_price_amount":"46.00","product_price_currency":"EUR","og_availability":"instock","product_availability":"instock","product_retailer_item_id":"14.07.2022","product_condition":"new"},"jetpack_publicize_connections":[],"jetpack_sharing_enabled":true,"_links":{"self":[{"href":"https:\/\/www.tourinto.pt\/en\/wp-json\/wp\/v2\/product\/11234","targetHints":{"allow":["GET"]}}],"collection":[{"href":"https:\/\/www.tourinto.pt\/en\/wp-json\/wp\/v2\/product"}],"about":[{"href":"https:\/\/www.tourinto.pt\/en\/wp-json\/wp\/v2\/types\/product"}],"replies":[{"embeddable":true,"href":"https:\/\/www.tourinto.pt\/en\/wp-json\/wp\/v2\/comments?post=11234"}],"wp:featuredmedia":[{"embeddable":true,"href":"https:\/\/www.tourinto.pt\/en\/wp-json\/wp\/v2\/media\/13834"}],"wp:attachment":[{"href":"https:\/\/www.tourinto.pt\/en\/wp-json\/wp\/v2\/media?parent=11234"}],"wp:term":[{"taxonomy":"product_brand","embeddable":true,"href":"https:\/\/www.tourinto.pt\/en\/wp-json\/wp\/v2\/product_brand?post=11234"},{"taxonomy":"product_cat","embeddable":true,"href":"https:\/\/www.tourinto.pt\/en\/wp-json\/wp\/v2\/product_cat?post=11234"},{"taxonomy":"product_tag","embeddable":true,"href":"https:\/\/www.tourinto.pt\/en\/wp-json\/wp\/v2\/product_tag?post=11234"}],"curies":[{"name":"wp","href":"https:\/\/api.w.org\/{rel}","templated":true}]}}