{"id":11217,"date":"2024-10-25T17:10:07","date_gmt":"2024-10-25T17:10:07","guid":{"rendered":"https:\/\/www.tourinto.pt\/?post_type=product&#038;p=11217"},"modified":"2026-03-30T23:31:06","modified_gmt":"2026-03-30T23:31:06","slug":"carlos-raposo-impecavel-tinto","status":"publish","type":"product","link":"https:\/\/www.tourinto.pt\/en\/product\/carlos-raposo-impecavel-tinto\/","title":{"rendered":"Carlos Raposo Impec\u00e1vel Red"},"content":{"rendered":"<div class=\"wpb-content-wrapper\"><div data-vc-full-width=\"true\" data-vc-full-width-init=\"false\" class=\"vc_row wpb_row vc_row-fluid vc_custom_1656585076455 vc_row-has-fill\"><div class=\"wpb_column vc_column_container vc_col-sm-12\"><div class=\"vc_column-inner\"><div class=\"wpb_wrapper\"><div class=\"vc_tta-container\" data-vc-action=\"collapse\"><div class=\"vc_general vc_tta vc_tta-tabs vc_tta-color-black vc_tta-style-flat vc_tta-shape-square vc_tta-spacing-1 vc_tta-o-no-fill vc_tta-tabs-position-top vc_tta-controls-align-left\"><div class=\"vc_tta-tabs-container\"><ul class=\"vc_tta-tabs-list\" role=\"tablist\"><li class=\"vc_tta-tab vc_active\" data-vc-tab role=\"presentation\"><a href=\"#1656584484701-0e478312-357c\" data-vc-tabs data-vc-container=\".vc_tta\" role=\"tab\" aria-selected=\"false\" id=\"tab-1656584484701-0e478312-357c\"><i class=\"vc_tta-icon vc-oi vc-oi-article\"><\/i><span class=\"vc_tta-title-text\">Description<\/span><\/a><\/li><\/ul><\/div><div class=\"vc_tta-panels-container\"><div class=\"vc_tta-panels\"><div class=\"vc_tta-panel vc_active\" id=\"1656584484701-0e478312-357c\" data-vc-content=\".vc_tta-panel-body\"><div class=\"vc_tta-panel-heading\"><h4 class=\"vc_tta-panel-title\"><a href=\"#1656584484701-0e478312-357c\" data-vc-accordion data-vc-container=\".vc_tta-container\"><i class=\"vc_tta-icon vc-oi vc-oi-article\"><\/i><span class=\"vc_tta-title-text\">Description<\/span><\/a><\/h4><\/div><div class=\"vc_tta-panel-body\">\n\t<div class=\"wpb_text_column wpb_content_element\" >\n\t\t<div class=\"wpb_wrapper\">\n\t\t\t<p><strong>Carlos Raposo Impec\u00e1vel Red<\/strong><\/p>\n<p><strong>Grape varieties: <\/strong>Touriga Nacional.<br \/>\n<strong>Vinification:\u00a0<\/strong>Careful selection followed by destemming. Fermentation in temperature-controlled stainless steel vats, racking and malolactic fermentation.<br \/>\n<strong>Aging: <\/strong>6 months in stainless steel<br \/>\n<strong>Colour: <\/strong>Very vivid ruby with medium concentration.\u00a0<strong><br \/>\n<\/strong><b>Aroma: <\/b>Vibrant, fragrant notes with a fresh and very expressive aroma of violet floral notes, as well as bergamot flower, spices and pine needles, harmoniously blended with a balsamic profile.<br \/>\n<strong>Flavour: <\/strong>Very elegant, markedly youthful profile, with good volume on the palate, good acidity and soft tannins. The finish is long and refreshingly mineral.<\/p>\n<hr style=\"border: #b0976d 1px dotted\" \/>\n<p><strong>Serve:<\/strong> 16 to 18\u2070<br \/>\n<strong>Consumption: <\/strong>Immediate.<\/p>\n<hr style=\"border: #b0976d 1px dotted\" \/>\n<p><strong>Harmonisation: <\/strong>Lightly spiced dishes, red meat, white meat and pasta. Suitable for vegans and vegetarians.<\/p>\n<hr style=\"border: #b0976d 1px dotted\" \/>\n<p><strong>Producer: <\/strong><a href=\"https:\/\/www.tourinto.pt\/en\/produtores\/dao\/carlos-raposo\/\">Carlos Raposo<\/a><\/p>\n<p><strong>Enology: <\/strong>Carlos Raposo<\/p>\n<p><strong>Category:<\/strong> Portuguese Wines \u2013 <a href=\"https:\/\/www.tourinto.pt\/en\/portugal\/vinhos-do-dao\/\">D\u00e3o<\/a><\/p>\n<p><strong>Awards and Notes:<\/strong><\/p>\n<ul>\n<li><strong>James Suckling \u2013 <\/strong>93\/100<\/li>\n<li><strong>Jancis Robinson<\/strong> &#8211; 17\/20<\/li>\n<\/ul>\n<p><a href=\"https:\/\/worldwildwines.com\/en\/\"><span style=\"color: #f1f1f1\">carlos raposo<\/span><\/a><\/p>\n\n\t\t<\/div>\n\t<\/div>\n<\/div><\/div><\/div><\/div><\/div><\/div><\/div><\/div><\/div><\/div><div class=\"vc_row-full-width vc_clearfix\"><\/div><div data-vc-full-width=\"true\" data-vc-full-width-init=\"false\" data-vc-stretch-content=\"true\" class=\"vc_row wpb_row vc_row-fluid vc_row-no-padding\"><div class=\"wpb_column vc_column_container vc_col-sm-12\"><div class=\"vc_column-inner\"><div class=\"wpb_wrapper\">\n<div class=\"vc_grid-container-wrapper vc_clearfix vc_grid-animation-fadeIn\">\n\t<div class=\"vc_grid-container vc_clearfix wpb_content_element vc_media_grid\" data-initial-loading-animation=\"fadeIn\" data-vc-grid-settings=\"{&quot;page_id&quot;:11217,&quot;style&quot;:&quot;all&quot;,&quot;action&quot;:&quot;vc_get_vc_grid_data&quot;,&quot;shortcode_id&quot;:&quot;1755955266619-60cee052-adb4-9&quot;,&quot;tag&quot;:&quot;vc_media_grid&quot;}\" data-vc-request=\"https:\/\/www.tourinto.pt\/wp-admin\/admin-ajax.php\" data-vc-post-id=\"11217\" data-vc-public-nonce=\"56876764e2\">\n\t\t\n\t<\/div>\n<\/div><\/div><\/div><\/div><\/div><div class=\"vc_row-full-width vc_clearfix\"><\/div>\n<\/div>","protected":false},"excerpt":{"rendered":"<p class=\"ai-optimize-9\">Carlos Raposo Impec\u00e1vel Tinto \u00e9 um vinho 100% Touriga Nacional que simboliza a alegria, a celebra\u00e7\u00e3o, a boa comida, os bons amigos, assim como a boa vida.\u00a0 Com um aroma muito fresco e floral, onde a bergamota e a violeta sobressaem, para al\u00e9m de muito elegante, apresenta boa acidez e taninos macios.<\/p>\n<p class=\"ai-optimize-10\">Saiba mais sobre <a href=\"https:\/\/www.tourinto.pt\/produtores\/dao\/carlos-raposo\/\">Carlos Raposo<\/a>.<\/p>\n<p class=\"ai-optimize-11\">[contact-form-7 id=\"4433d5d\" title=\"nota Uni\u00e3o Europeia\"]<\/p>\n","protected":false},"featured_media":11218,"comment_status":"closed","ping_status":"closed","template":"","meta":{"_acf_changed":false,"_joinchat":[],"jetpack_publicize_message":"","jetpack_publicize_feature_enabled":true,"jetpack_social_post_already_shared":true,"jetpack_social_options":{"image_generator_settings":{"template":"highway","default_image_id":0,"font":"","enabled":false},"version":2}},"product_brand":[],"product_cat":[1471,1468,1467,1441,1307,17,808,297,424,392,84,100,81,44,1060],"product_tag":[1022,47,372,56],"class_list":{"0":"post-11217","1":"product","2":"type-product","3":"status-publish","4":"has-post-thumbnail","6":"product_cat-produtores-pequenos","7":"product_cat-vegetariano","8":"product_cat-massas-e-risottos","9":"product_cat-rtd-tintos-destaque","10":"product_cat-ready-to-drink-tintos","11":"product_cat-vinho-tinto","12":"product_cat-carlos-raposo","13":"product_cat-minima-intervencao","14":"product_cat-vinhos-portugal","15":"product_cat-pequenos-produtores","16":"product_cat-dao","17":"product_cat-tipologia","18":"product_cat-regiao","19":"product_cat-produtores","20":"product_cat-touriga-nacional","21":"product_tag-carlos-raposo","22":"product_tag-touriga-nacional","23":"product_tag-vinho-tinto","24":"product_tag-dao","25":"pa_ano-336","26":"pa_castas-touriga-nacional","27":"pa_categoria-vinhos-portugueses","28":"pa_enologia-carlos-raposo","29":"pa_harmonizacao-massas","30":"pa_harmonizacao-pratos-vegetarianos","31":"pa_harmonizacao-carnes-brancas","32":"pa_harmonizacao-carnes-vermelhas","33":"pa_leveduras-selecionadas","34":"pa_produtor-carlos-raposo","35":"pa_regiao-dao","36":"pa_tipologia-vinho-tinto","37":"pa_vinificacao-minima-intervencao","38":"pa_viticultura-sustentavel","39":"pa_volume-750ml","41":"first","42":"instock","43":"taxable","44":"shipping-taxable","45":"purchasable","46":"product-type-simple"},"acf":[],"yoast_head":"<!-- This site is optimized with the Yoast SEO Premium plugin v27.5 (Yoast SEO v27.5) - https:\/\/yoast.com\/product\/yoast-seo-premium-wordpress\/ -->\n<title>Carlos Raposo Impec\u00e1vel Tinto - Tourinto Premium Wines<\/title>\n<meta name=\"description\" content=\"Carlos Raposo Impec\u00e1vel Tinto \u00e9 um vinho 100% Touriga Nacional com um aroma muito fresco e floral, para al\u00e9m de muito elegante, boa acidez e taninos macios.\u00a0\" \/>\n<meta name=\"robots\" content=\"index, follow, max-snippet:-1, max-image-preview:large, max-video-preview:-1\" \/>\n<link rel=\"canonical\" href=\"https:\/\/www.tourinto.pt\/en\/product\/carlos-raposo-impecavel-tinto\/\" \/>\n<meta property=\"og:locale\" content=\"en_GB\" \/>\n<meta property=\"og:type\" content=\"article\" \/>\n<meta property=\"og:title\" content=\"Carlos Raposo Impec\u00e1vel Tinto\" \/>\n<meta property=\"og:description\" content=\"Carlos Raposo Impec\u00e1vel Tinto \u00e9 um vinho 100% Touriga Nacional com um aroma muito fresco e floral, para al\u00e9m de muito elegante, boa acidez e taninos macios.\u00a0\" \/>\n<meta property=\"og:url\" content=\"https:\/\/www.tourinto.pt\/en\/product\/carlos-raposo-impecavel-tinto\/\" \/>\n<meta property=\"og:site_name\" content=\"Tourinto Premium Wines\" \/>\n<meta property=\"article:publisher\" content=\"https:\/\/www.facebook.com\/garrafeiratourinto\" \/>\n<meta property=\"article:modified_time\" content=\"2026-03-30T23:31:06+00:00\" \/>\n<meta property=\"og:image\" content=\"https:\/\/www.tourinto.pt\/wp-content\/uploads\/2024\/10\/Carlos-Raposo-Impecavel.png\" \/>\n\t<meta property=\"og:image:width\" content=\"881\" \/>\n\t<meta property=\"og:image:height\" content=\"1400\" \/>\n\t<meta property=\"og:image:type\" content=\"image\/png\" \/>\n<meta name=\"twitter:card\" content=\"summary_large_image\" \/>\n<meta name=\"twitter:label1\" content=\"Price\" \/>\n\t<meta name=\"twitter:data1\" content=\"13,95&nbsp;&euro;\" \/>\n\t<meta name=\"twitter:label2\" content=\"Availability\" \/>\n\t<meta name=\"twitter:data2\" content=\"In stock\" \/>\n<script type=\"application\/ld+json\" class=\"yoast-schema-graph\">{\"@context\":\"https:\\\/\\\/schema.org\",\"@graph\":[{\"@type\":\"WebPage\",\"@id\":\"https:\\\/\\\/www.tourinto.pt\\\/product\\\/carlos-raposo-impecavel-tinto\\\/\",\"url\":\"https:\\\/\\\/www.tourinto.pt\\\/product\\\/carlos-raposo-impecavel-tinto\\\/\",\"name\":\"Carlos Raposo Impec\u00e1vel Tinto - Tourinto Premium Wines\",\"isPartOf\":{\"@id\":\"https:\\\/\\\/www.tourinto.pt\\\/#website\"},\"primaryImageOfPage\":{\"@id\":\"https:\\\/\\\/www.tourinto.pt\\\/product\\\/carlos-raposo-impecavel-tinto\\\/#primaryimage\"},\"image\":{\"@id\":\"https:\\\/\\\/www.tourinto.pt\\\/product\\\/carlos-raposo-impecavel-tinto\\\/#primaryimage\"},\"thumbnailUrl\":\"https:\\\/\\\/i0.wp.com\\\/www.tourinto.pt\\\/wp-content\\\/uploads\\\/2024\\\/10\\\/Carlos-Raposo-Impecavel.png?fit=881%2C1400&ssl=1\",\"datePublished\":\"2024-10-25T17:10:07+00:00\",\"dateModified\":\"2026-03-30T23:31:06+00:00\",\"description\":\"Carlos Raposo Impec\u00e1vel Tinto \u00e9 um vinho 100% Touriga Nacional com um aroma muito fresco e floral, para al\u00e9m de muito elegante, boa acidez e taninos macios.\u00a0\",\"breadcrumb\":{\"@id\":\"https:\\\/\\\/www.tourinto.pt\\\/product\\\/carlos-raposo-impecavel-tinto\\\/#breadcrumb\"},\"inLanguage\":\"en-GB\",\"potentialAction\":[{\"@type\":\"ReadAction\",\"target\":[\"https:\\\/\\\/www.tourinto.pt\\\/product\\\/carlos-raposo-impecavel-tinto\\\/\"]}]},{\"@type\":\"ImageObject\",\"inLanguage\":\"en-GB\",\"@id\":\"https:\\\/\\\/www.tourinto.pt\\\/product\\\/carlos-raposo-impecavel-tinto\\\/#primaryimage\",\"url\":\"https:\\\/\\\/i0.wp.com\\\/www.tourinto.pt\\\/wp-content\\\/uploads\\\/2024\\\/10\\\/Carlos-Raposo-Impecavel.png?fit=881%2C1400&ssl=1\",\"contentUrl\":\"https:\\\/\\\/i0.wp.com\\\/www.tourinto.pt\\\/wp-content\\\/uploads\\\/2024\\\/10\\\/Carlos-Raposo-Impecavel.png?fit=881%2C1400&ssl=1\",\"width\":881,\"height\":1400,\"caption\":\"Impec\u00e1vel Touriga Nacional, Impec\u00e1vel Vinho Tinto, Carlos Raposo Red Wine, Carlos Raposo Touriga Nacional, Impec\u00e1vel Carlos Raposos, Carlos Raposo D\u00e3o, Impec\u00e1vel D\u00e3o, World Wild Wines Impec\u00e1vel Tinto, World Wild Wines Vinho Tinto, Impec\u00e1vel Tinto Touriga Nacional\"},{\"@type\":\"BreadcrumbList\",\"@id\":\"https:\\\/\\\/www.tourinto.pt\\\/product\\\/carlos-raposo-impecavel-tinto\\\/#breadcrumb\",\"itemListElement\":[{\"@type\":\"ListItem\",\"position\":1,\"name\":\"In\u00edcio\",\"item\":\"https:\\\/\\\/www.tourinto.pt\\\/\"},{\"@type\":\"ListItem\",\"position\":2,\"name\":\"Garrafeira on-line\",\"item\":\"https:\\\/\\\/www.tourinto.pt\\\/garrafeira-on-line\\\/\"},{\"@type\":\"ListItem\",\"position\":3,\"name\":\"Carlos Raposo Impec\u00e1vel Tinto\"}]},{\"@type\":\"WebSite\",\"@id\":\"https:\\\/\\\/www.tourinto.pt\\\/#website\",\"url\":\"https:\\\/\\\/www.tourinto.pt\\\/\",\"name\":\"Tourinto Premium Wines\",\"description\":\"Garrafeira on-line\",\"publisher\":{\"@id\":\"https:\\\/\\\/www.tourinto.pt\\\/#organization\"},\"alternateName\":\"Garrafeira on-line\",\"potentialAction\":[{\"@type\":\"SearchAction\",\"target\":{\"@type\":\"EntryPoint\",\"urlTemplate\":\"https:\\\/\\\/www.tourinto.pt\\\/?s={search_term_string}\"},\"query-input\":{\"@type\":\"PropertyValueSpecification\",\"valueRequired\":true,\"valueName\":\"search_term_string\"}}],\"inLanguage\":\"en-GB\"},{\"@type\":[\"Organization\",\"Place\"],\"@id\":\"https:\\\/\\\/www.tourinto.pt\\\/#organization\",\"name\":\"Tourinto\",\"alternateName\":\"Garrafeira Tourinto, Lda.\",\"url\":\"https:\\\/\\\/www.tourinto.pt\\\/\",\"logo\":{\"@id\":\"https:\\\/\\\/www.tourinto.pt\\\/product\\\/carlos-raposo-impecavel-tinto\\\/#local-main-organization-logo\"},\"image\":{\"@id\":\"https:\\\/\\\/www.tourinto.pt\\\/product\\\/carlos-raposo-impecavel-tinto\\\/#local-main-organization-logo\"},\"sameAs\":[\"https:\\\/\\\/www.facebook.com\\\/garrafeiratourinto\",\"https:\\\/\\\/www.instagram.com\\\/garrafeiratourinto\\\/\"],\"telephone\":[],\"openingHoursSpecification\":[{\"@type\":\"OpeningHoursSpecification\",\"dayOfWeek\":[\"Monday\",\"Tuesday\",\"Wednesday\",\"Thursday\",\"Friday\",\"Saturday\",\"Sunday\"],\"opens\":\"09:00\",\"closes\":\"17:00\"}]},{\"@type\":\"ImageObject\",\"inLanguage\":\"en-GB\",\"@id\":\"https:\\\/\\\/www.tourinto.pt\\\/product\\\/carlos-raposo-impecavel-tinto\\\/#local-main-organization-logo\",\"url\":\"https:\\\/\\\/i0.wp.com\\\/www.tourinto.pt\\\/wp-content\\\/uploads\\\/2022\\\/07\\\/tourinto-logo-big.png?fit=1400%2C505&ssl=1\",\"contentUrl\":\"https:\\\/\\\/i0.wp.com\\\/www.tourinto.pt\\\/wp-content\\\/uploads\\\/2022\\\/07\\\/tourinto-logo-big.png?fit=1400%2C505&ssl=1\",\"width\":1400,\"height\":505,\"caption\":\"Tourinto\"}]}<\/script>\n<meta property=\"product:price:amount\" content=\"13.95\" \/>\n<meta property=\"product:price:currency\" content=\"EUR\" \/>\n<meta property=\"og:availability\" content=\"instock\" \/>\n<meta property=\"product:availability\" content=\"instock\" \/>\n<meta property=\"product:retailer_item_id\" content=\"96.01.2023\" \/>\n<meta property=\"product:condition\" content=\"new\" \/>\n<!-- \/ Yoast SEO Premium plugin. -->","yoast_head_json":{"title":"Carlos Raposo Impec\u00e1vel Tinto - Tourinto Premium Wines","description":"Carlos Raposo Impec\u00e1vel Tinto \u00e9 um vinho 100% Touriga Nacional com um aroma muito fresco e floral, para al\u00e9m de muito elegante, boa acidez e taninos macios.\u00a0","robots":{"index":"index","follow":"follow","max-snippet":"max-snippet:-1","max-image-preview":"max-image-preview:large","max-video-preview":"max-video-preview:-1"},"canonical":"https:\/\/www.tourinto.pt\/en\/product\/carlos-raposo-impecavel-tinto\/","og_locale":"en_GB","og_type":"article","og_title":"Carlos Raposo Impec\u00e1vel Tinto","og_description":"Carlos Raposo Impec\u00e1vel Tinto \u00e9 um vinho 100% Touriga Nacional com um aroma muito fresco e floral, para al\u00e9m de muito elegante, boa acidez e taninos macios.\u00a0","og_url":"https:\/\/www.tourinto.pt\/en\/product\/carlos-raposo-impecavel-tinto\/","og_site_name":"Tourinto Premium Wines","article_publisher":"https:\/\/www.facebook.com\/garrafeiratourinto","article_modified_time":"2026-03-30T23:31:06+00:00","og_image":[{"width":881,"height":1400,"url":"https:\/\/www.tourinto.pt\/wp-content\/uploads\/2024\/10\/Carlos-Raposo-Impecavel.png","type":"image\/png"}],"twitter_card":"summary_large_image","twitter_misc":{"Price":"13,95&nbsp;&euro;","Availability":"In stock"},"schema":{"@context":"https:\/\/schema.org","@graph":[{"@type":"WebPage","@id":"https:\/\/www.tourinto.pt\/product\/carlos-raposo-impecavel-tinto\/","url":"https:\/\/www.tourinto.pt\/product\/carlos-raposo-impecavel-tinto\/","name":"Carlos Raposo Impec\u00e1vel Tinto - Tourinto Premium Wines","isPartOf":{"@id":"https:\/\/www.tourinto.pt\/#website"},"primaryImageOfPage":{"@id":"https:\/\/www.tourinto.pt\/product\/carlos-raposo-impecavel-tinto\/#primaryimage"},"image":{"@id":"https:\/\/www.tourinto.pt\/product\/carlos-raposo-impecavel-tinto\/#primaryimage"},"thumbnailUrl":"https:\/\/i0.wp.com\/www.tourinto.pt\/wp-content\/uploads\/2024\/10\/Carlos-Raposo-Impecavel.png?fit=881%2C1400&ssl=1","datePublished":"2024-10-25T17:10:07+00:00","dateModified":"2026-03-30T23:31:06+00:00","description":"Carlos Raposo Impec\u00e1vel Tinto \u00e9 um vinho 100% Touriga Nacional com um aroma muito fresco e floral, para al\u00e9m de muito elegante, boa acidez e taninos macios.\u00a0","breadcrumb":{"@id":"https:\/\/www.tourinto.pt\/product\/carlos-raposo-impecavel-tinto\/#breadcrumb"},"inLanguage":"en-GB","potentialAction":[{"@type":"ReadAction","target":["https:\/\/www.tourinto.pt\/product\/carlos-raposo-impecavel-tinto\/"]}]},{"@type":"ImageObject","inLanguage":"en-GB","@id":"https:\/\/www.tourinto.pt\/product\/carlos-raposo-impecavel-tinto\/#primaryimage","url":"https:\/\/i0.wp.com\/www.tourinto.pt\/wp-content\/uploads\/2024\/10\/Carlos-Raposo-Impecavel.png?fit=881%2C1400&ssl=1","contentUrl":"https:\/\/i0.wp.com\/www.tourinto.pt\/wp-content\/uploads\/2024\/10\/Carlos-Raposo-Impecavel.png?fit=881%2C1400&ssl=1","width":881,"height":1400,"caption":"Impec\u00e1vel Touriga Nacional, Impec\u00e1vel Vinho Tinto, Carlos Raposo Red Wine, Carlos Raposo Touriga Nacional, Impec\u00e1vel Carlos Raposos, Carlos Raposo D\u00e3o, Impec\u00e1vel D\u00e3o, World Wild Wines Impec\u00e1vel Tinto, World Wild Wines Vinho Tinto, Impec\u00e1vel Tinto Touriga Nacional"},{"@type":"BreadcrumbList","@id":"https:\/\/www.tourinto.pt\/product\/carlos-raposo-impecavel-tinto\/#breadcrumb","itemListElement":[{"@type":"ListItem","position":1,"name":"In\u00edcio","item":"https:\/\/www.tourinto.pt\/"},{"@type":"ListItem","position":2,"name":"Garrafeira on-line","item":"https:\/\/www.tourinto.pt\/garrafeira-on-line\/"},{"@type":"ListItem","position":3,"name":"Carlos Raposo Impec\u00e1vel Tinto"}]},{"@type":"WebSite","@id":"https:\/\/www.tourinto.pt\/#website","url":"https:\/\/www.tourinto.pt\/","name":"Tourinto Premium Wines","description":"Wine Shop online","publisher":{"@id":"https:\/\/www.tourinto.pt\/#organization"},"alternateName":"Garrafeira on-line","potentialAction":[{"@type":"SearchAction","target":{"@type":"EntryPoint","urlTemplate":"https:\/\/www.tourinto.pt\/?s={search_term_string}"},"query-input":{"@type":"PropertyValueSpecification","valueRequired":true,"valueName":"search_term_string"}}],"inLanguage":"en-GB"},{"@type":["Organization","Place"],"@id":"https:\/\/www.tourinto.pt\/#organization","name":"Tourinto","alternateName":"Garrafeira Tourinto, Lda.","url":"https:\/\/www.tourinto.pt\/","logo":{"@id":"https:\/\/www.tourinto.pt\/product\/carlos-raposo-impecavel-tinto\/#local-main-organization-logo"},"image":{"@id":"https:\/\/www.tourinto.pt\/product\/carlos-raposo-impecavel-tinto\/#local-main-organization-logo"},"sameAs":["https:\/\/www.facebook.com\/garrafeiratourinto","https:\/\/www.instagram.com\/garrafeiratourinto\/"],"telephone":[],"openingHoursSpecification":[{"@type":"OpeningHoursSpecification","dayOfWeek":["Monday","Tuesday","Wednesday","Thursday","Friday","Saturday","Sunday"],"opens":"09:00","closes":"17:00"}]},{"@type":"ImageObject","inLanguage":"en-GB","@id":"https:\/\/www.tourinto.pt\/product\/carlos-raposo-impecavel-tinto\/#local-main-organization-logo","url":"https:\/\/i0.wp.com\/www.tourinto.pt\/wp-content\/uploads\/2022\/07\/tourinto-logo-big.png?fit=1400%2C505&ssl=1","contentUrl":"https:\/\/i0.wp.com\/www.tourinto.pt\/wp-content\/uploads\/2022\/07\/tourinto-logo-big.png?fit=1400%2C505&ssl=1","width":1400,"height":505,"caption":"Tourinto"}]},"product_price_amount":"13.95","product_price_currency":"EUR","og_availability":"instock","product_availability":"instock","product_retailer_item_id":"96.01.2023","product_condition":"new"},"jetpack_publicize_connections":[],"jetpack_sharing_enabled":true,"_links":{"self":[{"href":"https:\/\/www.tourinto.pt\/en\/wp-json\/wp\/v2\/product\/11217","targetHints":{"allow":["GET"]}}],"collection":[{"href":"https:\/\/www.tourinto.pt\/en\/wp-json\/wp\/v2\/product"}],"about":[{"href":"https:\/\/www.tourinto.pt\/en\/wp-json\/wp\/v2\/types\/product"}],"replies":[{"embeddable":true,"href":"https:\/\/www.tourinto.pt\/en\/wp-json\/wp\/v2\/comments?post=11217"}],"wp:featuredmedia":[{"embeddable":true,"href":"https:\/\/www.tourinto.pt\/en\/wp-json\/wp\/v2\/media\/11218"}],"wp:attachment":[{"href":"https:\/\/www.tourinto.pt\/en\/wp-json\/wp\/v2\/media?parent=11217"}],"wp:term":[{"taxonomy":"product_brand","embeddable":true,"href":"https:\/\/www.tourinto.pt\/en\/wp-json\/wp\/v2\/product_brand?post=11217"},{"taxonomy":"product_cat","embeddable":true,"href":"https:\/\/www.tourinto.pt\/en\/wp-json\/wp\/v2\/product_cat?post=11217"},{"taxonomy":"product_tag","embeddable":true,"href":"https:\/\/www.tourinto.pt\/en\/wp-json\/wp\/v2\/product_tag?post=11217"}],"curies":[{"name":"wp","href":"https:\/\/api.w.org\/{rel}","templated":true}]}}