{"id":10669,"date":"2024-08-29T08:05:56","date_gmt":"2024-08-29T08:05:56","guid":{"rendered":"https:\/\/www.tourinto.pt\/?post_type=product&#038;p=10669"},"modified":"2026-01-16T10:19:02","modified_gmt":"2026-01-16T10:19:02","slug":"chao-dos-eremitas-os-paulistas","status":"publish","type":"product","link":"https:\/\/www.tourinto.pt\/en\/product\/chao-dos-eremitas-os-paulistas\/","title":{"rendered":"Ch\u00e3o dos Eremitas Os Paulistas 2021"},"content":{"rendered":"<div class=\"wpb-content-wrapper\"><div data-vc-full-width=\"true\" data-vc-full-width-init=\"false\" class=\"vc_row wpb_row vc_row-fluid vc_custom_1656585076455 vc_row-has-fill\"><div class=\"wpb_column vc_column_container vc_col-sm-12\"><div class=\"vc_column-inner\"><div class=\"wpb_wrapper\"><div class=\"vc_tta-container\" data-vc-action=\"collapse\"><div class=\"vc_general vc_tta vc_tta-tabs vc_tta-color-black vc_tta-style-flat vc_tta-shape-square vc_tta-spacing-1 vc_tta-o-no-fill vc_tta-tabs-position-top vc_tta-controls-align-left\"><div class=\"vc_tta-tabs-container\"><ul class=\"vc_tta-tabs-list\" role=\"tablist\"><li class=\"vc_tta-tab vc_active\" data-vc-tab role=\"presentation\"><a href=\"#1656584484701-0e478312-357c\" data-vc-tabs data-vc-container=\".vc_tta\" role=\"tab\" aria-selected=\"false\" id=\"tab-1656584484701-0e478312-357c\"><i class=\"vc_tta-icon vc-oi vc-oi-article\"><\/i><span class=\"vc_tta-title-text\">Description<\/span><\/a><\/li><\/ul><\/div><div class=\"vc_tta-panels-container\"><div class=\"vc_tta-panels\"><div class=\"vc_tta-panel vc_active\" id=\"1656584484701-0e478312-357c\" data-vc-content=\".vc_tta-panel-body\"><div class=\"vc_tta-panel-heading\"><h4 class=\"vc_tta-panel-title\"><a href=\"#1656584484701-0e478312-357c\" data-vc-accordion data-vc-container=\".vc_tta-container\"><i class=\"vc_tta-icon vc-oi vc-oi-article\"><\/i><span class=\"vc_tta-title-text\">Description<\/span><\/a><\/h4><\/div><div class=\"vc_tta-panel-body\">\n\t<div class=\"wpb_text_column wpb_content_element\" >\n\t\t<div class=\"wpb_wrapper\">\n\t\t\t<p><strong>Ch\u00e3o dos Eremitas Os Paulistas 2021<\/strong><\/p>\n<p><strong>Grape varieties: <\/strong>Old vines of Moreto, Alfrocheiro, Castel\u00e3o, Tinta Carvalha, Trincadeira.<br \/>\n<strong>Vinification: <\/strong>30% whole bunch and 70% destemmed, spontaneous fermentation in vats, followed by maceration for 25 to 40 days.<br \/>\n<strong>Aging: <\/strong>18 months in barrels with more than three years of French oak.<br \/>\n<strong>Colour: <\/strong>Ruby with some violet hints.<strong><br \/>\n<\/strong><strong>Aroma:<\/strong> \u00a0On the nose, lots of red forest fruit, as well as some undergrowth.<br \/>\n<strong>Flavour: <\/strong>Fresh attack, good fruit with hints of pomegranate. Very fine and long, with structure.<\/p>\n<hr style=\"border: #b0976d 1px dotted;\" \/>\n<p><strong>Serve:<\/strong> 16 to 18\u2070<br \/>\n<strong>Consumption: <\/strong>Storage.<\/p>\n<hr style=\"border: #b0976d 1px dotted;\" \/>\n<p><strong>Harmonisation: <\/strong>A red wine with good acidity, good for meat with some fat, casserole dishes.<\/p>\n<hr style=\"border: #b0976d 1px dotted;\" \/>\n<p><strong>Producer:<\/strong> <a href=\"https:\/\/www.tourinto.pt\/en\/produtores\/alentejo\/fitapreta\/\">Fitapreta<\/a><\/p>\n<p><strong>Enology:\u00a0<\/strong>Antonio Ma\u00e7anita<\/p>\n<p><strong>Category: <\/strong>Portuguese Wines \u2013 <a href=\"https:\/\/www.tourinto.pt\/en\/portugal\/vinhos-do-alentejo\/\">Alentejo<\/a><\/p>\n<p><strong>Awards and Notes:<\/strong><\/p>\n<ul>\n<li><strong>James Suckling<\/strong> &#8211; 96\/100 (2021)<\/li>\n<li><strong>Jancis Robinson<\/strong> &#8211; 18,5\/20 (2021)<\/li>\n<li><strong>Falstaff<\/strong> .- 96\/100 (2021)<\/li>\n<li><strong>Revista de Vinhos<\/strong> &#8211; 19\/100 (2021)<\/li>\n<\/ul>\n<p><a href=\"https:\/\/www.antoniomacanita.com\/pt\/adegas\/fitapreta\"><span style=\"color: #f1f1f1;\">black apple ribbon<\/span><\/a><\/p>\n\n\t\t<\/div>\n\t<\/div>\n<\/div><\/div><\/div><\/div><\/div><\/div><\/div><\/div><\/div><\/div><div class=\"vc_row-full-width vc_clearfix\"><\/div><div data-vc-full-width=\"true\" data-vc-full-width-init=\"false\" data-vc-stretch-content=\"true\" class=\"vc_row wpb_row vc_row-fluid vc_custom_1707592586823 vc_row-no-padding\"><div class=\"wpb_column vc_column_container vc_col-sm-12\"><div class=\"vc_column-inner\"><div class=\"wpb_wrapper\">\n<div class=\"vc_grid-container-wrapper vc_clearfix vc_grid-animation-fadeIn\">\n\t<div class=\"vc_grid-container vc_clearfix wpb_content_element vc_media_grid\" data-initial-loading-animation=\"fadeIn\" data-vc-grid-settings=\"{&quot;page_id&quot;:10669,&quot;style&quot;:&quot;all&quot;,&quot;action&quot;:&quot;vc_get_vc_grid_data&quot;,&quot;shortcode_id&quot;:&quot;1766923363028-5937a199-bca8-9&quot;,&quot;tag&quot;:&quot;vc_media_grid&quot;}\" data-vc-request=\"https:\/\/www.tourinto.pt\/wp-admin\/admin-ajax.php\" data-vc-post-id=\"10669\" data-vc-public-nonce=\"b902f86529\">\n\t\t\n\t<\/div>\n<\/div><\/div><\/div><\/div><\/div><div class=\"vc_row-full-width vc_clearfix\"><\/div>\n<\/div>","protected":false},"excerpt":{"rendered":"<p>Ch\u00e3o de Eremitas Os Paulistas, nome dado aos Eremitas da Ordem de S\u00e3o Paulo que j\u00e1 faziam o seu vinho neste local. Proveniente de vinhas velhas em produ\u00e7\u00e3o biol\u00f3gica, bem como de m\u00ednima interven\u00e7\u00e3o na adega, origina um vinho com notas de frutos do bosque e algum mato, para al\u00e9m de fresco e estruturado.<\/p>\n<p>Saiba mais sobre <a href=\"https:\/\/www.tourinto.pt\/produtores\/alentejo\/fitapreta\/\">Fitapreta.<\/a><\/p>\n[contact-form-7 id=\"4433d5d\" title=\"nota Uni\u00e3o Europeia\"]\n","protected":false},"featured_media":6557,"comment_status":"closed","ping_status":"closed","template":"","meta":{"_acf_changed":false,"_joinchat":[],"jetpack_publicize_message":"","jetpack_publicize_feature_enabled":true,"jetpack_social_post_already_shared":true,"jetpack_social_options":{"image_generator_settings":{"template":"highway","default_image_id":0,"font":"","enabled":false},"version":2}},"product_brand":[],"product_cat":[1058,17,363,297,83,424,100,81,44,365],"product_tag":[294,417,372,65,39],"class_list":{"0":"post-10669","1":"product","2":"type-product","3":"status-publish","4":"has-post-thumbnail","6":"product_cat-vinhas-velhas","7":"product_cat-vinho-tinto","8":"product_cat-biologico","9":"product_cat-minima-intervencao","10":"product_cat-alentejo","11":"product_cat-vinhos-portugal","12":"product_cat-tipologia","13":"product_cat-regiao","14":"product_cat-produtores","15":"product_cat-fitapreta","16":"product_tag-minima-intervencao","17":"product_tag-biologico","18":"product_tag-vinho-tinto","19":"product_tag-vinhas-velhas","20":"product_tag-alentejo","21":"pa_ano-33","22":"pa_castas-vinhas-velhas","23":"pa_categoria-vinhos-portugueses","24":"pa_enologia-antonio-macanita","25":"pa_harmonizacao-carnes-vermelhas","26":"pa_harmonizacao-pratos-de-tacho","27":"pa_harmonizacao-assados-de-carne","28":"pa_leveduras-indigenas","29":"pa_produtor-fitapreta","30":"pa_regiao-alentejo","31":"pa_tipologia-vinho-tinto","32":"pa_vinificacao-minima-intervencao","33":"pa_viticultura-biologica","34":"pa_volume-750ml","36":"first","37":"instock","38":"taxable","39":"shipping-taxable","40":"purchasable","41":"product-type-simple"},"acf":[],"yoast_head":"<!-- This site is optimized with the Yoast SEO Premium plugin v27.3 (Yoast SEO v27.4) - https:\/\/yoast.com\/product\/yoast-seo-premium-wordpress\/ -->\n<title>Ch\u00e3o dos Eremitas Os Paulistas 2021 - Tourinto Premium Wines<\/title>\n<meta name=\"description\" content=\"Ch\u00e3o de Eremitas Os Paulistas, nome dado aos Eremitas da ordem de S\u00e3o Paulo, \u00e9 o nome de um excecional vinho do Alentejo com assinatura de Ant\u00f3nio Ma\u00e7anita\" \/>\n<meta name=\"robots\" content=\"index, follow, max-snippet:-1, max-image-preview:large, max-video-preview:-1\" \/>\n<link rel=\"canonical\" href=\"https:\/\/www.tourinto.pt\/en\/product\/chao-dos-eremitas-os-paulistas\/\" \/>\n<meta property=\"og:locale\" content=\"en_GB\" \/>\n<meta property=\"og:type\" content=\"article\" \/>\n<meta property=\"og:title\" content=\"Ch\u00e3o dos Eremitas Os Paulistas 2021\" \/>\n<meta property=\"og:description\" content=\"Ch\u00e3o de Eremitas Os Paulistas, nome dado aos Eremitas da ordem de S\u00e3o Paulo, \u00e9 o nome de um excecional vinho do Alentejo com assinatura de Ant\u00f3nio Ma\u00e7anita\" \/>\n<meta property=\"og:url\" content=\"https:\/\/www.tourinto.pt\/en\/product\/chao-dos-eremitas-os-paulistas\/\" \/>\n<meta property=\"og:site_name\" content=\"Tourinto Premium Wines\" \/>\n<meta property=\"article:publisher\" content=\"https:\/\/www.facebook.com\/garrafeiratourinto\" \/>\n<meta property=\"article:modified_time\" content=\"2026-01-16T10:19:02+00:00\" \/>\n<meta property=\"og:image\" content=\"https:\/\/www.tourinto.pt\/wp-content\/uploads\/2023\/06\/Tourinto-tinto-paulistas.webp\" \/>\n\t<meta property=\"og:image:width\" content=\"881\" \/>\n\t<meta property=\"og:image:height\" content=\"1400\" \/>\n\t<meta property=\"og:image:type\" content=\"image\/webp\" \/>\n<meta name=\"twitter:card\" content=\"summary_large_image\" \/>\n<meta name=\"twitter:label1\" content=\"Price\" \/>\n\t<meta name=\"twitter:data1\" content=\"64,45&nbsp;&euro;\" \/>\n\t<meta name=\"twitter:label2\" content=\"Availability\" \/>\n\t<meta name=\"twitter:data2\" content=\"In stock\" \/>\n<script type=\"application\/ld+json\" class=\"yoast-schema-graph\">{\"@context\":\"https:\\\/\\\/schema.org\",\"@graph\":[{\"@type\":\"WebPage\",\"@id\":\"https:\\\/\\\/www.tourinto.pt\\\/product\\\/chao-dos-eremitas-os-paulistas\\\/\",\"url\":\"https:\\\/\\\/www.tourinto.pt\\\/product\\\/chao-dos-eremitas-os-paulistas\\\/\",\"name\":\"Ch\u00e3o dos Eremitas Os Paulistas 2021 - Tourinto Premium Wines\",\"isPartOf\":{\"@id\":\"https:\\\/\\\/www.tourinto.pt\\\/#website\"},\"primaryImageOfPage\":{\"@id\":\"https:\\\/\\\/www.tourinto.pt\\\/product\\\/chao-dos-eremitas-os-paulistas\\\/#primaryimage\"},\"image\":{\"@id\":\"https:\\\/\\\/www.tourinto.pt\\\/product\\\/chao-dos-eremitas-os-paulistas\\\/#primaryimage\"},\"thumbnailUrl\":\"https:\\\/\\\/i0.wp.com\\\/www.tourinto.pt\\\/wp-content\\\/uploads\\\/2023\\\/06\\\/Tourinto-tinto-paulistas.webp?fit=881%2C1400&ssl=1\",\"datePublished\":\"2024-08-29T08:05:56+00:00\",\"dateModified\":\"2026-01-16T10:19:02+00:00\",\"description\":\"Ch\u00e3o de Eremitas Os Paulistas, nome dado aos Eremitas da ordem de S\u00e3o Paulo, \u00e9 o nome de um excecional vinho do Alentejo com assinatura de Ant\u00f3nio Ma\u00e7anita\",\"breadcrumb\":{\"@id\":\"https:\\\/\\\/www.tourinto.pt\\\/product\\\/chao-dos-eremitas-os-paulistas\\\/#breadcrumb\"},\"inLanguage\":\"en-GB\",\"potentialAction\":[{\"@type\":\"ReadAction\",\"target\":[\"https:\\\/\\\/www.tourinto.pt\\\/product\\\/chao-dos-eremitas-os-paulistas\\\/\"]}]},{\"@type\":\"ImageObject\",\"inLanguage\":\"en-GB\",\"@id\":\"https:\\\/\\\/www.tourinto.pt\\\/product\\\/chao-dos-eremitas-os-paulistas\\\/#primaryimage\",\"url\":\"https:\\\/\\\/i0.wp.com\\\/www.tourinto.pt\\\/wp-content\\\/uploads\\\/2023\\\/06\\\/Tourinto-tinto-paulistas.webp?fit=881%2C1400&ssl=1\",\"contentUrl\":\"https:\\\/\\\/i0.wp.com\\\/www.tourinto.pt\\\/wp-content\\\/uploads\\\/2023\\\/06\\\/Tourinto-tinto-paulistas.webp?fit=881%2C1400&ssl=1\",\"width\":881,\"height\":1400,\"caption\":\"Fitaprepa Paulistas, Ma\u00e7anita Paulistas, Fitapreta Vinho Tinto, Paulistas Red Wine, Ma\u00e7anita Wines, Ma\u00e7anita Red Wine\"},{\"@type\":\"BreadcrumbList\",\"@id\":\"https:\\\/\\\/www.tourinto.pt\\\/product\\\/chao-dos-eremitas-os-paulistas\\\/#breadcrumb\",\"itemListElement\":[{\"@type\":\"ListItem\",\"position\":1,\"name\":\"In\u00edcio\",\"item\":\"https:\\\/\\\/www.tourinto.pt\\\/\"},{\"@type\":\"ListItem\",\"position\":2,\"name\":\"Garrafeira on-line\",\"item\":\"https:\\\/\\\/www.tourinto.pt\\\/garrafeira-on-line\\\/\"},{\"@type\":\"ListItem\",\"position\":3,\"name\":\"Ch\u00e3o dos Eremitas Os Paulistas 2021\"}]},{\"@type\":\"WebSite\",\"@id\":\"https:\\\/\\\/www.tourinto.pt\\\/#website\",\"url\":\"https:\\\/\\\/www.tourinto.pt\\\/\",\"name\":\"Tourinto Premium Wines\",\"description\":\"Garrafeira on-line\",\"publisher\":{\"@id\":\"https:\\\/\\\/www.tourinto.pt\\\/#organization\"},\"alternateName\":\"Garrafeira on-line\",\"potentialAction\":[{\"@type\":\"SearchAction\",\"target\":{\"@type\":\"EntryPoint\",\"urlTemplate\":\"https:\\\/\\\/www.tourinto.pt\\\/?s={search_term_string}\"},\"query-input\":{\"@type\":\"PropertyValueSpecification\",\"valueRequired\":true,\"valueName\":\"search_term_string\"}}],\"inLanguage\":\"en-GB\"},{\"@type\":[\"Organization\",\"Place\"],\"@id\":\"https:\\\/\\\/www.tourinto.pt\\\/#organization\",\"name\":\"Tourinto\",\"alternateName\":\"Garrafeira Tourinto, Lda.\",\"url\":\"https:\\\/\\\/www.tourinto.pt\\\/\",\"logo\":{\"@id\":\"https:\\\/\\\/www.tourinto.pt\\\/product\\\/chao-dos-eremitas-os-paulistas\\\/#local-main-organization-logo\"},\"image\":{\"@id\":\"https:\\\/\\\/www.tourinto.pt\\\/product\\\/chao-dos-eremitas-os-paulistas\\\/#local-main-organization-logo\"},\"sameAs\":[\"https:\\\/\\\/www.facebook.com\\\/garrafeiratourinto\",\"https:\\\/\\\/www.instagram.com\\\/garrafeiratourinto\\\/\"],\"telephone\":[],\"openingHoursSpecification\":[{\"@type\":\"OpeningHoursSpecification\",\"dayOfWeek\":[\"Monday\",\"Tuesday\",\"Wednesday\",\"Thursday\",\"Friday\",\"Saturday\",\"Sunday\"],\"opens\":\"09:00\",\"closes\":\"17:00\"}]},{\"@type\":\"ImageObject\",\"inLanguage\":\"en-GB\",\"@id\":\"https:\\\/\\\/www.tourinto.pt\\\/product\\\/chao-dos-eremitas-os-paulistas\\\/#local-main-organization-logo\",\"url\":\"https:\\\/\\\/i0.wp.com\\\/www.tourinto.pt\\\/wp-content\\\/uploads\\\/2022\\\/07\\\/tourinto-logo-big.png?fit=1400%2C505&ssl=1\",\"contentUrl\":\"https:\\\/\\\/i0.wp.com\\\/www.tourinto.pt\\\/wp-content\\\/uploads\\\/2022\\\/07\\\/tourinto-logo-big.png?fit=1400%2C505&ssl=1\",\"width\":1400,\"height\":505,\"caption\":\"Tourinto\"}]}<\/script>\n<meta property=\"product:price:amount\" content=\"64.45\" \/>\n<meta property=\"product:price:currency\" content=\"EUR\" \/>\n<meta property=\"og:availability\" content=\"instock\" \/>\n<meta property=\"product:availability\" content=\"instock\" \/>\n<meta property=\"product:retailer_item_id\" content=\"47.01.2021\" \/>\n<meta property=\"product:condition\" content=\"new\" \/>\n<!-- \/ Yoast SEO Premium plugin. -->","yoast_head_json":{"title":"Ch\u00e3o dos Eremitas Os Paulistas 2021 - Tourinto Premium Wines","description":"Ch\u00e3o de Eremitas Os Paulistas, nome dado aos Eremitas da ordem de S\u00e3o Paulo, \u00e9 o nome de um excecional vinho do Alentejo com assinatura de Ant\u00f3nio Ma\u00e7anita","robots":{"index":"index","follow":"follow","max-snippet":"max-snippet:-1","max-image-preview":"max-image-preview:large","max-video-preview":"max-video-preview:-1"},"canonical":"https:\/\/www.tourinto.pt\/en\/product\/chao-dos-eremitas-os-paulistas\/","og_locale":"en_GB","og_type":"article","og_title":"Ch\u00e3o dos Eremitas Os Paulistas 2021","og_description":"Ch\u00e3o de Eremitas Os Paulistas, nome dado aos Eremitas da ordem de S\u00e3o Paulo, \u00e9 o nome de um excecional vinho do Alentejo com assinatura de Ant\u00f3nio Ma\u00e7anita","og_url":"https:\/\/www.tourinto.pt\/en\/product\/chao-dos-eremitas-os-paulistas\/","og_site_name":"Tourinto Premium Wines","article_publisher":"https:\/\/www.facebook.com\/garrafeiratourinto","article_modified_time":"2026-01-16T10:19:02+00:00","og_image":[{"width":881,"height":1400,"url":"https:\/\/www.tourinto.pt\/wp-content\/uploads\/2023\/06\/Tourinto-tinto-paulistas.webp","type":"image\/webp"}],"twitter_card":"summary_large_image","twitter_misc":{"Price":"64,45&nbsp;&euro;","Availability":"In stock"},"schema":{"@context":"https:\/\/schema.org","@graph":[{"@type":"WebPage","@id":"https:\/\/www.tourinto.pt\/product\/chao-dos-eremitas-os-paulistas\/","url":"https:\/\/www.tourinto.pt\/product\/chao-dos-eremitas-os-paulistas\/","name":"Ch\u00e3o dos Eremitas Os Paulistas 2021 - Tourinto Premium Wines","isPartOf":{"@id":"https:\/\/www.tourinto.pt\/#website"},"primaryImageOfPage":{"@id":"https:\/\/www.tourinto.pt\/product\/chao-dos-eremitas-os-paulistas\/#primaryimage"},"image":{"@id":"https:\/\/www.tourinto.pt\/product\/chao-dos-eremitas-os-paulistas\/#primaryimage"},"thumbnailUrl":"https:\/\/i0.wp.com\/www.tourinto.pt\/wp-content\/uploads\/2023\/06\/Tourinto-tinto-paulistas.webp?fit=881%2C1400&ssl=1","datePublished":"2024-08-29T08:05:56+00:00","dateModified":"2026-01-16T10:19:02+00:00","description":"Ch\u00e3o de Eremitas Os Paulistas, nome dado aos Eremitas da ordem de S\u00e3o Paulo, \u00e9 o nome de um excecional vinho do Alentejo com assinatura de Ant\u00f3nio Ma\u00e7anita","breadcrumb":{"@id":"https:\/\/www.tourinto.pt\/product\/chao-dos-eremitas-os-paulistas\/#breadcrumb"},"inLanguage":"en-GB","potentialAction":[{"@type":"ReadAction","target":["https:\/\/www.tourinto.pt\/product\/chao-dos-eremitas-os-paulistas\/"]}]},{"@type":"ImageObject","inLanguage":"en-GB","@id":"https:\/\/www.tourinto.pt\/product\/chao-dos-eremitas-os-paulistas\/#primaryimage","url":"https:\/\/i0.wp.com\/www.tourinto.pt\/wp-content\/uploads\/2023\/06\/Tourinto-tinto-paulistas.webp?fit=881%2C1400&ssl=1","contentUrl":"https:\/\/i0.wp.com\/www.tourinto.pt\/wp-content\/uploads\/2023\/06\/Tourinto-tinto-paulistas.webp?fit=881%2C1400&ssl=1","width":881,"height":1400,"caption":"Fitaprepa Paulistas, Ma\u00e7anita Paulistas, Fitapreta Vinho Tinto, Paulistas Red Wine, Ma\u00e7anita Wines, Ma\u00e7anita Red Wine"},{"@type":"BreadcrumbList","@id":"https:\/\/www.tourinto.pt\/product\/chao-dos-eremitas-os-paulistas\/#breadcrumb","itemListElement":[{"@type":"ListItem","position":1,"name":"In\u00edcio","item":"https:\/\/www.tourinto.pt\/"},{"@type":"ListItem","position":2,"name":"Garrafeira on-line","item":"https:\/\/www.tourinto.pt\/garrafeira-on-line\/"},{"@type":"ListItem","position":3,"name":"Ch\u00e3o dos Eremitas Os Paulistas 2021"}]},{"@type":"WebSite","@id":"https:\/\/www.tourinto.pt\/#website","url":"https:\/\/www.tourinto.pt\/","name":"Tourinto Premium Wines","description":"Wine Shop online","publisher":{"@id":"https:\/\/www.tourinto.pt\/#organization"},"alternateName":"Garrafeira on-line","potentialAction":[{"@type":"SearchAction","target":{"@type":"EntryPoint","urlTemplate":"https:\/\/www.tourinto.pt\/?s={search_term_string}"},"query-input":{"@type":"PropertyValueSpecification","valueRequired":true,"valueName":"search_term_string"}}],"inLanguage":"en-GB"},{"@type":["Organization","Place"],"@id":"https:\/\/www.tourinto.pt\/#organization","name":"Tourinto","alternateName":"Garrafeira Tourinto, Lda.","url":"https:\/\/www.tourinto.pt\/","logo":{"@id":"https:\/\/www.tourinto.pt\/product\/chao-dos-eremitas-os-paulistas\/#local-main-organization-logo"},"image":{"@id":"https:\/\/www.tourinto.pt\/product\/chao-dos-eremitas-os-paulistas\/#local-main-organization-logo"},"sameAs":["https:\/\/www.facebook.com\/garrafeiratourinto","https:\/\/www.instagram.com\/garrafeiratourinto\/"],"telephone":[],"openingHoursSpecification":[{"@type":"OpeningHoursSpecification","dayOfWeek":["Monday","Tuesday","Wednesday","Thursday","Friday","Saturday","Sunday"],"opens":"09:00","closes":"17:00"}]},{"@type":"ImageObject","inLanguage":"en-GB","@id":"https:\/\/www.tourinto.pt\/product\/chao-dos-eremitas-os-paulistas\/#local-main-organization-logo","url":"https:\/\/i0.wp.com\/www.tourinto.pt\/wp-content\/uploads\/2022\/07\/tourinto-logo-big.png?fit=1400%2C505&ssl=1","contentUrl":"https:\/\/i0.wp.com\/www.tourinto.pt\/wp-content\/uploads\/2022\/07\/tourinto-logo-big.png?fit=1400%2C505&ssl=1","width":1400,"height":505,"caption":"Tourinto"}]},"product_price_amount":"64.45","product_price_currency":"EUR","og_availability":"instock","product_availability":"instock","product_retailer_item_id":"47.01.2021","product_condition":"new"},"jetpack_publicize_connections":[],"jetpack_sharing_enabled":true,"_links":{"self":[{"href":"https:\/\/www.tourinto.pt\/en\/wp-json\/wp\/v2\/product\/10669","targetHints":{"allow":["GET"]}}],"collection":[{"href":"https:\/\/www.tourinto.pt\/en\/wp-json\/wp\/v2\/product"}],"about":[{"href":"https:\/\/www.tourinto.pt\/en\/wp-json\/wp\/v2\/types\/product"}],"replies":[{"embeddable":true,"href":"https:\/\/www.tourinto.pt\/en\/wp-json\/wp\/v2\/comments?post=10669"}],"wp:featuredmedia":[{"embeddable":true,"href":"https:\/\/www.tourinto.pt\/en\/wp-json\/wp\/v2\/media\/6557"}],"wp:attachment":[{"href":"https:\/\/www.tourinto.pt\/en\/wp-json\/wp\/v2\/media?parent=10669"}],"wp:term":[{"taxonomy":"product_brand","embeddable":true,"href":"https:\/\/www.tourinto.pt\/en\/wp-json\/wp\/v2\/product_brand?post=10669"},{"taxonomy":"product_cat","embeddable":true,"href":"https:\/\/www.tourinto.pt\/en\/wp-json\/wp\/v2\/product_cat?post=10669"},{"taxonomy":"product_tag","embeddable":true,"href":"https:\/\/www.tourinto.pt\/en\/wp-json\/wp\/v2\/product_tag?post=10669"}],"curies":[{"name":"wp","href":"https:\/\/api.w.org\/{rel}","templated":true}]}}