{"id":10225,"date":"2024-07-09T15:27:46","date_gmt":"2024-07-09T15:27:46","guid":{"rendered":"https:\/\/www.tourinto.pt\/?post_type=product&#038;p=10225"},"modified":"2026-03-16T22:27:41","modified_gmt":"2026-03-16T22:27:41","slug":"quinta-de-san-michel-curtimenta","status":"publish","type":"product","link":"https:\/\/www.tourinto.pt\/en\/product\/quinta-de-san-michel-curtimenta\/","title":{"rendered":"Quinta de San Michel Curtimenta 2022"},"content":{"rendered":"<p><strong>Quinta de San Michel Orange Wine<\/strong><\/p>\n<p><strong>Grape varieties: <\/strong>Malvasia de Colares and Arinto.<br \/>\n<strong>Vinification:<\/strong> Destemming and partial crushing, followed by maceration for 15 days, pressing and transfer to barrels.<br \/>\n<strong>Aging: <\/strong>12 months in used oak barrels and 6 months in bottle.<br \/>\n<strong>Colour: <\/strong>Golden yellow color.<strong><br \/>\n<\/strong><b>Aroma: <\/b>Unique complexity, presenting notes ranging from citrus, peach, green melon, acacia, mint to notes of smoke, honey and resin.\u00a0\u00a0<b><br \/>\n<strong>Flavour:<\/strong><\/b>\u00a0Dry, with vibrant acidity well integrated with ample volume on the palate. Astringent character from the tanning process, ending with a persistent, salty finish.<\/p>\n<hr style=\"border: #b0976d 1px dotted\" \/>\n<p><strong>Serve:<\/strong> 10 to 12\u2070<br \/>\n<strong>Consumption: <\/strong>Immediate or storage.<\/p>\n<hr style=\"border: #b0976d 1px dotted\" \/>\n<p><strong>Harmonisation:<\/strong> Meat dishes such as Negrais suckling pig or oven-roasted lamb.<\/p>\n<hr style=\"border: #b0976d 1px dotted\" \/>\n<p><strong>Producer: <\/strong><a href=\"https:\/\/www.tourinto.pt\/en\/produtores\/lisboa\/quinta-de-san-michael\/\">Quinta de San Michel<\/a><\/p>\n<p><strong>Enology: <\/strong>Alexandre Guedes<\/p>\n<p><strong>Category:<\/strong>Portuguese Wines \u2013 <a href=\"https:\/\/www.tourinto.pt\/en\/portugal\/vinhos-de-lisboa\/\">Lisboa<\/a> &#8211; Colares<\/p>\n<p><strong>Awards and Notes:<\/strong><\/p>\n<ul>\n<li><strong>Revista de Vinhos<\/strong> &#8211; 90\/100 (2022)<\/li>\n<\/ul>\n<p><strong><a href=\"https:\/\/quintadesanmichel.pt\/\"><span style=\"color: #f1f1f1\">quinta de san michel<\/span><\/a><\/strong><\/p>","protected":false},"excerpt":{"rendered":"<p>Quinta de San Michel Curtimenta \u00e9 um vinho com uma complexidade \u00fanica, apresentando notas desde citrinos, p\u00eassego e mel\u00e3o verde, assim como de ac\u00e1cia, hortel\u00e3, fumo, mel e resina. Seco na boca, com uma acidez vibrante e amplo volume, para al\u00e9m de um final persistente e salino.<\/p>\n<p>Saiba mais sobre a <a href=\"https:\/\/www.tourinto.pt\/produtores\/lisboa\/quinta-de-san-michael\/\">Quinta da San Michel<\/a>.<\/p>\n[contact-form-7 id=\"4433d5d\" title=\"nota Uni\u00e3o Europeia\"]\n","protected":false},"featured_media":10226,"comment_status":"closed","ping_status":"closed","template":"","meta":{"_acf_changed":false,"_joinchat":[],"jetpack_publicize_message":"","jetpack_publicize_feature_enabled":true,"jetpack_social_post_already_shared":true,"jetpack_social_options":{"image_generator_settings":{"template":"highway","default_image_id":0,"font":"","enabled":false},"version":2}},"product_brand":[],"product_cat":[1470,1471,1280,1134,18,363,297,424,433,392,113,100,81,44,468],"product_tag":[373,307,294,277,110],"class_list":{"0":"post-10225","1":"product","2":"type-product","3":"status-publish","4":"has-post-thumbnail","6":"product_cat-brancos-atlanticos","7":"product_cat-produtores-pequenos","8":"product_cat-ready-to-drink","9":"product_cat-blend-brancos","10":"product_cat-vinho-branco","11":"product_cat-biologico","12":"product_cat-minima-intervencao","13":"product_cat-vinhos-portugal","14":"product_cat-curtimenta","15":"product_cat-pequenos-produtores","16":"product_cat-lisboa","17":"product_cat-tipologia","18":"product_cat-regiao","19":"product_cat-produtores","20":"product_cat-quinta-de-san-michael","21":"product_tag-vinho-branco","22":"product_tag-colares","23":"product_tag-minima-intervencao","24":"product_tag-malvasia-de-colares","25":"product_tag-lisboa","26":"pa_ano-336","27":"pa_castas-malvasia-de-colares","28":"pa_castas-arinto","29":"pa_categoria-vinhos-portugueses","30":"pa_enologia-alexandre-guedes","31":"pa_harmonizacao-carnes-brancas","32":"pa_harmonizacao-carnes-assadas","33":"pa_harmonizacao-borrego","34":"pa_leveduras-indigenas","35":"pa_produtor-quinta-de-san-michel","36":"pa_regiao-lisboa-colares","37":"pa_tipologia-branco-curtimenta","38":"pa_vinificacao-minima-intervencao","39":"pa_viticultura-sustentavel-protecao-integrada","40":"pa_volume-750ml","42":"first","43":"instock","44":"taxable","45":"shipping-taxable","46":"purchasable","47":"product-type-simple"},"acf":[],"yoast_head":"<!-- This site is optimized with the Yoast SEO Premium plugin v27.3 (Yoast SEO v27.4) - https:\/\/yoast.com\/product\/yoast-seo-premium-wordpress\/ -->\n<title>Quinta de San Michel Curtimenta 2022 - Tourinto Premium Wines<\/title>\n<meta name=\"description\" content=\"Quinta de San Michel Curtimenta \u00e9 um vinho com uma complexidade \u00fanica, com notas de citrinos, ac\u00e1cia, hortel\u00e3, fumo e resina, persistente e salino.\" \/>\n<meta name=\"robots\" content=\"index, follow, max-snippet:-1, max-image-preview:large, max-video-preview:-1\" \/>\n<link rel=\"canonical\" href=\"https:\/\/www.tourinto.pt\/en\/product\/quinta-de-san-michel-curtimenta\/\" \/>\n<meta property=\"og:locale\" content=\"en_GB\" \/>\n<meta property=\"og:type\" content=\"article\" \/>\n<meta property=\"og:title\" content=\"Quinta de San Michel Curtimenta 2022\" \/>\n<meta property=\"og:description\" content=\"Quinta de San Michel Curtimenta \u00e9 um vinho com uma complexidade \u00fanica, com notas de citrinos, ac\u00e1cia, hortel\u00e3, fumo e resina, persistente e salino.\" \/>\n<meta property=\"og:url\" content=\"https:\/\/www.tourinto.pt\/en\/product\/quinta-de-san-michel-curtimenta\/\" \/>\n<meta property=\"og:site_name\" content=\"Tourinto Premium Wines\" \/>\n<meta property=\"article:publisher\" content=\"https:\/\/www.facebook.com\/garrafeiratourinto\" \/>\n<meta property=\"article:modified_time\" content=\"2026-03-16T22:27:41+00:00\" \/>\n<meta property=\"og:image\" content=\"https:\/\/www.tourinto.pt\/wp-content\/uploads\/2024\/07\/San-Michel-Curtimenta.png\" \/>\n\t<meta property=\"og:image:width\" content=\"881\" \/>\n\t<meta property=\"og:image:height\" content=\"1400\" \/>\n\t<meta property=\"og:image:type\" content=\"image\/png\" \/>\n<meta name=\"twitter:card\" content=\"summary_large_image\" \/>\n<meta name=\"twitter:label1\" content=\"Price\" \/>\n\t<meta name=\"twitter:data1\" content=\"32,00&nbsp;&euro;\" \/>\n\t<meta name=\"twitter:label2\" content=\"Availability\" \/>\n\t<meta name=\"twitter:data2\" content=\"In stock\" \/>\n<script type=\"application\/ld+json\" class=\"yoast-schema-graph\">{\"@context\":\"https:\\\/\\\/schema.org\",\"@graph\":[{\"@type\":\"WebPage\",\"@id\":\"https:\\\/\\\/www.tourinto.pt\\\/product\\\/quinta-de-san-michel-curtimenta\\\/\",\"url\":\"https:\\\/\\\/www.tourinto.pt\\\/product\\\/quinta-de-san-michel-curtimenta\\\/\",\"name\":\"Quinta de San Michel Curtimenta 2022 - Tourinto Premium Wines\",\"isPartOf\":{\"@id\":\"https:\\\/\\\/www.tourinto.pt\\\/#website\"},\"primaryImageOfPage\":{\"@id\":\"https:\\\/\\\/www.tourinto.pt\\\/product\\\/quinta-de-san-michel-curtimenta\\\/#primaryimage\"},\"image\":{\"@id\":\"https:\\\/\\\/www.tourinto.pt\\\/product\\\/quinta-de-san-michel-curtimenta\\\/#primaryimage\"},\"thumbnailUrl\":\"https:\\\/\\\/i0.wp.com\\\/www.tourinto.pt\\\/wp-content\\\/uploads\\\/2024\\\/07\\\/San-Michel-Curtimenta.png?fit=881%2C1400&ssl=1\",\"datePublished\":\"2024-07-09T15:27:46+00:00\",\"dateModified\":\"2026-03-16T22:27:41+00:00\",\"description\":\"Quinta de San Michel Curtimenta \u00e9 um vinho com uma complexidade \u00fanica, com notas de citrinos, ac\u00e1cia, hortel\u00e3, fumo e resina, persistente e salino.\",\"breadcrumb\":{\"@id\":\"https:\\\/\\\/www.tourinto.pt\\\/product\\\/quinta-de-san-michel-curtimenta\\\/#breadcrumb\"},\"inLanguage\":\"en-GB\",\"potentialAction\":[{\"@type\":\"ReadAction\",\"target\":[\"https:\\\/\\\/www.tourinto.pt\\\/product\\\/quinta-de-san-michel-curtimenta\\\/\"]}]},{\"@type\":\"ImageObject\",\"inLanguage\":\"en-GB\",\"@id\":\"https:\\\/\\\/www.tourinto.pt\\\/product\\\/quinta-de-san-michel-curtimenta\\\/#primaryimage\",\"url\":\"https:\\\/\\\/i0.wp.com\\\/www.tourinto.pt\\\/wp-content\\\/uploads\\\/2024\\\/07\\\/San-Michel-Curtimenta.png?fit=881%2C1400&ssl=1\",\"contentUrl\":\"https:\\\/\\\/i0.wp.com\\\/www.tourinto.pt\\\/wp-content\\\/uploads\\\/2024\\\/07\\\/San-Michel-Curtimenta.png?fit=881%2C1400&ssl=1\",\"width\":881,\"height\":1400,\"caption\":\"San Michel Curtimenta, Vinho de Curtimenta Quinta de San Michel, Quinta de San Michel Orange Wine, Curtimenta Quinta de San Michel, Quinta de San Michel Vinho Branco\"},{\"@type\":\"BreadcrumbList\",\"@id\":\"https:\\\/\\\/www.tourinto.pt\\\/product\\\/quinta-de-san-michel-curtimenta\\\/#breadcrumb\",\"itemListElement\":[{\"@type\":\"ListItem\",\"position\":1,\"name\":\"In\u00edcio\",\"item\":\"https:\\\/\\\/www.tourinto.pt\\\/\"},{\"@type\":\"ListItem\",\"position\":2,\"name\":\"Garrafeira on-line\",\"item\":\"https:\\\/\\\/www.tourinto.pt\\\/garrafeira-on-line\\\/\"},{\"@type\":\"ListItem\",\"position\":3,\"name\":\"Quinta de San Michel Curtimenta 2022\"}]},{\"@type\":\"WebSite\",\"@id\":\"https:\\\/\\\/www.tourinto.pt\\\/#website\",\"url\":\"https:\\\/\\\/www.tourinto.pt\\\/\",\"name\":\"Tourinto Premium Wines\",\"description\":\"Garrafeira on-line\",\"publisher\":{\"@id\":\"https:\\\/\\\/www.tourinto.pt\\\/#organization\"},\"alternateName\":\"Garrafeira on-line\",\"potentialAction\":[{\"@type\":\"SearchAction\",\"target\":{\"@type\":\"EntryPoint\",\"urlTemplate\":\"https:\\\/\\\/www.tourinto.pt\\\/?s={search_term_string}\"},\"query-input\":{\"@type\":\"PropertyValueSpecification\",\"valueRequired\":true,\"valueName\":\"search_term_string\"}}],\"inLanguage\":\"en-GB\"},{\"@type\":[\"Organization\",\"Place\"],\"@id\":\"https:\\\/\\\/www.tourinto.pt\\\/#organization\",\"name\":\"Tourinto\",\"alternateName\":\"Garrafeira Tourinto, Lda.\",\"url\":\"https:\\\/\\\/www.tourinto.pt\\\/\",\"logo\":{\"@id\":\"https:\\\/\\\/www.tourinto.pt\\\/product\\\/quinta-de-san-michel-curtimenta\\\/#local-main-organization-logo\"},\"image\":{\"@id\":\"https:\\\/\\\/www.tourinto.pt\\\/product\\\/quinta-de-san-michel-curtimenta\\\/#local-main-organization-logo\"},\"sameAs\":[\"https:\\\/\\\/www.facebook.com\\\/garrafeiratourinto\",\"https:\\\/\\\/www.instagram.com\\\/garrafeiratourinto\\\/\"],\"telephone\":[],\"openingHoursSpecification\":[{\"@type\":\"OpeningHoursSpecification\",\"dayOfWeek\":[\"Monday\",\"Tuesday\",\"Wednesday\",\"Thursday\",\"Friday\",\"Saturday\",\"Sunday\"],\"opens\":\"09:00\",\"closes\":\"17:00\"}]},{\"@type\":\"ImageObject\",\"inLanguage\":\"en-GB\",\"@id\":\"https:\\\/\\\/www.tourinto.pt\\\/product\\\/quinta-de-san-michel-curtimenta\\\/#local-main-organization-logo\",\"url\":\"https:\\\/\\\/i0.wp.com\\\/www.tourinto.pt\\\/wp-content\\\/uploads\\\/2022\\\/07\\\/tourinto-logo-big.png?fit=1400%2C505&ssl=1\",\"contentUrl\":\"https:\\\/\\\/i0.wp.com\\\/www.tourinto.pt\\\/wp-content\\\/uploads\\\/2022\\\/07\\\/tourinto-logo-big.png?fit=1400%2C505&ssl=1\",\"width\":1400,\"height\":505,\"caption\":\"Tourinto\"}]}<\/script>\n<meta property=\"product:price:amount\" content=\"32.00\" \/>\n<meta property=\"product:price:currency\" content=\"EUR\" \/>\n<meta property=\"og:availability\" content=\"instock\" \/>\n<meta property=\"product:availability\" content=\"instock\" \/>\n<meta property=\"product:retailer_item_id\" content=\"85.03.2022\" \/>\n<meta property=\"product:condition\" content=\"new\" \/>\n<!-- \/ Yoast SEO Premium plugin. -->","yoast_head_json":{"title":"Quinta de San Michel Curtimenta 2022 - Tourinto Premium Wines","description":"Quinta de San Michel Curtimenta \u00e9 um vinho com uma complexidade \u00fanica, com notas de citrinos, ac\u00e1cia, hortel\u00e3, fumo e resina, persistente e salino.","robots":{"index":"index","follow":"follow","max-snippet":"max-snippet:-1","max-image-preview":"max-image-preview:large","max-video-preview":"max-video-preview:-1"},"canonical":"https:\/\/www.tourinto.pt\/en\/product\/quinta-de-san-michel-curtimenta\/","og_locale":"en_GB","og_type":"article","og_title":"Quinta de San Michel Curtimenta 2022","og_description":"Quinta de San Michel Curtimenta \u00e9 um vinho com uma complexidade \u00fanica, com notas de citrinos, ac\u00e1cia, hortel\u00e3, fumo e resina, persistente e salino.","og_url":"https:\/\/www.tourinto.pt\/en\/product\/quinta-de-san-michel-curtimenta\/","og_site_name":"Tourinto Premium Wines","article_publisher":"https:\/\/www.facebook.com\/garrafeiratourinto","article_modified_time":"2026-03-16T22:27:41+00:00","og_image":[{"width":881,"height":1400,"url":"https:\/\/www.tourinto.pt\/wp-content\/uploads\/2024\/07\/San-Michel-Curtimenta.png","type":"image\/png"}],"twitter_card":"summary_large_image","twitter_misc":{"Price":"32,00&nbsp;&euro;","Availability":"In stock"},"schema":{"@context":"https:\/\/schema.org","@graph":[{"@type":"WebPage","@id":"https:\/\/www.tourinto.pt\/product\/quinta-de-san-michel-curtimenta\/","url":"https:\/\/www.tourinto.pt\/product\/quinta-de-san-michel-curtimenta\/","name":"Quinta de San Michel Curtimenta 2022 - Tourinto Premium Wines","isPartOf":{"@id":"https:\/\/www.tourinto.pt\/#website"},"primaryImageOfPage":{"@id":"https:\/\/www.tourinto.pt\/product\/quinta-de-san-michel-curtimenta\/#primaryimage"},"image":{"@id":"https:\/\/www.tourinto.pt\/product\/quinta-de-san-michel-curtimenta\/#primaryimage"},"thumbnailUrl":"https:\/\/i0.wp.com\/www.tourinto.pt\/wp-content\/uploads\/2024\/07\/San-Michel-Curtimenta.png?fit=881%2C1400&ssl=1","datePublished":"2024-07-09T15:27:46+00:00","dateModified":"2026-03-16T22:27:41+00:00","description":"Quinta de San Michel Curtimenta \u00e9 um vinho com uma complexidade \u00fanica, com notas de citrinos, ac\u00e1cia, hortel\u00e3, fumo e resina, persistente e salino.","breadcrumb":{"@id":"https:\/\/www.tourinto.pt\/product\/quinta-de-san-michel-curtimenta\/#breadcrumb"},"inLanguage":"en-GB","potentialAction":[{"@type":"ReadAction","target":["https:\/\/www.tourinto.pt\/product\/quinta-de-san-michel-curtimenta\/"]}]},{"@type":"ImageObject","inLanguage":"en-GB","@id":"https:\/\/www.tourinto.pt\/product\/quinta-de-san-michel-curtimenta\/#primaryimage","url":"https:\/\/i0.wp.com\/www.tourinto.pt\/wp-content\/uploads\/2024\/07\/San-Michel-Curtimenta.png?fit=881%2C1400&ssl=1","contentUrl":"https:\/\/i0.wp.com\/www.tourinto.pt\/wp-content\/uploads\/2024\/07\/San-Michel-Curtimenta.png?fit=881%2C1400&ssl=1","width":881,"height":1400,"caption":"San Michel Curtimenta, Vinho de Curtimenta Quinta de San Michel, Quinta de San Michel Orange Wine, Curtimenta Quinta de San Michel, Quinta de San Michel Vinho Branco"},{"@type":"BreadcrumbList","@id":"https:\/\/www.tourinto.pt\/product\/quinta-de-san-michel-curtimenta\/#breadcrumb","itemListElement":[{"@type":"ListItem","position":1,"name":"In\u00edcio","item":"https:\/\/www.tourinto.pt\/"},{"@type":"ListItem","position":2,"name":"Garrafeira on-line","item":"https:\/\/www.tourinto.pt\/garrafeira-on-line\/"},{"@type":"ListItem","position":3,"name":"Quinta de San Michel Curtimenta 2022"}]},{"@type":"WebSite","@id":"https:\/\/www.tourinto.pt\/#website","url":"https:\/\/www.tourinto.pt\/","name":"Tourinto Premium Wines","description":"Wine Shop online","publisher":{"@id":"https:\/\/www.tourinto.pt\/#organization"},"alternateName":"Garrafeira on-line","potentialAction":[{"@type":"SearchAction","target":{"@type":"EntryPoint","urlTemplate":"https:\/\/www.tourinto.pt\/?s={search_term_string}"},"query-input":{"@type":"PropertyValueSpecification","valueRequired":true,"valueName":"search_term_string"}}],"inLanguage":"en-GB"},{"@type":["Organization","Place"],"@id":"https:\/\/www.tourinto.pt\/#organization","name":"Tourinto","alternateName":"Garrafeira Tourinto, Lda.","url":"https:\/\/www.tourinto.pt\/","logo":{"@id":"https:\/\/www.tourinto.pt\/product\/quinta-de-san-michel-curtimenta\/#local-main-organization-logo"},"image":{"@id":"https:\/\/www.tourinto.pt\/product\/quinta-de-san-michel-curtimenta\/#local-main-organization-logo"},"sameAs":["https:\/\/www.facebook.com\/garrafeiratourinto","https:\/\/www.instagram.com\/garrafeiratourinto\/"],"telephone":[],"openingHoursSpecification":[{"@type":"OpeningHoursSpecification","dayOfWeek":["Monday","Tuesday","Wednesday","Thursday","Friday","Saturday","Sunday"],"opens":"09:00","closes":"17:00"}]},{"@type":"ImageObject","inLanguage":"en-GB","@id":"https:\/\/www.tourinto.pt\/product\/quinta-de-san-michel-curtimenta\/#local-main-organization-logo","url":"https:\/\/i0.wp.com\/www.tourinto.pt\/wp-content\/uploads\/2022\/07\/tourinto-logo-big.png?fit=1400%2C505&ssl=1","contentUrl":"https:\/\/i0.wp.com\/www.tourinto.pt\/wp-content\/uploads\/2022\/07\/tourinto-logo-big.png?fit=1400%2C505&ssl=1","width":1400,"height":505,"caption":"Tourinto"}]},"product_price_amount":"32.00","product_price_currency":"EUR","og_availability":"instock","product_availability":"instock","product_retailer_item_id":"85.03.2022","product_condition":"new"},"jetpack_publicize_connections":[],"jetpack_sharing_enabled":true,"_links":{"self":[{"href":"https:\/\/www.tourinto.pt\/en\/wp-json\/wp\/v2\/product\/10225","targetHints":{"allow":["GET"]}}],"collection":[{"href":"https:\/\/www.tourinto.pt\/en\/wp-json\/wp\/v2\/product"}],"about":[{"href":"https:\/\/www.tourinto.pt\/en\/wp-json\/wp\/v2\/types\/product"}],"replies":[{"embeddable":true,"href":"https:\/\/www.tourinto.pt\/en\/wp-json\/wp\/v2\/comments?post=10225"}],"wp:featuredmedia":[{"embeddable":true,"href":"https:\/\/www.tourinto.pt\/en\/wp-json\/wp\/v2\/media\/10226"}],"wp:attachment":[{"href":"https:\/\/www.tourinto.pt\/en\/wp-json\/wp\/v2\/media?parent=10225"}],"wp:term":[{"taxonomy":"product_brand","embeddable":true,"href":"https:\/\/www.tourinto.pt\/en\/wp-json\/wp\/v2\/product_brand?post=10225"},{"taxonomy":"product_cat","embeddable":true,"href":"https:\/\/www.tourinto.pt\/en\/wp-json\/wp\/v2\/product_cat?post=10225"},{"taxonomy":"product_tag","embeddable":true,"href":"https:\/\/www.tourinto.pt\/en\/wp-json\/wp\/v2\/product_tag?post=10225"}],"curies":[{"name":"wp","href":"https:\/\/api.w.org\/{rel}","templated":true}]}}