{"id":10214,"date":"2024-07-08T20:19:20","date_gmt":"2024-07-08T20:19:20","guid":{"rendered":"https:\/\/www.tourinto.pt\/?post_type=product&#038;p=10214"},"modified":"2026-02-10T15:25:43","modified_gmt":"2026-02-10T15:25:43","slug":"bollinger-b13-blanc-de-noir","status":"publish","type":"product","link":"https:\/\/www.tourinto.pt\/en\/product\/bollinger-b13-blanc-de-noir\/","title":{"rendered":"Bollinger B13 Blanc de Noir"},"content":{"rendered":"<div class=\"wpb-content-wrapper\"><div data-vc-full-width=\"true\" data-vc-full-width-init=\"false\" class=\"vc_row wpb_row vc_row-fluid vc_custom_1656585076455 vc_row-has-fill\"><div class=\"wpb_column vc_column_container vc_col-sm-12\"><div class=\"vc_column-inner\"><div class=\"wpb_wrapper\"><div class=\"vc_tta-container\" data-vc-action=\"collapse\"><div class=\"vc_general vc_tta vc_tta-tabs vc_tta-color-black vc_tta-style-flat vc_tta-shape-square vc_tta-spacing-1 vc_tta-o-no-fill vc_tta-tabs-position-top vc_tta-controls-align-left\"><div class=\"vc_tta-tabs-container\"><ul class=\"vc_tta-tabs-list\" role=\"tablist\"><li class=\"vc_tta-tab vc_active\" data-vc-tab role=\"presentation\"><a href=\"#1656584484701-0e478312-357c\" data-vc-tabs data-vc-container=\".vc_tta\" role=\"tab\" aria-selected=\"false\" id=\"tab-1656584484701-0e478312-357c\"><i class=\"vc_tta-icon vc-oi vc-oi-article\"><\/i><span class=\"vc_tta-title-text\">Description<\/span><\/a><\/li><\/ul><\/div><div class=\"vc_tta-panels-container\"><div class=\"vc_tta-panels\"><div class=\"vc_tta-panel vc_active\" id=\"1656584484701-0e478312-357c\" data-vc-content=\".vc_tta-panel-body\"><div class=\"vc_tta-panel-heading\"><h4 class=\"vc_tta-panel-title\"><a href=\"#1656584484701-0e478312-357c\" data-vc-accordion data-vc-container=\".vc_tta-container\"><i class=\"vc_tta-icon vc-oi vc-oi-article\"><\/i><span class=\"vc_tta-title-text\">Description<\/span><\/a><\/h4><\/div><div class=\"vc_tta-panel-body\">\n\t<div class=\"wpb_text_column wpb_content_element\" >\n\t\t<div class=\"wpb_wrapper\">\n\t\t\t<p><strong>Bollinger B13 Blanc de Noir<\/strong><\/p>\n<p><strong>Grape varieties:<\/strong> Pinot Noir.<br \/>\n<strong>Aging:<\/strong> 7 anos em borras.<br \/>\n<strong>Colour:<\/strong> A colour with golden shimmers.<br \/>\n<strong>Aroma:<\/strong> On tasting, generosity and elegant fruit with flavours of pear, fresh almonds and tarte tatin are marked by the chiselled, mineral expression of pinot noir bringing citrus and candied lemon notes. Velvety persistence with a saline hint on the finish.<br \/>\n<strong>Flavour:<\/strong> To fully appreciate its unique style and aromas, B13 is best served between 8 and 10\u00b0C. You can enjoy B13 now or leave it in the cellar to develop further.<\/p>\n<hr style=\"border: #b0976d 1px dotted;\" \/>\n<p><strong>Serve:<\/strong> 11\u2070<br \/>\n<strong>Consumption:\u00a0<\/strong>Immediate or storage.<\/p>\n<hr style=\"border: #b0976d 1px dotted;\" \/>\n<p><strong>Harmonisation:<\/strong><\/p>\n<hr style=\"border: #b0976d 1px dotted;\" \/>\n<p><strong>Enology: <\/strong>G\u00e9rard Liot | Mathieu Kauffman<\/p>\n<p><strong>Awards and Notes:<\/strong><\/p>\n<ul>\n<li><b>James<\/b> <strong>Suckling<\/strong> &#8211; 95\/100<\/li>\n<li><strong>Wine Enthusiast<\/strong> &#8211; 93\/100<\/li>\n<li><strong>Decanter<\/strong>\u00a0&#8211; 93\/100<\/li>\n<li><strong>Falstaff<\/strong> &#8211; 95\/100<\/li>\n<li><\/li>\n<\/ul>\n\n\t\t<\/div>\n\t<\/div>\n<\/div><\/div><\/div><\/div><\/div><\/div><\/div><\/div><\/div><\/div><div class=\"vc_row-full-width vc_clearfix\"><\/div><div data-vc-full-width=\"true\" data-vc-full-width-init=\"false\" data-vc-stretch-content=\"true\" class=\"vc_row wpb_row vc_row-fluid vc_row-no-padding\"><div class=\"wpb_column vc_column_container vc_col-sm-12\"><div class=\"vc_column-inner\"><div class=\"wpb_wrapper\">\n<div class=\"vc_grid-container-wrapper vc_clearfix vc_grid-animation-fadeIn\">\n\t<div class=\"vc_grid-container vc_clearfix wpb_content_element vc_media_grid\" data-initial-loading-animation=\"fadeIn\" data-vc-grid-settings=\"{&quot;page_id&quot;:10214,&quot;style&quot;:&quot;all&quot;,&quot;action&quot;:&quot;vc_get_vc_grid_data&quot;,&quot;shortcode_id&quot;:&quot;1720471193986-23906cc2-dd59-4&quot;,&quot;tag&quot;:&quot;vc_media_grid&quot;}\" data-vc-request=\"https:\/\/www.tourinto.pt\/wp-admin\/admin-ajax.php\" data-vc-post-id=\"10214\" data-vc-public-nonce=\"96cc836e62\">\n\t\t\n\t<\/div>\n<\/div><\/div><\/div><\/div><\/div><div class=\"vc_row-full-width vc_clearfix\"><\/div>\n<\/div>","protected":false},"excerpt":{"rendered":"<p>Bollinger B13 Blanc de Noir\u00a0 \u00e9 um champagne de Pinot Noir rico e complexo, com notas de frutos maduros, geleias de frutos e pasta de am\u00eandoa, para al\u00e9m de ameixa mirabelle e p\u00eassego de vinha. A generosidade e a eleg\u00e2ncia da fruta,s\u00e3o marcadas pela express\u00e3o mineral e cinzelada, assim como\u00a0 aveludada com um toque salino no final.<\/p>\n[contact-form-7 id=\"4433d5d\" title=\"nota Uni\u00e3o Europeia\"]\n","protected":false},"featured_media":10219,"comment_status":"closed","ping_status":"closed","template":"","meta":{"_acf_changed":false,"_joinchat":[],"jetpack_publicize_message":"","jetpack_publicize_feature_enabled":true,"jetpack_social_post_already_shared":true,"jetpack_social_options":{"image_generator_settings":{"template":"highway","default_image_id":0,"font":"","enabled":false},"version":2}},"product_brand":[],"product_cat":[1448,409,489,976,425,407,100,81,44],"product_tag":[119,255,408],"class_list":{"0":"post-10214","1":"product","2":"type-product","3":"status-publish","4":"has-post-thumbnail","6":"product_cat-vinhos-espumantes","7":"product_cat-champanhe","8":"product_cat-bollinger","9":"product_cat-vinhos-estrangeiros","10":"product_cat-vinhos-franceses","11":"product_cat-champagne","12":"product_cat-tipologia","13":"product_cat-regiao","14":"product_cat-produtores","15":"product_tag-pinot-noir","16":"product_tag-espumante","17":"product_tag-champagne","18":"pa_ano-435","19":"pa_volume-750ml","21":"first","22":"instock","23":"taxable","24":"shipping-taxable","25":"purchasable","26":"product-type-simple"},"acf":[],"yoast_head":"<!-- This site is optimized with the Yoast SEO Premium plugin v27.3 (Yoast SEO v27.4) - https:\/\/yoast.com\/product\/yoast-seo-premium-wordpress\/ -->\n<title>Bollinger B13 Blanc de Noir - Tourinto Premium Wines<\/title>\n<meta name=\"description\" content=\"Bollinger B13 Blanc de Noir\u00a0 \u00e9 um champagne de Pinot Noir rico e complexo, com notas de frutos maduros, geleias de frutos e pasta de am\u00eandoa.\" \/>\n<meta name=\"robots\" content=\"index, follow, max-snippet:-1, max-image-preview:large, max-video-preview:-1\" \/>\n<link rel=\"canonical\" href=\"https:\/\/www.tourinto.pt\/en\/product\/bollinger-b13-blanc-de-noir\/\" \/>\n<meta property=\"og:locale\" content=\"en_GB\" \/>\n<meta property=\"og:type\" content=\"article\" \/>\n<meta property=\"og:title\" content=\"Bollinger B13 Blanc de Noir\" \/>\n<meta property=\"og:description\" content=\"Bollinger B13 Blanc de Noir\u00a0 \u00e9 um champagne de Pinot Noir rico e complexo, com notas de frutos maduros, geleias de frutos e pasta de am\u00eandoa.\" \/>\n<meta property=\"og:url\" content=\"https:\/\/www.tourinto.pt\/en\/product\/bollinger-b13-blanc-de-noir\/\" \/>\n<meta property=\"og:site_name\" content=\"Tourinto Premium Wines\" \/>\n<meta property=\"article:publisher\" content=\"https:\/\/www.facebook.com\/garrafeiratourinto\" \/>\n<meta property=\"article:modified_time\" content=\"2026-02-10T15:25:43+00:00\" \/>\n<meta property=\"og:image\" content=\"https:\/\/www.tourinto.pt\/wp-content\/uploads\/2024\/07\/Bollinger-B13.png\" \/>\n\t<meta property=\"og:image:width\" content=\"881\" \/>\n\t<meta property=\"og:image:height\" content=\"1400\" \/>\n\t<meta property=\"og:image:type\" content=\"image\/png\" \/>\n<meta name=\"twitter:card\" content=\"summary_large_image\" \/>\n<meta name=\"twitter:label1\" content=\"Price\" \/>\n\t<meta name=\"twitter:data1\" content=\"159,00&nbsp;&euro;\" \/>\n\t<meta name=\"twitter:label2\" content=\"Availability\" \/>\n\t<meta name=\"twitter:data2\" content=\"In stock\" \/>\n<script type=\"application\/ld+json\" class=\"yoast-schema-graph\">{\"@context\":\"https:\\\/\\\/schema.org\",\"@graph\":[{\"@type\":\"WebPage\",\"@id\":\"https:\\\/\\\/www.tourinto.pt\\\/product\\\/bollinger-b13-blanc-de-noir\\\/\",\"url\":\"https:\\\/\\\/www.tourinto.pt\\\/product\\\/bollinger-b13-blanc-de-noir\\\/\",\"name\":\"Bollinger B13 Blanc de Noir - Tourinto Premium Wines\",\"isPartOf\":{\"@id\":\"https:\\\/\\\/www.tourinto.pt\\\/#website\"},\"primaryImageOfPage\":{\"@id\":\"https:\\\/\\\/www.tourinto.pt\\\/product\\\/bollinger-b13-blanc-de-noir\\\/#primaryimage\"},\"image\":{\"@id\":\"https:\\\/\\\/www.tourinto.pt\\\/product\\\/bollinger-b13-blanc-de-noir\\\/#primaryimage\"},\"thumbnailUrl\":\"https:\\\/\\\/i0.wp.com\\\/www.tourinto.pt\\\/wp-content\\\/uploads\\\/2024\\\/07\\\/Bollinger-B13.png?fit=881%2C1400&ssl=1\",\"datePublished\":\"2024-07-08T20:19:20+00:00\",\"dateModified\":\"2026-02-10T15:25:43+00:00\",\"description\":\"Bollinger B13 Blanc de Noir\u00a0 \u00e9 um champagne de Pinot Noir rico e complexo, com notas de frutos maduros, geleias de frutos e pasta de am\u00eandoa.\",\"breadcrumb\":{\"@id\":\"https:\\\/\\\/www.tourinto.pt\\\/product\\\/bollinger-b13-blanc-de-noir\\\/#breadcrumb\"},\"inLanguage\":\"en-GB\",\"potentialAction\":[{\"@type\":\"ReadAction\",\"target\":[\"https:\\\/\\\/www.tourinto.pt\\\/product\\\/bollinger-b13-blanc-de-noir\\\/\"]}]},{\"@type\":\"ImageObject\",\"inLanguage\":\"en-GB\",\"@id\":\"https:\\\/\\\/www.tourinto.pt\\\/product\\\/bollinger-b13-blanc-de-noir\\\/#primaryimage\",\"url\":\"https:\\\/\\\/i0.wp.com\\\/www.tourinto.pt\\\/wp-content\\\/uploads\\\/2024\\\/07\\\/Bollinger-B13.png?fit=881%2C1400&ssl=1\",\"contentUrl\":\"https:\\\/\\\/i0.wp.com\\\/www.tourinto.pt\\\/wp-content\\\/uploads\\\/2024\\\/07\\\/Bollinger-B13.png?fit=881%2C1400&ssl=1\",\"width\":881,\"height\":1400,\"caption\":\"Bollinger\"},{\"@type\":\"BreadcrumbList\",\"@id\":\"https:\\\/\\\/www.tourinto.pt\\\/product\\\/bollinger-b13-blanc-de-noir\\\/#breadcrumb\",\"itemListElement\":[{\"@type\":\"ListItem\",\"position\":1,\"name\":\"In\u00edcio\",\"item\":\"https:\\\/\\\/www.tourinto.pt\\\/\"},{\"@type\":\"ListItem\",\"position\":2,\"name\":\"Garrafeira on-line\",\"item\":\"https:\\\/\\\/www.tourinto.pt\\\/garrafeira-on-line\\\/\"},{\"@type\":\"ListItem\",\"position\":3,\"name\":\"Bollinger B13 Blanc de Noir\"}]},{\"@type\":\"WebSite\",\"@id\":\"https:\\\/\\\/www.tourinto.pt\\\/#website\",\"url\":\"https:\\\/\\\/www.tourinto.pt\\\/\",\"name\":\"Tourinto Premium Wines\",\"description\":\"Garrafeira on-line\",\"publisher\":{\"@id\":\"https:\\\/\\\/www.tourinto.pt\\\/#organization\"},\"alternateName\":\"Garrafeira on-line\",\"potentialAction\":[{\"@type\":\"SearchAction\",\"target\":{\"@type\":\"EntryPoint\",\"urlTemplate\":\"https:\\\/\\\/www.tourinto.pt\\\/?s={search_term_string}\"},\"query-input\":{\"@type\":\"PropertyValueSpecification\",\"valueRequired\":true,\"valueName\":\"search_term_string\"}}],\"inLanguage\":\"en-GB\"},{\"@type\":[\"Organization\",\"Place\"],\"@id\":\"https:\\\/\\\/www.tourinto.pt\\\/#organization\",\"name\":\"Tourinto\",\"alternateName\":\"Garrafeira Tourinto, Lda.\",\"url\":\"https:\\\/\\\/www.tourinto.pt\\\/\",\"logo\":{\"@id\":\"https:\\\/\\\/www.tourinto.pt\\\/product\\\/bollinger-b13-blanc-de-noir\\\/#local-main-organization-logo\"},\"image\":{\"@id\":\"https:\\\/\\\/www.tourinto.pt\\\/product\\\/bollinger-b13-blanc-de-noir\\\/#local-main-organization-logo\"},\"sameAs\":[\"https:\\\/\\\/www.facebook.com\\\/garrafeiratourinto\",\"https:\\\/\\\/www.instagram.com\\\/garrafeiratourinto\\\/\"],\"telephone\":[],\"openingHoursSpecification\":[{\"@type\":\"OpeningHoursSpecification\",\"dayOfWeek\":[\"Monday\",\"Tuesday\",\"Wednesday\",\"Thursday\",\"Friday\",\"Saturday\",\"Sunday\"],\"opens\":\"09:00\",\"closes\":\"17:00\"}]},{\"@type\":\"ImageObject\",\"inLanguage\":\"en-GB\",\"@id\":\"https:\\\/\\\/www.tourinto.pt\\\/product\\\/bollinger-b13-blanc-de-noir\\\/#local-main-organization-logo\",\"url\":\"https:\\\/\\\/i0.wp.com\\\/www.tourinto.pt\\\/wp-content\\\/uploads\\\/2022\\\/07\\\/tourinto-logo-big.png?fit=1400%2C505&ssl=1\",\"contentUrl\":\"https:\\\/\\\/i0.wp.com\\\/www.tourinto.pt\\\/wp-content\\\/uploads\\\/2022\\\/07\\\/tourinto-logo-big.png?fit=1400%2C505&ssl=1\",\"width\":1400,\"height\":505,\"caption\":\"Tourinto\"}]}<\/script>\n<meta property=\"product:price:amount\" content=\"159.00\" \/>\n<meta property=\"product:price:currency\" content=\"EUR\" \/>\n<meta property=\"og:availability\" content=\"instock\" \/>\n<meta property=\"product:availability\" content=\"instock\" \/>\n<meta property=\"product:retailer_item_id\" content=\"38.01.0001\" \/>\n<meta property=\"product:condition\" content=\"new\" \/>\n<!-- \/ Yoast SEO Premium plugin. -->","yoast_head_json":{"title":"Bollinger B13 Blanc de Noir - Tourinto Premium Wines","description":"Bollinger B13 Blanc de Noir\u00a0 \u00e9 um champagne de Pinot Noir rico e complexo, com notas de frutos maduros, geleias de frutos e pasta de am\u00eandoa.","robots":{"index":"index","follow":"follow","max-snippet":"max-snippet:-1","max-image-preview":"max-image-preview:large","max-video-preview":"max-video-preview:-1"},"canonical":"https:\/\/www.tourinto.pt\/en\/product\/bollinger-b13-blanc-de-noir\/","og_locale":"en_GB","og_type":"article","og_title":"Bollinger B13 Blanc de Noir","og_description":"Bollinger B13 Blanc de Noir\u00a0 \u00e9 um champagne de Pinot Noir rico e complexo, com notas de frutos maduros, geleias de frutos e pasta de am\u00eandoa.","og_url":"https:\/\/www.tourinto.pt\/en\/product\/bollinger-b13-blanc-de-noir\/","og_site_name":"Tourinto Premium Wines","article_publisher":"https:\/\/www.facebook.com\/garrafeiratourinto","article_modified_time":"2026-02-10T15:25:43+00:00","og_image":[{"width":881,"height":1400,"url":"https:\/\/www.tourinto.pt\/wp-content\/uploads\/2024\/07\/Bollinger-B13.png","type":"image\/png"}],"twitter_card":"summary_large_image","twitter_misc":{"Price":"159,00&nbsp;&euro;","Availability":"In stock"},"schema":{"@context":"https:\/\/schema.org","@graph":[{"@type":"WebPage","@id":"https:\/\/www.tourinto.pt\/product\/bollinger-b13-blanc-de-noir\/","url":"https:\/\/www.tourinto.pt\/product\/bollinger-b13-blanc-de-noir\/","name":"Bollinger B13 Blanc de Noir - Tourinto Premium Wines","isPartOf":{"@id":"https:\/\/www.tourinto.pt\/#website"},"primaryImageOfPage":{"@id":"https:\/\/www.tourinto.pt\/product\/bollinger-b13-blanc-de-noir\/#primaryimage"},"image":{"@id":"https:\/\/www.tourinto.pt\/product\/bollinger-b13-blanc-de-noir\/#primaryimage"},"thumbnailUrl":"https:\/\/i0.wp.com\/www.tourinto.pt\/wp-content\/uploads\/2024\/07\/Bollinger-B13.png?fit=881%2C1400&ssl=1","datePublished":"2024-07-08T20:19:20+00:00","dateModified":"2026-02-10T15:25:43+00:00","description":"Bollinger B13 Blanc de Noir\u00a0 \u00e9 um champagne de Pinot Noir rico e complexo, com notas de frutos maduros, geleias de frutos e pasta de am\u00eandoa.","breadcrumb":{"@id":"https:\/\/www.tourinto.pt\/product\/bollinger-b13-blanc-de-noir\/#breadcrumb"},"inLanguage":"en-GB","potentialAction":[{"@type":"ReadAction","target":["https:\/\/www.tourinto.pt\/product\/bollinger-b13-blanc-de-noir\/"]}]},{"@type":"ImageObject","inLanguage":"en-GB","@id":"https:\/\/www.tourinto.pt\/product\/bollinger-b13-blanc-de-noir\/#primaryimage","url":"https:\/\/i0.wp.com\/www.tourinto.pt\/wp-content\/uploads\/2024\/07\/Bollinger-B13.png?fit=881%2C1400&ssl=1","contentUrl":"https:\/\/i0.wp.com\/www.tourinto.pt\/wp-content\/uploads\/2024\/07\/Bollinger-B13.png?fit=881%2C1400&ssl=1","width":881,"height":1400,"caption":"Bollinger"},{"@type":"BreadcrumbList","@id":"https:\/\/www.tourinto.pt\/product\/bollinger-b13-blanc-de-noir\/#breadcrumb","itemListElement":[{"@type":"ListItem","position":1,"name":"In\u00edcio","item":"https:\/\/www.tourinto.pt\/"},{"@type":"ListItem","position":2,"name":"Garrafeira on-line","item":"https:\/\/www.tourinto.pt\/garrafeira-on-line\/"},{"@type":"ListItem","position":3,"name":"Bollinger B13 Blanc de Noir"}]},{"@type":"WebSite","@id":"https:\/\/www.tourinto.pt\/#website","url":"https:\/\/www.tourinto.pt\/","name":"Tourinto Premium Wines","description":"Wine Shop online","publisher":{"@id":"https:\/\/www.tourinto.pt\/#organization"},"alternateName":"Garrafeira on-line","potentialAction":[{"@type":"SearchAction","target":{"@type":"EntryPoint","urlTemplate":"https:\/\/www.tourinto.pt\/?s={search_term_string}"},"query-input":{"@type":"PropertyValueSpecification","valueRequired":true,"valueName":"search_term_string"}}],"inLanguage":"en-GB"},{"@type":["Organization","Place"],"@id":"https:\/\/www.tourinto.pt\/#organization","name":"Tourinto","alternateName":"Garrafeira Tourinto, Lda.","url":"https:\/\/www.tourinto.pt\/","logo":{"@id":"https:\/\/www.tourinto.pt\/product\/bollinger-b13-blanc-de-noir\/#local-main-organization-logo"},"image":{"@id":"https:\/\/www.tourinto.pt\/product\/bollinger-b13-blanc-de-noir\/#local-main-organization-logo"},"sameAs":["https:\/\/www.facebook.com\/garrafeiratourinto","https:\/\/www.instagram.com\/garrafeiratourinto\/"],"telephone":[],"openingHoursSpecification":[{"@type":"OpeningHoursSpecification","dayOfWeek":["Monday","Tuesday","Wednesday","Thursday","Friday","Saturday","Sunday"],"opens":"09:00","closes":"17:00"}]},{"@type":"ImageObject","inLanguage":"en-GB","@id":"https:\/\/www.tourinto.pt\/product\/bollinger-b13-blanc-de-noir\/#local-main-organization-logo","url":"https:\/\/i0.wp.com\/www.tourinto.pt\/wp-content\/uploads\/2022\/07\/tourinto-logo-big.png?fit=1400%2C505&ssl=1","contentUrl":"https:\/\/i0.wp.com\/www.tourinto.pt\/wp-content\/uploads\/2022\/07\/tourinto-logo-big.png?fit=1400%2C505&ssl=1","width":1400,"height":505,"caption":"Tourinto"}]},"product_price_amount":"159.00","product_price_currency":"EUR","og_availability":"instock","product_availability":"instock","product_retailer_item_id":"38.01.0001","product_condition":"new"},"jetpack_publicize_connections":[],"jetpack_sharing_enabled":true,"_links":{"self":[{"href":"https:\/\/www.tourinto.pt\/en\/wp-json\/wp\/v2\/product\/10214","targetHints":{"allow":["GET"]}}],"collection":[{"href":"https:\/\/www.tourinto.pt\/en\/wp-json\/wp\/v2\/product"}],"about":[{"href":"https:\/\/www.tourinto.pt\/en\/wp-json\/wp\/v2\/types\/product"}],"replies":[{"embeddable":true,"href":"https:\/\/www.tourinto.pt\/en\/wp-json\/wp\/v2\/comments?post=10214"}],"wp:featuredmedia":[{"embeddable":true,"href":"https:\/\/www.tourinto.pt\/en\/wp-json\/wp\/v2\/media\/10219"}],"wp:attachment":[{"href":"https:\/\/www.tourinto.pt\/en\/wp-json\/wp\/v2\/media?parent=10214"}],"wp:term":[{"taxonomy":"product_brand","embeddable":true,"href":"https:\/\/www.tourinto.pt\/en\/wp-json\/wp\/v2\/product_brand?post=10214"},{"taxonomy":"product_cat","embeddable":true,"href":"https:\/\/www.tourinto.pt\/en\/wp-json\/wp\/v2\/product_cat?post=10214"},{"taxonomy":"product_tag","embeddable":true,"href":"https:\/\/www.tourinto.pt\/en\/wp-json\/wp\/v2\/product_tag?post=10214"}],"curies":[{"name":"wp","href":"https:\/\/api.w.org\/{rel}","templated":true}]}}