{"id":10106,"date":"2024-06-30T15:47:31","date_gmt":"2024-06-30T15:47:31","guid":{"rendered":"https:\/\/www.tourinto.pt\/?post_type=product&#038;p=10106"},"modified":"2026-03-16T22:28:23","modified_gmt":"2026-03-16T22:28:23","slug":"infinitude-malvasia-colares-2021","status":"publish","type":"product","link":"https:\/\/www.tourinto.pt\/en\/product\/infinitude-malvasia-colares-2021\/","title":{"rendered":"Infinitude Malvasia de Colares 2021"},"content":{"rendered":"<div class=\"wpb-content-wrapper\"><div data-vc-full-width=\"true\" data-vc-full-width-init=\"false\" class=\"vc_row wpb_row vc_row-fluid vc_custom_1656585076455 vc_row-has-fill\"><div class=\"wpb_column vc_column_container vc_col-sm-12\"><div class=\"vc_column-inner\"><div class=\"wpb_wrapper\"><div class=\"vc_tta-container\" data-vc-action=\"collapse\"><div class=\"vc_general vc_tta vc_tta-tabs vc_tta-color-black vc_tta-style-flat vc_tta-shape-square vc_tta-spacing-1 vc_tta-o-no-fill vc_tta-tabs-position-top vc_tta-controls-align-left\"><div class=\"vc_tta-tabs-container\"><ul class=\"vc_tta-tabs-list\" role=\"tablist\"><li class=\"vc_tta-tab vc_active\" data-vc-tab role=\"presentation\"><a href=\"#1656584484701-0e478312-357c\" data-vc-tabs data-vc-container=\".vc_tta\" role=\"tab\" aria-selected=\"false\" id=\"tab-1656584484701-0e478312-357c\"><i class=\"vc_tta-icon vc-oi vc-oi-article\"><\/i><span class=\"vc_tta-title-text\">Description<\/span><\/a><\/li><\/ul><\/div><div class=\"vc_tta-panels-container\"><div class=\"vc_tta-panels\"><div class=\"vc_tta-panel vc_active\" id=\"1656584484701-0e478312-357c\" data-vc-content=\".vc_tta-panel-body\"><div class=\"vc_tta-panel-heading\"><h4 class=\"vc_tta-panel-title\"><a href=\"#1656584484701-0e478312-357c\" data-vc-accordion data-vc-container=\".vc_tta-container\"><i class=\"vc_tta-icon vc-oi vc-oi-article\"><\/i><span class=\"vc_tta-title-text\">Description<\/span><\/a><\/h4><\/div><div class=\"vc_tta-panel-body\">\n\t<div class=\"wpb_text_column wpb_content_element\" >\n\t\t<div class=\"wpb_wrapper\">\n\t\t\t<p><strong>Infinitude Malvasia de Colares 2021<\/strong><\/p>\n<p><strong>Grape varieties: <\/strong>Malvasia de Colares.<br \/>\n<strong>Vinification: <\/strong>Vinification using the classic \"open spout\" process, with total destemming, decanting for 18 hours and fermentation in stainless steel tanks with temperature control (16-18\u00baC) for 14 days.<br \/>\n<strong>Aging: <\/strong>5 months in 500-litre reconditioned French oak barrels of Burgundy Chardonnay.<br \/>\n<strong>Colour:\u00a0<\/strong>Very crystalline greenish yellow.<br \/>\n<strong>Aroma: <\/strong>Notes of citrus and cooked apple, as well as a herbal sensation (aniseed and honey).<br \/>\n<strong>Flavour: <\/strong> Medium-bodied, bittersweet, very fresh and pleasant. With ageing, the aromas become more distinct, with toasted notes of dried fruit and iodine appearing, as well as wax and hay.<\/p>\n<hr style=\"border: #b0976d 1px dotted\" \/>\n<p><strong>Serve:<\/strong> 10 to 12\u2070<br \/>\n<strong>Consumption:\u00a0<\/strong>Immediate or storage.<\/p>\n<hr style=\"border: #b0976d 1px dotted\" \/>\n<p><strong>Harmonisation: <\/strong>More elaborate and spicy fish dishes. It goes very well with white fish carpaccio with a sprinkling of mustard, cockle rice with coriander, sole \u00e1 Menier or even peas in a pan with a touch of mint.<\/p>\n<hr style=\"border: #b0976d 1px dotted\" \/>\n<p><strong>Producer: <\/strong><a href=\"https:\/\/www.tourinto.pt\/en\/produtores\/lisboa\/infinitude-wines\/\">Infinitude Wines<\/a><\/p>\n<p><strong>Enology: <\/strong>Francisco Figueiredo<\/p>\n<p><strong>Notas e Pr\u00e9mios:<\/strong><\/p>\n<ul>\n<li><\/li>\n<\/ul>\n\n\t\t<\/div>\n\t<\/div>\n<\/div><\/div><\/div><\/div><\/div><\/div><\/div><\/div><\/div><\/div><div class=\"vc_row-full-width vc_clearfix\"><\/div><div data-vc-full-width=\"true\" data-vc-full-width-init=\"false\" data-vc-stretch-content=\"true\" class=\"vc_row wpb_row vc_row-fluid vc_custom_1666261945436 vc_row-no-padding\"><div class=\"wpb_column vc_column_container vc_col-sm-12\"><div class=\"vc_column-inner\"><div class=\"wpb_wrapper\">\n<div class=\"vc_grid-container-wrapper vc_clearfix vc_grid-animation-fadeIn\">\n\t<div class=\"vc_grid-container vc_clearfix wpb_content_element vc_media_grid\" data-initial-loading-animation=\"fadeIn\" data-vc-grid-settings=\"{&quot;page_id&quot;:10106,&quot;style&quot;:&quot;all&quot;,&quot;action&quot;:&quot;vc_get_vc_grid_data&quot;,&quot;shortcode_id&quot;:&quot;1724399404987-da0f009f-efc2-1&quot;,&quot;tag&quot;:&quot;vc_media_grid&quot;}\" data-vc-request=\"https:\/\/www.tourinto.pt\/wp-admin\/admin-ajax.php\" data-vc-post-id=\"10106\" data-vc-public-nonce=\"90d62da828\">\n\t\t\n\t<\/div>\n<\/div><\/div><\/div><\/div><\/div><div class=\"vc_row-full-width vc_clearfix\"><\/div>\n<\/div>","protected":false},"excerpt":{"rendered":"<p>Infinitude Malvasia de Colares 2021 \u00e9 um vinho branco com notas c\u00edtricas e de ma\u00e7a\u0303 cozida, assim como uma sensa\u00e7\u00e3o herbal (anis e mel). De corpo m\u00e9dio, agridoce, assim como muito fresco e agrad\u00e1vel, o grande potencial de envelhecimento evidenciar\u00e1 aromas mais distintos, com o surgimento de notas tostadas de frutos secos e iodo, para al\u00e9m de cera e feno.<\/p>\n<p>Saiba mais sobre o <a href=\"https:\/\/www.tourinto.pt\/produtores\/lisboa\/infinitude\/\">Infinitude Wines<\/a>.<\/p>\n[contact-form-7 id=\"4433d5d\" title=\"nota Uni\u00e3o Europeia\"]\n","protected":false},"featured_media":10123,"comment_status":"closed","ping_status":"closed","template":"","meta":{"_acf_changed":false,"_joinchat":[],"jetpack_publicize_message":"","jetpack_publicize_feature_enabled":true,"jetpack_social_post_already_shared":true,"jetpack_social_options":{"image_generator_settings":{"template":"highway","default_image_id":0,"font":"","enabled":false},"version":2}},"product_brand":[],"product_cat":[1470,18,297,424,392,113,100,81,44,484],"product_tag":[373,307,294,277,110],"class_list":{"0":"post-10106","1":"product","2":"type-product","3":"status-publish","4":"has-post-thumbnail","6":"product_cat-brancos-atlanticos","7":"product_cat-vinho-branco","8":"product_cat-minima-intervencao","9":"product_cat-vinhos-portugal","10":"product_cat-pequenos-produtores","11":"product_cat-lisboa","12":"product_cat-tipologia","13":"product_cat-regiao","14":"product_cat-produtores","15":"product_cat-infinitude-wines","16":"product_tag-vinho-branco","17":"product_tag-colares","18":"product_tag-minima-intervencao","19":"product_tag-malvasia-de-colares","20":"product_tag-lisboa","21":"pa_ano-33","22":"pa_castas-malvasia-de-colares","23":"pa_enologia-francisco-figueiredo","24":"pa_harmonizacao-peixe","25":"pa_leveduras-indigenas","26":"pa_produtor-infinitude-wines","27":"pa_regiao-lisboa-doc-colares","28":"pa_tipologia-vinho-branco","29":"pa_vinificacao-minima-intervencao","30":"pa_viticultura-sustentavel","31":"pa_volume-750ml","33":"first","34":"outofstock","35":"taxable","36":"shipping-taxable","37":"purchasable","38":"product-type-simple"},"acf":[],"yoast_head":"<!-- This site is optimized with the Yoast SEO Premium plugin v27.3 (Yoast SEO v27.4) - https:\/\/yoast.com\/product\/yoast-seo-premium-wordpress\/ -->\n<title>Infinitude Malvasia de Colares 2021 - Tourinto Premium Wines<\/title>\n<meta name=\"description\" content=\"Infinitude Malvasia de Colares apresenta notas c\u00edtricas, de ma\u00e7a\u0303 cozida e uma sensa\u00e7\u00e3o herbal. Agridoce e fresco, de grande potencial de envelhecimento\" \/>\n<meta name=\"robots\" content=\"index, follow, max-snippet:-1, max-image-preview:large, max-video-preview:-1\" \/>\n<link rel=\"canonical\" href=\"https:\/\/www.tourinto.pt\/en\/product\/infinitude-malvasia-colares-2021\/\" \/>\n<meta property=\"og:locale\" content=\"en_GB\" \/>\n<meta property=\"og:type\" content=\"article\" \/>\n<meta property=\"og:title\" content=\"Infinitude Malvasia de Colares 2021\" \/>\n<meta property=\"og:description\" content=\"Infinitude Malvasia de Colares apresenta notas c\u00edtricas, de ma\u00e7a\u0303 cozida e uma sensa\u00e7\u00e3o herbal. Agridoce e fresco, de grande potencial de envelhecimento\" \/>\n<meta property=\"og:url\" content=\"https:\/\/www.tourinto.pt\/en\/product\/infinitude-malvasia-colares-2021\/\" \/>\n<meta property=\"og:site_name\" content=\"Tourinto Premium Wines\" \/>\n<meta property=\"article:publisher\" content=\"https:\/\/www.facebook.com\/garrafeiratourinto\" \/>\n<meta property=\"article:modified_time\" content=\"2026-03-16T22:28:23+00:00\" \/>\n<meta property=\"og:image\" content=\"https:\/\/www.tourinto.pt\/wp-content\/uploads\/2024\/06\/Infinitude-Malvasia-de-Colares.png\" \/>\n\t<meta property=\"og:image:width\" content=\"881\" \/>\n\t<meta property=\"og:image:height\" content=\"1400\" \/>\n\t<meta property=\"og:image:type\" content=\"image\/png\" \/>\n<meta name=\"twitter:card\" content=\"summary_large_image\" \/>\n<meta name=\"twitter:label1\" content=\"Price\" \/>\n\t<meta name=\"twitter:data1\" content=\"64,90&nbsp;&euro;\" \/>\n\t<meta name=\"twitter:label2\" content=\"Availability\" \/>\n\t<meta name=\"twitter:data2\" content=\"Out of stock\" \/>\n<script type=\"application\/ld+json\" class=\"yoast-schema-graph\">{\"@context\":\"https:\\\/\\\/schema.org\",\"@graph\":[{\"@type\":\"WebPage\",\"@id\":\"https:\\\/\\\/www.tourinto.pt\\\/product\\\/infinitude-malvasia-colares-2021\\\/\",\"url\":\"https:\\\/\\\/www.tourinto.pt\\\/product\\\/infinitude-malvasia-colares-2021\\\/\",\"name\":\"Infinitude Malvasia de Colares 2021 - Tourinto Premium Wines\",\"isPartOf\":{\"@id\":\"https:\\\/\\\/www.tourinto.pt\\\/#website\"},\"primaryImageOfPage\":{\"@id\":\"https:\\\/\\\/www.tourinto.pt\\\/product\\\/infinitude-malvasia-colares-2021\\\/#primaryimage\"},\"image\":{\"@id\":\"https:\\\/\\\/www.tourinto.pt\\\/product\\\/infinitude-malvasia-colares-2021\\\/#primaryimage\"},\"thumbnailUrl\":\"https:\\\/\\\/i0.wp.com\\\/www.tourinto.pt\\\/wp-content\\\/uploads\\\/2024\\\/06\\\/Infinitude-Malvasia-de-Colares.png?fit=881%2C1400&ssl=1\",\"datePublished\":\"2024-06-30T15:47:31+00:00\",\"dateModified\":\"2026-03-16T22:28:23+00:00\",\"description\":\"Infinitude Malvasia de Colares apresenta notas c\u00edtricas, de ma\u00e7a\u0303 cozida e uma sensa\u00e7\u00e3o herbal. Agridoce e fresco, de grande potencial de envelhecimento\",\"breadcrumb\":{\"@id\":\"https:\\\/\\\/www.tourinto.pt\\\/product\\\/infinitude-malvasia-colares-2021\\\/#breadcrumb\"},\"inLanguage\":\"en-GB\",\"potentialAction\":[{\"@type\":\"ReadAction\",\"target\":[\"https:\\\/\\\/www.tourinto.pt\\\/product\\\/infinitude-malvasia-colares-2021\\\/\"]}]},{\"@type\":\"ImageObject\",\"inLanguage\":\"en-GB\",\"@id\":\"https:\\\/\\\/www.tourinto.pt\\\/product\\\/infinitude-malvasia-colares-2021\\\/#primaryimage\",\"url\":\"https:\\\/\\\/i0.wp.com\\\/www.tourinto.pt\\\/wp-content\\\/uploads\\\/2024\\\/06\\\/Infinitude-Malvasia-de-Colares.png?fit=881%2C1400&ssl=1\",\"contentUrl\":\"https:\\\/\\\/i0.wp.com\\\/www.tourinto.pt\\\/wp-content\\\/uploads\\\/2024\\\/06\\\/Infinitude-Malvasia-de-Colares.png?fit=881%2C1400&ssl=1\",\"width\":881,\"height\":1400,\"caption\":\"Infinitude Wines\"},{\"@type\":\"BreadcrumbList\",\"@id\":\"https:\\\/\\\/www.tourinto.pt\\\/product\\\/infinitude-malvasia-colares-2021\\\/#breadcrumb\",\"itemListElement\":[{\"@type\":\"ListItem\",\"position\":1,\"name\":\"In\u00edcio\",\"item\":\"https:\\\/\\\/www.tourinto.pt\\\/\"},{\"@type\":\"ListItem\",\"position\":2,\"name\":\"Garrafeira on-line\",\"item\":\"https:\\\/\\\/www.tourinto.pt\\\/garrafeira-on-line\\\/\"},{\"@type\":\"ListItem\",\"position\":3,\"name\":\"Infinitude Malvasia de Colares 2021\"}]},{\"@type\":\"WebSite\",\"@id\":\"https:\\\/\\\/www.tourinto.pt\\\/#website\",\"url\":\"https:\\\/\\\/www.tourinto.pt\\\/\",\"name\":\"Tourinto Premium Wines\",\"description\":\"Garrafeira on-line\",\"publisher\":{\"@id\":\"https:\\\/\\\/www.tourinto.pt\\\/#organization\"},\"alternateName\":\"Garrafeira on-line\",\"potentialAction\":[{\"@type\":\"SearchAction\",\"target\":{\"@type\":\"EntryPoint\",\"urlTemplate\":\"https:\\\/\\\/www.tourinto.pt\\\/?s={search_term_string}\"},\"query-input\":{\"@type\":\"PropertyValueSpecification\",\"valueRequired\":true,\"valueName\":\"search_term_string\"}}],\"inLanguage\":\"en-GB\"},{\"@type\":[\"Organization\",\"Place\"],\"@id\":\"https:\\\/\\\/www.tourinto.pt\\\/#organization\",\"name\":\"Tourinto\",\"alternateName\":\"Garrafeira Tourinto, Lda.\",\"url\":\"https:\\\/\\\/www.tourinto.pt\\\/\",\"logo\":{\"@id\":\"https:\\\/\\\/www.tourinto.pt\\\/product\\\/infinitude-malvasia-colares-2021\\\/#local-main-organization-logo\"},\"image\":{\"@id\":\"https:\\\/\\\/www.tourinto.pt\\\/product\\\/infinitude-malvasia-colares-2021\\\/#local-main-organization-logo\"},\"sameAs\":[\"https:\\\/\\\/www.facebook.com\\\/garrafeiratourinto\",\"https:\\\/\\\/www.instagram.com\\\/garrafeiratourinto\\\/\"],\"telephone\":[],\"openingHoursSpecification\":[{\"@type\":\"OpeningHoursSpecification\",\"dayOfWeek\":[\"Monday\",\"Tuesday\",\"Wednesday\",\"Thursday\",\"Friday\",\"Saturday\",\"Sunday\"],\"opens\":\"09:00\",\"closes\":\"17:00\"}]},{\"@type\":\"ImageObject\",\"inLanguage\":\"en-GB\",\"@id\":\"https:\\\/\\\/www.tourinto.pt\\\/product\\\/infinitude-malvasia-colares-2021\\\/#local-main-organization-logo\",\"url\":\"https:\\\/\\\/i0.wp.com\\\/www.tourinto.pt\\\/wp-content\\\/uploads\\\/2022\\\/07\\\/tourinto-logo-big.png?fit=1400%2C505&ssl=1\",\"contentUrl\":\"https:\\\/\\\/i0.wp.com\\\/www.tourinto.pt\\\/wp-content\\\/uploads\\\/2022\\\/07\\\/tourinto-logo-big.png?fit=1400%2C505&ssl=1\",\"width\":1400,\"height\":505,\"caption\":\"Tourinto\"}]}<\/script>\n<meta property=\"product:price:amount\" content=\"64.90\" \/>\n<meta property=\"product:price:currency\" content=\"EUR\" \/>\n<meta property=\"og:availability\" content=\"out of stock\" \/>\n<meta property=\"product:availability\" content=\"out of stock\" \/>\n<meta property=\"product:retailer_item_id\" content=\"91.01.2021\" \/>\n<meta property=\"product:condition\" content=\"new\" \/>\n<!-- \/ Yoast SEO Premium plugin. -->","yoast_head_json":{"title":"Infinitude Malvasia de Colares 2021 - Tourinto Premium Wines","description":"Infinitude Malvasia de Colares apresenta notas c\u00edtricas, de ma\u00e7a\u0303 cozida e uma sensa\u00e7\u00e3o herbal. Agridoce e fresco, de grande potencial de envelhecimento","robots":{"index":"index","follow":"follow","max-snippet":"max-snippet:-1","max-image-preview":"max-image-preview:large","max-video-preview":"max-video-preview:-1"},"canonical":"https:\/\/www.tourinto.pt\/en\/product\/infinitude-malvasia-colares-2021\/","og_locale":"en_GB","og_type":"article","og_title":"Infinitude Malvasia de Colares 2021","og_description":"Infinitude Malvasia de Colares apresenta notas c\u00edtricas, de ma\u00e7a\u0303 cozida e uma sensa\u00e7\u00e3o herbal. Agridoce e fresco, de grande potencial de envelhecimento","og_url":"https:\/\/www.tourinto.pt\/en\/product\/infinitude-malvasia-colares-2021\/","og_site_name":"Tourinto Premium Wines","article_publisher":"https:\/\/www.facebook.com\/garrafeiratourinto","article_modified_time":"2026-03-16T22:28:23+00:00","og_image":[{"width":881,"height":1400,"url":"https:\/\/www.tourinto.pt\/wp-content\/uploads\/2024\/06\/Infinitude-Malvasia-de-Colares.png","type":"image\/png"}],"twitter_card":"summary_large_image","twitter_misc":{"Price":"64,90&nbsp;&euro;","Availability":"Out of stock"},"schema":{"@context":"https:\/\/schema.org","@graph":[{"@type":"WebPage","@id":"https:\/\/www.tourinto.pt\/product\/infinitude-malvasia-colares-2021\/","url":"https:\/\/www.tourinto.pt\/product\/infinitude-malvasia-colares-2021\/","name":"Infinitude Malvasia de Colares 2021 - Tourinto Premium Wines","isPartOf":{"@id":"https:\/\/www.tourinto.pt\/#website"},"primaryImageOfPage":{"@id":"https:\/\/www.tourinto.pt\/product\/infinitude-malvasia-colares-2021\/#primaryimage"},"image":{"@id":"https:\/\/www.tourinto.pt\/product\/infinitude-malvasia-colares-2021\/#primaryimage"},"thumbnailUrl":"https:\/\/i0.wp.com\/www.tourinto.pt\/wp-content\/uploads\/2024\/06\/Infinitude-Malvasia-de-Colares.png?fit=881%2C1400&ssl=1","datePublished":"2024-06-30T15:47:31+00:00","dateModified":"2026-03-16T22:28:23+00:00","description":"Infinitude Malvasia de Colares apresenta notas c\u00edtricas, de ma\u00e7a\u0303 cozida e uma sensa\u00e7\u00e3o herbal. Agridoce e fresco, de grande potencial de envelhecimento","breadcrumb":{"@id":"https:\/\/www.tourinto.pt\/product\/infinitude-malvasia-colares-2021\/#breadcrumb"},"inLanguage":"en-GB","potentialAction":[{"@type":"ReadAction","target":["https:\/\/www.tourinto.pt\/product\/infinitude-malvasia-colares-2021\/"]}]},{"@type":"ImageObject","inLanguage":"en-GB","@id":"https:\/\/www.tourinto.pt\/product\/infinitude-malvasia-colares-2021\/#primaryimage","url":"https:\/\/i0.wp.com\/www.tourinto.pt\/wp-content\/uploads\/2024\/06\/Infinitude-Malvasia-de-Colares.png?fit=881%2C1400&ssl=1","contentUrl":"https:\/\/i0.wp.com\/www.tourinto.pt\/wp-content\/uploads\/2024\/06\/Infinitude-Malvasia-de-Colares.png?fit=881%2C1400&ssl=1","width":881,"height":1400,"caption":"Infinitude Wines"},{"@type":"BreadcrumbList","@id":"https:\/\/www.tourinto.pt\/product\/infinitude-malvasia-colares-2021\/#breadcrumb","itemListElement":[{"@type":"ListItem","position":1,"name":"In\u00edcio","item":"https:\/\/www.tourinto.pt\/"},{"@type":"ListItem","position":2,"name":"Garrafeira on-line","item":"https:\/\/www.tourinto.pt\/garrafeira-on-line\/"},{"@type":"ListItem","position":3,"name":"Infinitude Malvasia de Colares 2021"}]},{"@type":"WebSite","@id":"https:\/\/www.tourinto.pt\/#website","url":"https:\/\/www.tourinto.pt\/","name":"Tourinto Premium Wines","description":"Wine Shop online","publisher":{"@id":"https:\/\/www.tourinto.pt\/#organization"},"alternateName":"Garrafeira on-line","potentialAction":[{"@type":"SearchAction","target":{"@type":"EntryPoint","urlTemplate":"https:\/\/www.tourinto.pt\/?s={search_term_string}"},"query-input":{"@type":"PropertyValueSpecification","valueRequired":true,"valueName":"search_term_string"}}],"inLanguage":"en-GB"},{"@type":["Organization","Place"],"@id":"https:\/\/www.tourinto.pt\/#organization","name":"Tourinto","alternateName":"Garrafeira Tourinto, Lda.","url":"https:\/\/www.tourinto.pt\/","logo":{"@id":"https:\/\/www.tourinto.pt\/product\/infinitude-malvasia-colares-2021\/#local-main-organization-logo"},"image":{"@id":"https:\/\/www.tourinto.pt\/product\/infinitude-malvasia-colares-2021\/#local-main-organization-logo"},"sameAs":["https:\/\/www.facebook.com\/garrafeiratourinto","https:\/\/www.instagram.com\/garrafeiratourinto\/"],"telephone":[],"openingHoursSpecification":[{"@type":"OpeningHoursSpecification","dayOfWeek":["Monday","Tuesday","Wednesday","Thursday","Friday","Saturday","Sunday"],"opens":"09:00","closes":"17:00"}]},{"@type":"ImageObject","inLanguage":"en-GB","@id":"https:\/\/www.tourinto.pt\/product\/infinitude-malvasia-colares-2021\/#local-main-organization-logo","url":"https:\/\/i0.wp.com\/www.tourinto.pt\/wp-content\/uploads\/2022\/07\/tourinto-logo-big.png?fit=1400%2C505&ssl=1","contentUrl":"https:\/\/i0.wp.com\/www.tourinto.pt\/wp-content\/uploads\/2022\/07\/tourinto-logo-big.png?fit=1400%2C505&ssl=1","width":1400,"height":505,"caption":"Tourinto"}]},"product_price_amount":"64.90","product_price_currency":"EUR","og_availability":"out of stock","product_availability":"out of stock","product_retailer_item_id":"91.01.2021","product_condition":"new"},"jetpack_publicize_connections":[],"jetpack_sharing_enabled":true,"_links":{"self":[{"href":"https:\/\/www.tourinto.pt\/en\/wp-json\/wp\/v2\/product\/10106","targetHints":{"allow":["GET"]}}],"collection":[{"href":"https:\/\/www.tourinto.pt\/en\/wp-json\/wp\/v2\/product"}],"about":[{"href":"https:\/\/www.tourinto.pt\/en\/wp-json\/wp\/v2\/types\/product"}],"replies":[{"embeddable":true,"href":"https:\/\/www.tourinto.pt\/en\/wp-json\/wp\/v2\/comments?post=10106"}],"wp:featuredmedia":[{"embeddable":true,"href":"https:\/\/www.tourinto.pt\/en\/wp-json\/wp\/v2\/media\/10123"}],"wp:attachment":[{"href":"https:\/\/www.tourinto.pt\/en\/wp-json\/wp\/v2\/media?parent=10106"}],"wp:term":[{"taxonomy":"product_brand","embeddable":true,"href":"https:\/\/www.tourinto.pt\/en\/wp-json\/wp\/v2\/product_brand?post=10106"},{"taxonomy":"product_cat","embeddable":true,"href":"https:\/\/www.tourinto.pt\/en\/wp-json\/wp\/v2\/product_cat?post=10106"},{"taxonomy":"product_tag","embeddable":true,"href":"https:\/\/www.tourinto.pt\/en\/wp-json\/wp\/v2\/product_tag?post=10106"}],"curies":[{"name":"wp","href":"https:\/\/api.w.org\/{rel}","templated":true}]}}