{"id":10093,"date":"2024-06-23T18:14:43","date_gmt":"2024-06-23T18:14:43","guid":{"rendered":"https:\/\/www.tourinto.pt\/?post_type=product&#038;p=10093"},"modified":"2026-02-02T13:07:46","modified_gmt":"2026-02-02T13:07:46","slug":"vinhas-improvaveis-grande-reserva-tinto","status":"publish","type":"product","link":"https:\/\/www.tourinto.pt\/en\/product\/vinhas-improvaveis-grande-reserva-tinto\/","title":{"rendered":"Vinhas Improv\u00e1veis Grand Reserve 2020"},"content":{"rendered":"<div class=\"wpb-content-wrapper\"><div data-vc-full-width=\"true\" data-vc-full-width-init=\"false\" class=\"vc_row wpb_row vc_row-fluid vc_custom_1656585076455 vc_row-has-fill\"><div class=\"wpb_column vc_column_container vc_col-sm-12\"><div class=\"vc_column-inner\"><div class=\"wpb_wrapper\"><div class=\"vc_tta-container\" data-vc-action=\"collapse\"><div class=\"vc_general vc_tta vc_tta-tabs vc_tta-color-black vc_tta-style-flat vc_tta-shape-square vc_tta-spacing-1 vc_tta-o-no-fill vc_tta-tabs-position-top vc_tta-controls-align-left\"><div class=\"vc_tta-tabs-container\"><ul class=\"vc_tta-tabs-list\" role=\"tablist\"><li class=\"vc_tta-tab vc_active\" data-vc-tab role=\"presentation\"><a href=\"#1656584484701-0e478312-357c\" data-vc-tabs data-vc-container=\".vc_tta\" role=\"tab\" aria-selected=\"false\" id=\"tab-1656584484701-0e478312-357c\"><i class=\"vc_tta-icon vc-oi vc-oi-article\"><\/i><span class=\"vc_tta-title-text\">Description<\/span><\/a><\/li><\/ul><\/div><div class=\"vc_tta-panels-container\"><div class=\"vc_tta-panels\"><div class=\"vc_tta-panel vc_active\" id=\"1656584484701-0e478312-357c\" data-vc-content=\".vc_tta-panel-body\"><div class=\"vc_tta-panel-heading\"><h4 class=\"vc_tta-panel-title\"><a href=\"#1656584484701-0e478312-357c\" data-vc-accordion data-vc-container=\".vc_tta-container\"><i class=\"vc_tta-icon vc-oi vc-oi-article\"><\/i><span class=\"vc_tta-title-text\">Description<\/span><\/a><\/h4><\/div><div class=\"vc_tta-panel-body\">\n\t<div class=\"wpb_text_column wpb_content_element\" >\n\t\t<div class=\"wpb_wrapper\">\n\t\t\t<p><strong>Vinhas Improv\u00e1veis Grande Reserva Tinto 2020\u00a0<\/strong><\/p>\n<p><strong>Grape varieties: <\/strong>Mixed indigenous grape varieties.<br \/>\n<strong>Vinification: <\/strong><span class=\"OYPEnA\">Hand-picked, selected and destemmed, followed by vinification in temperature-controlled stainless steel tanks. Classic pumping over, transferred to barrels where it aged until bottling.<\/span><br \/>\n<strong>Aging: <\/strong><span class=\"OYPEnA\">36\u00a0<\/span><span class=\"OYPEnA\">months in French oak barrels (225 litres), 75% new.<\/span><br \/>\n<strong>Colour: <\/strong>Deep Ruby.<strong><br \/>\n<\/strong><strong>Aroma: <\/strong>Very intense, powerful and captivating, with ripe black fruit such as cherries, plums and blackberries. All enveloped in aromas of vanilla and hazelnut chocolate.<br \/>\n<strong>Flavour: <\/strong>Very full-bodied, full of grip and power, but extremely balanced. Silky tannins, covered by juicy fruit, refreshing acidity, and a huge finish.<\/p>\n<hr style=\"border: #b0976d 1px dotted;\" \/>\n<p><strong>Serve:<\/strong> 15\u2070<br \/>\n<strong>Consumption: <\/strong>Guarda (2025-2050).<\/p>\n<hr style=\"border: #b0976d 1px dotted;\" \/>\n<p><strong>Harmonisation: <\/strong>Grilled meat, pork loin and game.<\/p>\n<hr style=\"border: #b0976d 1px dotted;\" \/>\n\n\t\t<\/div>\n\t<\/div>\n\n\t<div class=\"wpb_text_column wpb_content_element\" >\n\t\t<div class=\"wpb_wrapper\">\n\t\t\t<p><strong>Producer: <\/strong><a href=\"https:\/\/www.tourinto.pt\/en\/produtores\/douro\/raul-riba-dave\/\">Raul Riba D&#039;Ave<\/a><\/p>\n<p><strong>Enology: <\/strong>Ra\u00fal Riba D\u00b4Ave<\/p>\n<p><strong>Category:<\/strong> Portuguese Wines \u2013 <a href=\"https:\/\/www.tourinto.pt\/en\/portugal\/vinhos-do-douro\/\">Douro<\/a><\/p>\n<p><strong>Awards and Notes:<\/strong><\/p>\n<ul>\n<li><strong>Revistas de Vinhos &#8211;<\/strong><\/li>\n<li><strong>Grandes Escolhas &#8211;\u00a0<\/strong><\/li>\n<\/ul>\n<p><a href=\"https:\/\/www.raulribadave.pt\/\"><span style=\"color: #f1f1f1;\">Raul Riba D&#039;Ave<\/span><\/a><\/p>\n\n\t\t<\/div>\n\t<\/div>\n<\/div><\/div><\/div><\/div><\/div><\/div><\/div><\/div><\/div><\/div><div class=\"vc_row-full-width vc_clearfix\"><\/div><div data-vc-full-width=\"true\" data-vc-full-width-init=\"false\" data-vc-stretch-content=\"true\" class=\"vc_row wpb_row vc_row-fluid vc_row-no-padding\"><div class=\"wpb_column vc_column_container vc_col-sm-12\"><div class=\"vc_column-inner\"><div class=\"wpb_wrapper\">\n<div class=\"vc_grid-container-wrapper vc_clearfix vc_grid-animation-fadeIn\">\n\t<div class=\"vc_grid-container vc_clearfix wpb_content_element vc_media_grid\" data-initial-loading-animation=\"fadeIn\" data-vc-grid-settings=\"{&quot;page_id&quot;:10093,&quot;style&quot;:&quot;all&quot;,&quot;action&quot;:&quot;vc_get_vc_grid_data&quot;,&quot;shortcode_id&quot;:&quot;1757772432788-01e2d49f-5551-4&quot;,&quot;tag&quot;:&quot;vc_media_grid&quot;}\" data-vc-request=\"https:\/\/www.tourinto.pt\/wp-admin\/admin-ajax.php\" data-vc-post-id=\"10093\" data-vc-public-nonce=\"78014b6fa4\">\n\t\t\n\t<\/div>\n<\/div><\/div><\/div><\/div><\/div><div class=\"vc_row-full-width vc_clearfix\"><\/div>\n<\/div>","protected":false},"excerpt":{"rendered":"<p>Vinhas Improv\u00e1veis Grande Reserva Tinto 2020 \u00e9 nesta sua primeira edi\u00e7\u00e3o, resultado da mistura de castas aut\u00f3ctones n\u00e3o identific\u00e1veis de uma vinha velha com mais de 100 anos. Um vinho com aroma muito intenso e poderoso, com notas de fruta preta madura, para al\u00e9m de encorpado, sedoso e com um enorme final.<\/p>\n<p>Saiba mais sobre <a href=\"https:\/\/www.tourinto.pt\/produtores\/douro\/raul-riba-dave\/\">Raul Riba D&#8217;Ave<\/a>.<\/p>\n[contact-form-7 id=\"4433d5d\" title=\"nota Uni\u00e3o Europeia\"]\n","protected":false},"featured_media":14129,"comment_status":"closed","ping_status":"closed","template":"","meta":{"_acf_changed":false,"_joinchat":[],"jetpack_publicize_message":"","jetpack_publicize_feature_enabled":true,"jetpack_social_post_already_shared":true,"jetpack_social_options":{"image_generator_settings":{"template":"highway","default_image_id":0,"font":"","enabled":false},"version":2}},"product_brand":[],"product_cat":[1058,17,424,392,82,100,81,44,171],"product_tag":[372,65,59],"class_list":{"0":"post-10093","1":"product","2":"type-product","3":"status-publish","4":"has-post-thumbnail","6":"product_cat-vinhas-velhas","7":"product_cat-vinho-tinto","8":"product_cat-vinhos-portugal","9":"product_cat-pequenos-produtores","10":"product_cat-douro","11":"product_cat-tipologia","12":"product_cat-regiao","13":"product_cat-produtores","14":"product_cat-raul-riba-dave","15":"product_tag-vinho-tinto","16":"product_tag-vinhas-velhas","17":"product_tag-douro","18":"pa_ano-32","19":"pa_castas-mistura-de-castas-autoctones","20":"pa_categoria-vinhos-portugueses","21":"pa_enologia-raul-riba-dave","22":"pa_harmonizacao-assados-de-carne","23":"pa_harmonizacao-carnes-no-forno","24":"pa_harmonizacao-carnes-grelhadas","25":"pa_leveduras-selecionadas","26":"pa_produtor-raul-riba-dave","27":"pa_regiao-douro","28":"pa_tipologia-vinho-tinto","29":"pa_vinificacao-tradicional-controlada","30":"pa_viticultura-sustentavel","31":"pa_volume-750ml","33":"first","34":"instock","35":"taxable","36":"shipping-taxable","37":"purchasable","38":"product-type-simple"},"acf":[],"yoast_head":"<!-- This site is optimized with the Yoast SEO Premium plugin v27.5 (Yoast SEO v27.5) - https:\/\/yoast.com\/product\/yoast-seo-premium-wordpress\/ -->\n<title>Vinhas Improv\u00e1veis Grande Reserva 2020 - Tourinto Premium Wines<\/title>\n<meta name=\"description\" content=\"Vinhas Improv\u00e1veis Grande Reserva 2020 \u00e9 nesta sua primeira edi\u00e7\u00e3o, resultado da mistura de castas aut\u00f3ctones de uma vinha velha com mais de 100 anos.\" \/>\n<meta name=\"robots\" content=\"index, follow, max-snippet:-1, max-image-preview:large, max-video-preview:-1\" \/>\n<link rel=\"canonical\" href=\"https:\/\/www.tourinto.pt\/en\/product\/vinhas-improvaveis-grande-reserva-tinto\/\" \/>\n<meta property=\"og:locale\" content=\"en_GB\" \/>\n<meta property=\"og:type\" content=\"article\" \/>\n<meta property=\"og:title\" content=\"Vinhas Improv\u00e1veis Grande Reserva 2020\" \/>\n<meta property=\"og:description\" content=\"Vinhas Improv\u00e1veis Grande Reserva 2020 \u00e9 nesta sua primeira edi\u00e7\u00e3o, resultado da mistura de castas aut\u00f3ctones de uma vinha velha com mais de 100 anos.\" \/>\n<meta property=\"og:url\" content=\"https:\/\/www.tourinto.pt\/en\/product\/vinhas-improvaveis-grande-reserva-tinto\/\" \/>\n<meta property=\"og:site_name\" content=\"Tourinto Premium Wines\" \/>\n<meta property=\"article:publisher\" content=\"https:\/\/www.facebook.com\/garrafeiratourinto\" \/>\n<meta property=\"article:modified_time\" content=\"2026-02-02T13:07:46+00:00\" \/>\n<meta property=\"og:image\" content=\"https:\/\/www.tourinto.pt\/wp-content\/uploads\/2024\/06\/Vinhas-Improvaveis-Grande-Reserva-2020.webp\" \/>\n\t<meta property=\"og:image:width\" content=\"881\" \/>\n\t<meta property=\"og:image:height\" content=\"1400\" \/>\n\t<meta property=\"og:image:type\" content=\"image\/webp\" \/>\n<meta name=\"twitter:card\" content=\"summary_large_image\" \/>\n<meta name=\"twitter:label1\" content=\"Price\" \/>\n\t<meta name=\"twitter:data1\" content=\"74,90&nbsp;&euro;\" \/>\n\t<meta name=\"twitter:label2\" content=\"Availability\" \/>\n\t<meta name=\"twitter:data2\" content=\"In stock\" \/>\n<script type=\"application\/ld+json\" class=\"yoast-schema-graph\">{\"@context\":\"https:\\\/\\\/schema.org\",\"@graph\":[{\"@type\":\"WebPage\",\"@id\":\"https:\\\/\\\/www.tourinto.pt\\\/product\\\/vinhas-improvaveis-grande-reserva-tinto\\\/\",\"url\":\"https:\\\/\\\/www.tourinto.pt\\\/product\\\/vinhas-improvaveis-grande-reserva-tinto\\\/\",\"name\":\"Vinhas Improv\u00e1veis Grande Reserva 2020 - Tourinto Premium Wines\",\"isPartOf\":{\"@id\":\"https:\\\/\\\/www.tourinto.pt\\\/#website\"},\"primaryImageOfPage\":{\"@id\":\"https:\\\/\\\/www.tourinto.pt\\\/product\\\/vinhas-improvaveis-grande-reserva-tinto\\\/#primaryimage\"},\"image\":{\"@id\":\"https:\\\/\\\/www.tourinto.pt\\\/product\\\/vinhas-improvaveis-grande-reserva-tinto\\\/#primaryimage\"},\"thumbnailUrl\":\"https:\\\/\\\/i0.wp.com\\\/www.tourinto.pt\\\/wp-content\\\/uploads\\\/2024\\\/06\\\/Vinhas-Improvaveis-Grande-Reserva-2020.webp?fit=881%2C1400&ssl=1\",\"datePublished\":\"2024-06-23T18:14:43+00:00\",\"dateModified\":\"2026-02-02T13:07:46+00:00\",\"description\":\"Vinhas Improv\u00e1veis Grande Reserva 2020 \u00e9 nesta sua primeira edi\u00e7\u00e3o, resultado da mistura de castas aut\u00f3ctones de uma vinha velha com mais de 100 anos.\",\"breadcrumb\":{\"@id\":\"https:\\\/\\\/www.tourinto.pt\\\/product\\\/vinhas-improvaveis-grande-reserva-tinto\\\/#breadcrumb\"},\"inLanguage\":\"en-GB\",\"potentialAction\":[{\"@type\":\"ReadAction\",\"target\":[\"https:\\\/\\\/www.tourinto.pt\\\/product\\\/vinhas-improvaveis-grande-reserva-tinto\\\/\"]}]},{\"@type\":\"ImageObject\",\"inLanguage\":\"en-GB\",\"@id\":\"https:\\\/\\\/www.tourinto.pt\\\/product\\\/vinhas-improvaveis-grande-reserva-tinto\\\/#primaryimage\",\"url\":\"https:\\\/\\\/i0.wp.com\\\/www.tourinto.pt\\\/wp-content\\\/uploads\\\/2024\\\/06\\\/Vinhas-Improvaveis-Grande-Reserva-2020.webp?fit=881%2C1400&ssl=1\",\"contentUrl\":\"https:\\\/\\\/i0.wp.com\\\/www.tourinto.pt\\\/wp-content\\\/uploads\\\/2024\\\/06\\\/Vinhas-Improvaveis-Grande-Reserva-2020.webp?fit=881%2C1400&ssl=1\",\"width\":881,\"height\":1400,\"caption\":\"Vinhas Improv\u00e1veis Tinto, Vinhas Improv\u00e1veis Reserva, Raul Riba Dave Grande Reserva Tinto, Vinhas Improv\u00e1veis Tinto, Vinho Tinto Vinhas Improv\u00e1veis Grande Reserva\"},{\"@type\":\"BreadcrumbList\",\"@id\":\"https:\\\/\\\/www.tourinto.pt\\\/product\\\/vinhas-improvaveis-grande-reserva-tinto\\\/#breadcrumb\",\"itemListElement\":[{\"@type\":\"ListItem\",\"position\":1,\"name\":\"In\u00edcio\",\"item\":\"https:\\\/\\\/www.tourinto.pt\\\/\"},{\"@type\":\"ListItem\",\"position\":2,\"name\":\"Garrafeira on-line\",\"item\":\"https:\\\/\\\/www.tourinto.pt\\\/garrafeira-on-line\\\/\"},{\"@type\":\"ListItem\",\"position\":3,\"name\":\"Vinhas Improv\u00e1veis Grande Reserva 2020\"}]},{\"@type\":\"WebSite\",\"@id\":\"https:\\\/\\\/www.tourinto.pt\\\/#website\",\"url\":\"https:\\\/\\\/www.tourinto.pt\\\/\",\"name\":\"Tourinto Premium Wines\",\"description\":\"Garrafeira on-line\",\"publisher\":{\"@id\":\"https:\\\/\\\/www.tourinto.pt\\\/#organization\"},\"alternateName\":\"Garrafeira on-line\",\"potentialAction\":[{\"@type\":\"SearchAction\",\"target\":{\"@type\":\"EntryPoint\",\"urlTemplate\":\"https:\\\/\\\/www.tourinto.pt\\\/?s={search_term_string}\"},\"query-input\":{\"@type\":\"PropertyValueSpecification\",\"valueRequired\":true,\"valueName\":\"search_term_string\"}}],\"inLanguage\":\"en-GB\"},{\"@type\":[\"Organization\",\"Place\"],\"@id\":\"https:\\\/\\\/www.tourinto.pt\\\/#organization\",\"name\":\"Tourinto\",\"alternateName\":\"Garrafeira Tourinto, Lda.\",\"url\":\"https:\\\/\\\/www.tourinto.pt\\\/\",\"logo\":{\"@id\":\"https:\\\/\\\/www.tourinto.pt\\\/product\\\/vinhas-improvaveis-grande-reserva-tinto\\\/#local-main-organization-logo\"},\"image\":{\"@id\":\"https:\\\/\\\/www.tourinto.pt\\\/product\\\/vinhas-improvaveis-grande-reserva-tinto\\\/#local-main-organization-logo\"},\"sameAs\":[\"https:\\\/\\\/www.facebook.com\\\/garrafeiratourinto\",\"https:\\\/\\\/www.instagram.com\\\/garrafeiratourinto\\\/\"],\"telephone\":[],\"openingHoursSpecification\":[{\"@type\":\"OpeningHoursSpecification\",\"dayOfWeek\":[\"Monday\",\"Tuesday\",\"Wednesday\",\"Thursday\",\"Friday\",\"Saturday\",\"Sunday\"],\"opens\":\"09:00\",\"closes\":\"17:00\"}]},{\"@type\":\"ImageObject\",\"inLanguage\":\"en-GB\",\"@id\":\"https:\\\/\\\/www.tourinto.pt\\\/product\\\/vinhas-improvaveis-grande-reserva-tinto\\\/#local-main-organization-logo\",\"url\":\"https:\\\/\\\/i0.wp.com\\\/www.tourinto.pt\\\/wp-content\\\/uploads\\\/2022\\\/07\\\/tourinto-logo-big.png?fit=1400%2C505&ssl=1\",\"contentUrl\":\"https:\\\/\\\/i0.wp.com\\\/www.tourinto.pt\\\/wp-content\\\/uploads\\\/2022\\\/07\\\/tourinto-logo-big.png?fit=1400%2C505&ssl=1\",\"width\":1400,\"height\":505,\"caption\":\"Tourinto\"}]}<\/script>\n<meta property=\"product:price:amount\" content=\"74.90\" \/>\n<meta property=\"product:price:currency\" content=\"EUR\" \/>\n<meta property=\"og:availability\" content=\"instock\" \/>\n<meta property=\"product:availability\" content=\"instock\" \/>\n<meta property=\"product:retailer_item_id\" content=\"23.03.2020\" \/>\n<meta property=\"product:condition\" content=\"new\" \/>\n<!-- \/ Yoast SEO Premium plugin. -->","yoast_head_json":{"title":"Vinhas Improv\u00e1veis Grande Reserva 2020 - Tourinto Premium Wines","description":"Vinhas Improv\u00e1veis Grande Reserva 2020 \u00e9 nesta sua primeira edi\u00e7\u00e3o, resultado da mistura de castas aut\u00f3ctones de uma vinha velha com mais de 100 anos.","robots":{"index":"index","follow":"follow","max-snippet":"max-snippet:-1","max-image-preview":"max-image-preview:large","max-video-preview":"max-video-preview:-1"},"canonical":"https:\/\/www.tourinto.pt\/en\/product\/vinhas-improvaveis-grande-reserva-tinto\/","og_locale":"en_GB","og_type":"article","og_title":"Vinhas Improv\u00e1veis Grande Reserva 2020","og_description":"Vinhas Improv\u00e1veis Grande Reserva 2020 \u00e9 nesta sua primeira edi\u00e7\u00e3o, resultado da mistura de castas aut\u00f3ctones de uma vinha velha com mais de 100 anos.","og_url":"https:\/\/www.tourinto.pt\/en\/product\/vinhas-improvaveis-grande-reserva-tinto\/","og_site_name":"Tourinto Premium Wines","article_publisher":"https:\/\/www.facebook.com\/garrafeiratourinto","article_modified_time":"2026-02-02T13:07:46+00:00","og_image":[{"width":881,"height":1400,"url":"https:\/\/www.tourinto.pt\/wp-content\/uploads\/2024\/06\/Vinhas-Improvaveis-Grande-Reserva-2020.webp","type":"image\/webp"}],"twitter_card":"summary_large_image","twitter_misc":{"Price":"74,90&nbsp;&euro;","Availability":"In stock"},"schema":{"@context":"https:\/\/schema.org","@graph":[{"@type":"WebPage","@id":"https:\/\/www.tourinto.pt\/product\/vinhas-improvaveis-grande-reserva-tinto\/","url":"https:\/\/www.tourinto.pt\/product\/vinhas-improvaveis-grande-reserva-tinto\/","name":"Vinhas Improv\u00e1veis Grande Reserva 2020 - Tourinto Premium Wines","isPartOf":{"@id":"https:\/\/www.tourinto.pt\/#website"},"primaryImageOfPage":{"@id":"https:\/\/www.tourinto.pt\/product\/vinhas-improvaveis-grande-reserva-tinto\/#primaryimage"},"image":{"@id":"https:\/\/www.tourinto.pt\/product\/vinhas-improvaveis-grande-reserva-tinto\/#primaryimage"},"thumbnailUrl":"https:\/\/i0.wp.com\/www.tourinto.pt\/wp-content\/uploads\/2024\/06\/Vinhas-Improvaveis-Grande-Reserva-2020.webp?fit=881%2C1400&ssl=1","datePublished":"2024-06-23T18:14:43+00:00","dateModified":"2026-02-02T13:07:46+00:00","description":"Vinhas Improv\u00e1veis Grande Reserva 2020 \u00e9 nesta sua primeira edi\u00e7\u00e3o, resultado da mistura de castas aut\u00f3ctones de uma vinha velha com mais de 100 anos.","breadcrumb":{"@id":"https:\/\/www.tourinto.pt\/product\/vinhas-improvaveis-grande-reserva-tinto\/#breadcrumb"},"inLanguage":"en-GB","potentialAction":[{"@type":"ReadAction","target":["https:\/\/www.tourinto.pt\/product\/vinhas-improvaveis-grande-reserva-tinto\/"]}]},{"@type":"ImageObject","inLanguage":"en-GB","@id":"https:\/\/www.tourinto.pt\/product\/vinhas-improvaveis-grande-reserva-tinto\/#primaryimage","url":"https:\/\/i0.wp.com\/www.tourinto.pt\/wp-content\/uploads\/2024\/06\/Vinhas-Improvaveis-Grande-Reserva-2020.webp?fit=881%2C1400&ssl=1","contentUrl":"https:\/\/i0.wp.com\/www.tourinto.pt\/wp-content\/uploads\/2024\/06\/Vinhas-Improvaveis-Grande-Reserva-2020.webp?fit=881%2C1400&ssl=1","width":881,"height":1400,"caption":"Vinhas Improv\u00e1veis Tinto, Vinhas Improv\u00e1veis Reserva, Raul Riba Dave Grande Reserva Tinto, Vinhas Improv\u00e1veis Tinto, Vinho Tinto Vinhas Improv\u00e1veis Grande Reserva"},{"@type":"BreadcrumbList","@id":"https:\/\/www.tourinto.pt\/product\/vinhas-improvaveis-grande-reserva-tinto\/#breadcrumb","itemListElement":[{"@type":"ListItem","position":1,"name":"In\u00edcio","item":"https:\/\/www.tourinto.pt\/"},{"@type":"ListItem","position":2,"name":"Garrafeira on-line","item":"https:\/\/www.tourinto.pt\/garrafeira-on-line\/"},{"@type":"ListItem","position":3,"name":"Vinhas Improv\u00e1veis Grande Reserva 2020"}]},{"@type":"WebSite","@id":"https:\/\/www.tourinto.pt\/#website","url":"https:\/\/www.tourinto.pt\/","name":"Tourinto Premium Wines","description":"Wine Shop online","publisher":{"@id":"https:\/\/www.tourinto.pt\/#organization"},"alternateName":"Garrafeira on-line","potentialAction":[{"@type":"SearchAction","target":{"@type":"EntryPoint","urlTemplate":"https:\/\/www.tourinto.pt\/?s={search_term_string}"},"query-input":{"@type":"PropertyValueSpecification","valueRequired":true,"valueName":"search_term_string"}}],"inLanguage":"en-GB"},{"@type":["Organization","Place"],"@id":"https:\/\/www.tourinto.pt\/#organization","name":"Tourinto","alternateName":"Garrafeira Tourinto, Lda.","url":"https:\/\/www.tourinto.pt\/","logo":{"@id":"https:\/\/www.tourinto.pt\/product\/vinhas-improvaveis-grande-reserva-tinto\/#local-main-organization-logo"},"image":{"@id":"https:\/\/www.tourinto.pt\/product\/vinhas-improvaveis-grande-reserva-tinto\/#local-main-organization-logo"},"sameAs":["https:\/\/www.facebook.com\/garrafeiratourinto","https:\/\/www.instagram.com\/garrafeiratourinto\/"],"telephone":[],"openingHoursSpecification":[{"@type":"OpeningHoursSpecification","dayOfWeek":["Monday","Tuesday","Wednesday","Thursday","Friday","Saturday","Sunday"],"opens":"09:00","closes":"17:00"}]},{"@type":"ImageObject","inLanguage":"en-GB","@id":"https:\/\/www.tourinto.pt\/product\/vinhas-improvaveis-grande-reserva-tinto\/#local-main-organization-logo","url":"https:\/\/i0.wp.com\/www.tourinto.pt\/wp-content\/uploads\/2022\/07\/tourinto-logo-big.png?fit=1400%2C505&ssl=1","contentUrl":"https:\/\/i0.wp.com\/www.tourinto.pt\/wp-content\/uploads\/2022\/07\/tourinto-logo-big.png?fit=1400%2C505&ssl=1","width":1400,"height":505,"caption":"Tourinto"}]},"product_price_amount":"74.90","product_price_currency":"EUR","og_availability":"instock","product_availability":"instock","product_retailer_item_id":"23.03.2020","product_condition":"new"},"jetpack_publicize_connections":[],"jetpack_sharing_enabled":true,"_links":{"self":[{"href":"https:\/\/www.tourinto.pt\/en\/wp-json\/wp\/v2\/product\/10093","targetHints":{"allow":["GET"]}}],"collection":[{"href":"https:\/\/www.tourinto.pt\/en\/wp-json\/wp\/v2\/product"}],"about":[{"href":"https:\/\/www.tourinto.pt\/en\/wp-json\/wp\/v2\/types\/product"}],"replies":[{"embeddable":true,"href":"https:\/\/www.tourinto.pt\/en\/wp-json\/wp\/v2\/comments?post=10093"}],"wp:featuredmedia":[{"embeddable":true,"href":"https:\/\/www.tourinto.pt\/en\/wp-json\/wp\/v2\/media\/14129"}],"wp:attachment":[{"href":"https:\/\/www.tourinto.pt\/en\/wp-json\/wp\/v2\/media?parent=10093"}],"wp:term":[{"taxonomy":"product_brand","embeddable":true,"href":"https:\/\/www.tourinto.pt\/en\/wp-json\/wp\/v2\/product_brand?post=10093"},{"taxonomy":"product_cat","embeddable":true,"href":"https:\/\/www.tourinto.pt\/en\/wp-json\/wp\/v2\/product_cat?post=10093"},{"taxonomy":"product_tag","embeddable":true,"href":"https:\/\/www.tourinto.pt\/en\/wp-json\/wp\/v2\/product_tag?post=10093"}],"curies":[{"name":"wp","href":"https:\/\/api.w.org\/{rel}","templated":true}]}}