{"id":14176,"date":"2025-09-15T20:02:57","date_gmt":"2025-09-15T20:02:57","guid":{"rendered":"https:\/\/www.tourinto.pt\/?page_id=14176"},"modified":"2026-02-08T17:43:21","modified_gmt":"2026-02-08T17:43:21","slug":"espanha","status":"publish","type":"page","link":"https:\/\/www.tourinto.pt\/en\/produtores\/espanha\/","title":{"rendered":"Spain"},"content":{"rendered":"<div class=\"wpb-content-wrapper\"><div data-vc-full-width=\"true\" data-vc-full-width-init=\"false\" class=\"vc_row wpb_row vc_row-fluid vc_custom_1706358352789\"><div class=\"wpb_column vc_column_container vc_col-sm-2\"><div class=\"vc_column-inner\"><div class=\"wpb_wrapper\"><\/div><\/div><\/div><div class=\"wpb_column vc_column_container vc_col-sm-8\"><div class=\"vc_column-inner  vc_custom_1458555142589\"><div class=\"wpb_wrapper\">\n\t<div class=\"title-subtitle-box\" style=\" text-align: center;\">\n\t\t<p  style=\"\">Tourinto Premium Wines<\/p>\n\t\t<h1 style=\" color:#000000;  font-style: normal;\">Spain<\/h1>\n\t<\/div> <\/div><\/div><\/div><div class=\"wpb_column vc_column_container vc_col-sm-2\"><div class=\"vc_column-inner\"><div class=\"wpb_wrapper\"><\/div><\/div><\/div><\/div><div class=\"vc_row-full-width vc_clearfix\"><\/div><div data-vc-full-width=\"true\" data-vc-full-width-init=\"false\" class=\"vc_row wpb_row vc_row-fluid vc_custom_1706358374034\"><div class=\"wpb_column vc_column_container vc_col-sm-4\"><div class=\"vc_column-inner\"><div class=\"wpb_wrapper\">\n\t<div  class=\"wpb_single_image wpb_content_element vc_align_left wpb_content_element\">\n\t\t\n\t\t<figure class=\"wpb_wrapper vc_figure\">\n\t\t\t<a href=\"https:\/\/www.tourinto.pt\/en\/produtores\/espanha\/telmo-rodriguez\/\" target=\"_self\" class=\"vc_single_image-wrapper   vc_box_border_grey\"><img loading=\"lazy\" decoding=\"async\" width=\"1689\" height=\"1910\" src=\"https:\/\/i0.wp.com\/www.tourinto.pt\/wp-content\/uploads\/2025\/09\/Telmo-Rodriguez-Logo.webp?fit=1689%2C1910&amp;ssl=1\" class=\"vc_single_image-img attachment-full\" alt=\"\" title=\"Telmo Rodriguez Logo\" srcset=\"https:\/\/i0.wp.com\/www.tourinto.pt\/wp-content\/uploads\/2025\/09\/Telmo-Rodriguez-Logo.webp?w=1689&amp;ssl=1 1689w, https:\/\/i0.wp.com\/www.tourinto.pt\/wp-content\/uploads\/2025\/09\/Telmo-Rodriguez-Logo.webp?resize=265%2C300&amp;ssl=1 265w, https:\/\/i0.wp.com\/www.tourinto.pt\/wp-content\/uploads\/2025\/09\/Telmo-Rodriguez-Logo.webp?resize=906%2C1024&amp;ssl=1 906w, https:\/\/i0.wp.com\/www.tourinto.pt\/wp-content\/uploads\/2025\/09\/Telmo-Rodriguez-Logo.webp?resize=768%2C868&amp;ssl=1 768w, https:\/\/i0.wp.com\/www.tourinto.pt\/wp-content\/uploads\/2025\/09\/Telmo-Rodriguez-Logo.webp?resize=1358%2C1536&amp;ssl=1 1358w, https:\/\/i0.wp.com\/www.tourinto.pt\/wp-content\/uploads\/2025\/09\/Telmo-Rodriguez-Logo.webp?resize=11%2C12&amp;ssl=1 11w\" sizes=\"auto, (max-width: 1170px) 100vw, 1170px\" \/><\/a>\n\t\t<\/figure>\n\t<\/div>\n\n\t<div  class=\"wpb_single_image wpb_content_element vc_align_left wpb_content_element\">\n\t\t\n\t\t<figure class=\"wpb_wrapper vc_figure\">\n\t\t\t<a href=\"https:\/\/www.tourinto.pt\/en\/produtores\/espanha\/bodegas-guimaro-2\/\" target=\"_self\" class=\"vc_single_image-wrapper   vc_box_border_grey\"><img loading=\"lazy\" decoding=\"async\" width=\"1689\" height=\"1910\" src=\"https:\/\/i0.wp.com\/www.tourinto.pt\/wp-content\/uploads\/2025\/09\/Bodegas-Guimaro.webp?fit=1689%2C1910&amp;ssl=1\" class=\"vc_single_image-img attachment-full\" alt=\"\" title=\"Bodegas Guimaro\" srcset=\"https:\/\/i0.wp.com\/www.tourinto.pt\/wp-content\/uploads\/2025\/09\/Bodegas-Guimaro.webp?w=1689&amp;ssl=1 1689w, https:\/\/i0.wp.com\/www.tourinto.pt\/wp-content\/uploads\/2025\/09\/Bodegas-Guimaro.webp?resize=265%2C300&amp;ssl=1 265w, https:\/\/i0.wp.com\/www.tourinto.pt\/wp-content\/uploads\/2025\/09\/Bodegas-Guimaro.webp?resize=906%2C1024&amp;ssl=1 906w, https:\/\/i0.wp.com\/www.tourinto.pt\/wp-content\/uploads\/2025\/09\/Bodegas-Guimaro.webp?resize=768%2C868&amp;ssl=1 768w, https:\/\/i0.wp.com\/www.tourinto.pt\/wp-content\/uploads\/2025\/09\/Bodegas-Guimaro.webp?resize=1358%2C1536&amp;ssl=1 1358w, https:\/\/i0.wp.com\/www.tourinto.pt\/wp-content\/uploads\/2025\/09\/Bodegas-Guimaro.webp?resize=11%2C12&amp;ssl=1 11w\" sizes=\"auto, (max-width: 1170px) 100vw, 1170px\" \/><\/a>\n\t\t<\/figure>\n\t<\/div>\n\n\t<div  class=\"wpb_single_image wpb_content_element vc_align_left wpb_content_element\">\n\t\t\n\t\t<figure class=\"wpb_wrapper vc_figure\">\n\t\t\t<a href=\"https:\/\/www.tourinto.pt\/en\/produtores\/espanha\/antoine-graillot-raul-perez\/\" target=\"_self\" class=\"vc_single_image-wrapper   vc_box_border_grey\"><img loading=\"lazy\" decoding=\"async\" width=\"1689\" height=\"1910\" src=\"https:\/\/i0.wp.com\/www.tourinto.pt\/wp-content\/uploads\/2026\/02\/Antoine-Grillot-e-Raul-Perez.webp?fit=1689%2C1910&amp;ssl=1\" class=\"vc_single_image-img attachment-full\" alt=\"\" title=\"Antoine Grillot e Raul Perez\" srcset=\"https:\/\/i0.wp.com\/www.tourinto.pt\/wp-content\/uploads\/2026\/02\/Antoine-Grillot-e-Raul-Perez.webp?w=1689&amp;ssl=1 1689w, https:\/\/i0.wp.com\/www.tourinto.pt\/wp-content\/uploads\/2026\/02\/Antoine-Grillot-e-Raul-Perez.webp?resize=265%2C300&amp;ssl=1 265w, https:\/\/i0.wp.com\/www.tourinto.pt\/wp-content\/uploads\/2026\/02\/Antoine-Grillot-e-Raul-Perez.webp?resize=906%2C1024&amp;ssl=1 906w, https:\/\/i0.wp.com\/www.tourinto.pt\/wp-content\/uploads\/2026\/02\/Antoine-Grillot-e-Raul-Perez.webp?resize=768%2C868&amp;ssl=1 768w, https:\/\/i0.wp.com\/www.tourinto.pt\/wp-content\/uploads\/2026\/02\/Antoine-Grillot-e-Raul-Perez.webp?resize=1358%2C1536&amp;ssl=1 1358w, https:\/\/i0.wp.com\/www.tourinto.pt\/wp-content\/uploads\/2026\/02\/Antoine-Grillot-e-Raul-Perez.webp?resize=11%2C12&amp;ssl=1 11w\" sizes=\"auto, (max-width: 1170px) 100vw, 1170px\" \/><\/a>\n\t\t<\/figure>\n\t<\/div>\n<\/div><\/div><\/div><div class=\"wpb_column vc_column_container vc_col-sm-4\"><div class=\"vc_column-inner\"><div class=\"wpb_wrapper\">\n\t<div  class=\"wpb_single_image wpb_content_element vc_align_left wpb_content_element\">\n\t\t\n\t\t<figure class=\"wpb_wrapper vc_figure\">\n\t\t\t<a href=\"https:\/\/www.tourinto.pt\/en\/produtores\/espanha\/terroir-al-limite\/\" target=\"_self\" class=\"vc_single_image-wrapper   vc_box_border_grey\"><img loading=\"lazy\" decoding=\"async\" width=\"1689\" height=\"1910\" src=\"https:\/\/i0.wp.com\/www.tourinto.pt\/wp-content\/uploads\/2025\/10\/Terroir-Al-Limite-Logo.webp?fit=1689%2C1910&amp;ssl=1\" class=\"vc_single_image-img attachment-full\" alt=\"Terroir Al L\u00edmit Priorat, Terroir Al L\u00edmit Vinhos, Terroir Al L\u00edmit Espanha\" title=\"Terroir Al Limite Logo\" srcset=\"https:\/\/i0.wp.com\/www.tourinto.pt\/wp-content\/uploads\/2025\/10\/Terroir-Al-Limite-Logo.webp?w=1689&amp;ssl=1 1689w, https:\/\/i0.wp.com\/www.tourinto.pt\/wp-content\/uploads\/2025\/10\/Terroir-Al-Limite-Logo.webp?resize=265%2C300&amp;ssl=1 265w, https:\/\/i0.wp.com\/www.tourinto.pt\/wp-content\/uploads\/2025\/10\/Terroir-Al-Limite-Logo.webp?resize=906%2C1024&amp;ssl=1 906w, https:\/\/i0.wp.com\/www.tourinto.pt\/wp-content\/uploads\/2025\/10\/Terroir-Al-Limite-Logo.webp?resize=768%2C868&amp;ssl=1 768w, https:\/\/i0.wp.com\/www.tourinto.pt\/wp-content\/uploads\/2025\/10\/Terroir-Al-Limite-Logo.webp?resize=1358%2C1536&amp;ssl=1 1358w, https:\/\/i0.wp.com\/www.tourinto.pt\/wp-content\/uploads\/2025\/10\/Terroir-Al-Limite-Logo.webp?resize=11%2C12&amp;ssl=1 11w\" sizes=\"auto, (max-width: 1170px) 100vw, 1170px\" \/><\/a>\n\t\t<\/figure>\n\t<\/div>\n\n\t<div  class=\"wpb_single_image wpb_content_element vc_align_left wpb_content_element\">\n\t\t\n\t\t<figure class=\"wpb_wrapper vc_figure\">\n\t\t\t<a href=\"https:\/\/www.tourinto.pt\/en\/produtores\/espanha\/bimbache\/\" target=\"_self\" class=\"vc_single_image-wrapper   vc_box_border_grey\"><img loading=\"lazy\" decoding=\"async\" width=\"1689\" height=\"1910\" src=\"https:\/\/i0.wp.com\/www.tourinto.pt\/wp-content\/uploads\/2026\/02\/Bimbache.webp?fit=1689%2C1910&amp;ssl=1\" class=\"vc_single_image-img attachment-full\" alt=\"Bimbache Can\u00e1rias, Bimbache Vinhos das Can\u00e1rias, Bimbache Vinhos Vulc\u00e2nicos\" title=\"Bimbache\" srcset=\"https:\/\/i0.wp.com\/www.tourinto.pt\/wp-content\/uploads\/2026\/02\/Bimbache.webp?w=1689&amp;ssl=1 1689w, https:\/\/i0.wp.com\/www.tourinto.pt\/wp-content\/uploads\/2026\/02\/Bimbache.webp?resize=265%2C300&amp;ssl=1 265w, https:\/\/i0.wp.com\/www.tourinto.pt\/wp-content\/uploads\/2026\/02\/Bimbache.webp?resize=906%2C1024&amp;ssl=1 906w, https:\/\/i0.wp.com\/www.tourinto.pt\/wp-content\/uploads\/2026\/02\/Bimbache.webp?resize=768%2C868&amp;ssl=1 768w, https:\/\/i0.wp.com\/www.tourinto.pt\/wp-content\/uploads\/2026\/02\/Bimbache.webp?resize=1358%2C1536&amp;ssl=1 1358w, https:\/\/i0.wp.com\/www.tourinto.pt\/wp-content\/uploads\/2026\/02\/Bimbache.webp?resize=11%2C12&amp;ssl=1 11w\" sizes=\"auto, (max-width: 1170px) 100vw, 1170px\" \/><\/a>\n\t\t<\/figure>\n\t<\/div>\n<\/div><\/div><\/div><div class=\"wpb_column vc_column_container vc_col-sm-4\"><div class=\"vc_column-inner\"><div class=\"wpb_wrapper\">\n\t<div  class=\"wpb_single_image wpb_content_element vc_align_left wpb_content_element\">\n\t\t\n\t\t<figure class=\"wpb_wrapper vc_figure\">\n\t\t\t<a href=\"https:\/\/www.tourinto.pt\/en\/produtores\/espanha\/casa-lebai\/\" target=\"_self\" class=\"vc_single_image-wrapper   vc_box_border_grey\"><img loading=\"lazy\" decoding=\"async\" width=\"1689\" height=\"1910\" src=\"https:\/\/i0.wp.com\/www.tourinto.pt\/wp-content\/uploads\/2025\/12\/Casa-Lebai-Logo.webp?fit=1689%2C1910&amp;ssl=1\" class=\"vc_single_image-img attachment-full\" alt=\"Guimel del Mercado, Casa Lebai Ribeira del Duero, Vinhos Casa Lebai, Vinhos Guimel del Mercado\" title=\"Casa Lebai Logo\" srcset=\"https:\/\/i0.wp.com\/www.tourinto.pt\/wp-content\/uploads\/2025\/12\/Casa-Lebai-Logo.webp?w=1689&amp;ssl=1 1689w, https:\/\/i0.wp.com\/www.tourinto.pt\/wp-content\/uploads\/2025\/12\/Casa-Lebai-Logo.webp?resize=265%2C300&amp;ssl=1 265w, https:\/\/i0.wp.com\/www.tourinto.pt\/wp-content\/uploads\/2025\/12\/Casa-Lebai-Logo.webp?resize=906%2C1024&amp;ssl=1 906w, https:\/\/i0.wp.com\/www.tourinto.pt\/wp-content\/uploads\/2025\/12\/Casa-Lebai-Logo.webp?resize=768%2C868&amp;ssl=1 768w, https:\/\/i0.wp.com\/www.tourinto.pt\/wp-content\/uploads\/2025\/12\/Casa-Lebai-Logo.webp?resize=1358%2C1536&amp;ssl=1 1358w, https:\/\/i0.wp.com\/www.tourinto.pt\/wp-content\/uploads\/2025\/12\/Casa-Lebai-Logo.webp?resize=11%2C12&amp;ssl=1 11w\" sizes=\"auto, (max-width: 1170px) 100vw, 1170px\" \/><\/a>\n\t\t<\/figure>\n\t<\/div>\n\n\t<div  class=\"wpb_single_image wpb_content_element vc_align_left wpb_content_element\">\n\t\t\n\t\t<figure class=\"wpb_wrapper vc_figure\">\n\t\t\t<a href=\"https:\/\/www.tourinto.pt\/en\/produtores\/espanha\/comando-g\/\" target=\"_self\" class=\"vc_single_image-wrapper   vc_box_border_grey\"><img loading=\"lazy\" decoding=\"async\" width=\"1689\" height=\"1910\" src=\"https:\/\/i0.wp.com\/www.tourinto.pt\/wp-content\/uploads\/2025\/12\/Comando-G-Logo.webp?fit=1689%2C1910&amp;ssl=1\" class=\"vc_single_image-img attachment-full\" alt=\"Comando G Serra de Grerdos, Vinhos Serra de Gredos, Comando G Garnacha, Vinhos Madrid, Garnacha Serra de Gredos\" title=\"Comando G Logo\" srcset=\"https:\/\/i0.wp.com\/www.tourinto.pt\/wp-content\/uploads\/2025\/12\/Comando-G-Logo.webp?w=1689&amp;ssl=1 1689w, https:\/\/i0.wp.com\/www.tourinto.pt\/wp-content\/uploads\/2025\/12\/Comando-G-Logo.webp?resize=265%2C300&amp;ssl=1 265w, https:\/\/i0.wp.com\/www.tourinto.pt\/wp-content\/uploads\/2025\/12\/Comando-G-Logo.webp?resize=906%2C1024&amp;ssl=1 906w, https:\/\/i0.wp.com\/www.tourinto.pt\/wp-content\/uploads\/2025\/12\/Comando-G-Logo.webp?resize=768%2C868&amp;ssl=1 768w, https:\/\/i0.wp.com\/www.tourinto.pt\/wp-content\/uploads\/2025\/12\/Comando-G-Logo.webp?resize=1358%2C1536&amp;ssl=1 1358w, https:\/\/i0.wp.com\/www.tourinto.pt\/wp-content\/uploads\/2025\/12\/Comando-G-Logo.webp?resize=11%2C12&amp;ssl=1 11w\" sizes=\"auto, (max-width: 1170px) 100vw, 1170px\" \/><\/a>\n\t\t<\/figure>\n\t<\/div>\n\n\t<div  class=\"wpb_single_image wpb_content_element vc_align_left wpb_content_element\">\n\t\t\n\t\t<figure class=\"wpb_wrapper vc_figure\">\n\t\t\t<a href=\"https:\/\/www.tourinto.pt\/en\/produtores\/espanha\/barco-del-corneta\/\" target=\"_self\" class=\"vc_single_image-wrapper   vc_box_border_grey\"><img loading=\"lazy\" decoding=\"async\" width=\"1689\" height=\"1910\" src=\"https:\/\/i0.wp.com\/www.tourinto.pt\/wp-content\/uploads\/2026\/02\/Barco-Del-Corneta-Logo.png?fit=1689%2C1910&amp;ssl=1\" class=\"vc_single_image-img attachment-full\" alt=\"\" title=\"Barco Del Corneta Logo\" srcset=\"https:\/\/i0.wp.com\/www.tourinto.pt\/wp-content\/uploads\/2026\/02\/Barco-Del-Corneta-Logo.png?w=1689&amp;ssl=1 1689w, https:\/\/i0.wp.com\/www.tourinto.pt\/wp-content\/uploads\/2026\/02\/Barco-Del-Corneta-Logo.png?resize=265%2C300&amp;ssl=1 265w, https:\/\/i0.wp.com\/www.tourinto.pt\/wp-content\/uploads\/2026\/02\/Barco-Del-Corneta-Logo.png?resize=906%2C1024&amp;ssl=1 906w, https:\/\/i0.wp.com\/www.tourinto.pt\/wp-content\/uploads\/2026\/02\/Barco-Del-Corneta-Logo.png?resize=768%2C868&amp;ssl=1 768w, https:\/\/i0.wp.com\/www.tourinto.pt\/wp-content\/uploads\/2026\/02\/Barco-Del-Corneta-Logo.png?resize=1358%2C1536&amp;ssl=1 1358w, https:\/\/i0.wp.com\/www.tourinto.pt\/wp-content\/uploads\/2026\/02\/Barco-Del-Corneta-Logo.png?resize=11%2C12&amp;ssl=1 11w\" sizes=\"auto, (max-width: 1170px) 100vw, 1170px\" \/><\/a>\n\t\t<\/figure>\n\t<\/div>\n<\/div><\/div><\/div><\/div><div class=\"vc_row-full-width vc_clearfix\"><\/div><div data-vc-full-width=\"true\" data-vc-full-width-init=\"false\" class=\"vc_row wpb_row vc_row-fluid vc_custom_1706358352789\"><div class=\"wpb_column vc_column_container vc_col-sm-2\"><div class=\"vc_column-inner\"><div class=\"wpb_wrapper\"><\/div><\/div><\/div><div class=\"wpb_column vc_column_container vc_col-sm-8\"><div class=\"vc_column-inner  vc_custom_1458555142589\"><div class=\"wpb_wrapper\"><\/div><\/div><\/div><div class=\"wpb_column vc_column_container vc_col-sm-2\"><div class=\"vc_column-inner\"><div class=\"wpb_wrapper\"><\/div><\/div><\/div><\/div><div class=\"vc_row-full-width vc_clearfix\"><\/div>\n<\/div>","protected":false},"excerpt":{"rendered":"Tourinto Premium Wines Espanha","protected":false},"author":2,"featured_media":0,"parent":1932,"menu_order":0,"comment_status":"closed","ping_status":"closed","template":"","meta":{"_acf_changed":false,"_joinchat":[],"footnotes":""},"class_list":["post-14176","page","type-page","status-publish","hentry"],"acf":[],"yoast_head":"<!-- This site is optimized with the Yoast SEO Premium plugin v27.3 (Yoast SEO v27.4) - https:\/\/yoast.com\/product\/yoast-seo-premium-wordpress\/ -->\n<title>Espanha - Tourinto Premium Wines<\/title>\n<meta name=\"description\" content=\"A Tourinto Premium Wines apresenta uma sele\u00e7\u00e3o de grandes vinhos espanhois.\" \/>\n<meta name=\"robots\" content=\"index, follow, max-snippet:-1, max-image-preview:large, max-video-preview:-1\" \/>\n<link rel=\"canonical\" href=\"https:\/\/www.tourinto.pt\/en\/produtores\/espanha\/\" \/>\n<meta property=\"og:locale\" content=\"en_GB\" \/>\n<meta property=\"og:type\" content=\"article\" \/>\n<meta property=\"og:title\" content=\"Espanha\" \/>\n<meta property=\"og:description\" content=\"A Tourinto Premium Wines apresenta uma sele\u00e7\u00e3o de grandes vinhos espanhois.\" \/>\n<meta property=\"og:url\" content=\"https:\/\/www.tourinto.pt\/en\/produtores\/espanha\/\" \/>\n<meta property=\"og:site_name\" content=\"Tourinto Premium Wines\" \/>\n<meta property=\"article:publisher\" content=\"https:\/\/www.facebook.com\/garrafeiratourinto\" \/>\n<meta property=\"article:modified_time\" content=\"2026-02-08T17:43:21+00:00\" \/>\n<meta property=\"og:image\" content=\"https:\/\/i0.wp.com\/www.tourinto.pt\/wp-content\/uploads\/2022\/07\/tourinto-logo-big.png?fit=1400%2C505&ssl=1\" \/>\n\t<meta property=\"og:image:width\" content=\"1400\" \/>\n\t<meta property=\"og:image:height\" content=\"505\" \/>\n\t<meta property=\"og:image:type\" content=\"image\/png\" \/>\n<meta name=\"twitter:card\" content=\"summary_large_image\" \/>\n<meta name=\"twitter:label1\" content=\"Estimated reading time\" \/>\n\t<meta name=\"twitter:data1\" content=\"3 minutes\" \/>\n<script type=\"application\/ld+json\" class=\"yoast-schema-graph\">{\"@context\":\"https:\\\/\\\/schema.org\",\"@graph\":[{\"@type\":\"WebPage\",\"@id\":\"https:\\\/\\\/www.tourinto.pt\\\/produtores\\\/espanha\\\/\",\"url\":\"https:\\\/\\\/www.tourinto.pt\\\/produtores\\\/espanha\\\/\",\"name\":\"Espanha - Tourinto Premium Wines\",\"isPartOf\":{\"@id\":\"https:\\\/\\\/www.tourinto.pt\\\/#website\"},\"datePublished\":\"2025-09-15T20:02:57+00:00\",\"dateModified\":\"2026-02-08T17:43:21+00:00\",\"description\":\"A Tourinto Premium Wines apresenta uma sele\u00e7\u00e3o de grandes vinhos espanhois.\",\"breadcrumb\":{\"@id\":\"https:\\\/\\\/www.tourinto.pt\\\/produtores\\\/espanha\\\/#breadcrumb\"},\"inLanguage\":\"en-GB\",\"potentialAction\":[{\"@type\":\"ReadAction\",\"target\":[\"https:\\\/\\\/www.tourinto.pt\\\/produtores\\\/espanha\\\/\"]}]},{\"@type\":\"BreadcrumbList\",\"@id\":\"https:\\\/\\\/www.tourinto.pt\\\/produtores\\\/espanha\\\/#breadcrumb\",\"itemListElement\":[{\"@type\":\"ListItem\",\"position\":1,\"name\":\"In\u00edcio\",\"item\":\"https:\\\/\\\/www.tourinto.pt\\\/\"},{\"@type\":\"ListItem\",\"position\":2,\"name\":\"Produtores\",\"item\":\"https:\\\/\\\/www.tourinto.pt\\\/produtores\\\/\"},{\"@type\":\"ListItem\",\"position\":3,\"name\":\"Espanha\"}]},{\"@type\":\"WebSite\",\"@id\":\"https:\\\/\\\/www.tourinto.pt\\\/#website\",\"url\":\"https:\\\/\\\/www.tourinto.pt\\\/\",\"name\":\"Tourinto Premium Wines\",\"description\":\"Garrafeira on-line\",\"publisher\":{\"@id\":\"https:\\\/\\\/www.tourinto.pt\\\/#organization\"},\"alternateName\":\"Garrafeira on-line\",\"potentialAction\":[{\"@type\":\"SearchAction\",\"target\":{\"@type\":\"EntryPoint\",\"urlTemplate\":\"https:\\\/\\\/www.tourinto.pt\\\/?s={search_term_string}\"},\"query-input\":{\"@type\":\"PropertyValueSpecification\",\"valueRequired\":true,\"valueName\":\"search_term_string\"}}],\"inLanguage\":\"en-GB\"},{\"@type\":[\"Organization\",\"Place\"],\"@id\":\"https:\\\/\\\/www.tourinto.pt\\\/#organization\",\"name\":\"Tourinto\",\"alternateName\":\"Garrafeira Tourinto, Lda.\",\"url\":\"https:\\\/\\\/www.tourinto.pt\\\/\",\"logo\":{\"@id\":\"https:\\\/\\\/www.tourinto.pt\\\/produtores\\\/espanha\\\/#local-main-organization-logo\"},\"image\":{\"@id\":\"https:\\\/\\\/www.tourinto.pt\\\/produtores\\\/espanha\\\/#local-main-organization-logo\"},\"sameAs\":[\"https:\\\/\\\/www.facebook.com\\\/garrafeiratourinto\",\"https:\\\/\\\/www.instagram.com\\\/garrafeiratourinto\\\/\"],\"telephone\":[],\"openingHoursSpecification\":[{\"@type\":\"OpeningHoursSpecification\",\"dayOfWeek\":[\"Monday\",\"Tuesday\",\"Wednesday\",\"Thursday\",\"Friday\",\"Saturday\",\"Sunday\"],\"opens\":\"09:00\",\"closes\":\"17:00\"}]},{\"@type\":\"ImageObject\",\"inLanguage\":\"en-GB\",\"@id\":\"https:\\\/\\\/www.tourinto.pt\\\/produtores\\\/espanha\\\/#local-main-organization-logo\",\"url\":\"https:\\\/\\\/i0.wp.com\\\/www.tourinto.pt\\\/wp-content\\\/uploads\\\/2022\\\/07\\\/tourinto-logo-big.png?fit=1400%2C505&ssl=1\",\"contentUrl\":\"https:\\\/\\\/i0.wp.com\\\/www.tourinto.pt\\\/wp-content\\\/uploads\\\/2022\\\/07\\\/tourinto-logo-big.png?fit=1400%2C505&ssl=1\",\"width\":1400,\"height\":505,\"caption\":\"Tourinto\"}]}<\/script>\n<!-- \/ Yoast SEO Premium plugin. -->","yoast_head_json":{"title":"Espanha - Tourinto Premium Wines","description":"A Tourinto Premium Wines apresenta uma sele\u00e7\u00e3o de grandes vinhos espanhois.","robots":{"index":"index","follow":"follow","max-snippet":"max-snippet:-1","max-image-preview":"max-image-preview:large","max-video-preview":"max-video-preview:-1"},"canonical":"https:\/\/www.tourinto.pt\/en\/produtores\/espanha\/","og_locale":"en_GB","og_type":"article","og_title":"Espanha","og_description":"A Tourinto Premium Wines apresenta uma sele\u00e7\u00e3o de grandes vinhos espanhois.","og_url":"https:\/\/www.tourinto.pt\/en\/produtores\/espanha\/","og_site_name":"Tourinto Premium Wines","article_publisher":"https:\/\/www.facebook.com\/garrafeiratourinto","article_modified_time":"2026-02-08T17:43:21+00:00","og_image":[{"width":1400,"height":505,"url":"https:\/\/i0.wp.com\/www.tourinto.pt\/wp-content\/uploads\/2022\/07\/tourinto-logo-big.png?fit=1400%2C505&ssl=1","type":"image\/png"}],"twitter_card":"summary_large_image","twitter_misc":{"Estimated reading time":"3 minutes"},"schema":{"@context":"https:\/\/schema.org","@graph":[{"@type":"WebPage","@id":"https:\/\/www.tourinto.pt\/produtores\/espanha\/","url":"https:\/\/www.tourinto.pt\/produtores\/espanha\/","name":"Espanha - Tourinto Premium Wines","isPartOf":{"@id":"https:\/\/www.tourinto.pt\/#website"},"datePublished":"2025-09-15T20:02:57+00:00","dateModified":"2026-02-08T17:43:21+00:00","description":"A Tourinto Premium Wines apresenta uma sele\u00e7\u00e3o de grandes vinhos espanhois.","breadcrumb":{"@id":"https:\/\/www.tourinto.pt\/produtores\/espanha\/#breadcrumb"},"inLanguage":"en-GB","potentialAction":[{"@type":"ReadAction","target":["https:\/\/www.tourinto.pt\/produtores\/espanha\/"]}]},{"@type":"BreadcrumbList","@id":"https:\/\/www.tourinto.pt\/produtores\/espanha\/#breadcrumb","itemListElement":[{"@type":"ListItem","position":1,"name":"In\u00edcio","item":"https:\/\/www.tourinto.pt\/"},{"@type":"ListItem","position":2,"name":"Produtores","item":"https:\/\/www.tourinto.pt\/produtores\/"},{"@type":"ListItem","position":3,"name":"Espanha"}]},{"@type":"WebSite","@id":"https:\/\/www.tourinto.pt\/#website","url":"https:\/\/www.tourinto.pt\/","name":"Tourinto Premium Wines","description":"Wine Shop online","publisher":{"@id":"https:\/\/www.tourinto.pt\/#organization"},"alternateName":"Garrafeira on-line","potentialAction":[{"@type":"SearchAction","target":{"@type":"EntryPoint","urlTemplate":"https:\/\/www.tourinto.pt\/?s={search_term_string}"},"query-input":{"@type":"PropertyValueSpecification","valueRequired":true,"valueName":"search_term_string"}}],"inLanguage":"en-GB"},{"@type":["Organization","Place"],"@id":"https:\/\/www.tourinto.pt\/#organization","name":"Tourinto","alternateName":"Garrafeira Tourinto, Lda.","url":"https:\/\/www.tourinto.pt\/","logo":{"@id":"https:\/\/www.tourinto.pt\/produtores\/espanha\/#local-main-organization-logo"},"image":{"@id":"https:\/\/www.tourinto.pt\/produtores\/espanha\/#local-main-organization-logo"},"sameAs":["https:\/\/www.facebook.com\/garrafeiratourinto","https:\/\/www.instagram.com\/garrafeiratourinto\/"],"telephone":[],"openingHoursSpecification":[{"@type":"OpeningHoursSpecification","dayOfWeek":["Monday","Tuesday","Wednesday","Thursday","Friday","Saturday","Sunday"],"opens":"09:00","closes":"17:00"}]},{"@type":"ImageObject","inLanguage":"en-GB","@id":"https:\/\/www.tourinto.pt\/produtores\/espanha\/#local-main-organization-logo","url":"https:\/\/i0.wp.com\/www.tourinto.pt\/wp-content\/uploads\/2022\/07\/tourinto-logo-big.png?fit=1400%2C505&ssl=1","contentUrl":"https:\/\/i0.wp.com\/www.tourinto.pt\/wp-content\/uploads\/2022\/07\/tourinto-logo-big.png?fit=1400%2C505&ssl=1","width":1400,"height":505,"caption":"Tourinto"}]}},"jetpack_sharing_enabled":true,"_links":{"self":[{"href":"https:\/\/www.tourinto.pt\/en\/wp-json\/wp\/v2\/pages\/14176","targetHints":{"allow":["GET"]}}],"collection":[{"href":"https:\/\/www.tourinto.pt\/en\/wp-json\/wp\/v2\/pages"}],"about":[{"href":"https:\/\/www.tourinto.pt\/en\/wp-json\/wp\/v2\/types\/page"}],"author":[{"embeddable":true,"href":"https:\/\/www.tourinto.pt\/en\/wp-json\/wp\/v2\/users\/2"}],"replies":[{"embeddable":true,"href":"https:\/\/www.tourinto.pt\/en\/wp-json\/wp\/v2\/comments?post=14176"}],"version-history":[{"count":5,"href":"https:\/\/www.tourinto.pt\/en\/wp-json\/wp\/v2\/pages\/14176\/revisions"}],"predecessor-version":[{"id":16824,"href":"https:\/\/www.tourinto.pt\/en\/wp-json\/wp\/v2\/pages\/14176\/revisions\/16824"}],"up":[{"embeddable":true,"href":"https:\/\/www.tourinto.pt\/en\/wp-json\/wp\/v2\/pages\/1932"}],"wp:attachment":[{"href":"https:\/\/www.tourinto.pt\/en\/wp-json\/wp\/v2\/media?parent=14176"}],"curies":[{"name":"wp","href":"https:\/\/api.w.org\/{rel}","templated":true}]}}